{"id":102,"date":"2016-01-11T17:53:47","date_gmt":"2016-01-11T17:53:47","guid":{"rendered":"https:\/\/sitesize.net\/aprendizajeautonomo\/?page_id=102"},"modified":"2016-10-24T16:40:29","modified_gmt":"2016-10-24T16:40:29","slug":"mujeres-supervivientes","status":"publish","type":"page","link":"https:\/\/sitesize.net\/aprendizajeautonomo\/la-casa-grande-como-obra-de-arte\/encuesta-pumarejo\/mujeres-supervivientes\/","title":{"rendered":"Mujeres supervivientes"},"content":{"rendered":"<figure id=\"attachment_615\" aria-describedby=\"caption-attachment-615\" style=\"width: 371px\" class=\"wp-caption alignnone\"><a href=\"https:\/\/sitesize.net\/aprendizajeautonomo\/wp-content\/uploads\/sites\/7\/2016\/01\/images-1.jpg\"><img loading=\"lazy\" decoding=\"async\" class=\"wp-image-615 size-full\" src=\"https:\/\/sitesize.net\/aprendizajeautonomo\/wp-content\/uploads\/sites\/7\/2016\/01\/images-1.jpg\" alt=\"images-1\" width=\"371\" height=\"136\" srcset=\"https:\/\/sitesize.net\/aprendizajeautonomo\/wp-content\/uploads\/sites\/7\/2016\/01\/images-1.jpg 371w, https:\/\/sitesize.net\/aprendizajeautonomo\/wp-content\/uploads\/sites\/7\/2016\/01\/images-1-300x110.jpg 300w\" sizes=\"auto, (max-width: 371px) 100vw, 371px\" \/><\/a><figcaption id=\"caption-attachment-615\" class=\"wp-caption-text\">Mujeres supenvivinetes de violencias de g\u00e9nero. La hermandad entre las mujeres, una tierra, es el principio b\u00e1sico para la conquista de nuestra autonom\u00eda: \u201cYo soy porque nosotras somos\u201d<\/figcaption><\/figure>\n<p>&nbsp;<\/p>\n<p><strong><u>Encuesta sobre la Casa Grande del Pumarejo como lugar de creaci\u00f3n y aprendizaje comunitario<\/u><\/strong><\/p>\n<p><strong>\u00a0<\/strong><\/p>\n<p><strong>Bloque 1\/\/ Inicio \u2013 punto de partida<\/strong><\/p>\n<p><strong>1-\u00bfCuando y de qu\u00e9 modo llega Mujeres Supervivientes a la Casa Grande del Pumarejo? <\/strong><\/p>\n<p>En el 2013 llegamos a participar porque sab\u00edamos de su lucha social, como un referente democratico. Llegamos a desarrollar un Comedor social para mujeres de todas las edades, culturas y procedencias. Siendo un espacio de encuentro de solidaridades y de intercambio de saberes entre mujeres.<\/p>\n<p><strong>2-\u00bfCu\u00e1l fue la propuesta de Mujeres Supervivientes y cu\u00e1l fue su origen? <\/strong><\/p>\n<p>Llegamos a compartir una metodolog\u00eda y ruta cr\u00edtica a las obras de remodelaci\u00f3n de la casa. Para compartir nuestros recursos de intervenci\u00f3n con las mujeres del Barrio y de la casa, para impulsar procesos de empoderamiento y de ciudadan\u00eda. Para construer estrategias pol\u00edticas colectivas de Resistencia y promoci\u00f3n de la ciudad desde una perspectiva feminista.<\/p>\n<p><strong>Bloque 2\/\/ Creaci\u00f3n \u2013 proceso<\/strong><\/p>\n<p><strong>3-\u00bfC\u00f3mo fue el proceso de creaci\u00f3n del proyecto y qui\u00e9n form\u00f3 parte de \u00e9l?<\/strong><\/p>\n<p>El proyecto del Comedor Comer en Compa\u00f1ia que llevamos a cabo en el Puma, surge como un proyecto de nuestra entidad, vinculado a las necesidades especificas de las mujeres en el momento pol\u00edtico, hist\u00f3rico y econ\u00f3mico actual en Espa\u00f1a y concretamente Sevilla, donde la precariedad y la exclusi\u00f3n social en las mujeres aumentan como formas de violencia estructural. Pretendemos compartir la comida, para sentarnos con un plato caliente y rico, en torno a una mesa grande y plural, Donde compartir todas nuestras necesidades y convertirlas en oportunidades. Romper con las violencias en nuestras vidas a trav\u00e9s del encuentro intergenacional de muchas mujeres, de la casa, del barrio y de otras zonas de la ciudad que se acercan a comer y establecer sinergias. Ya son tres a\u00f1os los que llevamos desempe\u00f1ando este comedor encuentro y podemos decir que es un proyecto vivo, que su crreaci\u00f3n se va realizando con cada edici\u00f3n del mismo. Lo que tenemos claro es que la filosofia funciona: feminista, solidaria, establecimiento de redes interhumanas e intergeneracional. Formamos parte de este proceso de creaci\u00f3n todas las mujeres, ni\u00f1as, ni\u00f1os y algunos hombres con otras masculinidades que nos acompa\u00f1an. Nuestra amada Felisa, que cada dia comparte con todas nosotras, sus energias, saberes y que con su resistencia y lucha nos permite estar y ser en la casa.<\/p>\n<p><strong>4-\u00bfC\u00f3mo se desarrolla y que personas y colectivos se implican a lo largo del tiempo?<\/strong><\/p>\n<p>Se desarrolla cada semana durante alrededor de unos siete meses, dos dias a la semana. Nuestra entidad compra los viveres y la decoraci\u00f3n principalmente ya que contamos con una peque\u00f1a entrada de dinero para este fin, pero se nutre de todas las aportaciones e intercambios que las gentes nos hacen, tanto de dentro de la casa como de fuera: donaciones de moneda puma, compa\u00f1eras y compa\u00f1eros que nos traen frutas y verduras de sus huertos, personas de otros colectivos de la casa que se implican con sus habilidades de cocina, de teatro, danza etc. Personas que vienen a cocinar y compartirnos su gastronomia t\u00edpica de su regi\u00f3n o pais. Otro aspectos muy relevantes del comedor es la pluralidad y diversidad de mujeres, de muchos paises y situaciones. Todas somos todas las mujeres, otro lema de nuestro espacio, donde nos encontramos, juntas y revueltas, dando ideas de resistencia e insumisi\u00f3n.<\/p>\n<p><strong>5-\u00bfC\u00f3mo se financia y como se lleva a cabo la producci\u00f3n del proyecto?<\/strong><\/p>\n<p>La financiaci\u00f3n se realiza a trav\u00e9s de una subvenci\u00f3n peque\u00f1a de la administraci\u00f3n y con los aportes de todas las personas que lo conforman o que desde fuera desean colaborar. El proyecto se lleva a cabo gracias al trabajo conjunto primero de las coordinadoras del mismo, junto con las voluntarias y las estudiantes en pr\u00e1cticas que se implican en todos los procesos del proyecto. Desde el dise\u00f1o de las actividades, hasta la elaboraci\u00f3n de alimentos, pasando por la recogida de datos, diarios de campo, establecimiento de redes, atenci\u00f3n espec\u00edfica a aquellas mujeres que lo demanden, ya que el comedor se convierte en un espacio tambi\u00e9n para la detecci\u00f3n de la violencia machista que est\u00e9 viviendo la mujer, muchas mujeres han sido atendidas gracias a este espacio. A su vez contamos con el trabajo e implicaci\u00f3n de una mujer superviviente de violencia machista, contratada por el proyecto para ser la coordinadora de la cocina y un compa\u00f1ero, el profesor Miguel de la moneda puma y central de abastecimiento, que colabora con el proyecto en esta \u00faltima edici\u00f3n varios meses como cocinero. Aplicando la filosof\u00eda feminista e igualitaria, se trata de un comedor autogestionado, donde nadie se sobre carga con la tarea de otros. Todas y todos recogemos, limpiamos, fregamos, cada cual se sirve su comida etc, como la manera de cambiar los esquemas de vida, permeando las practicas de apoyo m\u00fatuo e igualdad.<\/p>\n<p><strong>Bloque 3\/\/ Aprendizajes \u2013 diseminaci\u00f3n<\/strong><\/p>\n<p><strong>6-\u00bfQu\u00e9 aprendizajes y din\u00e1micas genera el conjunto de la propuesta en el contexto de la Casa?<\/strong><\/p>\n<p>Aprendizajes feministas, de autogesti\u00f3n, de redes de apoyo, intercambio de saberes y experiencias, tambien de recursos, aprendemos ciudadan\u00eda y pol\u00edtica activa en las calles, tambien dentro de la casa como espacio de resistencia que es y de posicionamiento ante la crisis, nuevas formas de vivir, salir de la violencia machista para muchas mujeres, igualdad, respeto, sororidad entre las mujeres, nuevas masculinidades, aprendemos nuevas formas de denuncias, maneras de organizarnos para cuestionar al sistema patriarcal etc. Genera din\u00e1micas, de intercambio, redes de apoyo m\u00fatuo, atenci\u00f3n profesional por parte de mujeres supervivientes de aquellas mujeres que lo necesitan, propuestas de teatro, danza, encuentros en la casa o fuera de ella, etc&#8230;<\/p>\n<p><strong>7-\u00bfQu\u00e9 aprendizajes supone este proceso para las personas integrantes de Mujeres Supervivientes?<\/strong><\/p>\n<p>Libertad, epoderamiento, amor, sabernos acompa\u00f1adas en nuestro proyecto de transformaci\u00f3n de la vida de las mujeres y sus hijas e hijos las que tienen. Reconocimiento de las otras, cualquiera que sea como yo misma, como una hermana, un feminismo plural donde todas cabemos en todas, y con una experiencia vital en comun el ser mujeres en un mundo patriarcal y como nos enfrentamos a ello cada d\u00eda, con mucha vitalidad e inteligencia. Todas somos la puta, la negra, la bollera, la latina, la que vive exclusi\u00f3n, la que el marido la maltrata, la que no llega a fin de mes, la entusiasta, la amante, la que llora y salta, la que tiene sue\u00f1os y proyectos de vida, la estudiante precaria, la vieja, la deshauciada, etc. El aprendizaje de las mayores, las mas viejas que nos cultivan cada dia con sus saberes y recuerdos.<\/p>\n<p><strong>8-\u00bfQu\u00e9 difusi\u00f3n y redes se generan con la propuesta?<\/strong><\/p>\n<p>Redes de solidaridad y de intercambio de saberes y recursos en la casa, el barrio y otros espacios de la ciudad y tambi\u00e9n en nuestra asociaci\u00f3n en s\u00ed. Por supuesto entre los colectivos de la casa, que entranos a la mesa nos damos cita y abordamos muchos temas, en muchas ocasiones les damos soluciones conjuntas, entre la PAH y la ODS por ejemplo y otros colectivos que nos derivan mujeres o nosotras a ellos. Tambi\u00e9n a nivel de pol\u00edticas externas de la casa y de mucha gente tanto espa\u00f1ola como extranjera que vienen a conocer nuestra propuesta y a partir de ah\u00ed se generan espacios de di\u00e1logo y sinergias que se concretan en proyectos o en propuestas muy interesantes.<\/p>\n<p>Hemos firmado un convenio con la Universidad de Munster en Alemania para hacer intercambio de experiencias entre el trabajo de campo y la academia, tambi\u00e9n en el contexto del comedor un fotografo Austr\u00edaco ha construido su proyecto de Alegor\u00eda a la Dignidad, materializando en fotograf\u00eda muchas de las que formamos parte del proyecto y la entidad.<\/p>\n<p><strong>9-\u00bfA tu modo de ver qu\u00e9 retos plantea y c\u00f3mo ves el futuro de la Casa grande del Pumarejo?<\/strong><\/p>\n<p>Los retos son: la conquista de la libertad en las mujeres, el encuentro con los hombres que apuestan al cambio, el promover estos cambios desde el respeto y el feminismo, una cultura feminista y vital. Romper con los c\u00edrculos de relaciones de poder que existen en la casa, permeados por el machismo y la cultrua patriarcal de muchos hombres y mujeres. Seguir so\u00f1ando y creando espacios de encuentro y ciudadan\u00eda, donde poder hacer pol\u00edtica y seguir creando lo colectivo. Otro reto el amor y los cuidados m\u00fatuos, que muchas m\u00e1s mujeres sigan rompiendo los c\u00edrculos de la violencia, terminar con las envidias entre nosotras y la de los hombres en la casa. Seguir alimentando el respeto m\u00fatuo. El futuro de la casa grande, lo vemos grande, con oportunidades, un futuro pr\u00f3spero, donde seguiremos creciendo y donde se iran uniendo m\u00e1s colectivos y personas, de otras partes, un futuro plural y feminista, si logramos cambiar las miradas y transformar las mentalidades entre todas y todos.<\/p>\n<p>&nbsp;<\/p>\n<p><strong>Bloque 4\/\/ Otros aspectos del proyecto a destacar <\/strong><\/p>\n<p><strong>10- Temas y cuestiones de la propuesta que cabe a\u00f1adir<\/strong><\/p>\n<p>&nbsp;<\/p>\n<p>ver v\u00eddeo:<br \/>\nSuperviviente, una mirada diferente<br \/>\n<a href=\"https:\/\/www.youtube.com\/watch?time_continue=139&amp;v=688a1uIece0\">https:\/\/www.youtube.com\/watch?time_continue=139&amp;v=688a1uIece0<\/a><\/p>\n<p>web del proyecto:<br \/>\n<a href=\"http:\/\/mujeressupervivientes.org\/\">http:\/\/mujeressupervivientes.org\/<\/a><\/p>\n<p>&nbsp;<\/p>\n<p>&nbsp;<\/p>\n<p>&nbsp;<\/p>\n<p>&nbsp;<\/p>\n<p>&nbsp;<\/p>\n<p>&nbsp;<\/p>\n","protected":false},"excerpt":{"rendered":"<p>&nbsp; Encuesta sobre la Casa Grande del Pumarejo como lugar de creaci\u00f3n y aprendizaje comunitario \u00a0 Bloque 1\/\/ Inicio \u2013 punto de partida 1-\u00bfCuando y de qu\u00e9 modo llega Mujeres Supervivientes a la Casa Grande del Pumarejo? En el 2013 llegamos a participar porque sab\u00edamos de su lucha social, como un referente democratico. Llegamos a&hellip;<\/p>\n","protected":false},"author":1,"featured_media":0,"parent":90,"menu_order":0,"comment_status":"closed","ping_status":"closed","template":"","meta":{"footnotes":""},"class_list":["post-102","page","type-page","status-publish","hentry","no-post-thumbnail","post-grid-4-col","entry"],"yoast_head":"<!-- This site is optimized with the Yoast SEO plugin v27.1.1 - https:\/\/yoast.com\/product\/yoast-seo-wordpress\/ -->\n<title>Mujeres supervivientes - Aprendizaje aut\u00f3nomo<\/title>\n<meta name=\"robots\" content=\"index, follow, max-snippet:-1, max-image-preview:large, max-video-preview:-1\" \/>\n<link rel=\"canonical\" href=\"https:\/\/sitesize.net\/aprendizajeautonomo\/la-casa-grande-como-obra-de-arte\/encuesta-pumarejo\/mujeres-supervivientes\/\" \/>\n<meta property=\"og:locale\" content=\"es_ES\" \/>\n<meta property=\"og:type\" content=\"article\" \/>\n<meta property=\"og:title\" content=\"Mujeres supervivientes - Aprendizaje aut\u00f3nomo\" \/>\n<meta property=\"og:description\" content=\"&nbsp; Encuesta sobre la Casa Grande del Pumarejo como lugar de creaci\u00f3n y aprendizaje comunitario \u00a0 Bloque 1\/\/ Inicio \u2013 punto de partida 1-\u00bfCuando y de qu\u00e9 modo llega Mujeres Supervivientes a la Casa Grande del Pumarejo? En el 2013 llegamos a participar porque sab\u00edamos de su lucha social, como un referente democratico. Llegamos a&hellip;\" \/>\n<meta property=\"og:url\" content=\"https:\/\/sitesize.net\/aprendizajeautonomo\/la-casa-grande-como-obra-de-arte\/encuesta-pumarejo\/mujeres-supervivientes\/\" \/>\n<meta property=\"og:site_name\" content=\"Aprendizaje aut\u00f3nomo\" \/>\n<meta property=\"article:modified_time\" content=\"2016-10-24T16:40:29+00:00\" \/>\n<meta property=\"og:image\" content=\"https:\/\/sitesize.net\/aprendizajeautonomo\/wp-content\/uploads\/sites\/7\/2016\/01\/images-1.jpg\" \/>\n<meta name=\"twitter:card\" content=\"summary_large_image\" \/>\n<meta name=\"twitter:label1\" content=\"Est. reading time\" \/>\n\t<meta name=\"twitter:data1\" content=\"8 minutos\" \/>\n<script type=\"application\/ld+json\" class=\"yoast-schema-graph\">{\"@context\":\"https:\/\/schema.org\",\"@graph\":[{\"@type\":\"WebPage\",\"@id\":\"https:\/\/sitesize.net\/aprendizajeautonomo\/la-casa-grande-como-obra-de-arte\/encuesta-pumarejo\/mujeres-supervivientes\/\",\"url\":\"https:\/\/sitesize.net\/aprendizajeautonomo\/la-casa-grande-como-obra-de-arte\/encuesta-pumarejo\/mujeres-supervivientes\/\",\"name\":\"Mujeres supervivientes - Aprendizaje aut\u00f3nomo\",\"isPartOf\":{\"@id\":\"https:\/\/sitesize.net\/aprendizajeautonomo\/#website\"},\"primaryImageOfPage\":{\"@id\":\"https:\/\/sitesize.net\/aprendizajeautonomo\/la-casa-grande-como-obra-de-arte\/encuesta-pumarejo\/mujeres-supervivientes\/#primaryimage\"},\"image\":{\"@id\":\"https:\/\/sitesize.net\/aprendizajeautonomo\/la-casa-grande-como-obra-de-arte\/encuesta-pumarejo\/mujeres-supervivientes\/#primaryimage\"},\"thumbnailUrl\":\"https:\/\/sitesize.net\/aprendizajeautonomo\/wp-content\/uploads\/sites\/7\/2016\/01\/images-1.jpg\",\"datePublished\":\"2016-01-11T17:53:47+00:00\",\"dateModified\":\"2016-10-24T16:40:29+00:00\",\"breadcrumb\":{\"@id\":\"https:\/\/sitesize.net\/aprendizajeautonomo\/la-casa-grande-como-obra-de-arte\/encuesta-pumarejo\/mujeres-supervivientes\/#breadcrumb\"},\"inLanguage\":\"es\",\"potentialAction\":[{\"@type\":\"ReadAction\",\"target\":[\"https:\/\/sitesize.net\/aprendizajeautonomo\/la-casa-grande-como-obra-de-arte\/encuesta-pumarejo\/mujeres-supervivientes\/\"]}]},{\"@type\":\"ImageObject\",\"inLanguage\":\"es\",\"@id\":\"https:\/\/sitesize.net\/aprendizajeautonomo\/la-casa-grande-como-obra-de-arte\/encuesta-pumarejo\/mujeres-supervivientes\/#primaryimage\",\"url\":\"https:\/\/sitesize.net\/aprendizajeautonomo\/wp-content\/uploads\/sites\/7\/2016\/01\/images-1.jpg\",\"contentUrl\":\"https:\/\/sitesize.net\/aprendizajeautonomo\/wp-content\/uploads\/sites\/7\/2016\/01\/images-1.jpg\",\"width\":371,\"height\":136},{\"@type\":\"BreadcrumbList\",\"@id\":\"https:\/\/sitesize.net\/aprendizajeautonomo\/la-casa-grande-como-obra-de-arte\/encuesta-pumarejo\/mujeres-supervivientes\/#breadcrumb\",\"itemListElement\":[{\"@type\":\"ListItem\",\"position\":1,\"name\":\"Home\",\"item\":\"https:\/\/sitesize.net\/aprendizajeautonomo\/\"},{\"@type\":\"ListItem\",\"position\":2,\"name\":\"La Casa como obra de arte\",\"item\":\"https:\/\/sitesize.net\/aprendizajeautonomo\/la-casa-grande-como-obra-de-arte\/\"},{\"@type\":\"ListItem\",\"position\":3,\"name\":\"Encuesta sobre la Casa Grande del Pumarejo\",\"item\":\"https:\/\/sitesize.net\/aprendizajeautonomo\/la-casa-grande-como-obra-de-arte\/encuesta-pumarejo\/\"},{\"@type\":\"ListItem\",\"position\":4,\"name\":\"Mujeres supervivientes\"}]},{\"@type\":\"WebSite\",\"@id\":\"https:\/\/sitesize.net\/aprendizajeautonomo\/#website\",\"url\":\"https:\/\/sitesize.net\/aprendizajeautonomo\/\",\"name\":\"Aprendizaje aut\u00f3nomo\",\"description\":\"comunidades e itinerarios en el marco de la creaci\u00f3n contempor\u00e1nea\",\"potentialAction\":[{\"@type\":\"SearchAction\",\"target\":{\"@type\":\"EntryPoint\",\"urlTemplate\":\"https:\/\/sitesize.net\/aprendizajeautonomo\/?s={search_term_string}\"},\"query-input\":{\"@type\":\"PropertyValueSpecification\",\"valueRequired\":true,\"valueName\":\"search_term_string\"}}],\"inLanguage\":\"es\"}]}<\/script>\n<!-- \/ Yoast SEO plugin. -->","yoast_head_json":{"title":"Mujeres supervivientes - Aprendizaje aut\u00f3nomo","robots":{"index":"index","follow":"follow","max-snippet":"max-snippet:-1","max-image-preview":"max-image-preview:large","max-video-preview":"max-video-preview:-1"},"canonical":"https:\/\/sitesize.net\/aprendizajeautonomo\/la-casa-grande-como-obra-de-arte\/encuesta-pumarejo\/mujeres-supervivientes\/","og_locale":"es_ES","og_type":"article","og_title":"Mujeres supervivientes - Aprendizaje aut\u00f3nomo","og_description":"&nbsp; Encuesta sobre la Casa Grande del Pumarejo como lugar de creaci\u00f3n y aprendizaje comunitario \u00a0 Bloque 1\/\/ Inicio \u2013 punto de partida 1-\u00bfCuando y de qu\u00e9 modo llega Mujeres Supervivientes a la Casa Grande del Pumarejo? En el 2013 llegamos a participar porque sab\u00edamos de su lucha social, como un referente democratico. Llegamos a&hellip;","og_url":"https:\/\/sitesize.net\/aprendizajeautonomo\/la-casa-grande-como-obra-de-arte\/encuesta-pumarejo\/mujeres-supervivientes\/","og_site_name":"Aprendizaje aut\u00f3nomo","article_modified_time":"2016-10-24T16:40:29+00:00","og_image":[{"url":"https:\/\/sitesize.net\/aprendizajeautonomo\/wp-content\/uploads\/sites\/7\/2016\/01\/images-1.jpg","type":"","width":"","height":""}],"twitter_card":"summary_large_image","twitter_misc":{"Est. reading time":"8 minutos"},"schema":{"@context":"https:\/\/schema.org","@graph":[{"@type":"WebPage","@id":"https:\/\/sitesize.net\/aprendizajeautonomo\/la-casa-grande-como-obra-de-arte\/encuesta-pumarejo\/mujeres-supervivientes\/","url":"https:\/\/sitesize.net\/aprendizajeautonomo\/la-casa-grande-como-obra-de-arte\/encuesta-pumarejo\/mujeres-supervivientes\/","name":"Mujeres supervivientes - Aprendizaje aut\u00f3nomo","isPartOf":{"@id":"https:\/\/sitesize.net\/aprendizajeautonomo\/#website"},"primaryImageOfPage":{"@id":"https:\/\/sitesize.net\/aprendizajeautonomo\/la-casa-grande-como-obra-de-arte\/encuesta-pumarejo\/mujeres-supervivientes\/#primaryimage"},"image":{"@id":"https:\/\/sitesize.net\/aprendizajeautonomo\/la-casa-grande-como-obra-de-arte\/encuesta-pumarejo\/mujeres-supervivientes\/#primaryimage"},"thumbnailUrl":"https:\/\/sitesize.net\/aprendizajeautonomo\/wp-content\/uploads\/sites\/7\/2016\/01\/images-1.jpg","datePublished":"2016-01-11T17:53:47+00:00","dateModified":"2016-10-24T16:40:29+00:00","breadcrumb":{"@id":"https:\/\/sitesize.net\/aprendizajeautonomo\/la-casa-grande-como-obra-de-arte\/encuesta-pumarejo\/mujeres-supervivientes\/#breadcrumb"},"inLanguage":"es","potentialAction":[{"@type":"ReadAction","target":["https:\/\/sitesize.net\/aprendizajeautonomo\/la-casa-grande-como-obra-de-arte\/encuesta-pumarejo\/mujeres-supervivientes\/"]}]},{"@type":"ImageObject","inLanguage":"es","@id":"https:\/\/sitesize.net\/aprendizajeautonomo\/la-casa-grande-como-obra-de-arte\/encuesta-pumarejo\/mujeres-supervivientes\/#primaryimage","url":"https:\/\/sitesize.net\/aprendizajeautonomo\/wp-content\/uploads\/sites\/7\/2016\/01\/images-1.jpg","contentUrl":"https:\/\/sitesize.net\/aprendizajeautonomo\/wp-content\/uploads\/sites\/7\/2016\/01\/images-1.jpg","width":371,"height":136},{"@type":"BreadcrumbList","@id":"https:\/\/sitesize.net\/aprendizajeautonomo\/la-casa-grande-como-obra-de-arte\/encuesta-pumarejo\/mujeres-supervivientes\/#breadcrumb","itemListElement":[{"@type":"ListItem","position":1,"name":"Home","item":"https:\/\/sitesize.net\/aprendizajeautonomo\/"},{"@type":"ListItem","position":2,"name":"La Casa como obra de arte","item":"https:\/\/sitesize.net\/aprendizajeautonomo\/la-casa-grande-como-obra-de-arte\/"},{"@type":"ListItem","position":3,"name":"Encuesta sobre la Casa Grande del Pumarejo","item":"https:\/\/sitesize.net\/aprendizajeautonomo\/la-casa-grande-como-obra-de-arte\/encuesta-pumarejo\/"},{"@type":"ListItem","position":4,"name":"Mujeres supervivientes"}]},{"@type":"WebSite","@id":"https:\/\/sitesize.net\/aprendizajeautonomo\/#website","url":"https:\/\/sitesize.net\/aprendizajeautonomo\/","name":"Aprendizaje aut\u00f3nomo","description":"comunidades e itinerarios en el marco de la creaci\u00f3n contempor\u00e1nea","potentialAction":[{"@type":"SearchAction","target":{"@type":"EntryPoint","urlTemplate":"https:\/\/sitesize.net\/aprendizajeautonomo\/?s={search_term_string}"},"query-input":{"@type":"PropertyValueSpecification","valueRequired":true,"valueName":"search_term_string"}}],"inLanguage":"es"}]}},"_links":{"self":[{"href":"https:\/\/sitesize.net\/aprendizajeautonomo\/wp-json\/wp\/v2\/pages\/102","targetHints":{"allow":["GET"]}}],"collection":[{"href":"https:\/\/sitesize.net\/aprendizajeautonomo\/wp-json\/wp\/v2\/pages"}],"about":[{"href":"https:\/\/sitesize.net\/aprendizajeautonomo\/wp-json\/wp\/v2\/types\/page"}],"author":[{"embeddable":true,"href":"https:\/\/sitesize.net\/aprendizajeautonomo\/wp-json\/wp\/v2\/users\/1"}],"replies":[{"embeddable":true,"href":"https:\/\/sitesize.net\/aprendizajeautonomo\/wp-json\/wp\/v2\/comments?post=102"}],"version-history":[{"count":4,"href":"https:\/\/sitesize.net\/aprendizajeautonomo\/wp-json\/wp\/v2\/pages\/102\/revisions"}],"predecessor-version":[{"id":616,"href":"https:\/\/sitesize.net\/aprendizajeautonomo\/wp-json\/wp\/v2\/pages\/102\/revisions\/616"}],"up":[{"embeddable":true,"href":"https:\/\/sitesize.net\/aprendizajeautonomo\/wp-json\/wp\/v2\/pages\/90"}],"wp:attachment":[{"href":"https:\/\/sitesize.net\/aprendizajeautonomo\/wp-json\/wp\/v2\/media?parent=102"}],"curies":[{"name":"wp","href":"https:\/\/api.w.org\/{rel}","templated":true}]}}