{"id":113,"date":"2016-01-11T18:43:03","date_gmt":"2016-01-11T18:43:03","guid":{"rendered":"https:\/\/sitesize.net\/aprendizajeautonomo\/?page_id=113"},"modified":"2016-10-26T11:24:50","modified_gmt":"2016-10-26T11:24:50","slug":"claudio-zulian","status":"publish","type":"page","link":"https:\/\/sitesize.net\/aprendizajeautonomo\/la-casa-grande-como-obra-de-arte\/encuesta-pumarejo\/claudio-zulian\/","title":{"rendered":"Claudio Zuli\u00e1n"},"content":{"rendered":"<p><strong><u>Conversaci\u00f3n con Claudio Zuli\u00e1n a partir de la encuesta sobre la Casa Grande del Pumarejo como lugar de creaci<\/u><\/strong><strong><u>\u00f3<\/u><\/strong><strong><u>n y aprendizaje comunitario<br \/>\n<\/u><\/strong><\/p>\n<p>Entrevista realizada en Barcelona en junio de 2015<\/p>\n<p><iframe loading=\"lazy\" width=\"869\" height=\"400\" scrolling=\"no\" frameborder=\"no\" src=\"https:\/\/w.soundcloud.com\/player\/?visual=true&#038;url=http%3A%2F%2Fapi.soundcloud.com%2Ftracks%2F256731623&#038;show_artwork=true&#038;maxwidth=869&#038;maxheight=1000\"><\/iframe><\/p>\n<p><iframe loading=\"lazy\" width=\"869\" height=\"400\" scrolling=\"no\" frameborder=\"no\" src=\"https:\/\/w.soundcloud.com\/player\/?visual=true&#038;url=http%3A%2F%2Fapi.soundcloud.com%2Ftracks%2F256739316&#038;show_artwork=true&#038;maxwidth=869&#038;maxheight=1000\"><\/iframe><\/p>\n<p><iframe loading=\"lazy\" width=\"869\" height=\"400\" scrolling=\"no\" frameborder=\"no\" src=\"https:\/\/w.soundcloud.com\/player\/?visual=true&#038;url=http%3A%2F%2Fapi.soundcloud.com%2Ftracks%2F256740291&#038;show_artwork=true&#038;maxwidth=869&#038;maxheight=1000\"><\/iframe><\/p>\n<p><iframe loading=\"lazy\" width=\"869\" height=\"400\" scrolling=\"no\" frameborder=\"no\" src=\"https:\/\/w.soundcloud.com\/player\/?visual=true&#038;url=http%3A%2F%2Fapi.soundcloud.com%2Ftracks%2F256739137&#038;show_artwork=true&#038;maxwidth=869&#038;maxheight=1000\"><\/iframe><\/p>\n<p><iframe loading=\"lazy\" width=\"869\" height=\"400\" scrolling=\"no\" frameborder=\"no\" src=\"https:\/\/w.soundcloud.com\/player\/?visual=true&#038;url=http%3A%2F%2Fapi.soundcloud.com%2Ftracks%2F256740679&#038;show_artwork=true&#038;maxwidth=869&#038;maxheight=1000\"><\/iframe><\/p>\n<p><iframe loading=\"lazy\" width=\"869\" height=\"400\" scrolling=\"no\" frameborder=\"no\" src=\"https:\/\/w.soundcloud.com\/player\/?visual=true&#038;url=http%3A%2F%2Fapi.soundcloud.com%2Ftracks%2F256740576&#038;show_artwork=true&#038;maxwidth=869&#038;maxheight=1000\"><\/iframe><\/p>\n<p>&nbsp;<\/p>\n<p>&nbsp;<\/p>\n<p>Ver PDF:<br \/>\n<a href=\"https:\/\/sitesize.net\/aprendizajeautonomo\/wp-content\/uploads\/sites\/7\/2016\/01\/hoj_zulian00.pdf\">Sevilla Ciudad. 3 x 2 lugares de im\u00e1genes compartidas.<br \/>\nClaudio Zulian, 2005.<\/a><\/p>\n<p>Centro Andaluz de Arte Contempor\u00e1neo<br \/>\n<a href=\"http:\/\/www.caac.es\/coleccion\/artistas\/img\/zugr.htm\">http:\/\/www.caac.es\/coleccion\/artistas\/img\/zugr.htm<\/a><\/p>\n<p>&nbsp;<\/p>\n<p>&nbsp;<\/p>\n","protected":false},"excerpt":{"rendered":"<p>Conversaci\u00f3n con Claudio Zuli\u00e1n a partir de la encuesta sobre la Casa Grande del Pumarejo como lugar de creaci\u00f3n y aprendizaje comunitario Entrevista realizada en Barcelona en junio de 2015 &nbsp; &nbsp; Ver PDF: Sevilla Ciudad. 3 x 2 lugares de im\u00e1genes compartidas. Claudio Zulian, 2005. Centro Andaluz de Arte Contempor\u00e1neo http:\/\/www.caac.es\/coleccion\/artistas\/img\/zugr.htm &nbsp; &nbsp;<\/p>\n","protected":false},"author":1,"featured_media":0,"parent":90,"menu_order":0,"comment_status":"closed","ping_status":"closed","template":"","meta":{"footnotes":""},"class_list":["post-113","page","type-page","status-publish","hentry","no-post-thumbnail","post-grid-4-col","entry"],"yoast_head":"<!-- This site is optimized with the Yoast SEO plugin v27.1.1 - https:\/\/yoast.com\/product\/yoast-seo-wordpress\/ -->\n<title>Claudio Zuli\u00e1n - Aprendizaje aut\u00f3nomo<\/title>\n<meta name=\"robots\" content=\"index, follow, max-snippet:-1, max-image-preview:large, max-video-preview:-1\" \/>\n<link rel=\"canonical\" href=\"https:\/\/sitesize.net\/aprendizajeautonomo\/la-casa-grande-como-obra-de-arte\/encuesta-pumarejo\/claudio-zulian\/\" \/>\n<meta property=\"og:locale\" content=\"es_ES\" \/>\n<meta property=\"og:type\" content=\"article\" \/>\n<meta property=\"og:title\" content=\"Claudio Zuli\u00e1n - Aprendizaje aut\u00f3nomo\" \/>\n<meta property=\"og:description\" content=\"Conversaci\u00f3n con Claudio Zuli\u00e1n a partir de la encuesta sobre la Casa Grande del Pumarejo como lugar de creaci\u00f3n y aprendizaje comunitario Entrevista realizada en Barcelona en junio de 2015 &nbsp; &nbsp; Ver PDF: Sevilla Ciudad. 3 x 2 lugares de im\u00e1genes compartidas. Claudio Zulian, 2005. Centro Andaluz de Arte Contempor\u00e1neo http:\/\/www.caac.es\/coleccion\/artistas\/img\/zugr.htm &nbsp; &nbsp;\" \/>\n<meta property=\"og:url\" content=\"https:\/\/sitesize.net\/aprendizajeautonomo\/la-casa-grande-como-obra-de-arte\/encuesta-pumarejo\/claudio-zulian\/\" \/>\n<meta property=\"og:site_name\" content=\"Aprendizaje aut\u00f3nomo\" \/>\n<meta property=\"article:modified_time\" content=\"2016-10-26T11:24:50+00:00\" \/>\n<meta name=\"twitter:card\" content=\"summary_large_image\" \/>\n<script type=\"application\/ld+json\" class=\"yoast-schema-graph\">{\"@context\":\"https:\/\/schema.org\",\"@graph\":[{\"@type\":\"WebPage\",\"@id\":\"https:\/\/sitesize.net\/aprendizajeautonomo\/la-casa-grande-como-obra-de-arte\/encuesta-pumarejo\/claudio-zulian\/\",\"url\":\"https:\/\/sitesize.net\/aprendizajeautonomo\/la-casa-grande-como-obra-de-arte\/encuesta-pumarejo\/claudio-zulian\/\",\"name\":\"Claudio Zuli\u00e1n - Aprendizaje aut\u00f3nomo\",\"isPartOf\":{\"@id\":\"https:\/\/sitesize.net\/aprendizajeautonomo\/#website\"},\"datePublished\":\"2016-01-11T18:43:03+00:00\",\"dateModified\":\"2016-10-26T11:24:50+00:00\",\"breadcrumb\":{\"@id\":\"https:\/\/sitesize.net\/aprendizajeautonomo\/la-casa-grande-como-obra-de-arte\/encuesta-pumarejo\/claudio-zulian\/#breadcrumb\"},\"inLanguage\":\"es\",\"potentialAction\":[{\"@type\":\"ReadAction\",\"target\":[\"https:\/\/sitesize.net\/aprendizajeautonomo\/la-casa-grande-como-obra-de-arte\/encuesta-pumarejo\/claudio-zulian\/\"]}]},{\"@type\":\"BreadcrumbList\",\"@id\":\"https:\/\/sitesize.net\/aprendizajeautonomo\/la-casa-grande-como-obra-de-arte\/encuesta-pumarejo\/claudio-zulian\/#breadcrumb\",\"itemListElement\":[{\"@type\":\"ListItem\",\"position\":1,\"name\":\"Home\",\"item\":\"https:\/\/sitesize.net\/aprendizajeautonomo\/\"},{\"@type\":\"ListItem\",\"position\":2,\"name\":\"La Casa como obra de arte\",\"item\":\"https:\/\/sitesize.net\/aprendizajeautonomo\/la-casa-grande-como-obra-de-arte\/\"},{\"@type\":\"ListItem\",\"position\":3,\"name\":\"Encuesta sobre la Casa Grande del Pumarejo\",\"item\":\"https:\/\/sitesize.net\/aprendizajeautonomo\/la-casa-grande-como-obra-de-arte\/encuesta-pumarejo\/\"},{\"@type\":\"ListItem\",\"position\":4,\"name\":\"Claudio Zuli\u00e1n\"}]},{\"@type\":\"WebSite\",\"@id\":\"https:\/\/sitesize.net\/aprendizajeautonomo\/#website\",\"url\":\"https:\/\/sitesize.net\/aprendizajeautonomo\/\",\"name\":\"Aprendizaje aut\u00f3nomo\",\"description\":\"comunidades e itinerarios en el marco de la creaci\u00f3n contempor\u00e1nea\",\"potentialAction\":[{\"@type\":\"SearchAction\",\"target\":{\"@type\":\"EntryPoint\",\"urlTemplate\":\"https:\/\/sitesize.net\/aprendizajeautonomo\/?s={search_term_string}\"},\"query-input\":{\"@type\":\"PropertyValueSpecification\",\"valueRequired\":true,\"valueName\":\"search_term_string\"}}],\"inLanguage\":\"es\"}]}<\/script>\n<!-- \/ Yoast SEO plugin. -->","yoast_head_json":{"title":"Claudio Zuli\u00e1n - Aprendizaje aut\u00f3nomo","robots":{"index":"index","follow":"follow","max-snippet":"max-snippet:-1","max-image-preview":"max-image-preview:large","max-video-preview":"max-video-preview:-1"},"canonical":"https:\/\/sitesize.net\/aprendizajeautonomo\/la-casa-grande-como-obra-de-arte\/encuesta-pumarejo\/claudio-zulian\/","og_locale":"es_ES","og_type":"article","og_title":"Claudio Zuli\u00e1n - Aprendizaje aut\u00f3nomo","og_description":"Conversaci\u00f3n con Claudio Zuli\u00e1n a partir de la encuesta sobre la Casa Grande del Pumarejo como lugar de creaci\u00f3n y aprendizaje comunitario Entrevista realizada en Barcelona en junio de 2015 &nbsp; &nbsp; Ver PDF: Sevilla Ciudad. 3 x 2 lugares de im\u00e1genes compartidas. Claudio Zulian, 2005. Centro Andaluz de Arte Contempor\u00e1neo http:\/\/www.caac.es\/coleccion\/artistas\/img\/zugr.htm &nbsp; &nbsp;","og_url":"https:\/\/sitesize.net\/aprendizajeautonomo\/la-casa-grande-como-obra-de-arte\/encuesta-pumarejo\/claudio-zulian\/","og_site_name":"Aprendizaje aut\u00f3nomo","article_modified_time":"2016-10-26T11:24:50+00:00","twitter_card":"summary_large_image","schema":{"@context":"https:\/\/schema.org","@graph":[{"@type":"WebPage","@id":"https:\/\/sitesize.net\/aprendizajeautonomo\/la-casa-grande-como-obra-de-arte\/encuesta-pumarejo\/claudio-zulian\/","url":"https:\/\/sitesize.net\/aprendizajeautonomo\/la-casa-grande-como-obra-de-arte\/encuesta-pumarejo\/claudio-zulian\/","name":"Claudio Zuli\u00e1n - Aprendizaje aut\u00f3nomo","isPartOf":{"@id":"https:\/\/sitesize.net\/aprendizajeautonomo\/#website"},"datePublished":"2016-01-11T18:43:03+00:00","dateModified":"2016-10-26T11:24:50+00:00","breadcrumb":{"@id":"https:\/\/sitesize.net\/aprendizajeautonomo\/la-casa-grande-como-obra-de-arte\/encuesta-pumarejo\/claudio-zulian\/#breadcrumb"},"inLanguage":"es","potentialAction":[{"@type":"ReadAction","target":["https:\/\/sitesize.net\/aprendizajeautonomo\/la-casa-grande-como-obra-de-arte\/encuesta-pumarejo\/claudio-zulian\/"]}]},{"@type":"BreadcrumbList","@id":"https:\/\/sitesize.net\/aprendizajeautonomo\/la-casa-grande-como-obra-de-arte\/encuesta-pumarejo\/claudio-zulian\/#breadcrumb","itemListElement":[{"@type":"ListItem","position":1,"name":"Home","item":"https:\/\/sitesize.net\/aprendizajeautonomo\/"},{"@type":"ListItem","position":2,"name":"La Casa como obra de arte","item":"https:\/\/sitesize.net\/aprendizajeautonomo\/la-casa-grande-como-obra-de-arte\/"},{"@type":"ListItem","position":3,"name":"Encuesta sobre la Casa Grande del Pumarejo","item":"https:\/\/sitesize.net\/aprendizajeautonomo\/la-casa-grande-como-obra-de-arte\/encuesta-pumarejo\/"},{"@type":"ListItem","position":4,"name":"Claudio Zuli\u00e1n"}]},{"@type":"WebSite","@id":"https:\/\/sitesize.net\/aprendizajeautonomo\/#website","url":"https:\/\/sitesize.net\/aprendizajeautonomo\/","name":"Aprendizaje aut\u00f3nomo","description":"comunidades e itinerarios en el marco de la creaci\u00f3n contempor\u00e1nea","potentialAction":[{"@type":"SearchAction","target":{"@type":"EntryPoint","urlTemplate":"https:\/\/sitesize.net\/aprendizajeautonomo\/?s={search_term_string}"},"query-input":{"@type":"PropertyValueSpecification","valueRequired":true,"valueName":"search_term_string"}}],"inLanguage":"es"}]}},"_links":{"self":[{"href":"https:\/\/sitesize.net\/aprendizajeautonomo\/wp-json\/wp\/v2\/pages\/113","targetHints":{"allow":["GET"]}}],"collection":[{"href":"https:\/\/sitesize.net\/aprendizajeautonomo\/wp-json\/wp\/v2\/pages"}],"about":[{"href":"https:\/\/sitesize.net\/aprendizajeautonomo\/wp-json\/wp\/v2\/types\/page"}],"author":[{"embeddable":true,"href":"https:\/\/sitesize.net\/aprendizajeautonomo\/wp-json\/wp\/v2\/users\/1"}],"replies":[{"embeddable":true,"href":"https:\/\/sitesize.net\/aprendizajeautonomo\/wp-json\/wp\/v2\/comments?post=113"}],"version-history":[{"count":12,"href":"https:\/\/sitesize.net\/aprendizajeautonomo\/wp-json\/wp\/v2\/pages\/113\/revisions"}],"predecessor-version":[{"id":668,"href":"https:\/\/sitesize.net\/aprendizajeautonomo\/wp-json\/wp\/v2\/pages\/113\/revisions\/668"}],"up":[{"embeddable":true,"href":"https:\/\/sitesize.net\/aprendizajeautonomo\/wp-json\/wp\/v2\/pages\/90"}],"wp:attachment":[{"href":"https:\/\/sitesize.net\/aprendizajeautonomo\/wp-json\/wp\/v2\/media?parent=113"}],"curies":[{"name":"wp","href":"https:\/\/api.w.org\/{rel}","templated":true}]}}