{"id":119,"date":"2016-02-19T11:45:58","date_gmt":"2016-02-19T11:45:58","guid":{"rendered":"https:\/\/sitesize.net\/aprendizajeautonomo\/?page_id=119"},"modified":"2016-05-13T11:20:02","modified_gmt":"2016-05-13T11:20:02","slug":"accion-carta","status":"publish","type":"page","link":"https:\/\/sitesize.net\/aprendizajeautonomo\/mujeres-zona-sur\/accion-carta\/","title":{"rendered":"Acciones"},"content":{"rendered":"<p>Bajo el ep\u00edgrafe de Acciones se re\u00fanen diversas iniciativas que a modo de gesto las mujeres de Torresoto han llevado a cabo.\u00a0 La finalidad es la de llamar la atenci\u00f3n y convocar a la reflexi\u00f3n sobre acontecimientos, circunstancias y realidades que forman parte de la cotidianidad del barrio. Las acciones son en ocasiones planteadas a modo de intervenciones que se formalizan m\u00e1s tarde en piezas de video comunitario, como el reciente <em>No somos marcianos (2015), <\/em>realizado en el barrio y puesto en circulaci\u00f3n en el contexto social de Jerez. Otras veces son intervenciones en el espacio p\u00fablico como estrategia de visibilidad o gestos que con una periocidad van se\u00f1alando el malestar de una situaci\u00f3n y van generando un registro fotogr\u00e1fico. En cualquier caso todas las acciones conllevan una pr\u00e1ctica de puesta en com\u00fan y de agenda del colectivo que se articula a trav\u00e9s del tiempo y de la experiencia de vida de la comunidad. Seguir el ratro de estos gestos recapitula la historia compartida de todas ellas y es a la vez un ejercicio de autorepresentaci\u00f3n.<\/p>\n<p>En este degoteo continuado de accciones que se suceden desde 2013 destacamos la caracter\u00edstica de desborde a la que atienden. La complejidad de las situaciones conlleva en la mayor\u00eda de los casos a actuaciones que a modo de detonante irrumpen en el espacio p\u00fablico de la comunidad con el objetivo de se\u00f1alizar, desvelar y finalmente revertir din\u00e1micas. La herramienta del video arte comunitario es utilizada por las mujeres de Torresoto como veh\u00edculo transmisor de democratizaci\u00f3n del proceso social que vive el barrio. Al igual que su uso por los movimientos contraculturales surgidos en los a\u00f1os 70 en el contexto del tardofranquismo barcelon\u00e9s <strong>Video Nou <\/strong>y su continuidad con<strong> Servei de Video Comunitari<\/strong>, se plantea una autonom\u00eda de medios, discursos y circuito de presentaciones, charlas y debates con fines comunitarios. La complicidad de un producci\u00f3n audiovisual sostenida en el tiempo por la misma comunidad y narrada desde la cotidianidad de las mujeres supone un ejercicio que va m\u00e1s all\u00e1 de la militancia y se erige como lugar privilegiado de enunciaci\u00f3n.<\/p>\n<p>La agenda viene en este momento determinada en palabras de Inma Parra por la lucha por el centro de barrio y el reconocimiento a nuestro trabajo por la comunidad. Las acciones no se planean si no que surgen en el\u00a0d\u00eda a d\u00eda y al contacto con la piel. Las ideas para las acciones no se planean, si no que se dicen y se hacen a partir de la frescura de la misma gente implicada y utilizando lo que se tiene m\u00e1s a mano. El soporte social que movilizan es en primera instancia el de las mismas socias, despu\u00e9s sus hijos, sus maridos, familiares&#8230; personas que llegan y se a\u00f1aden a la iniciativa y en ocasiones personas venidas de otras barriadas de Jerez y que llegan al barrio a recoger comida a trav\u00e9s del banco de alimentos.<\/p>\n<p>&nbsp;<\/p>\n<p>&nbsp;<\/p>\n<p>Acci\u00f3n: <strong>No somos marcianos<\/strong><br \/>\nFecha: 27.01.15<br \/>\nLugar: Pza Hna M\u00aa Dolores, Torresoto (Jerez)<br \/>\nParticipan: Asociaci\u00f3n de Mujeres por la Igualdad y el Progreso.<\/p>\n<p>Sinopsis: Cansados de ser estudiados los pobladores de la Zona Sur de Jerez, se convierten en marcianos y toman la calle.<\/p>\n<p><a href=\"https:\/\/vimeo.com\/127500989\" target=\"_blank\">No somos marcianos (Jerez, 2015)<\/a><\/p>\n<p><a href=\"https:\/\/sitesize.net\/aprendizajeautonomo\/wp-content\/uploads\/sites\/7\/2016\/02\/accion-marcianos.jpg\"><img loading=\"lazy\" decoding=\"async\" class=\"alignleft size-full wp-image-193\" src=\"https:\/\/sitesize.net\/aprendizajeautonomo\/wp-content\/uploads\/sites\/7\/2016\/02\/accion-marcianos.jpg\" alt=\"accion-marcianos\" width=\"700\" height=\"467\" srcset=\"https:\/\/sitesize.net\/aprendizajeautonomo\/wp-content\/uploads\/sites\/7\/2016\/02\/accion-marcianos.jpg 700w, https:\/\/sitesize.net\/aprendizajeautonomo\/wp-content\/uploads\/sites\/7\/2016\/02\/accion-marcianos-300x200.jpg 300w\" sizes=\"auto, (max-width: 700px) 100vw, 700px\" \/><\/a><\/p>\n<p>&nbsp;<\/p>\n<p>&nbsp;<\/p>\n<p>&nbsp;<\/p>\n<p>&nbsp;<\/p>\n<p>&nbsp;<\/p>\n<p>&nbsp;<\/p>\n<p>&nbsp;<\/p>\n<p>&nbsp;<\/p>\n<p>&nbsp;<\/p>\n<p>&nbsp;<\/p>\n<p>-\u00bfC\u00f3mo se gesta la iniciativa del video?<\/p>\n<p>Es provocada por las circunstancias y la l\u00f3gica denuncia de los hechos. Surge por un grupo de personas, los m\u00e1s implicados en el barrio, que est\u00e1n cansados del ninguneo institucional y de las diferentes ONG y \u00abespacios\u00bb religiosos, que unicamente ponen el objetivo en la miseria de la zona, sin permitir que aflore una realidad rica en valores culturales populares y en el saber hacer.<\/p>\n<p>-\u00bfC\u00f3mo se pone en marcha?<\/p>\n<p>Existe un conocimiento previo de a\u00f1os de trabajo conjunto: seleccionamos las personas, los grupos de trabajo y los espacios institucionales. Al trabajar en la calle y ser temas candentes, cualquier persona se puede incorporar in situ.<\/p>\n<p>-\u00bfDe qu\u00e9 modo se desarrolla la fase de grabaciones y edici\u00f3n audiovisual?<\/p>\n<p>Graba cualquiera del barrio, la c\u00e1mara es de la asociaci\u00f3n e igualmente la edici\u00f3n, m\u00fasica y dem\u00e1s, pero casi siempre hasta la parte final de este y otros proyectos son 5 \u00f3 6 personas.<\/p>\n<p>-\u00bfQu\u00e9 circulaci\u00f3n social propone la pieza de video tanto en su producci\u00f3n como en su recepci\u00f3n ?<\/p>\n<p>Se present\u00f3 con una mesa redonda en un instituto del barrio, con profesionales y personas implicadas en la defensa de los valores y las singularidades positivas de la zona y se colg\u00f3 en nuestra p\u00e1gina de facebook AVV Creando Futuro y en nuestra plataforma de vimeo Torresoto_Visual. Convocamos a los medios de comunicaci\u00f3n de la ciudad, de los cuales alguno se hizo eco del acontecimiento. El recorrido est\u00e1 por ver, ya que son piezas, que dan fuerte en la realidad desde sus propios habitantes y por desgracia pasan los a\u00f1os y siguen de actualidad, por lo inamovible que son las estructuras sociales de la ciudad.<\/p>\n<p>Entrevista a Inma Parra (marzo 2016)<\/p>\n<hr \/>\n<p>&nbsp;<\/p>\n<p>Acci\u00f3n: <strong>Camisetas en los \u00e1rboles<\/strong><br \/>\nFecha: 29.12.14<br \/>\nLugar: Pza Hna M\u00aa Dolores, Torresoto (Jerez)<br \/>\nParticipan: Asociaci\u00f3n de Mujeres por la Igualdad y el Progreso.<\/p>\n<p>Sinopsis: Un a\u00f1o despu\u00e9s del desalojo de las mujeres del centro de barrio, la plaza aparece sucia y descuidada. Decidimos colgar en los \u00e1rboles camisetas de los diferentes talleres que realizamos con los j\u00f3venes y peque\u00f1os, como recuerdo de una etapa activa y respetuosa con el espacio p\u00fablico.<\/p>\n<p><a href=\"https:\/\/sitesize.net\/aprendizajeautonomo\/wp-content\/uploads\/sites\/7\/2016\/02\/accion-camisetas.jpg\"><img loading=\"lazy\" decoding=\"async\" class=\"alignleft size-full wp-image-191\" src=\"https:\/\/sitesize.net\/aprendizajeautonomo\/wp-content\/uploads\/sites\/7\/2016\/02\/accion-camisetas.jpg\" alt=\"accion-camisetas\" width=\"700\" height=\"467\" srcset=\"https:\/\/sitesize.net\/aprendizajeautonomo\/wp-content\/uploads\/sites\/7\/2016\/02\/accion-camisetas.jpg 700w, https:\/\/sitesize.net\/aprendizajeautonomo\/wp-content\/uploads\/sites\/7\/2016\/02\/accion-camisetas-300x200.jpg 300w\" sizes=\"auto, (max-width: 700px) 100vw, 700px\" \/><\/a><\/p>\n<p>&nbsp;<\/p>\n<p>&nbsp;<\/p>\n<p>&nbsp;<\/p>\n<p>&nbsp;<\/p>\n<p>&nbsp;<\/p>\n<p>&nbsp;<\/p>\n<p>&nbsp;<\/p>\n<p>&nbsp;<\/p>\n<hr \/>\n<p>&nbsp;<\/p>\n<p style=\"text-align: left;\"><strong>Acci\u00f3n: Cartas al viento<\/strong><br \/>\nFecha: 27.06.14<br \/>\nLugar: Torresoto (Jerez)<br \/>\nParticipan: Asociaci\u00f3n de Mujeres por la Igualdad y el Progreso.<\/p>\n<p>Sinopsis: 31 cartas semanales entregadas en Atenci\u00f3n al Ciudadano del Ayuntamiento de Jerez, para ser recibidas por la Sra. Alcaldesa, M\u00aa Jos\u00e9 Garc\u00eda Pelayo, en demanda de volver a su centro de barrio en Torresoto, o proporcionarles un espacio digno sin salir de su entorno. Como no fueron recibidas ni atendidas en sus peticiones, las mostramos al viento, o junto a los p\u00e1jaros que decoran la casa de una vecina.<\/p>\n<p><a href=\"https:\/\/sitesize.net\/aprendizajeautonomo\/wp-content\/uploads\/sites\/7\/2016\/02\/accion-carta1.jpg\"><img loading=\"lazy\" decoding=\"async\" class=\" wp-image-171\" src=\"https:\/\/sitesize.net\/aprendizajeautonomo\/wp-content\/uploads\/sites\/7\/2016\/02\/accion-carta1.jpg\" alt=\"Foto: Inma Parra, 2014\" width=\"700\" height=\"468\" srcset=\"https:\/\/sitesize.net\/aprendizajeautonomo\/wp-content\/uploads\/sites\/7\/2016\/02\/accion-carta1.jpg 800w, https:\/\/sitesize.net\/aprendizajeautonomo\/wp-content\/uploads\/sites\/7\/2016\/02\/accion-carta1-300x200.jpg 300w\" sizes=\"auto, (max-width: 700px) 100vw, 700px\" \/><\/a><\/p>\n<hr \/>\n<p>&nbsp;<\/p>\n<p>&nbsp;<\/p>\n<p><strong>Acci\u00f3n: S\u00faper carta 30<\/strong><br \/>\nFecha: 23.03.15<br \/>\nLugar: Pza Hna M\u00aa Dolores, Torresoto (Jerez)<br \/>\nParticipan: Asociaci\u00f3n de Mujeres por la Igualdad y el Progreso.<\/p>\n<p>Sinopsis: S\u00faper 30 carta semanal entregada en Atenci\u00f3n al Ciudadano del Ayuntamiento de Jerez, para ser recibidas por la Sra. Alcaldesa, M\u00aa Jos\u00e9 Garc\u00eda Pelayo, en demanda de volver a su centro de barrio en Torresoto, o proporcionarles un espacio digno sin salir de su entorno.<\/p>\n<p><a href=\"https:\/\/sitesize.net\/aprendizajeautonomo\/wp-content\/uploads\/sites\/7\/2016\/02\/accion-carta305.jpg\"><img loading=\"lazy\" decoding=\"async\" class=\"alignleft wp-image-178\" src=\"https:\/\/sitesize.net\/aprendizajeautonomo\/wp-content\/uploads\/sites\/7\/2016\/02\/accion-carta305.jpg\" alt=\"accion-carta30\" width=\"419\" height=\"997\" \/><\/a><\/p>\n<p>&nbsp;<\/p>\n<p>&nbsp;<\/p>\n<p>&nbsp;<\/p>\n<p>&nbsp;<\/p>\n<p>&nbsp;<\/p>\n<p>&nbsp;<\/p>\n<p>&nbsp;<\/p>\n<p>&nbsp;<\/p>\n<p>&nbsp;<\/p>\n<p>&nbsp;<\/p>\n<p>&nbsp;<\/p>\n<hr \/>\n<p>&nbsp;<\/p>\n<p>&nbsp;<\/p>\n<p><strong>Acci\u00f3n: Una mesa sin alimentos<br \/>\n<\/strong>Fecha: 14.11.13<br \/>\nLugar: Pza Hna M\u00aa Dolores, Torresoto (Jerez)<br \/>\nParticipan: Asociaci\u00f3n de Mujeres por la Igualdad y el Progreso.<\/p>\n<p>Sinopsis: Una mesa con menaje de cocina vac\u00edos, preside la concentraci\u00f3n en apoyo a las mujeres, que al ser desalojadas no pueden repartir los alimentos a las familias necesitadas.<\/p>\n<p><a href=\"https:\/\/sitesize.net\/aprendizajeautonomo\/wp-content\/uploads\/sites\/7\/2016\/02\/mesa.jpg\"><img loading=\"lazy\" decoding=\"async\" class=\"alignleft wp-image-184\" src=\"https:\/\/sitesize.net\/aprendizajeautonomo\/wp-content\/uploads\/sites\/7\/2016\/02\/mesa.jpg\" alt=\"mesa\" width=\"700\" height=\"468\" srcset=\"https:\/\/sitesize.net\/aprendizajeautonomo\/wp-content\/uploads\/sites\/7\/2016\/02\/mesa.jpg 700w, https:\/\/sitesize.net\/aprendizajeautonomo\/wp-content\/uploads\/sites\/7\/2016\/02\/mesa-300x200.jpg 300w\" sizes=\"auto, (max-width: 700px) 100vw, 700px\" \/><\/a><\/p>\n<p>&nbsp;<\/p>\n<p>&nbsp;<\/p>\n<p>&nbsp;<\/p>\n<p>&nbsp;<\/p>\n<p>&nbsp;<\/p>\n<p>&nbsp;<\/p>\n<p>&nbsp;<\/p>\n<p>&nbsp;<\/p>\n<hr \/>\n<p>&nbsp;<\/p>\n<p><strong>Acci\u00f3n: D\u00eda del desalojo. Taller de modelado terape\u00fatico.<br \/>\n<\/strong>Fecha: 14.11.13<br \/>\nLugar: Pza Hna M\u00aa Dolores, Torresoto (Jerez)<br \/>\nParticipan: Asociaci\u00f3n de Mujeres por la Igualdad y el Progreso.<br \/>\nSinopsis: Taller de modelado en barro, que se convierte en terape\u00fatico, al realizar mierdas que dejamos fuera del centro de barrio, para decirlo todo sin tener que insultar con palabras y relajando el ambiente.<\/p>\n<p><a href=\"https:\/\/sitesize.net\/aprendizajeautonomo\/wp-content\/uploads\/sites\/7\/2016\/02\/accion-terapeutica.jpg\"><img loading=\"lazy\" decoding=\"async\" class=\"alignleft size-full wp-image-186\" src=\"https:\/\/sitesize.net\/aprendizajeautonomo\/wp-content\/uploads\/sites\/7\/2016\/02\/accion-terapeutica.jpg\" alt=\"accion-terapeutica\" width=\"700\" height=\"467\" srcset=\"https:\/\/sitesize.net\/aprendizajeautonomo\/wp-content\/uploads\/sites\/7\/2016\/02\/accion-terapeutica.jpg 700w, https:\/\/sitesize.net\/aprendizajeautonomo\/wp-content\/uploads\/sites\/7\/2016\/02\/accion-terapeutica-300x200.jpg 300w\" sizes=\"auto, (max-width: 700px) 100vw, 700px\" \/><\/a><\/p>\n<p>&nbsp;<\/p>\n<p>&nbsp;<\/p>\n<p>&nbsp;<\/p>\n<p>&nbsp;<\/p>\n<p>&nbsp;<\/p>\n<p>&nbsp;<\/p>\n<p>&nbsp;<\/p>\n<p>&nbsp;<\/p>\n<hr \/>\n<p>&nbsp;<\/p>\n<p>&nbsp;<\/p>\n<p><strong>Acci\u00f3n: Bufanda solidaria<br \/>\n<\/strong>Fecha: 07.10.13<br \/>\nLugar: Encuentro de asociaciones, Pza del Arenal, Jerez.<br \/>\nParticipan: Asociaci\u00f3n de Mujeres por la Igualdad y el Progreso.<br \/>\nSinopsis: Tejemos una bufanda invitando a las personas que pasan por la plaza, para reivindicar el trabajo manual y paciente de las mujeres en las asociaciones, como tiempo de charla, relajaci\u00f3n, puesta en com\u00fan y toma de decisiones.<\/p>\n<p><a href=\"https:\/\/sitesize.net\/aprendizajeautonomo\/wp-content\/uploads\/sites\/7\/2016\/02\/accion-bufanda-solidaria.jpg\"><img loading=\"lazy\" decoding=\"async\" class=\"alignleft size-full wp-image-188\" src=\"https:\/\/sitesize.net\/aprendizajeautonomo\/wp-content\/uploads\/sites\/7\/2016\/02\/accion-bufanda-solidaria.jpg\" alt=\"accion-bufanda-solidaria\" width=\"700\" height=\"467\" srcset=\"https:\/\/sitesize.net\/aprendizajeautonomo\/wp-content\/uploads\/sites\/7\/2016\/02\/accion-bufanda-solidaria.jpg 700w, https:\/\/sitesize.net\/aprendizajeautonomo\/wp-content\/uploads\/sites\/7\/2016\/02\/accion-bufanda-solidaria-300x200.jpg 300w\" sizes=\"auto, (max-width: 700px) 100vw, 700px\" \/><\/a><\/p>\n<p>&nbsp;<\/p>\n<p>&nbsp;<\/p>\n<hr \/>\n<p>&nbsp;<\/p>\n<p><strong>Acci\u00f3n: Lunares solidarios<br \/>\n<\/strong>Fecha: 01.03.13<br \/>\nLugar: Centro de barrio Torresoto, Plaza Hna M\u00aa Dolores<br \/>\nParticipan: Asociaci\u00f3n de Mujeres por la Igualdad y el Progreso y, Peque\u00f1o_Torresoto<\/p>\n<p>Sinopsis: Mujeres y peque\u00f1os que trabajan en el centro de barrio de Torresoto enlazan telas de lunares sobre los barrotes del exterior del mismo, para llamar la atenci\u00f3n ante la amenaza de desalojo.<\/p>\n<p><a href=\"https:\/\/sitesize.net\/aprendizajeautonomo\/wp-content\/uploads\/sites\/7\/2016\/02\/accion-lunares.jpg\"><img loading=\"lazy\" decoding=\"async\" class=\"alignleft size-full wp-image-190\" src=\"https:\/\/sitesize.net\/aprendizajeautonomo\/wp-content\/uploads\/sites\/7\/2016\/02\/accion-lunares.jpg\" alt=\"accion-lunares\" width=\"700\" height=\"467\" srcset=\"https:\/\/sitesize.net\/aprendizajeautonomo\/wp-content\/uploads\/sites\/7\/2016\/02\/accion-lunares.jpg 700w, https:\/\/sitesize.net\/aprendizajeautonomo\/wp-content\/uploads\/sites\/7\/2016\/02\/accion-lunares-300x200.jpg 300w\" sizes=\"auto, (max-width: 700px) 100vw, 700px\" \/><\/a><\/p>\n<hr \/>\n","protected":false},"excerpt":{"rendered":"<p>Bajo el ep\u00edgrafe de Acciones se re\u00fanen diversas iniciativas que a modo de gesto las mujeres de Torresoto han llevado a cabo.\u00a0 La finalidad es la de llamar la atenci\u00f3n y convocar a la reflexi\u00f3n sobre acontecimientos, circunstancias y realidades que forman parte de la cotidianidad del barrio. Las acciones son en ocasiones planteadas a&hellip;<\/p>\n","protected":false},"author":1,"featured_media":0,"parent":8,"menu_order":2,"comment_status":"closed","ping_status":"closed","template":"","meta":{"footnotes":""},"class_list":["post-119","page","type-page","status-publish","hentry","no-post-thumbnail","post-grid-4-col","entry"],"yoast_head":"<!-- This site is optimized with the Yoast SEO plugin v27.1.1 - https:\/\/yoast.com\/product\/yoast-seo-wordpress\/ -->\n<title>Acciones - Aprendizaje aut\u00f3nomo<\/title>\n<meta name=\"robots\" content=\"index, follow, max-snippet:-1, max-image-preview:large, max-video-preview:-1\" \/>\n<link rel=\"canonical\" href=\"https:\/\/sitesize.net\/aprendizajeautonomo\/mujeres-zona-sur\/accion-carta\/\" \/>\n<meta property=\"og:locale\" content=\"es_ES\" \/>\n<meta property=\"og:type\" content=\"article\" \/>\n<meta property=\"og:title\" content=\"Acciones - Aprendizaje aut\u00f3nomo\" \/>\n<meta property=\"og:description\" content=\"Bajo el ep\u00edgrafe de Acciones se re\u00fanen diversas iniciativas que a modo de gesto las mujeres de Torresoto han llevado a cabo.\u00a0 La finalidad es la de llamar la atenci\u00f3n y convocar a la reflexi\u00f3n sobre acontecimientos, circunstancias y realidades que forman parte de la cotidianidad del barrio. Las acciones son en ocasiones planteadas a&hellip;\" \/>\n<meta property=\"og:url\" content=\"https:\/\/sitesize.net\/aprendizajeautonomo\/mujeres-zona-sur\/accion-carta\/\" \/>\n<meta property=\"og:site_name\" content=\"Aprendizaje aut\u00f3nomo\" \/>\n<meta property=\"article:modified_time\" content=\"2016-05-13T11:20:02+00:00\" \/>\n<meta property=\"og:image\" content=\"https:\/\/sitesize.net\/aprendizajeautonomo\/wp-content\/uploads\/sites\/7\/2016\/02\/accion-marcianos.jpg\" \/>\n<meta name=\"twitter:card\" content=\"summary_large_image\" \/>\n<meta name=\"twitter:label1\" content=\"Est. reading time\" \/>\n\t<meta name=\"twitter:data1\" content=\"7 minutos\" \/>\n<script type=\"application\/ld+json\" class=\"yoast-schema-graph\">{\"@context\":\"https:\/\/schema.org\",\"@graph\":[{\"@type\":\"WebPage\",\"@id\":\"https:\/\/sitesize.net\/aprendizajeautonomo\/mujeres-zona-sur\/accion-carta\/\",\"url\":\"https:\/\/sitesize.net\/aprendizajeautonomo\/mujeres-zona-sur\/accion-carta\/\",\"name\":\"Acciones - Aprendizaje aut\u00f3nomo\",\"isPartOf\":{\"@id\":\"https:\/\/sitesize.net\/aprendizajeautonomo\/#website\"},\"primaryImageOfPage\":{\"@id\":\"https:\/\/sitesize.net\/aprendizajeautonomo\/mujeres-zona-sur\/accion-carta\/#primaryimage\"},\"image\":{\"@id\":\"https:\/\/sitesize.net\/aprendizajeautonomo\/mujeres-zona-sur\/accion-carta\/#primaryimage\"},\"thumbnailUrl\":\"https:\/\/sitesize.net\/aprendizajeautonomo\/wp-content\/uploads\/sites\/7\/2016\/02\/accion-marcianos.jpg\",\"datePublished\":\"2016-02-19T11:45:58+00:00\",\"dateModified\":\"2016-05-13T11:20:02+00:00\",\"breadcrumb\":{\"@id\":\"https:\/\/sitesize.net\/aprendizajeautonomo\/mujeres-zona-sur\/accion-carta\/#breadcrumb\"},\"inLanguage\":\"es\",\"potentialAction\":[{\"@type\":\"ReadAction\",\"target\":[\"https:\/\/sitesize.net\/aprendizajeautonomo\/mujeres-zona-sur\/accion-carta\/\"]}]},{\"@type\":\"ImageObject\",\"inLanguage\":\"es\",\"@id\":\"https:\/\/sitesize.net\/aprendizajeautonomo\/mujeres-zona-sur\/accion-carta\/#primaryimage\",\"url\":\"https:\/\/sitesize.net\/aprendizajeautonomo\/wp-content\/uploads\/sites\/7\/2016\/02\/accion-marcianos.jpg\",\"contentUrl\":\"https:\/\/sitesize.net\/aprendizajeautonomo\/wp-content\/uploads\/sites\/7\/2016\/02\/accion-marcianos.jpg\",\"width\":700,\"height\":467},{\"@type\":\"BreadcrumbList\",\"@id\":\"https:\/\/sitesize.net\/aprendizajeautonomo\/mujeres-zona-sur\/accion-carta\/#breadcrumb\",\"itemListElement\":[{\"@type\":\"ListItem\",\"position\":1,\"name\":\"Home\",\"item\":\"https:\/\/sitesize.net\/aprendizajeautonomo\/\"},{\"@type\":\"ListItem\",\"position\":2,\"name\":\"Mujeres Zona Sur\",\"item\":\"https:\/\/sitesize.net\/aprendizajeautonomo\/mujeres-zona-sur\/\"},{\"@type\":\"ListItem\",\"position\":3,\"name\":\"Acciones\"}]},{\"@type\":\"WebSite\",\"@id\":\"https:\/\/sitesize.net\/aprendizajeautonomo\/#website\",\"url\":\"https:\/\/sitesize.net\/aprendizajeautonomo\/\",\"name\":\"Aprendizaje aut\u00f3nomo\",\"description\":\"comunidades e itinerarios en el marco de la creaci\u00f3n contempor\u00e1nea\",\"potentialAction\":[{\"@type\":\"SearchAction\",\"target\":{\"@type\":\"EntryPoint\",\"urlTemplate\":\"https:\/\/sitesize.net\/aprendizajeautonomo\/?s={search_term_string}\"},\"query-input\":{\"@type\":\"PropertyValueSpecification\",\"valueRequired\":true,\"valueName\":\"search_term_string\"}}],\"inLanguage\":\"es\"}]}<\/script>\n<!-- \/ Yoast SEO plugin. -->","yoast_head_json":{"title":"Acciones - Aprendizaje aut\u00f3nomo","robots":{"index":"index","follow":"follow","max-snippet":"max-snippet:-1","max-image-preview":"max-image-preview:large","max-video-preview":"max-video-preview:-1"},"canonical":"https:\/\/sitesize.net\/aprendizajeautonomo\/mujeres-zona-sur\/accion-carta\/","og_locale":"es_ES","og_type":"article","og_title":"Acciones - Aprendizaje aut\u00f3nomo","og_description":"Bajo el ep\u00edgrafe de Acciones se re\u00fanen diversas iniciativas que a modo de gesto las mujeres de Torresoto han llevado a cabo.\u00a0 La finalidad es la de llamar la atenci\u00f3n y convocar a la reflexi\u00f3n sobre acontecimientos, circunstancias y realidades que forman parte de la cotidianidad del barrio. Las acciones son en ocasiones planteadas a&hellip;","og_url":"https:\/\/sitesize.net\/aprendizajeautonomo\/mujeres-zona-sur\/accion-carta\/","og_site_name":"Aprendizaje aut\u00f3nomo","article_modified_time":"2016-05-13T11:20:02+00:00","og_image":[{"url":"https:\/\/sitesize.net\/aprendizajeautonomo\/wp-content\/uploads\/sites\/7\/2016\/02\/accion-marcianos.jpg","type":"","width":"","height":""}],"twitter_card":"summary_large_image","twitter_misc":{"Est. reading time":"7 minutos"},"schema":{"@context":"https:\/\/schema.org","@graph":[{"@type":"WebPage","@id":"https:\/\/sitesize.net\/aprendizajeautonomo\/mujeres-zona-sur\/accion-carta\/","url":"https:\/\/sitesize.net\/aprendizajeautonomo\/mujeres-zona-sur\/accion-carta\/","name":"Acciones - Aprendizaje aut\u00f3nomo","isPartOf":{"@id":"https:\/\/sitesize.net\/aprendizajeautonomo\/#website"},"primaryImageOfPage":{"@id":"https:\/\/sitesize.net\/aprendizajeautonomo\/mujeres-zona-sur\/accion-carta\/#primaryimage"},"image":{"@id":"https:\/\/sitesize.net\/aprendizajeautonomo\/mujeres-zona-sur\/accion-carta\/#primaryimage"},"thumbnailUrl":"https:\/\/sitesize.net\/aprendizajeautonomo\/wp-content\/uploads\/sites\/7\/2016\/02\/accion-marcianos.jpg","datePublished":"2016-02-19T11:45:58+00:00","dateModified":"2016-05-13T11:20:02+00:00","breadcrumb":{"@id":"https:\/\/sitesize.net\/aprendizajeautonomo\/mujeres-zona-sur\/accion-carta\/#breadcrumb"},"inLanguage":"es","potentialAction":[{"@type":"ReadAction","target":["https:\/\/sitesize.net\/aprendizajeautonomo\/mujeres-zona-sur\/accion-carta\/"]}]},{"@type":"ImageObject","inLanguage":"es","@id":"https:\/\/sitesize.net\/aprendizajeautonomo\/mujeres-zona-sur\/accion-carta\/#primaryimage","url":"https:\/\/sitesize.net\/aprendizajeautonomo\/wp-content\/uploads\/sites\/7\/2016\/02\/accion-marcianos.jpg","contentUrl":"https:\/\/sitesize.net\/aprendizajeautonomo\/wp-content\/uploads\/sites\/7\/2016\/02\/accion-marcianos.jpg","width":700,"height":467},{"@type":"BreadcrumbList","@id":"https:\/\/sitesize.net\/aprendizajeautonomo\/mujeres-zona-sur\/accion-carta\/#breadcrumb","itemListElement":[{"@type":"ListItem","position":1,"name":"Home","item":"https:\/\/sitesize.net\/aprendizajeautonomo\/"},{"@type":"ListItem","position":2,"name":"Mujeres Zona Sur","item":"https:\/\/sitesize.net\/aprendizajeautonomo\/mujeres-zona-sur\/"},{"@type":"ListItem","position":3,"name":"Acciones"}]},{"@type":"WebSite","@id":"https:\/\/sitesize.net\/aprendizajeautonomo\/#website","url":"https:\/\/sitesize.net\/aprendizajeautonomo\/","name":"Aprendizaje aut\u00f3nomo","description":"comunidades e itinerarios en el marco de la creaci\u00f3n contempor\u00e1nea","potentialAction":[{"@type":"SearchAction","target":{"@type":"EntryPoint","urlTemplate":"https:\/\/sitesize.net\/aprendizajeautonomo\/?s={search_term_string}"},"query-input":{"@type":"PropertyValueSpecification","valueRequired":true,"valueName":"search_term_string"}}],"inLanguage":"es"}]}},"_links":{"self":[{"href":"https:\/\/sitesize.net\/aprendizajeautonomo\/wp-json\/wp\/v2\/pages\/119","targetHints":{"allow":["GET"]}}],"collection":[{"href":"https:\/\/sitesize.net\/aprendizajeautonomo\/wp-json\/wp\/v2\/pages"}],"about":[{"href":"https:\/\/sitesize.net\/aprendizajeautonomo\/wp-json\/wp\/v2\/types\/page"}],"author":[{"embeddable":true,"href":"https:\/\/sitesize.net\/aprendizajeautonomo\/wp-json\/wp\/v2\/users\/1"}],"replies":[{"embeddable":true,"href":"https:\/\/sitesize.net\/aprendizajeautonomo\/wp-json\/wp\/v2\/comments?post=119"}],"version-history":[{"count":34,"href":"https:\/\/sitesize.net\/aprendizajeautonomo\/wp-json\/wp\/v2\/pages\/119\/revisions"}],"predecessor-version":[{"id":298,"href":"https:\/\/sitesize.net\/aprendizajeautonomo\/wp-json\/wp\/v2\/pages\/119\/revisions\/298"}],"up":[{"embeddable":true,"href":"https:\/\/sitesize.net\/aprendizajeautonomo\/wp-json\/wp\/v2\/pages\/8"}],"wp:attachment":[{"href":"https:\/\/sitesize.net\/aprendizajeautonomo\/wp-json\/wp\/v2\/media?parent=119"}],"curies":[{"name":"wp","href":"https:\/\/api.w.org\/{rel}","templated":true}]}}