{"id":12,"date":"2015-10-30T19:24:25","date_gmt":"2015-10-30T19:24:25","guid":{"rendered":"https:\/\/sitesize.net\/aprendizajeautonomo\/?page_id=12"},"modified":"2016-10-31T20:07:45","modified_gmt":"2016-10-31T20:07:45","slug":"arrelats","status":"publish","type":"page","link":"https:\/\/sitesize.net\/aprendizajeautonomo\/arrelats\/","title":{"rendered":"Arrelats"},"content":{"rendered":"<figure id=\"attachment_553\" aria-describedby=\"caption-attachment-553\" style=\"width: 772px\" class=\"wp-caption alignnone\"><a href=\"https:\/\/sitesize.net\/aprendizajeautonomo\/wp-content\/uploads\/sites\/7\/2015\/10\/Llum-de-la-selva-Soriguera.jpg\"><img loading=\"lazy\" decoding=\"async\" class=\"size-full wp-image-553\" src=\"https:\/\/sitesize.net\/aprendizajeautonomo\/wp-content\/uploads\/sites\/7\/2015\/10\/Llum-de-la-selva-Soriguera.jpg\" alt=\"Llum de la selva en una reuni\u00f3n en el Jard\u00ed de l'Amistat. D\u00e9cada de 1970 Fotografia Floreal Suriguera\" width=\"772\" height=\"561\" srcset=\"https:\/\/sitesize.net\/aprendizajeautonomo\/wp-content\/uploads\/sites\/7\/2015\/10\/Llum-de-la-selva-Soriguera.jpg 772w, https:\/\/sitesize.net\/aprendizajeautonomo\/wp-content\/uploads\/sites\/7\/2015\/10\/Llum-de-la-selva-Soriguera-300x218.jpg 300w, https:\/\/sitesize.net\/aprendizajeautonomo\/wp-content\/uploads\/sites\/7\/2015\/10\/Llum-de-la-selva-Soriguera-768x558.jpg 768w\" sizes=\"auto, (max-width: 772px) 100vw, 772px\" \/><\/a><figcaption id=\"caption-attachment-553\" class=\"wp-caption-text\">Llum de la Selva en una reuni\u00f3n en el Jard\u00ed de l&#8217;Amistat. D\u00e9cada de 1970<br \/>Fotografia extraida de una pel\u00edcula rodada por Floreal Suriguera<\/figcaption><\/figure>\n<p>&nbsp;<\/p>\n<p><strong>Encuentros de creaci\u00f3n y construcci\u00f3n comunitaria para la recuperaci\u00f3n del Jard\u00ed de l&#8217;Amistat en Sabadell.<\/strong><br \/>\n<strong> Crear otro argumento patrimonial de la ciudad ligado a la historia social no reconocida, que abra la generaci\u00f3n de una alternativa para afrontar el presente.<\/strong><\/p>\n<p>El proceso de recuperaci\u00f3n de lo que fue el Jard\u00ed de l&#8217;Amistat en Sabadell, viene siendo una serie de acciones de construcci\u00f3n colectiva, que nos convoca bajo un prop\u00f3sito que va consolid\u00e1ndose a la vez que se abre. Parte del reconocimiento de lo que fue este espacio agr\u00edcola, de encuentro y aprendizaje, que mantuvieron Isidre Nadal &#8211; Llum de la Selva &#8211; y su compa\u00f1era Carme Cahun -Flor de Maig- en la zona de Can Rull en Sabadell, desde finales de los a\u00f1os 1920 hasta 1980.<br \/>\nLa memoria fr\u00e1gil de este espacio, ahora abandonado e indefinido, en contraste con lo rico de la experiencia que acogi\u00f3, mantiene una tensi\u00f3n que nos interroga para atrevernos a ejercer su rescate y reivindicaci\u00f3n. Las cualidades del pensamiento naturista y libertario que guiaron su devenir, la libertad de construcci\u00f3n y de vida plena que mantuvo, su recuerdo y el de los valores encarnados que se dieron, siguen siendo ejemplos y referencias para muchas personas. La oportunidad de recordar esta experiencia y la posibilidad de construir a partir de ella, una relaci\u00f3n m\u00e1s libre y saludable de la vivencia personal con el entorno, nos parece una oportunidad para imaginar y convocar la construcci\u00f3n real de la ciudad.<\/p>\n<p>La ciudad de Sabadell creci\u00f3 entre 1860 y 1960 ligada al desarrollo de la industria textil lanera. Mantuvo la confluencia din\u00e1mica de una cultura industrial floreciente, con una importante cultura obrera, que gener\u00f3 formas propias de emancipaci\u00f3n social, creaci\u00f3n cultural y aprendizaje libre. Como en otras ciudades que han perdido su pasado industrial, para diluirse en una imprecisa econom\u00eda de servicios, este legado de resistencia cultural obrera ha sido tambi\u00e9n borrado y aniquilado. La construcci\u00f3n actual de ciudades como Sabadell, representa una deriva desorientada y entregada a cualquier suplantaci\u00f3n o simulacro de identidad cultural.<br \/>\nFrente a esto, existe la acuciante necesidad de construir la definici\u00f3n cultural de la ciudad, desde unas bases que la mantengan ligada a una experiencia urbana, una proyecci\u00f3n social y un imaginario cultural m\u00e1s ricos. Es urgente acercar el significado de esta vivencia a lo propio, generando una identificaci\u00f3n con la capacidad de pertenencia sentida y no mediada por aportes ajenos. Sin embargo, actualmente se hace dif\u00edcil pensar en formas de creaci\u00f3n cultural, que no est\u00e9n condicionadas por im\u00e1genes externas impuestas por los media, delegadas por instrumentos tecnol\u00f3gicos impuestos por las industrias del consumo, o le\u00eddas como relatos interceptados por intereses mercantilistas.<\/p>\n<p>No existe un vac\u00edo sobre el que construir de nuevo. Es necesario asumir sin rendirse a \u00e9l, la suma enmara\u00f1ada de capas de confusi\u00f3n que nos aleja de nosotros mismos. En este exceso confuso hay que buscar los argumentos sobre los que construir, desde los intersticios, un proceso m\u00e1s convincente y la conexi\u00f3n con una imaginaci\u00f3n de emancipaci\u00f3n m\u00e1s f\u00e9rtil. Buscar un enlace directo con referencias y experiencias m\u00e1s ricas, desarrolladas y asumidas como pr\u00e1cticas reveladoras.<br \/>\nLa base pr\u00e1ctica sobre la que se inscribe esta experiencia de aprendizaje, est\u00e1 en la lectura abierta de la complejidad que se da en este lugar de la ciudad de Sabadell. La comprensi\u00f3n de su historia reciente, de las capas de significaci\u00f3n y las acciones de desocupaci\u00f3n que se han dado. El deseo de que todo contribuya a un ejercicio de restituci\u00f3n de su memoria como un acto colectivo de reconocimiento.<\/p>\n<p>La construcci\u00f3n de un imaginario cultural siempre renovado, permite extender la significaci\u00f3n aqu\u00ed re-construida, como una nueva lectura y escritura de la ciudad. Una confluencia ejercida directamente por personas, comunidades, entidades, instituciones&#8230;, que requiere modos de escucha, colaboraci\u00f3n y resoluci\u00f3n compartida. Consideramos que, precisamente este proceso, sus modos, fases y requerimientos, con todas sus dificultades y tentativas, es el principal aprendizaje que se puede dar. Un aprendizaje que se acrecienta al compartir una creaci\u00f3n colectiva del sentido de lo urbano, no s\u00f3lo a partir de bases consolidadas ya asumidas, si no por exploraci\u00f3n de otras visiones, por contradicciones manifiestas, por la integraci\u00f3n de voces y cualidades a las acciones que se van realizando.<\/p>\n<p>El tr\u00e1nsito que imaginamos y definimos alrededor de la recuperaci\u00f3n del Jard\u00ed de l&#8217;Amistat, no es un proceso de participaci\u00f3n al uso. Pretende ir m\u00e1s all\u00e1 de la lectura de las capas superficiales del funcionamiento de la ciudad, para rescatar argumentos m\u00e1s profundos y referencias m\u00e1s dif\u00edcilmente traducibles a est\u00e1ndares ciudadanos. Consideramos que es crucial rescatar los significados latentes de esta memoria olvidada y poder situarlos en un primer plano sin devaluarlos. Respetar su valor e imaginar lo que significa y como consecuencia, ejercer una reparaci\u00f3n que no lo disminuya. Reclamamos, en estos procesos de restituci\u00f3n de memoria, de otras formas de recuperaci\u00f3n que se inserten en las din\u00e1micas sociales y en las condiciones cotidianas del presente, que propongan ejercer una interrogaci\u00f3n directa con los retos actuales, que su referencialidad siga guiando preguntas incomodas a las decisiones que tomamos. Y lo m\u00e1s importante, que la construcci\u00f3n de este lugar pueda proyectar y ensayar otro modo de hacer ciudad con otros requerimientos, exigencias y validaciones. El objetivo, es constituir un proceso de revisi\u00f3n de lo que es la creaci\u00f3n cultural de la ciudad, para trazar nuevos \u00e1mbitos de encuentro, de relectura y decisi\u00f3n que tienen que ser compartidos y ensanchados.<\/p>\n<p><a href=\"https:\/\/jardidelamistat.wordpress.com\/\" target=\"_blank\">P\u00e1gina del proyecto de recuperaci\u00f3n del Jard\u00ed de l&#8217;Amistat<\/a><\/p>\n","protected":false},"excerpt":{"rendered":"<p>&nbsp; Encuentros de creaci\u00f3n y construcci\u00f3n comunitaria para la recuperaci\u00f3n del Jard\u00ed de l&#8217;Amistat en Sabadell. Crear otro argumento patrimonial de la ciudad ligado a la historia social no reconocida, que abra la generaci\u00f3n de una alternativa para afrontar el presente. El proceso de recuperaci\u00f3n de lo que fue el Jard\u00ed de l&#8217;Amistat en Sabadell,&hellip;<\/p>\n","protected":false},"author":1,"featured_media":0,"parent":0,"menu_order":0,"comment_status":"closed","ping_status":"closed","template":"","meta":{"footnotes":""},"class_list":["post-12","page","type-page","status-publish","hentry","no-post-thumbnail","post-grid-4-col","entry"],"yoast_head":"<!-- This site is optimized with the Yoast SEO plugin v27.1.1 - https:\/\/yoast.com\/product\/yoast-seo-wordpress\/ -->\n<title>Arrelats - Aprendizaje aut\u00f3nomo<\/title>\n<meta name=\"robots\" content=\"index, follow, max-snippet:-1, max-image-preview:large, max-video-preview:-1\" \/>\n<link rel=\"canonical\" href=\"https:\/\/sitesize.net\/aprendizajeautonomo\/arrelats\/\" \/>\n<meta property=\"og:locale\" content=\"es_ES\" \/>\n<meta property=\"og:type\" content=\"article\" \/>\n<meta property=\"og:title\" content=\"Arrelats - Aprendizaje aut\u00f3nomo\" \/>\n<meta property=\"og:description\" content=\"&nbsp; Encuentros de creaci\u00f3n y construcci\u00f3n comunitaria para la recuperaci\u00f3n del Jard\u00ed de l&#8217;Amistat en Sabadell. Crear otro argumento patrimonial de la ciudad ligado a la historia social no reconocida, que abra la generaci\u00f3n de una alternativa para afrontar el presente. El proceso de recuperaci\u00f3n de lo que fue el Jard\u00ed de l&#8217;Amistat en Sabadell,&hellip;\" \/>\n<meta property=\"og:url\" content=\"https:\/\/sitesize.net\/aprendizajeautonomo\/arrelats\/\" \/>\n<meta property=\"og:site_name\" content=\"Aprendizaje aut\u00f3nomo\" \/>\n<meta property=\"article:modified_time\" content=\"2016-10-31T20:07:45+00:00\" \/>\n<meta property=\"og:image\" content=\"https:\/\/sitesize.net\/aprendizajeautonomo\/wp-content\/uploads\/sites\/7\/2015\/10\/Llum-de-la-selva-Soriguera.jpg\" \/>\n<meta name=\"twitter:card\" content=\"summary_large_image\" \/>\n<meta name=\"twitter:label1\" content=\"Est. reading time\" \/>\n\t<meta name=\"twitter:data1\" content=\"5 minutos\" \/>\n<script type=\"application\/ld+json\" class=\"yoast-schema-graph\">{\"@context\":\"https:\/\/schema.org\",\"@graph\":[{\"@type\":\"WebPage\",\"@id\":\"https:\/\/sitesize.net\/aprendizajeautonomo\/arrelats\/\",\"url\":\"https:\/\/sitesize.net\/aprendizajeautonomo\/arrelats\/\",\"name\":\"Arrelats - Aprendizaje aut\u00f3nomo\",\"isPartOf\":{\"@id\":\"https:\/\/sitesize.net\/aprendizajeautonomo\/#website\"},\"primaryImageOfPage\":{\"@id\":\"https:\/\/sitesize.net\/aprendizajeautonomo\/arrelats\/#primaryimage\"},\"image\":{\"@id\":\"https:\/\/sitesize.net\/aprendizajeautonomo\/arrelats\/#primaryimage\"},\"thumbnailUrl\":\"https:\/\/sitesize.net\/aprendizajeautonomo\/wp-content\/uploads\/sites\/7\/2015\/10\/Llum-de-la-selva-Soriguera.jpg\",\"datePublished\":\"2015-10-30T19:24:25+00:00\",\"dateModified\":\"2016-10-31T20:07:45+00:00\",\"breadcrumb\":{\"@id\":\"https:\/\/sitesize.net\/aprendizajeautonomo\/arrelats\/#breadcrumb\"},\"inLanguage\":\"es\",\"potentialAction\":[{\"@type\":\"ReadAction\",\"target\":[\"https:\/\/sitesize.net\/aprendizajeautonomo\/arrelats\/\"]}]},{\"@type\":\"ImageObject\",\"inLanguage\":\"es\",\"@id\":\"https:\/\/sitesize.net\/aprendizajeautonomo\/arrelats\/#primaryimage\",\"url\":\"https:\/\/sitesize.net\/aprendizajeautonomo\/wp-content\/uploads\/sites\/7\/2015\/10\/Llum-de-la-selva-Soriguera.jpg\",\"contentUrl\":\"https:\/\/sitesize.net\/aprendizajeautonomo\/wp-content\/uploads\/sites\/7\/2015\/10\/Llum-de-la-selva-Soriguera.jpg\",\"width\":772,\"height\":561,\"caption\":\"Llum de la selva en una reuni\u00f3n en el Jard\u00ed de l'Amistat. D\u00e9cada de 1970 Fotografia Floreal Suriguera\"},{\"@type\":\"BreadcrumbList\",\"@id\":\"https:\/\/sitesize.net\/aprendizajeautonomo\/arrelats\/#breadcrumb\",\"itemListElement\":[{\"@type\":\"ListItem\",\"position\":1,\"name\":\"Home\",\"item\":\"https:\/\/sitesize.net\/aprendizajeautonomo\/\"},{\"@type\":\"ListItem\",\"position\":2,\"name\":\"Arrelats\"}]},{\"@type\":\"WebSite\",\"@id\":\"https:\/\/sitesize.net\/aprendizajeautonomo\/#website\",\"url\":\"https:\/\/sitesize.net\/aprendizajeautonomo\/\",\"name\":\"Aprendizaje aut\u00f3nomo\",\"description\":\"comunidades e itinerarios en el marco de la creaci\u00f3n contempor\u00e1nea\",\"potentialAction\":[{\"@type\":\"SearchAction\",\"target\":{\"@type\":\"EntryPoint\",\"urlTemplate\":\"https:\/\/sitesize.net\/aprendizajeautonomo\/?s={search_term_string}\"},\"query-input\":{\"@type\":\"PropertyValueSpecification\",\"valueRequired\":true,\"valueName\":\"search_term_string\"}}],\"inLanguage\":\"es\"}]}<\/script>\n<!-- \/ Yoast SEO plugin. -->","yoast_head_json":{"title":"Arrelats - Aprendizaje aut\u00f3nomo","robots":{"index":"index","follow":"follow","max-snippet":"max-snippet:-1","max-image-preview":"max-image-preview:large","max-video-preview":"max-video-preview:-1"},"canonical":"https:\/\/sitesize.net\/aprendizajeautonomo\/arrelats\/","og_locale":"es_ES","og_type":"article","og_title":"Arrelats - Aprendizaje aut\u00f3nomo","og_description":"&nbsp; Encuentros de creaci\u00f3n y construcci\u00f3n comunitaria para la recuperaci\u00f3n del Jard\u00ed de l&#8217;Amistat en Sabadell. Crear otro argumento patrimonial de la ciudad ligado a la historia social no reconocida, que abra la generaci\u00f3n de una alternativa para afrontar el presente. El proceso de recuperaci\u00f3n de lo que fue el Jard\u00ed de l&#8217;Amistat en Sabadell,&hellip;","og_url":"https:\/\/sitesize.net\/aprendizajeautonomo\/arrelats\/","og_site_name":"Aprendizaje aut\u00f3nomo","article_modified_time":"2016-10-31T20:07:45+00:00","og_image":[{"url":"https:\/\/sitesize.net\/aprendizajeautonomo\/wp-content\/uploads\/sites\/7\/2015\/10\/Llum-de-la-selva-Soriguera.jpg","type":"","width":"","height":""}],"twitter_card":"summary_large_image","twitter_misc":{"Est. reading time":"5 minutos"},"schema":{"@context":"https:\/\/schema.org","@graph":[{"@type":"WebPage","@id":"https:\/\/sitesize.net\/aprendizajeautonomo\/arrelats\/","url":"https:\/\/sitesize.net\/aprendizajeautonomo\/arrelats\/","name":"Arrelats - Aprendizaje aut\u00f3nomo","isPartOf":{"@id":"https:\/\/sitesize.net\/aprendizajeautonomo\/#website"},"primaryImageOfPage":{"@id":"https:\/\/sitesize.net\/aprendizajeautonomo\/arrelats\/#primaryimage"},"image":{"@id":"https:\/\/sitesize.net\/aprendizajeautonomo\/arrelats\/#primaryimage"},"thumbnailUrl":"https:\/\/sitesize.net\/aprendizajeautonomo\/wp-content\/uploads\/sites\/7\/2015\/10\/Llum-de-la-selva-Soriguera.jpg","datePublished":"2015-10-30T19:24:25+00:00","dateModified":"2016-10-31T20:07:45+00:00","breadcrumb":{"@id":"https:\/\/sitesize.net\/aprendizajeautonomo\/arrelats\/#breadcrumb"},"inLanguage":"es","potentialAction":[{"@type":"ReadAction","target":["https:\/\/sitesize.net\/aprendizajeautonomo\/arrelats\/"]}]},{"@type":"ImageObject","inLanguage":"es","@id":"https:\/\/sitesize.net\/aprendizajeautonomo\/arrelats\/#primaryimage","url":"https:\/\/sitesize.net\/aprendizajeautonomo\/wp-content\/uploads\/sites\/7\/2015\/10\/Llum-de-la-selva-Soriguera.jpg","contentUrl":"https:\/\/sitesize.net\/aprendizajeautonomo\/wp-content\/uploads\/sites\/7\/2015\/10\/Llum-de-la-selva-Soriguera.jpg","width":772,"height":561,"caption":"Llum de la selva en una reuni\u00f3n en el Jard\u00ed de l'Amistat. D\u00e9cada de 1970 Fotografia Floreal Suriguera"},{"@type":"BreadcrumbList","@id":"https:\/\/sitesize.net\/aprendizajeautonomo\/arrelats\/#breadcrumb","itemListElement":[{"@type":"ListItem","position":1,"name":"Home","item":"https:\/\/sitesize.net\/aprendizajeautonomo\/"},{"@type":"ListItem","position":2,"name":"Arrelats"}]},{"@type":"WebSite","@id":"https:\/\/sitesize.net\/aprendizajeautonomo\/#website","url":"https:\/\/sitesize.net\/aprendizajeautonomo\/","name":"Aprendizaje aut\u00f3nomo","description":"comunidades e itinerarios en el marco de la creaci\u00f3n contempor\u00e1nea","potentialAction":[{"@type":"SearchAction","target":{"@type":"EntryPoint","urlTemplate":"https:\/\/sitesize.net\/aprendizajeautonomo\/?s={search_term_string}"},"query-input":{"@type":"PropertyValueSpecification","valueRequired":true,"valueName":"search_term_string"}}],"inLanguage":"es"}]}},"_links":{"self":[{"href":"https:\/\/sitesize.net\/aprendizajeautonomo\/wp-json\/wp\/v2\/pages\/12","targetHints":{"allow":["GET"]}}],"collection":[{"href":"https:\/\/sitesize.net\/aprendizajeautonomo\/wp-json\/wp\/v2\/pages"}],"about":[{"href":"https:\/\/sitesize.net\/aprendizajeautonomo\/wp-json\/wp\/v2\/types\/page"}],"author":[{"embeddable":true,"href":"https:\/\/sitesize.net\/aprendizajeautonomo\/wp-json\/wp\/v2\/users\/1"}],"replies":[{"embeddable":true,"href":"https:\/\/sitesize.net\/aprendizajeautonomo\/wp-json\/wp\/v2\/comments?post=12"}],"version-history":[{"count":17,"href":"https:\/\/sitesize.net\/aprendizajeautonomo\/wp-json\/wp\/v2\/pages\/12\/revisions"}],"predecessor-version":[{"id":713,"href":"https:\/\/sitesize.net\/aprendizajeautonomo\/wp-json\/wp\/v2\/pages\/12\/revisions\/713"}],"wp:attachment":[{"href":"https:\/\/sitesize.net\/aprendizajeautonomo\/wp-json\/wp\/v2\/media?parent=12"}],"curies":[{"name":"wp","href":"https:\/\/api.w.org\/{rel}","templated":true}]}}