{"id":123,"date":"2016-02-19T12:24:11","date_gmt":"2016-02-19T12:24:11","guid":{"rendered":"https:\/\/sitesize.net\/aprendizajeautonomo\/?page_id=123"},"modified":"2016-10-18T13:52:01","modified_gmt":"2016-10-18T13:52:01","slug":"jerez-pura-realidad","status":"publish","type":"page","link":"https:\/\/sitesize.net\/aprendizajeautonomo\/mujeres-zona-sur\/jerez-pura-realidad\/","title":{"rendered":"\u00abJerez pura realidad\u00bb"},"content":{"rendered":"<p>La invisibilidad de las mujeres es una caracter\u00edstica que comparten las mujeres de Torresoto con otras iniciativas, como el caso de las Invisibles de Tetu\u00e1n en Madrid, surgidas a partir del intento del ayuntamiento de cerrar el Banco de Alimentos de la Asamblea del 15M de Tetu\u00e1n.<\/p>\n<p>En diciembre de 2014 tuvimos ocasi\u00f3n de conversar con la asamblea de personas que forman parte de este colectivo. De aquella conversaci\u00f3n realizada en el CSO La Enredadera en el barrio de Tetu\u00e1n, extraemos el audio y\u00a0 un di\u00e1logo cruzado con la din\u00e1mica y contexto de las mujeres de Torresoto. De hecho ambas comunidades establecieron intercambio en los primero a\u00f1os en que se radicalizaron las condiciones de las mujeres de los barrios, al inicio de la crisis financiera.<\/p>\n<p>A ra\u00edz del contacto mantenido con las Invisibles de Tetu\u00e1n e inspir\u00e1ndose en ellas las Mujeres de Torresoto desde la Asociaci\u00f3n Creando futuo idearon \u00abJerez Pura realidad\u00bb. La iniciativa realizada en 2014 mostraba las consecuencias de la crisis en el contexto del barrio dando rostro a la situaci\u00f3n, 13 personas posaban ante la c\u00e1mara contando su realidad. Las similitudes que se dan entre las condiciones de vida de las mujeres hace que iniciativas como las de Torresoto y Tetu\u00e1n compartan sinergias y raz\u00f3n de ser. Ambos colectivos surgidos desde la emergencia de los movimientos sociales son liderados por mujeres\u00a0 para subsanar las deficiencias de atenci\u00f3n y cuidados que la administraci\u00f3n p\u00fablica niega. Las acciones de Invisibles de Tetu\u00e1n se han centrado en mostrar la cara del abandono directamente encarnado en las personas que lo est\u00e1n sufriendo, con el fin de dar a conocer la realidad que las \u00e9lites ocultan sistematicamente.<\/p>\n<p>&nbsp;<\/p>\n<div id='gallery-1' class='gallery galleryid-123 gallery-columns-5 gallery-size-large'><figure class='gallery-item'>\n\t\t\t<div class='gallery-icon portrait'>\n\t\t\t\t<a href='https:\/\/sitesize.net\/aprendizajeautonomo\/mujeres-zona-sur\/jerez-pura-realidad\/jerezpurarealidad-12\/'><img loading=\"lazy\" decoding=\"async\" width=\"640\" height=\"960\" src=\"https:\/\/sitesize.net\/aprendizajeautonomo\/wp-content\/uploads\/sites\/7\/2016\/02\/jerezpurarealidad-12.jpg\" class=\"attachment-large size-large\" alt=\"\" srcset=\"https:\/\/sitesize.net\/aprendizajeautonomo\/wp-content\/uploads\/sites\/7\/2016\/02\/jerezpurarealidad-12.jpg 640w, https:\/\/sitesize.net\/aprendizajeautonomo\/wp-content\/uploads\/sites\/7\/2016\/02\/jerezpurarealidad-12-200x300.jpg 200w\" sizes=\"auto, (max-width: 640px) 100vw, 640px\" itemprop=\"image\" \/><\/a>\n\t\t\t<\/div><\/figure><figure class='gallery-item'>\n\t\t\t<div class='gallery-icon portrait'>\n\t\t\t\t<a href='https:\/\/sitesize.net\/aprendizajeautonomo\/mujeres-zona-sur\/jerez-pura-realidad\/jerezpurarealidad-13\/'><img loading=\"lazy\" decoding=\"async\" width=\"640\" height=\"960\" src=\"https:\/\/sitesize.net\/aprendizajeautonomo\/wp-content\/uploads\/sites\/7\/2016\/02\/jerezpurarealidad-13.jpg\" class=\"attachment-large size-large\" alt=\"\" srcset=\"https:\/\/sitesize.net\/aprendizajeautonomo\/wp-content\/uploads\/sites\/7\/2016\/02\/jerezpurarealidad-13.jpg 640w, https:\/\/sitesize.net\/aprendizajeautonomo\/wp-content\/uploads\/sites\/7\/2016\/02\/jerezpurarealidad-13-200x300.jpg 200w\" sizes=\"auto, (max-width: 640px) 100vw, 640px\" itemprop=\"image\" \/><\/a>\n\t\t\t<\/div><\/figure><figure class='gallery-item'>\n\t\t\t<div class='gallery-icon portrait'>\n\t\t\t\t<a href='https:\/\/sitesize.net\/aprendizajeautonomo\/mujeres-zona-sur\/jerez-pura-realidad\/jerezpurarealidad-11\/'><img loading=\"lazy\" decoding=\"async\" width=\"640\" height=\"960\" src=\"https:\/\/sitesize.net\/aprendizajeautonomo\/wp-content\/uploads\/sites\/7\/2016\/02\/jerezpurarealidad-11.jpg\" class=\"attachment-large size-large\" alt=\"\" srcset=\"https:\/\/sitesize.net\/aprendizajeautonomo\/wp-content\/uploads\/sites\/7\/2016\/02\/jerezpurarealidad-11.jpg 640w, https:\/\/sitesize.net\/aprendizajeautonomo\/wp-content\/uploads\/sites\/7\/2016\/02\/jerezpurarealidad-11-200x300.jpg 200w\" sizes=\"auto, (max-width: 640px) 100vw, 640px\" itemprop=\"image\" \/><\/a>\n\t\t\t<\/div><\/figure><figure class='gallery-item'>\n\t\t\t<div class='gallery-icon portrait'>\n\t\t\t\t<a href='https:\/\/sitesize.net\/aprendizajeautonomo\/mujeres-zona-sur\/jerez-pura-realidad\/jerezpurarealidad-10\/'><img loading=\"lazy\" decoding=\"async\" width=\"640\" height=\"960\" src=\"https:\/\/sitesize.net\/aprendizajeautonomo\/wp-content\/uploads\/sites\/7\/2016\/02\/jerezpurarealidad-10.jpg\" class=\"attachment-large size-large\" alt=\"\" srcset=\"https:\/\/sitesize.net\/aprendizajeautonomo\/wp-content\/uploads\/sites\/7\/2016\/02\/jerezpurarealidad-10.jpg 640w, https:\/\/sitesize.net\/aprendizajeautonomo\/wp-content\/uploads\/sites\/7\/2016\/02\/jerezpurarealidad-10-200x300.jpg 200w\" sizes=\"auto, (max-width: 640px) 100vw, 640px\" itemprop=\"image\" \/><\/a>\n\t\t\t<\/div><\/figure><figure class='gallery-item'>\n\t\t\t<div class='gallery-icon portrait'>\n\t\t\t\t<a href='https:\/\/sitesize.net\/aprendizajeautonomo\/mujeres-zona-sur\/jerez-pura-realidad\/jerezpurarealidad-9\/'><img loading=\"lazy\" decoding=\"async\" width=\"640\" height=\"960\" src=\"https:\/\/sitesize.net\/aprendizajeautonomo\/wp-content\/uploads\/sites\/7\/2016\/02\/jerezpurarealidad-9.jpg\" class=\"attachment-large size-large\" alt=\"\" srcset=\"https:\/\/sitesize.net\/aprendizajeautonomo\/wp-content\/uploads\/sites\/7\/2016\/02\/jerezpurarealidad-9.jpg 640w, https:\/\/sitesize.net\/aprendizajeautonomo\/wp-content\/uploads\/sites\/7\/2016\/02\/jerezpurarealidad-9-200x300.jpg 200w\" sizes=\"auto, (max-width: 640px) 100vw, 640px\" itemprop=\"image\" \/><\/a>\n\t\t\t<\/div><\/figure><figure class='gallery-item'>\n\t\t\t<div class='gallery-icon portrait'>\n\t\t\t\t<a href='https:\/\/sitesize.net\/aprendizajeautonomo\/mujeres-zona-sur\/jerez-pura-realidad\/jerezpurarealidad-8\/'><img loading=\"lazy\" decoding=\"async\" width=\"640\" height=\"960\" src=\"https:\/\/sitesize.net\/aprendizajeautonomo\/wp-content\/uploads\/sites\/7\/2016\/02\/jerezpurarealidad-8.jpg\" class=\"attachment-large size-large\" alt=\"\" srcset=\"https:\/\/sitesize.net\/aprendizajeautonomo\/wp-content\/uploads\/sites\/7\/2016\/02\/jerezpurarealidad-8.jpg 640w, https:\/\/sitesize.net\/aprendizajeautonomo\/wp-content\/uploads\/sites\/7\/2016\/02\/jerezpurarealidad-8-200x300.jpg 200w\" sizes=\"auto, (max-width: 640px) 100vw, 640px\" itemprop=\"image\" \/><\/a>\n\t\t\t<\/div><\/figure><figure class='gallery-item'>\n\t\t\t<div class='gallery-icon portrait'>\n\t\t\t\t<a href='https:\/\/sitesize.net\/aprendizajeautonomo\/mujeres-zona-sur\/jerez-pura-realidad\/jerezpurarealidad-7\/'><img loading=\"lazy\" decoding=\"async\" width=\"640\" height=\"960\" src=\"https:\/\/sitesize.net\/aprendizajeautonomo\/wp-content\/uploads\/sites\/7\/2016\/02\/jerezpurarealidad-7.jpg\" class=\"attachment-large size-large\" alt=\"\" srcset=\"https:\/\/sitesize.net\/aprendizajeautonomo\/wp-content\/uploads\/sites\/7\/2016\/02\/jerezpurarealidad-7.jpg 640w, https:\/\/sitesize.net\/aprendizajeautonomo\/wp-content\/uploads\/sites\/7\/2016\/02\/jerezpurarealidad-7-200x300.jpg 200w\" sizes=\"auto, (max-width: 640px) 100vw, 640px\" itemprop=\"image\" \/><\/a>\n\t\t\t<\/div><\/figure><figure class='gallery-item'>\n\t\t\t<div class='gallery-icon portrait'>\n\t\t\t\t<a href='https:\/\/sitesize.net\/aprendizajeautonomo\/mujeres-zona-sur\/jerez-pura-realidad\/jerezpurarealidad-6\/'><img loading=\"lazy\" decoding=\"async\" width=\"640\" height=\"960\" src=\"https:\/\/sitesize.net\/aprendizajeautonomo\/wp-content\/uploads\/sites\/7\/2016\/02\/jerezpurarealidad-6.jpg\" class=\"attachment-large size-large\" alt=\"\" srcset=\"https:\/\/sitesize.net\/aprendizajeautonomo\/wp-content\/uploads\/sites\/7\/2016\/02\/jerezpurarealidad-6.jpg 640w, https:\/\/sitesize.net\/aprendizajeautonomo\/wp-content\/uploads\/sites\/7\/2016\/02\/jerezpurarealidad-6-200x300.jpg 200w\" sizes=\"auto, (max-width: 640px) 100vw, 640px\" itemprop=\"image\" \/><\/a>\n\t\t\t<\/div><\/figure><figure class='gallery-item'>\n\t\t\t<div class='gallery-icon portrait'>\n\t\t\t\t<a href='https:\/\/sitesize.net\/aprendizajeautonomo\/mujeres-zona-sur\/jerez-pura-realidad\/jerezpurarealidad-5\/'><img loading=\"lazy\" decoding=\"async\" width=\"640\" height=\"960\" src=\"https:\/\/sitesize.net\/aprendizajeautonomo\/wp-content\/uploads\/sites\/7\/2016\/02\/jerezpurarealidad-5.jpg\" class=\"attachment-large size-large\" alt=\"\" srcset=\"https:\/\/sitesize.net\/aprendizajeautonomo\/wp-content\/uploads\/sites\/7\/2016\/02\/jerezpurarealidad-5.jpg 640w, https:\/\/sitesize.net\/aprendizajeautonomo\/wp-content\/uploads\/sites\/7\/2016\/02\/jerezpurarealidad-5-200x300.jpg 200w\" sizes=\"auto, (max-width: 640px) 100vw, 640px\" itemprop=\"image\" \/><\/a>\n\t\t\t<\/div><\/figure><figure class='gallery-item'>\n\t\t\t<div class='gallery-icon portrait'>\n\t\t\t\t<a href='https:\/\/sitesize.net\/aprendizajeautonomo\/mujeres-zona-sur\/jerez-pura-realidad\/jerezpurarealidad-4\/'><img loading=\"lazy\" decoding=\"async\" width=\"640\" height=\"960\" src=\"https:\/\/sitesize.net\/aprendizajeautonomo\/wp-content\/uploads\/sites\/7\/2016\/02\/jerezpurarealidad-4.jpg\" class=\"attachment-large size-large\" alt=\"\" srcset=\"https:\/\/sitesize.net\/aprendizajeautonomo\/wp-content\/uploads\/sites\/7\/2016\/02\/jerezpurarealidad-4.jpg 640w, https:\/\/sitesize.net\/aprendizajeautonomo\/wp-content\/uploads\/sites\/7\/2016\/02\/jerezpurarealidad-4-200x300.jpg 200w\" sizes=\"auto, (max-width: 640px) 100vw, 640px\" itemprop=\"image\" \/><\/a>\n\t\t\t<\/div><\/figure><figure class='gallery-item'>\n\t\t\t<div class='gallery-icon portrait'>\n\t\t\t\t<a href='https:\/\/sitesize.net\/aprendizajeautonomo\/mujeres-zona-sur\/jerez-pura-realidad\/jerezpurarealidad-3\/'><img loading=\"lazy\" decoding=\"async\" width=\"640\" height=\"960\" src=\"https:\/\/sitesize.net\/aprendizajeautonomo\/wp-content\/uploads\/sites\/7\/2016\/02\/jerezpurarealidad-3.jpg\" class=\"attachment-large size-large\" alt=\"\" srcset=\"https:\/\/sitesize.net\/aprendizajeautonomo\/wp-content\/uploads\/sites\/7\/2016\/02\/jerezpurarealidad-3.jpg 640w, https:\/\/sitesize.net\/aprendizajeautonomo\/wp-content\/uploads\/sites\/7\/2016\/02\/jerezpurarealidad-3-200x300.jpg 200w\" sizes=\"auto, (max-width: 640px) 100vw, 640px\" itemprop=\"image\" \/><\/a>\n\t\t\t<\/div><\/figure><figure class='gallery-item'>\n\t\t\t<div class='gallery-icon portrait'>\n\t\t\t\t<a href='https:\/\/sitesize.net\/aprendizajeautonomo\/mujeres-zona-sur\/jerez-pura-realidad\/jerezpurarealidad-2\/'><img loading=\"lazy\" decoding=\"async\" width=\"640\" height=\"960\" src=\"https:\/\/sitesize.net\/aprendizajeautonomo\/wp-content\/uploads\/sites\/7\/2016\/02\/jerezpurarealidad-2.jpg\" class=\"attachment-large size-large\" alt=\"\" srcset=\"https:\/\/sitesize.net\/aprendizajeautonomo\/wp-content\/uploads\/sites\/7\/2016\/02\/jerezpurarealidad-2.jpg 640w, https:\/\/sitesize.net\/aprendizajeautonomo\/wp-content\/uploads\/sites\/7\/2016\/02\/jerezpurarealidad-2-200x300.jpg 200w\" sizes=\"auto, (max-width: 640px) 100vw, 640px\" itemprop=\"image\" \/><\/a>\n\t\t\t<\/div><\/figure><figure class='gallery-item'>\n\t\t\t<div class='gallery-icon portrait'>\n\t\t\t\t<a href='https:\/\/sitesize.net\/aprendizajeautonomo\/mujeres-zona-sur\/jerez-pura-realidad\/jerezpurarealidad-1\/'><img loading=\"lazy\" decoding=\"async\" width=\"640\" height=\"960\" src=\"https:\/\/sitesize.net\/aprendizajeautonomo\/wp-content\/uploads\/sites\/7\/2016\/02\/jerezpurarealidad-1.jpg\" class=\"attachment-large size-large\" alt=\"\" srcset=\"https:\/\/sitesize.net\/aprendizajeautonomo\/wp-content\/uploads\/sites\/7\/2016\/02\/jerezpurarealidad-1.jpg 640w, https:\/\/sitesize.net\/aprendizajeautonomo\/wp-content\/uploads\/sites\/7\/2016\/02\/jerezpurarealidad-1-200x300.jpg 200w\" sizes=\"auto, (max-width: 640px) 100vw, 640px\" itemprop=\"image\" \/><\/a>\n\t\t\t<\/div><\/figure>\n\t\t<\/div>\n\n<p>&nbsp;<\/p>\n<p>&nbsp;<\/p>\n<p>&nbsp;<\/p>\n<p><iframe loading=\"lazy\" width=\"869\" height=\"400\" scrolling=\"no\" frameborder=\"no\" src=\"https:\/\/w.soundcloud.com\/player\/?visual=true&#038;url=http%3A%2F%2Fapi.soundcloud.com%2Ftracks%2F288813984&#038;show_artwork=true&#038;maxwidth=869&#038;maxheight=1000\"><\/iframe><\/p>\n<p>http:\/\/invisiblesdetetuan.org<\/p>\n<p>&nbsp;<\/p>\n<p>&nbsp;<\/p>\n<p>&nbsp;<\/p>\n<p>&nbsp;<\/p>\n<p>&nbsp;<\/p>\n<p>&nbsp;<\/p>\n<p>&nbsp;<\/p>\n<p>&nbsp;<\/p>\n<p>&nbsp;<\/p>\n<p>&nbsp;<\/p>\n<p>&nbsp;<\/p>\n<p>&nbsp;<\/p>\n","protected":false},"excerpt":{"rendered":"<p>La invisibilidad de las mujeres es una caracter\u00edstica que comparten las mujeres de Torresoto con otras iniciativas, como el caso de las Invisibles de Tetu\u00e1n en Madrid, surgidas a partir del intento del ayuntamiento de cerrar el Banco de Alimentos de la Asamblea del 15M de Tetu\u00e1n. En diciembre de 2014 tuvimos ocasi\u00f3n de conversar&hellip;<\/p>\n","protected":false},"author":1,"featured_media":0,"parent":8,"menu_order":3,"comment_status":"closed","ping_status":"closed","template":"","meta":{"footnotes":""},"class_list":["post-123","page","type-page","status-publish","hentry","no-post-thumbnail","post-grid-4-col","entry"],"yoast_head":"<!-- This site is optimized with the Yoast SEO plugin v27.1.1 - https:\/\/yoast.com\/product\/yoast-seo-wordpress\/ -->\n<title>&quot;Jerez pura realidad&quot; - Aprendizaje aut\u00f3nomo<\/title>\n<meta name=\"robots\" content=\"index, follow, max-snippet:-1, max-image-preview:large, max-video-preview:-1\" \/>\n<link rel=\"canonical\" href=\"https:\/\/sitesize.net\/aprendizajeautonomo\/mujeres-zona-sur\/jerez-pura-realidad\/\" \/>\n<meta property=\"og:locale\" content=\"es_ES\" \/>\n<meta property=\"og:type\" content=\"article\" \/>\n<meta property=\"og:title\" content=\"&quot;Jerez pura realidad&quot; - Aprendizaje aut\u00f3nomo\" \/>\n<meta property=\"og:description\" content=\"La invisibilidad de las mujeres es una caracter\u00edstica que comparten las mujeres de Torresoto con otras iniciativas, como el caso de las Invisibles de Tetu\u00e1n en Madrid, surgidas a partir del intento del ayuntamiento de cerrar el Banco de Alimentos de la Asamblea del 15M de Tetu\u00e1n. En diciembre de 2014 tuvimos ocasi\u00f3n de conversar&hellip;\" \/>\n<meta property=\"og:url\" content=\"https:\/\/sitesize.net\/aprendizajeautonomo\/mujeres-zona-sur\/jerez-pura-realidad\/\" \/>\n<meta property=\"og:site_name\" content=\"Aprendizaje aut\u00f3nomo\" \/>\n<meta property=\"article:modified_time\" content=\"2016-10-18T13:52:01+00:00\" \/>\n<meta property=\"og:image\" content=\"https:\/\/sitesize.net\/aprendizajeautonomo\/wp-content\/uploads\/sites\/7\/2016\/02\/jerezpurarealidad-12.jpg\" \/>\n<meta name=\"twitter:card\" content=\"summary_large_image\" \/>\n<meta name=\"twitter:label1\" content=\"Est. reading time\" \/>\n\t<meta name=\"twitter:data1\" content=\"2 minutos\" \/>\n<script type=\"application\/ld+json\" class=\"yoast-schema-graph\">{\"@context\":\"https:\/\/schema.org\",\"@graph\":[{\"@type\":\"WebPage\",\"@id\":\"https:\/\/sitesize.net\/aprendizajeautonomo\/mujeres-zona-sur\/jerez-pura-realidad\/\",\"url\":\"https:\/\/sitesize.net\/aprendizajeautonomo\/mujeres-zona-sur\/jerez-pura-realidad\/\",\"name\":\"\\\"Jerez pura realidad\\\" - Aprendizaje aut\u00f3nomo\",\"isPartOf\":{\"@id\":\"https:\/\/sitesize.net\/aprendizajeautonomo\/#website\"},\"datePublished\":\"2016-02-19T12:24:11+00:00\",\"dateModified\":\"2016-10-18T13:52:01+00:00\",\"breadcrumb\":{\"@id\":\"https:\/\/sitesize.net\/aprendizajeautonomo\/mujeres-zona-sur\/jerez-pura-realidad\/#breadcrumb\"},\"inLanguage\":\"es\",\"potentialAction\":[{\"@type\":\"ReadAction\",\"target\":[\"https:\/\/sitesize.net\/aprendizajeautonomo\/mujeres-zona-sur\/jerez-pura-realidad\/\"]}]},{\"@type\":\"BreadcrumbList\",\"@id\":\"https:\/\/sitesize.net\/aprendizajeautonomo\/mujeres-zona-sur\/jerez-pura-realidad\/#breadcrumb\",\"itemListElement\":[{\"@type\":\"ListItem\",\"position\":1,\"name\":\"Home\",\"item\":\"https:\/\/sitesize.net\/aprendizajeautonomo\/\"},{\"@type\":\"ListItem\",\"position\":2,\"name\":\"Mujeres Zona Sur\",\"item\":\"https:\/\/sitesize.net\/aprendizajeautonomo\/mujeres-zona-sur\/\"},{\"@type\":\"ListItem\",\"position\":3,\"name\":\"\u00abJerez pura realidad\u00bb\"}]},{\"@type\":\"WebSite\",\"@id\":\"https:\/\/sitesize.net\/aprendizajeautonomo\/#website\",\"url\":\"https:\/\/sitesize.net\/aprendizajeautonomo\/\",\"name\":\"Aprendizaje aut\u00f3nomo\",\"description\":\"comunidades e itinerarios en el marco de la creaci\u00f3n contempor\u00e1nea\",\"potentialAction\":[{\"@type\":\"SearchAction\",\"target\":{\"@type\":\"EntryPoint\",\"urlTemplate\":\"https:\/\/sitesize.net\/aprendizajeautonomo\/?s={search_term_string}\"},\"query-input\":{\"@type\":\"PropertyValueSpecification\",\"valueRequired\":true,\"valueName\":\"search_term_string\"}}],\"inLanguage\":\"es\"}]}<\/script>\n<!-- \/ Yoast SEO plugin. -->","yoast_head_json":{"title":"\"Jerez pura realidad\" - Aprendizaje aut\u00f3nomo","robots":{"index":"index","follow":"follow","max-snippet":"max-snippet:-1","max-image-preview":"max-image-preview:large","max-video-preview":"max-video-preview:-1"},"canonical":"https:\/\/sitesize.net\/aprendizajeautonomo\/mujeres-zona-sur\/jerez-pura-realidad\/","og_locale":"es_ES","og_type":"article","og_title":"\"Jerez pura realidad\" - Aprendizaje aut\u00f3nomo","og_description":"La invisibilidad de las mujeres es una caracter\u00edstica que comparten las mujeres de Torresoto con otras iniciativas, como el caso de las Invisibles de Tetu\u00e1n en Madrid, surgidas a partir del intento del ayuntamiento de cerrar el Banco de Alimentos de la Asamblea del 15M de Tetu\u00e1n. En diciembre de 2014 tuvimos ocasi\u00f3n de conversar&hellip;","og_url":"https:\/\/sitesize.net\/aprendizajeautonomo\/mujeres-zona-sur\/jerez-pura-realidad\/","og_site_name":"Aprendizaje aut\u00f3nomo","article_modified_time":"2016-10-18T13:52:01+00:00","og_image":[{"url":"https:\/\/sitesize.net\/aprendizajeautonomo\/wp-content\/uploads\/sites\/7\/2016\/02\/jerezpurarealidad-12.jpg","type":"","width":"","height":""}],"twitter_card":"summary_large_image","twitter_misc":{"Est. reading time":"2 minutos"},"schema":{"@context":"https:\/\/schema.org","@graph":[{"@type":"WebPage","@id":"https:\/\/sitesize.net\/aprendizajeautonomo\/mujeres-zona-sur\/jerez-pura-realidad\/","url":"https:\/\/sitesize.net\/aprendizajeautonomo\/mujeres-zona-sur\/jerez-pura-realidad\/","name":"\"Jerez pura realidad\" - Aprendizaje aut\u00f3nomo","isPartOf":{"@id":"https:\/\/sitesize.net\/aprendizajeautonomo\/#website"},"datePublished":"2016-02-19T12:24:11+00:00","dateModified":"2016-10-18T13:52:01+00:00","breadcrumb":{"@id":"https:\/\/sitesize.net\/aprendizajeautonomo\/mujeres-zona-sur\/jerez-pura-realidad\/#breadcrumb"},"inLanguage":"es","potentialAction":[{"@type":"ReadAction","target":["https:\/\/sitesize.net\/aprendizajeautonomo\/mujeres-zona-sur\/jerez-pura-realidad\/"]}]},{"@type":"BreadcrumbList","@id":"https:\/\/sitesize.net\/aprendizajeautonomo\/mujeres-zona-sur\/jerez-pura-realidad\/#breadcrumb","itemListElement":[{"@type":"ListItem","position":1,"name":"Home","item":"https:\/\/sitesize.net\/aprendizajeautonomo\/"},{"@type":"ListItem","position":2,"name":"Mujeres Zona Sur","item":"https:\/\/sitesize.net\/aprendizajeautonomo\/mujeres-zona-sur\/"},{"@type":"ListItem","position":3,"name":"\u00abJerez pura realidad\u00bb"}]},{"@type":"WebSite","@id":"https:\/\/sitesize.net\/aprendizajeautonomo\/#website","url":"https:\/\/sitesize.net\/aprendizajeautonomo\/","name":"Aprendizaje aut\u00f3nomo","description":"comunidades e itinerarios en el marco de la creaci\u00f3n contempor\u00e1nea","potentialAction":[{"@type":"SearchAction","target":{"@type":"EntryPoint","urlTemplate":"https:\/\/sitesize.net\/aprendizajeautonomo\/?s={search_term_string}"},"query-input":{"@type":"PropertyValueSpecification","valueRequired":true,"valueName":"search_term_string"}}],"inLanguage":"es"}]}},"_links":{"self":[{"href":"https:\/\/sitesize.net\/aprendizajeautonomo\/wp-json\/wp\/v2\/pages\/123","targetHints":{"allow":["GET"]}}],"collection":[{"href":"https:\/\/sitesize.net\/aprendizajeautonomo\/wp-json\/wp\/v2\/pages"}],"about":[{"href":"https:\/\/sitesize.net\/aprendizajeautonomo\/wp-json\/wp\/v2\/types\/page"}],"author":[{"embeddable":true,"href":"https:\/\/sitesize.net\/aprendizajeautonomo\/wp-json\/wp\/v2\/users\/1"}],"replies":[{"embeddable":true,"href":"https:\/\/sitesize.net\/aprendizajeautonomo\/wp-json\/wp\/v2\/comments?post=123"}],"version-history":[{"count":18,"href":"https:\/\/sitesize.net\/aprendizajeautonomo\/wp-json\/wp\/v2\/pages\/123\/revisions"}],"predecessor-version":[{"id":426,"href":"https:\/\/sitesize.net\/aprendizajeautonomo\/wp-json\/wp\/v2\/pages\/123\/revisions\/426"}],"up":[{"embeddable":true,"href":"https:\/\/sitesize.net\/aprendizajeautonomo\/wp-json\/wp\/v2\/pages\/8"}],"wp:attachment":[{"href":"https:\/\/sitesize.net\/aprendizajeautonomo\/wp-json\/wp\/v2\/media?parent=123"}],"curies":[{"name":"wp","href":"https:\/\/api.w.org\/{rel}","templated":true}]}}