{"id":150,"date":"2016-02-19T12:50:24","date_gmt":"2016-02-19T12:50:24","guid":{"rendered":"https:\/\/sitesize.net\/aprendizajeautonomo\/?page_id=150"},"modified":"2016-10-23T20:40:28","modified_gmt":"2016-10-23T20:40:28","slug":"encuentro-de-primavera","status":"publish","type":"page","link":"https:\/\/sitesize.net\/aprendizajeautonomo\/arrelats\/encuentro-de-primavera\/","title":{"rendered":"Aprendizaje de lo inesperado"},"content":{"rendered":"<p>&nbsp;<\/p>\n<figure id=\"attachment_569\" aria-describedby=\"caption-attachment-569\" style=\"width: 700px\" class=\"wp-caption alignnone\"><a href=\"https:\/\/sitesize.net\/aprendizajeautonomo\/wp-content\/uploads\/sites\/7\/2016\/02\/Arrelats-9.jpg\"><img loading=\"lazy\" decoding=\"async\" class=\"size-full wp-image-569\" src=\"https:\/\/sitesize.net\/aprendizajeautonomo\/wp-content\/uploads\/sites\/7\/2016\/02\/Arrelats-9.jpg\" alt=\"Jard\u00ed de l'Amistat. plantaci\u00f3n de almendros 2015\" width=\"700\" height=\"525\" srcset=\"https:\/\/sitesize.net\/aprendizajeautonomo\/wp-content\/uploads\/sites\/7\/2016\/02\/Arrelats-9.jpg 700w, https:\/\/sitesize.net\/aprendizajeautonomo\/wp-content\/uploads\/sites\/7\/2016\/02\/Arrelats-9-300x225.jpg 300w\" sizes=\"auto, (max-width: 700px) 100vw, 700px\" \/><\/a><figcaption id=\"caption-attachment-569\" class=\"wp-caption-text\">Jard\u00ed de l&#8217;Amistat. plantaci\u00f3n de almendros 2015<\/figcaption><\/figure>\n<p>La definici\u00f3n del aprendizaje que vinculamos a la recuperaci\u00f3n del Jard\u00ed de l&#8217;Amistat, no es ni ha sido un proceso predeterminado objeto de un an\u00e1lisis previo, ni un resultado cerrado de antemano.<br \/>\nEl enlace de los distintos encuentros, actividades, acciones que se han dado durante varios a\u00f1os, dibujan un entramado de relatos superpuestos, que nos permiten entender todo este proceso como una vivencia m\u00faltiple, compartida y abierta. Proponemos hacer su descripci\u00f3n superponiendo tambi\u00e9n distintas capas de relatos distribuidas en ejes que se van enlazando y complementando.<\/p>\n<p>A- Situaciones que generan descubrimientos. Aprendizajes de lo inesperado. Convocatoria de coincidencias.<\/p>\n<p>&nbsp;<\/p>\n<p>&nbsp;<\/p>\n","protected":false},"excerpt":{"rendered":"<p>&nbsp; La definici\u00f3n del aprendizaje que vinculamos a la recuperaci\u00f3n del Jard\u00ed de l&#8217;Amistat, no es ni ha sido un proceso predeterminado objeto de un an\u00e1lisis previo, ni un resultado cerrado de antemano. El enlace de los distintos encuentros, actividades, acciones que se han dado durante varios a\u00f1os, dibujan un entramado de relatos superpuestos, que&hellip;<\/p>\n","protected":false},"author":1,"featured_media":0,"parent":12,"menu_order":2,"comment_status":"closed","ping_status":"closed","template":"","meta":{"footnotes":""},"class_list":["post-150","page","type-page","status-publish","hentry","no-post-thumbnail","post-grid-4-col","entry"],"yoast_head":"<!-- This site is optimized with the Yoast SEO plugin v27.1.1 - https:\/\/yoast.com\/product\/yoast-seo-wordpress\/ -->\n<title>Aprendizaje de lo inesperado - Aprendizaje aut\u00f3nomo<\/title>\n<meta name=\"robots\" content=\"index, follow, max-snippet:-1, max-image-preview:large, max-video-preview:-1\" \/>\n<link rel=\"canonical\" href=\"https:\/\/sitesize.net\/aprendizajeautonomo\/arrelats\/encuentro-de-primavera\/\" \/>\n<meta property=\"og:locale\" content=\"es_ES\" \/>\n<meta property=\"og:type\" content=\"article\" \/>\n<meta property=\"og:title\" content=\"Aprendizaje de lo inesperado - Aprendizaje aut\u00f3nomo\" \/>\n<meta property=\"og:description\" content=\"&nbsp; La definici\u00f3n del aprendizaje que vinculamos a la recuperaci\u00f3n del Jard\u00ed de l&#8217;Amistat, no es ni ha sido un proceso predeterminado objeto de un an\u00e1lisis previo, ni un resultado cerrado de antemano. El enlace de los distintos encuentros, actividades, acciones que se han dado durante varios a\u00f1os, dibujan un entramado de relatos superpuestos, que&hellip;\" \/>\n<meta property=\"og:url\" content=\"https:\/\/sitesize.net\/aprendizajeautonomo\/arrelats\/encuentro-de-primavera\/\" \/>\n<meta property=\"og:site_name\" content=\"Aprendizaje aut\u00f3nomo\" \/>\n<meta property=\"article:modified_time\" content=\"2016-10-23T20:40:28+00:00\" \/>\n<meta property=\"og:image\" content=\"https:\/\/sitesize.net\/aprendizajeautonomo\/wp-content\/uploads\/sites\/7\/2016\/02\/Arrelats-9.jpg\" \/>\n<meta name=\"twitter:card\" content=\"summary_large_image\" \/>\n<meta name=\"twitter:label1\" content=\"Est. reading time\" \/>\n\t<meta name=\"twitter:data1\" content=\"1 minuto\" \/>\n<script type=\"application\/ld+json\" class=\"yoast-schema-graph\">{\"@context\":\"https:\/\/schema.org\",\"@graph\":[{\"@type\":\"WebPage\",\"@id\":\"https:\/\/sitesize.net\/aprendizajeautonomo\/arrelats\/encuentro-de-primavera\/\",\"url\":\"https:\/\/sitesize.net\/aprendizajeautonomo\/arrelats\/encuentro-de-primavera\/\",\"name\":\"Aprendizaje de lo inesperado - Aprendizaje aut\u00f3nomo\",\"isPartOf\":{\"@id\":\"https:\/\/sitesize.net\/aprendizajeautonomo\/#website\"},\"primaryImageOfPage\":{\"@id\":\"https:\/\/sitesize.net\/aprendizajeautonomo\/arrelats\/encuentro-de-primavera\/#primaryimage\"},\"image\":{\"@id\":\"https:\/\/sitesize.net\/aprendizajeautonomo\/arrelats\/encuentro-de-primavera\/#primaryimage\"},\"thumbnailUrl\":\"https:\/\/sitesize.net\/aprendizajeautonomo\/wp-content\/uploads\/sites\/7\/2016\/02\/Arrelats-9.jpg\",\"datePublished\":\"2016-02-19T12:50:24+00:00\",\"dateModified\":\"2016-10-23T20:40:28+00:00\",\"breadcrumb\":{\"@id\":\"https:\/\/sitesize.net\/aprendizajeautonomo\/arrelats\/encuentro-de-primavera\/#breadcrumb\"},\"inLanguage\":\"es\",\"potentialAction\":[{\"@type\":\"ReadAction\",\"target\":[\"https:\/\/sitesize.net\/aprendizajeautonomo\/arrelats\/encuentro-de-primavera\/\"]}]},{\"@type\":\"ImageObject\",\"inLanguage\":\"es\",\"@id\":\"https:\/\/sitesize.net\/aprendizajeautonomo\/arrelats\/encuentro-de-primavera\/#primaryimage\",\"url\":\"https:\/\/sitesize.net\/aprendizajeautonomo\/wp-content\/uploads\/sites\/7\/2016\/02\/Arrelats-9.jpg\",\"contentUrl\":\"https:\/\/sitesize.net\/aprendizajeautonomo\/wp-content\/uploads\/sites\/7\/2016\/02\/Arrelats-9.jpg\",\"width\":700,\"height\":525,\"caption\":\"Jard\u00ed de l'Amistat. plantaci\u00f3n de almendros 2015\"},{\"@type\":\"BreadcrumbList\",\"@id\":\"https:\/\/sitesize.net\/aprendizajeautonomo\/arrelats\/encuentro-de-primavera\/#breadcrumb\",\"itemListElement\":[{\"@type\":\"ListItem\",\"position\":1,\"name\":\"Home\",\"item\":\"https:\/\/sitesize.net\/aprendizajeautonomo\/\"},{\"@type\":\"ListItem\",\"position\":2,\"name\":\"Arrelats\",\"item\":\"https:\/\/sitesize.net\/aprendizajeautonomo\/arrelats\/\"},{\"@type\":\"ListItem\",\"position\":3,\"name\":\"Aprendizaje de lo inesperado\"}]},{\"@type\":\"WebSite\",\"@id\":\"https:\/\/sitesize.net\/aprendizajeautonomo\/#website\",\"url\":\"https:\/\/sitesize.net\/aprendizajeautonomo\/\",\"name\":\"Aprendizaje aut\u00f3nomo\",\"description\":\"comunidades e itinerarios en el marco de la creaci\u00f3n contempor\u00e1nea\",\"potentialAction\":[{\"@type\":\"SearchAction\",\"target\":{\"@type\":\"EntryPoint\",\"urlTemplate\":\"https:\/\/sitesize.net\/aprendizajeautonomo\/?s={search_term_string}\"},\"query-input\":{\"@type\":\"PropertyValueSpecification\",\"valueRequired\":true,\"valueName\":\"search_term_string\"}}],\"inLanguage\":\"es\"}]}<\/script>\n<!-- \/ Yoast SEO plugin. -->","yoast_head_json":{"title":"Aprendizaje de lo inesperado - Aprendizaje aut\u00f3nomo","robots":{"index":"index","follow":"follow","max-snippet":"max-snippet:-1","max-image-preview":"max-image-preview:large","max-video-preview":"max-video-preview:-1"},"canonical":"https:\/\/sitesize.net\/aprendizajeautonomo\/arrelats\/encuentro-de-primavera\/","og_locale":"es_ES","og_type":"article","og_title":"Aprendizaje de lo inesperado - Aprendizaje aut\u00f3nomo","og_description":"&nbsp; La definici\u00f3n del aprendizaje que vinculamos a la recuperaci\u00f3n del Jard\u00ed de l&#8217;Amistat, no es ni ha sido un proceso predeterminado objeto de un an\u00e1lisis previo, ni un resultado cerrado de antemano. El enlace de los distintos encuentros, actividades, acciones que se han dado durante varios a\u00f1os, dibujan un entramado de relatos superpuestos, que&hellip;","og_url":"https:\/\/sitesize.net\/aprendizajeautonomo\/arrelats\/encuentro-de-primavera\/","og_site_name":"Aprendizaje aut\u00f3nomo","article_modified_time":"2016-10-23T20:40:28+00:00","og_image":[{"url":"https:\/\/sitesize.net\/aprendizajeautonomo\/wp-content\/uploads\/sites\/7\/2016\/02\/Arrelats-9.jpg","type":"","width":"","height":""}],"twitter_card":"summary_large_image","twitter_misc":{"Est. reading time":"1 minuto"},"schema":{"@context":"https:\/\/schema.org","@graph":[{"@type":"WebPage","@id":"https:\/\/sitesize.net\/aprendizajeautonomo\/arrelats\/encuentro-de-primavera\/","url":"https:\/\/sitesize.net\/aprendizajeautonomo\/arrelats\/encuentro-de-primavera\/","name":"Aprendizaje de lo inesperado - Aprendizaje aut\u00f3nomo","isPartOf":{"@id":"https:\/\/sitesize.net\/aprendizajeautonomo\/#website"},"primaryImageOfPage":{"@id":"https:\/\/sitesize.net\/aprendizajeautonomo\/arrelats\/encuentro-de-primavera\/#primaryimage"},"image":{"@id":"https:\/\/sitesize.net\/aprendizajeautonomo\/arrelats\/encuentro-de-primavera\/#primaryimage"},"thumbnailUrl":"https:\/\/sitesize.net\/aprendizajeautonomo\/wp-content\/uploads\/sites\/7\/2016\/02\/Arrelats-9.jpg","datePublished":"2016-02-19T12:50:24+00:00","dateModified":"2016-10-23T20:40:28+00:00","breadcrumb":{"@id":"https:\/\/sitesize.net\/aprendizajeautonomo\/arrelats\/encuentro-de-primavera\/#breadcrumb"},"inLanguage":"es","potentialAction":[{"@type":"ReadAction","target":["https:\/\/sitesize.net\/aprendizajeautonomo\/arrelats\/encuentro-de-primavera\/"]}]},{"@type":"ImageObject","inLanguage":"es","@id":"https:\/\/sitesize.net\/aprendizajeautonomo\/arrelats\/encuentro-de-primavera\/#primaryimage","url":"https:\/\/sitesize.net\/aprendizajeautonomo\/wp-content\/uploads\/sites\/7\/2016\/02\/Arrelats-9.jpg","contentUrl":"https:\/\/sitesize.net\/aprendizajeautonomo\/wp-content\/uploads\/sites\/7\/2016\/02\/Arrelats-9.jpg","width":700,"height":525,"caption":"Jard\u00ed de l'Amistat. plantaci\u00f3n de almendros 2015"},{"@type":"BreadcrumbList","@id":"https:\/\/sitesize.net\/aprendizajeautonomo\/arrelats\/encuentro-de-primavera\/#breadcrumb","itemListElement":[{"@type":"ListItem","position":1,"name":"Home","item":"https:\/\/sitesize.net\/aprendizajeautonomo\/"},{"@type":"ListItem","position":2,"name":"Arrelats","item":"https:\/\/sitesize.net\/aprendizajeautonomo\/arrelats\/"},{"@type":"ListItem","position":3,"name":"Aprendizaje de lo inesperado"}]},{"@type":"WebSite","@id":"https:\/\/sitesize.net\/aprendizajeautonomo\/#website","url":"https:\/\/sitesize.net\/aprendizajeautonomo\/","name":"Aprendizaje aut\u00f3nomo","description":"comunidades e itinerarios en el marco de la creaci\u00f3n contempor\u00e1nea","potentialAction":[{"@type":"SearchAction","target":{"@type":"EntryPoint","urlTemplate":"https:\/\/sitesize.net\/aprendizajeautonomo\/?s={search_term_string}"},"query-input":{"@type":"PropertyValueSpecification","valueRequired":true,"valueName":"search_term_string"}}],"inLanguage":"es"}]}},"_links":{"self":[{"href":"https:\/\/sitesize.net\/aprendizajeautonomo\/wp-json\/wp\/v2\/pages\/150","targetHints":{"allow":["GET"]}}],"collection":[{"href":"https:\/\/sitesize.net\/aprendizajeautonomo\/wp-json\/wp\/v2\/pages"}],"about":[{"href":"https:\/\/sitesize.net\/aprendizajeautonomo\/wp-json\/wp\/v2\/types\/page"}],"author":[{"embeddable":true,"href":"https:\/\/sitesize.net\/aprendizajeautonomo\/wp-json\/wp\/v2\/users\/1"}],"replies":[{"embeddable":true,"href":"https:\/\/sitesize.net\/aprendizajeautonomo\/wp-json\/wp\/v2\/comments?post=150"}],"version-history":[{"count":9,"href":"https:\/\/sitesize.net\/aprendizajeautonomo\/wp-json\/wp\/v2\/pages\/150\/revisions"}],"predecessor-version":[{"id":570,"href":"https:\/\/sitesize.net\/aprendizajeautonomo\/wp-json\/wp\/v2\/pages\/150\/revisions\/570"}],"up":[{"embeddable":true,"href":"https:\/\/sitesize.net\/aprendizajeautonomo\/wp-json\/wp\/v2\/pages\/12"}],"wp:attachment":[{"href":"https:\/\/sitesize.net\/aprendizajeautonomo\/wp-json\/wp\/v2\/media?parent=150"}],"curies":[{"name":"wp","href":"https:\/\/api.w.org\/{rel}","templated":true}]}}