{"id":304,"date":"2016-05-13T11:31:46","date_gmt":"2016-05-13T11:31:46","guid":{"rendered":"https:\/\/sitesize.net\/aprendizajeautonomo\/?page_id=304"},"modified":"2016-10-24T17:02:19","modified_gmt":"2016-10-24T17:02:19","slug":"coro-dominguero","status":"publish","type":"page","link":"https:\/\/sitesize.net\/aprendizajeautonomo\/la-casa-grande-como-obra-de-arte\/encuesta-pumarejo\/coro-dominguero\/","title":{"rendered":"Coro Dominguero"},"content":{"rendered":"<figure id=\"attachment_618\" aria-describedby=\"caption-attachment-618\" style=\"width: 849px\" class=\"wp-caption alignnone\"><a href=\"https:\/\/sitesize.net\/aprendizajeautonomo\/wp-content\/uploads\/sites\/7\/2016\/05\/corodominguero.jpg\"><img loading=\"lazy\" decoding=\"async\" class=\"size-full wp-image-618\" src=\"https:\/\/sitesize.net\/aprendizajeautonomo\/wp-content\/uploads\/sites\/7\/2016\/05\/corodominguero.jpg\" alt=\"Coro Dominguero en el patio de la Casa Grande del Pumarejo. Imagen extra\u00edda del video: &quot;Lo hacemos nosotras&quot; (2013).\" width=\"849\" height=\"473\" srcset=\"https:\/\/sitesize.net\/aprendizajeautonomo\/wp-content\/uploads\/sites\/7\/2016\/05\/corodominguero.jpg 849w, https:\/\/sitesize.net\/aprendizajeautonomo\/wp-content\/uploads\/sites\/7\/2016\/05\/corodominguero-300x167.jpg 300w, https:\/\/sitesize.net\/aprendizajeautonomo\/wp-content\/uploads\/sites\/7\/2016\/05\/corodominguero-768x428.jpg 768w\" sizes=\"auto, (max-width: 849px) 100vw, 849px\" \/><\/a><figcaption id=\"caption-attachment-618\" class=\"wp-caption-text\">Coro Dominguero en el patio de la Casa Grande del Pumarejo. Imagen extra\u00edda del video: \u00abLo hacemos nosotras\u00bb (2013).<\/figcaption><\/figure>\n<p>&nbsp;<\/p>\n<p><strong><u>Encuesta sobre la Casa Grande del Pumarejo como lugar de creaci\u00f3n y aprendizaje comunitario<\/u><\/strong><\/p>\n<p><strong>\u00a0Bloque 1\/\/ Inicio \u2013 punto de partida<\/strong><\/p>\n<p><strong>1-\u00bfCuando y de qu\u00e9 modo lleg\u00e1is a la Casa Grande del Pumarejo?<br \/>\n<\/strong>El Coro Dominguero lleg\u00f3 al Centro Vecinal Pumarejo en septiembre 2008. Antes de eso ensay\u00e1bamos en casa de cada una de las integrantes, pero al aumentar el n\u00famero, decidimos irmos al Centro Vencinal porque hab\u00eda dos coristas que estaban implicadas en el mismo.<\/p>\n<p><strong>2-\u00bfCu\u00e1l fue la propuesta y cu\u00e1l fue su origen?<br \/>\n<\/strong>Un coro laico, anarquista y popular. El origen fue reunirnos para disfrutar del cante, en un proceso de aprendizaje colectivo.<\/p>\n<p><strong>Bloque 2\/\/ Creaci\u00f3n \u2013 proceso<\/strong><\/p>\n<p><strong>3-\u00bfC\u00f3mo fue el proceso de creaci\u00f3n y qui\u00e9n form\u00f3 parte de \u00e9l?<br \/>\n<\/strong>Es un proceso de creaci\u00f3n conjunta, no existe direcci\u00f3n; tomamos las decisiones de modo asambleario, dentro de las limitaciones de ese proceso. Paulatinamente se fueron sumando personas de forma individual, algunas de ellas involucradas en otros colectivos sociales de Sevilla.<\/p>\n<p><strong>4-\u00bfC\u00f3mo se desarroll\u00f3 y qu\u00e9 personas y colectivos se implicaron?<br \/>\n<\/strong>Nos reun\u00edamos y nos reunimos todos los domingos para ensayar en el centro Vecinal. Desde el principio fuimos participando y apoyando a otros colectivos en distintos eventos sociales-pol\u00edticos. As\u00ed mismo hemos participados en encuentros corales europeos de coros similares al nuestro.<\/p>\n<p><strong>5-\u00bfC\u00f3mo se financi\u00f3 y como se llev\u00f3 a cabo la producci\u00f3n del proyecto?<br \/>\n<\/strong>Con apartaciones individuales, recaudando en fiestas organizadas por nosotras y tambi\u00e9n hemos participado en un proyecto Grunding de la Uni\u00f3n Europea.<\/p>\n<p><strong>Bloque 3\/\/ Aprendizajes \u2013 diseminaci\u00f3n<\/strong><\/p>\n<p><strong>6-\u00bfQu\u00e9 aprendizajes y din\u00e1micas genera el conjunto de la propuesta en el contexto de la Casa?<br \/>\n<\/strong>Formamos parte de la asamblea de la Casa, eso implica la asistencia a las asambleas mensuales y participar en los turnos de limpieza.<\/p>\n<p><strong>7-\u00bfQu\u00e9 est\u00e1is aprendiendo de todo el proceso?<br \/>\n<\/strong>Este proceso nos est\u00e1 ayudando a funcionar desde lo colectivo y a generar otras redes a su vez, que son muy enriquecedoras.<\/p>\n<p><strong>8-\u00bfQu\u00e9 difusi\u00f3n y redes se generan con la propuesta?<br \/>\n<\/strong>Somos un recurso para muchos de los colectivos de la ciudad que nos llaman para que los apoyemos en sus actividades.<\/p>\n<p><strong>9-\u00bfA vuestro modo de ver qu\u00e9 retos plantea y c\u00f3mo veis el futuro de la Casa grande del Pumarejo?<br \/>\n<\/strong>Ser\u00eda estupendo que la Casa continuara con los usos actuales y m\u00e1s actividad.<\/p>\n<p><strong>Bloque 4\/\/ Otros aspectos del proyecto a destacar <\/strong><\/p>\n<p><strong>10- Temas y cuestiones de la propuesta que cabe a\u00f1adir<\/strong><\/p>\n<p>&nbsp;<\/p>\n<p><iframe loading=\"lazy\" width=\"869\" height=\"489\" src=\"https:\/\/www.youtube.com\/embed\/oWPzMx5HYqk?feature=oembed\" frameborder=\"0\" allowfullscreen><\/iframe><\/p>\n<p>Video musical grabado en la Casa Pumarejo en Sevilla por el Coro Dominguero,\u00a0 para la campa\u00f1a \u00abLO HACEMOS NOSOTRAS\u00bb. Este es el video para recaudar fondos para el proyecto de rehabilitaci\u00f3n del edificio.<\/p>\n","protected":false},"excerpt":{"rendered":"<p>&nbsp; Encuesta sobre la Casa Grande del Pumarejo como lugar de creaci\u00f3n y aprendizaje comunitario \u00a0Bloque 1\/\/ Inicio \u2013 punto de partida 1-\u00bfCuando y de qu\u00e9 modo lleg\u00e1is a la Casa Grande del Pumarejo? El Coro Dominguero lleg\u00f3 al Centro Vecinal Pumarejo en septiembre 2008. Antes de eso ensay\u00e1bamos en casa de cada una de&hellip;<\/p>\n","protected":false},"author":1,"featured_media":0,"parent":90,"menu_order":2,"comment_status":"closed","ping_status":"closed","template":"","meta":{"footnotes":""},"class_list":["post-304","page","type-page","status-publish","hentry","no-post-thumbnail","post-grid-4-col","entry"],"yoast_head":"<!-- This site is optimized with the Yoast SEO plugin v27.1.1 - https:\/\/yoast.com\/product\/yoast-seo-wordpress\/ -->\n<title>Coro Dominguero - Aprendizaje aut\u00f3nomo<\/title>\n<meta name=\"robots\" content=\"index, follow, max-snippet:-1, max-image-preview:large, max-video-preview:-1\" \/>\n<link rel=\"canonical\" href=\"https:\/\/sitesize.net\/aprendizajeautonomo\/la-casa-grande-como-obra-de-arte\/encuesta-pumarejo\/coro-dominguero\/\" \/>\n<meta property=\"og:locale\" content=\"es_ES\" \/>\n<meta property=\"og:type\" content=\"article\" \/>\n<meta property=\"og:title\" content=\"Coro Dominguero - Aprendizaje aut\u00f3nomo\" \/>\n<meta property=\"og:description\" content=\"&nbsp; Encuesta sobre la Casa Grande del Pumarejo como lugar de creaci\u00f3n y aprendizaje comunitario \u00a0Bloque 1\/\/ Inicio \u2013 punto de partida 1-\u00bfCuando y de qu\u00e9 modo lleg\u00e1is a la Casa Grande del Pumarejo? El Coro Dominguero lleg\u00f3 al Centro Vecinal Pumarejo en septiembre 2008. Antes de eso ensay\u00e1bamos en casa de cada una de&hellip;\" \/>\n<meta property=\"og:url\" content=\"https:\/\/sitesize.net\/aprendizajeautonomo\/la-casa-grande-como-obra-de-arte\/encuesta-pumarejo\/coro-dominguero\/\" \/>\n<meta property=\"og:site_name\" content=\"Aprendizaje aut\u00f3nomo\" \/>\n<meta property=\"article:modified_time\" content=\"2016-10-24T17:02:19+00:00\" \/>\n<meta property=\"og:image\" content=\"https:\/\/sitesize.net\/aprendizajeautonomo\/wp-content\/uploads\/sites\/7\/2016\/05\/corodominguero.jpg\" \/>\n<meta name=\"twitter:card\" content=\"summary_large_image\" \/>\n<meta name=\"twitter:label1\" content=\"Est. reading time\" \/>\n\t<meta name=\"twitter:data1\" content=\"3 minutos\" \/>\n<script type=\"application\/ld+json\" class=\"yoast-schema-graph\">{\"@context\":\"https:\/\/schema.org\",\"@graph\":[{\"@type\":\"WebPage\",\"@id\":\"https:\/\/sitesize.net\/aprendizajeautonomo\/la-casa-grande-como-obra-de-arte\/encuesta-pumarejo\/coro-dominguero\/\",\"url\":\"https:\/\/sitesize.net\/aprendizajeautonomo\/la-casa-grande-como-obra-de-arte\/encuesta-pumarejo\/coro-dominguero\/\",\"name\":\"Coro Dominguero - Aprendizaje aut\u00f3nomo\",\"isPartOf\":{\"@id\":\"https:\/\/sitesize.net\/aprendizajeautonomo\/#website\"},\"primaryImageOfPage\":{\"@id\":\"https:\/\/sitesize.net\/aprendizajeautonomo\/la-casa-grande-como-obra-de-arte\/encuesta-pumarejo\/coro-dominguero\/#primaryimage\"},\"image\":{\"@id\":\"https:\/\/sitesize.net\/aprendizajeautonomo\/la-casa-grande-como-obra-de-arte\/encuesta-pumarejo\/coro-dominguero\/#primaryimage\"},\"thumbnailUrl\":\"https:\/\/sitesize.net\/aprendizajeautonomo\/wp-content\/uploads\/sites\/7\/2016\/05\/corodominguero.jpg\",\"datePublished\":\"2016-05-13T11:31:46+00:00\",\"dateModified\":\"2016-10-24T17:02:19+00:00\",\"breadcrumb\":{\"@id\":\"https:\/\/sitesize.net\/aprendizajeautonomo\/la-casa-grande-como-obra-de-arte\/encuesta-pumarejo\/coro-dominguero\/#breadcrumb\"},\"inLanguage\":\"es\",\"potentialAction\":[{\"@type\":\"ReadAction\",\"target\":[\"https:\/\/sitesize.net\/aprendizajeautonomo\/la-casa-grande-como-obra-de-arte\/encuesta-pumarejo\/coro-dominguero\/\"]}]},{\"@type\":\"ImageObject\",\"inLanguage\":\"es\",\"@id\":\"https:\/\/sitesize.net\/aprendizajeautonomo\/la-casa-grande-como-obra-de-arte\/encuesta-pumarejo\/coro-dominguero\/#primaryimage\",\"url\":\"https:\/\/sitesize.net\/aprendizajeautonomo\/wp-content\/uploads\/sites\/7\/2016\/05\/corodominguero.jpg\",\"contentUrl\":\"https:\/\/sitesize.net\/aprendizajeautonomo\/wp-content\/uploads\/sites\/7\/2016\/05\/corodominguero.jpg\",\"width\":849,\"height\":473,\"caption\":\"Coro Dominguero en el patio de la Casa Grande del Pumarejo. Imagen extra\u00edda del video: \\\"Lo hacemos nosotras\\\" (2013).\"},{\"@type\":\"BreadcrumbList\",\"@id\":\"https:\/\/sitesize.net\/aprendizajeautonomo\/la-casa-grande-como-obra-de-arte\/encuesta-pumarejo\/coro-dominguero\/#breadcrumb\",\"itemListElement\":[{\"@type\":\"ListItem\",\"position\":1,\"name\":\"Home\",\"item\":\"https:\/\/sitesize.net\/aprendizajeautonomo\/\"},{\"@type\":\"ListItem\",\"position\":2,\"name\":\"La Casa como obra de arte\",\"item\":\"https:\/\/sitesize.net\/aprendizajeautonomo\/la-casa-grande-como-obra-de-arte\/\"},{\"@type\":\"ListItem\",\"position\":3,\"name\":\"Encuesta sobre la Casa Grande del Pumarejo\",\"item\":\"https:\/\/sitesize.net\/aprendizajeautonomo\/la-casa-grande-como-obra-de-arte\/encuesta-pumarejo\/\"},{\"@type\":\"ListItem\",\"position\":4,\"name\":\"Coro Dominguero\"}]},{\"@type\":\"WebSite\",\"@id\":\"https:\/\/sitesize.net\/aprendizajeautonomo\/#website\",\"url\":\"https:\/\/sitesize.net\/aprendizajeautonomo\/\",\"name\":\"Aprendizaje aut\u00f3nomo\",\"description\":\"comunidades e itinerarios en el marco de la creaci\u00f3n contempor\u00e1nea\",\"potentialAction\":[{\"@type\":\"SearchAction\",\"target\":{\"@type\":\"EntryPoint\",\"urlTemplate\":\"https:\/\/sitesize.net\/aprendizajeautonomo\/?s={search_term_string}\"},\"query-input\":{\"@type\":\"PropertyValueSpecification\",\"valueRequired\":true,\"valueName\":\"search_term_string\"}}],\"inLanguage\":\"es\"}]}<\/script>\n<!-- \/ Yoast SEO plugin. -->","yoast_head_json":{"title":"Coro Dominguero - Aprendizaje aut\u00f3nomo","robots":{"index":"index","follow":"follow","max-snippet":"max-snippet:-1","max-image-preview":"max-image-preview:large","max-video-preview":"max-video-preview:-1"},"canonical":"https:\/\/sitesize.net\/aprendizajeautonomo\/la-casa-grande-como-obra-de-arte\/encuesta-pumarejo\/coro-dominguero\/","og_locale":"es_ES","og_type":"article","og_title":"Coro Dominguero - Aprendizaje aut\u00f3nomo","og_description":"&nbsp; Encuesta sobre la Casa Grande del Pumarejo como lugar de creaci\u00f3n y aprendizaje comunitario \u00a0Bloque 1\/\/ Inicio \u2013 punto de partida 1-\u00bfCuando y de qu\u00e9 modo lleg\u00e1is a la Casa Grande del Pumarejo? El Coro Dominguero lleg\u00f3 al Centro Vecinal Pumarejo en septiembre 2008. Antes de eso ensay\u00e1bamos en casa de cada una de&hellip;","og_url":"https:\/\/sitesize.net\/aprendizajeautonomo\/la-casa-grande-como-obra-de-arte\/encuesta-pumarejo\/coro-dominguero\/","og_site_name":"Aprendizaje aut\u00f3nomo","article_modified_time":"2016-10-24T17:02:19+00:00","og_image":[{"url":"https:\/\/sitesize.net\/aprendizajeautonomo\/wp-content\/uploads\/sites\/7\/2016\/05\/corodominguero.jpg","type":"","width":"","height":""}],"twitter_card":"summary_large_image","twitter_misc":{"Est. reading time":"3 minutos"},"schema":{"@context":"https:\/\/schema.org","@graph":[{"@type":"WebPage","@id":"https:\/\/sitesize.net\/aprendizajeautonomo\/la-casa-grande-como-obra-de-arte\/encuesta-pumarejo\/coro-dominguero\/","url":"https:\/\/sitesize.net\/aprendizajeautonomo\/la-casa-grande-como-obra-de-arte\/encuesta-pumarejo\/coro-dominguero\/","name":"Coro Dominguero - Aprendizaje aut\u00f3nomo","isPartOf":{"@id":"https:\/\/sitesize.net\/aprendizajeautonomo\/#website"},"primaryImageOfPage":{"@id":"https:\/\/sitesize.net\/aprendizajeautonomo\/la-casa-grande-como-obra-de-arte\/encuesta-pumarejo\/coro-dominguero\/#primaryimage"},"image":{"@id":"https:\/\/sitesize.net\/aprendizajeautonomo\/la-casa-grande-como-obra-de-arte\/encuesta-pumarejo\/coro-dominguero\/#primaryimage"},"thumbnailUrl":"https:\/\/sitesize.net\/aprendizajeautonomo\/wp-content\/uploads\/sites\/7\/2016\/05\/corodominguero.jpg","datePublished":"2016-05-13T11:31:46+00:00","dateModified":"2016-10-24T17:02:19+00:00","breadcrumb":{"@id":"https:\/\/sitesize.net\/aprendizajeautonomo\/la-casa-grande-como-obra-de-arte\/encuesta-pumarejo\/coro-dominguero\/#breadcrumb"},"inLanguage":"es","potentialAction":[{"@type":"ReadAction","target":["https:\/\/sitesize.net\/aprendizajeautonomo\/la-casa-grande-como-obra-de-arte\/encuesta-pumarejo\/coro-dominguero\/"]}]},{"@type":"ImageObject","inLanguage":"es","@id":"https:\/\/sitesize.net\/aprendizajeautonomo\/la-casa-grande-como-obra-de-arte\/encuesta-pumarejo\/coro-dominguero\/#primaryimage","url":"https:\/\/sitesize.net\/aprendizajeautonomo\/wp-content\/uploads\/sites\/7\/2016\/05\/corodominguero.jpg","contentUrl":"https:\/\/sitesize.net\/aprendizajeautonomo\/wp-content\/uploads\/sites\/7\/2016\/05\/corodominguero.jpg","width":849,"height":473,"caption":"Coro Dominguero en el patio de la Casa Grande del Pumarejo. Imagen extra\u00edda del video: \"Lo hacemos nosotras\" (2013)."},{"@type":"BreadcrumbList","@id":"https:\/\/sitesize.net\/aprendizajeautonomo\/la-casa-grande-como-obra-de-arte\/encuesta-pumarejo\/coro-dominguero\/#breadcrumb","itemListElement":[{"@type":"ListItem","position":1,"name":"Home","item":"https:\/\/sitesize.net\/aprendizajeautonomo\/"},{"@type":"ListItem","position":2,"name":"La Casa como obra de arte","item":"https:\/\/sitesize.net\/aprendizajeautonomo\/la-casa-grande-como-obra-de-arte\/"},{"@type":"ListItem","position":3,"name":"Encuesta sobre la Casa Grande del Pumarejo","item":"https:\/\/sitesize.net\/aprendizajeautonomo\/la-casa-grande-como-obra-de-arte\/encuesta-pumarejo\/"},{"@type":"ListItem","position":4,"name":"Coro Dominguero"}]},{"@type":"WebSite","@id":"https:\/\/sitesize.net\/aprendizajeautonomo\/#website","url":"https:\/\/sitesize.net\/aprendizajeautonomo\/","name":"Aprendizaje aut\u00f3nomo","description":"comunidades e itinerarios en el marco de la creaci\u00f3n contempor\u00e1nea","potentialAction":[{"@type":"SearchAction","target":{"@type":"EntryPoint","urlTemplate":"https:\/\/sitesize.net\/aprendizajeautonomo\/?s={search_term_string}"},"query-input":{"@type":"PropertyValueSpecification","valueRequired":true,"valueName":"search_term_string"}}],"inLanguage":"es"}]}},"_links":{"self":[{"href":"https:\/\/sitesize.net\/aprendizajeautonomo\/wp-json\/wp\/v2\/pages\/304","targetHints":{"allow":["GET"]}}],"collection":[{"href":"https:\/\/sitesize.net\/aprendizajeautonomo\/wp-json\/wp\/v2\/pages"}],"about":[{"href":"https:\/\/sitesize.net\/aprendizajeautonomo\/wp-json\/wp\/v2\/types\/page"}],"author":[{"embeddable":true,"href":"https:\/\/sitesize.net\/aprendizajeautonomo\/wp-json\/wp\/v2\/users\/1"}],"replies":[{"embeddable":true,"href":"https:\/\/sitesize.net\/aprendizajeautonomo\/wp-json\/wp\/v2\/comments?post=304"}],"version-history":[{"count":5,"href":"https:\/\/sitesize.net\/aprendizajeautonomo\/wp-json\/wp\/v2\/pages\/304\/revisions"}],"predecessor-version":[{"id":621,"href":"https:\/\/sitesize.net\/aprendizajeautonomo\/wp-json\/wp\/v2\/pages\/304\/revisions\/621"}],"up":[{"embeddable":true,"href":"https:\/\/sitesize.net\/aprendizajeautonomo\/wp-json\/wp\/v2\/pages\/90"}],"wp:attachment":[{"href":"https:\/\/sitesize.net\/aprendizajeautonomo\/wp-json\/wp\/v2\/media?parent=304"}],"curies":[{"name":"wp","href":"https:\/\/api.w.org\/{rel}","templated":true}]}}