{"id":32,"date":"2015-11-12T16:20:23","date_gmt":"2015-11-12T16:20:23","guid":{"rendered":"https:\/\/sitesize.net\/aprendizajeautonomo\/?page_id=32"},"modified":"2016-03-25T12:50:15","modified_gmt":"2016-03-25T12:50:15","slug":"aproximaciones-mujeres-zona-sur","status":"publish","type":"page","link":"https:\/\/sitesize.net\/aprendizajeautonomo\/mujeres-zona-sur\/aproximaciones-mujeres-zona-sur\/","title":{"rendered":"Aproximaciones Mujeres Zona Sur"},"content":{"rendered":"<p>Aproximaciones Mujeres Zona Sur es un canal dedicado al barrio de Torresoto en Jerez a trav\u00e9s de la mirada de la las mujeres. A modo de c\u00e1psulas se recogen conversaciones y reflexiones entorno a la labor desarrollada por la asociaci\u00f3n de mujeres del barrio, sobre su cotidianidad y modos de hacer.<\/p>\n<p>La propuesta nace a partir del intercambio de materiales y documentos entre las mujeres de Torresoto y el colectivo Sitesize con la intenci\u00f3n de compartir y tener acceso al conjunto de audios. En una primera instancia la utilidad de dicho acceso acorta la distancia f\u00edsica entre ambas comunidades y facilita el seguimiento del d\u00eda a d\u00eda. El ir y venir de estos audios reafirma en cierta manera la l\u00ednea temporal que supone por una parte el trabajo del grupo de mujeres y por otra el aprendizaje cruzado que se produce entre Torresoto y Barcelona. Las preguntas generan conversaciones que se registran y que posteriormente se escuchan y releen desde la perspectiva del proceso que est\u00e1 en marcha. En segunda instancia el canal puede ser una herramienta eficaz para traspasar las reflexiones y los avances de la mujeres de Torresoto a un nivel de dominio p\u00fablico, dando as\u00ed visibilidad al proceso de investigaci\u00f3n. Dicho proceso formalizado ahora en el canal bien puede sostenerse, si las dos comunidades est\u00e1n de acuerdo, por un tiempo indefinido o acotar y pactarse unos objetivos que definan los l\u00edmites del intercambio.<\/p>\n<p><a href=\"https:\/\/vimeo.com\/channels\/mujereszonasur\">https:\/\/vimeo.com\/channels\/mujereszonasur<\/a><\/p>\n<p><iframe loading=\"lazy\" src=\"https:\/\/player.vimeo.com\/video\/144139906\" width=\"869\" height=\"489\" frameborder=\"0\" title=\"Modos de hacer - En di&aacute;logo con Mujeres Zona Sur\" webkitallowfullscreen mozallowfullscreen allowfullscreen><\/iframe><\/p>\n<p>&nbsp;<\/p>\n","protected":false},"excerpt":{"rendered":"<p>Aproximaciones Mujeres Zona Sur es un canal dedicado al barrio de Torresoto en Jerez a trav\u00e9s de la mirada de la las mujeres. A modo de c\u00e1psulas se recogen conversaciones y reflexiones entorno a la labor desarrollada por la asociaci\u00f3n de mujeres del barrio, sobre su cotidianidad y modos de hacer. La propuesta nace a&hellip;<\/p>\n","protected":false},"author":1,"featured_media":35,"parent":8,"menu_order":1,"comment_status":"closed","ping_status":"closed","template":"","meta":{"footnotes":""},"class_list":["post-32","page","type-page","status-publish","has-post-thumbnail","hentry","post-grid-4-col","entry"],"yoast_head":"<!-- This site is optimized with the Yoast SEO plugin v27.1.1 - https:\/\/yoast.com\/product\/yoast-seo-wordpress\/ -->\n<title>Aproximaciones Mujeres Zona Sur - Aprendizaje aut\u00f3nomo<\/title>\n<meta name=\"robots\" content=\"index, follow, max-snippet:-1, max-image-preview:large, max-video-preview:-1\" \/>\n<link rel=\"canonical\" href=\"https:\/\/sitesize.net\/aprendizajeautonomo\/mujeres-zona-sur\/aproximaciones-mujeres-zona-sur\/\" \/>\n<meta property=\"og:locale\" content=\"es_ES\" \/>\n<meta property=\"og:type\" content=\"article\" \/>\n<meta property=\"og:title\" content=\"Aproximaciones Mujeres Zona Sur - Aprendizaje aut\u00f3nomo\" \/>\n<meta property=\"og:description\" content=\"Aproximaciones Mujeres Zona Sur es un canal dedicado al barrio de Torresoto en Jerez a trav\u00e9s de la mirada de la las mujeres. A modo de c\u00e1psulas se recogen conversaciones y reflexiones entorno a la labor desarrollada por la asociaci\u00f3n de mujeres del barrio, sobre su cotidianidad y modos de hacer. La propuesta nace a&hellip;\" \/>\n<meta property=\"og:url\" content=\"https:\/\/sitesize.net\/aprendizajeautonomo\/mujeres-zona-sur\/aproximaciones-mujeres-zona-sur\/\" \/>\n<meta property=\"og:site_name\" content=\"Aprendizaje aut\u00f3nomo\" \/>\n<meta property=\"article:modified_time\" content=\"2016-03-25T12:50:15+00:00\" \/>\n<meta property=\"og:image\" content=\"https:\/\/sitesize.net\/aprendizajeautonomo\/wp-content\/uploads\/sites\/7\/2015\/11\/aprexmacionesmujereszonasur.jpg\" \/>\n\t<meta property=\"og:image:width\" content=\"700\" \/>\n\t<meta property=\"og:image:height\" content=\"525\" \/>\n\t<meta property=\"og:image:type\" content=\"image\/jpeg\" \/>\n<meta name=\"twitter:card\" content=\"summary_large_image\" \/>\n<meta name=\"twitter:label1\" content=\"Est. reading time\" \/>\n\t<meta name=\"twitter:data1\" content=\"1 minuto\" \/>\n<script type=\"application\/ld+json\" class=\"yoast-schema-graph\">{\"@context\":\"https:\/\/schema.org\",\"@graph\":[{\"@type\":\"WebPage\",\"@id\":\"https:\/\/sitesize.net\/aprendizajeautonomo\/mujeres-zona-sur\/aproximaciones-mujeres-zona-sur\/\",\"url\":\"https:\/\/sitesize.net\/aprendizajeautonomo\/mujeres-zona-sur\/aproximaciones-mujeres-zona-sur\/\",\"name\":\"Aproximaciones Mujeres Zona Sur - Aprendizaje aut\u00f3nomo\",\"isPartOf\":{\"@id\":\"https:\/\/sitesize.net\/aprendizajeautonomo\/#website\"},\"primaryImageOfPage\":{\"@id\":\"https:\/\/sitesize.net\/aprendizajeautonomo\/mujeres-zona-sur\/aproximaciones-mujeres-zona-sur\/#primaryimage\"},\"image\":{\"@id\":\"https:\/\/sitesize.net\/aprendizajeautonomo\/mujeres-zona-sur\/aproximaciones-mujeres-zona-sur\/#primaryimage\"},\"thumbnailUrl\":\"https:\/\/sitesize.net\/aprendizajeautonomo\/wp-content\/uploads\/sites\/7\/2015\/11\/aprexmacionesmujereszonasur.jpg\",\"datePublished\":\"2015-11-12T16:20:23+00:00\",\"dateModified\":\"2016-03-25T12:50:15+00:00\",\"breadcrumb\":{\"@id\":\"https:\/\/sitesize.net\/aprendizajeautonomo\/mujeres-zona-sur\/aproximaciones-mujeres-zona-sur\/#breadcrumb\"},\"inLanguage\":\"es\",\"potentialAction\":[{\"@type\":\"ReadAction\",\"target\":[\"https:\/\/sitesize.net\/aprendizajeautonomo\/mujeres-zona-sur\/aproximaciones-mujeres-zona-sur\/\"]}]},{\"@type\":\"ImageObject\",\"inLanguage\":\"es\",\"@id\":\"https:\/\/sitesize.net\/aprendizajeautonomo\/mujeres-zona-sur\/aproximaciones-mujeres-zona-sur\/#primaryimage\",\"url\":\"https:\/\/sitesize.net\/aprendizajeautonomo\/wp-content\/uploads\/sites\/7\/2015\/11\/aprexmacionesmujereszonasur.jpg\",\"contentUrl\":\"https:\/\/sitesize.net\/aprendizajeautonomo\/wp-content\/uploads\/sites\/7\/2015\/11\/aprexmacionesmujereszonasur.jpg\",\"width\":700,\"height\":525},{\"@type\":\"BreadcrumbList\",\"@id\":\"https:\/\/sitesize.net\/aprendizajeautonomo\/mujeres-zona-sur\/aproximaciones-mujeres-zona-sur\/#breadcrumb\",\"itemListElement\":[{\"@type\":\"ListItem\",\"position\":1,\"name\":\"Home\",\"item\":\"https:\/\/sitesize.net\/aprendizajeautonomo\/\"},{\"@type\":\"ListItem\",\"position\":2,\"name\":\"Mujeres Zona Sur\",\"item\":\"https:\/\/sitesize.net\/aprendizajeautonomo\/mujeres-zona-sur\/\"},{\"@type\":\"ListItem\",\"position\":3,\"name\":\"Aproximaciones Mujeres Zona Sur\"}]},{\"@type\":\"WebSite\",\"@id\":\"https:\/\/sitesize.net\/aprendizajeautonomo\/#website\",\"url\":\"https:\/\/sitesize.net\/aprendizajeautonomo\/\",\"name\":\"Aprendizaje aut\u00f3nomo\",\"description\":\"comunidades e itinerarios en el marco de la creaci\u00f3n contempor\u00e1nea\",\"potentialAction\":[{\"@type\":\"SearchAction\",\"target\":{\"@type\":\"EntryPoint\",\"urlTemplate\":\"https:\/\/sitesize.net\/aprendizajeautonomo\/?s={search_term_string}\"},\"query-input\":{\"@type\":\"PropertyValueSpecification\",\"valueRequired\":true,\"valueName\":\"search_term_string\"}}],\"inLanguage\":\"es\"}]}<\/script>\n<!-- \/ Yoast SEO plugin. -->","yoast_head_json":{"title":"Aproximaciones Mujeres Zona Sur - Aprendizaje aut\u00f3nomo","robots":{"index":"index","follow":"follow","max-snippet":"max-snippet:-1","max-image-preview":"max-image-preview:large","max-video-preview":"max-video-preview:-1"},"canonical":"https:\/\/sitesize.net\/aprendizajeautonomo\/mujeres-zona-sur\/aproximaciones-mujeres-zona-sur\/","og_locale":"es_ES","og_type":"article","og_title":"Aproximaciones Mujeres Zona Sur - Aprendizaje aut\u00f3nomo","og_description":"Aproximaciones Mujeres Zona Sur es un canal dedicado al barrio de Torresoto en Jerez a trav\u00e9s de la mirada de la las mujeres. A modo de c\u00e1psulas se recogen conversaciones y reflexiones entorno a la labor desarrollada por la asociaci\u00f3n de mujeres del barrio, sobre su cotidianidad y modos de hacer. La propuesta nace a&hellip;","og_url":"https:\/\/sitesize.net\/aprendizajeautonomo\/mujeres-zona-sur\/aproximaciones-mujeres-zona-sur\/","og_site_name":"Aprendizaje aut\u00f3nomo","article_modified_time":"2016-03-25T12:50:15+00:00","og_image":[{"width":700,"height":525,"url":"https:\/\/sitesize.net\/aprendizajeautonomo\/wp-content\/uploads\/sites\/7\/2015\/11\/aprexmacionesmujereszonasur.jpg","type":"image\/jpeg"}],"twitter_card":"summary_large_image","twitter_misc":{"Est. reading time":"1 minuto"},"schema":{"@context":"https:\/\/schema.org","@graph":[{"@type":"WebPage","@id":"https:\/\/sitesize.net\/aprendizajeautonomo\/mujeres-zona-sur\/aproximaciones-mujeres-zona-sur\/","url":"https:\/\/sitesize.net\/aprendizajeautonomo\/mujeres-zona-sur\/aproximaciones-mujeres-zona-sur\/","name":"Aproximaciones Mujeres Zona Sur - Aprendizaje aut\u00f3nomo","isPartOf":{"@id":"https:\/\/sitesize.net\/aprendizajeautonomo\/#website"},"primaryImageOfPage":{"@id":"https:\/\/sitesize.net\/aprendizajeautonomo\/mujeres-zona-sur\/aproximaciones-mujeres-zona-sur\/#primaryimage"},"image":{"@id":"https:\/\/sitesize.net\/aprendizajeautonomo\/mujeres-zona-sur\/aproximaciones-mujeres-zona-sur\/#primaryimage"},"thumbnailUrl":"https:\/\/sitesize.net\/aprendizajeautonomo\/wp-content\/uploads\/sites\/7\/2015\/11\/aprexmacionesmujereszonasur.jpg","datePublished":"2015-11-12T16:20:23+00:00","dateModified":"2016-03-25T12:50:15+00:00","breadcrumb":{"@id":"https:\/\/sitesize.net\/aprendizajeautonomo\/mujeres-zona-sur\/aproximaciones-mujeres-zona-sur\/#breadcrumb"},"inLanguage":"es","potentialAction":[{"@type":"ReadAction","target":["https:\/\/sitesize.net\/aprendizajeautonomo\/mujeres-zona-sur\/aproximaciones-mujeres-zona-sur\/"]}]},{"@type":"ImageObject","inLanguage":"es","@id":"https:\/\/sitesize.net\/aprendizajeautonomo\/mujeres-zona-sur\/aproximaciones-mujeres-zona-sur\/#primaryimage","url":"https:\/\/sitesize.net\/aprendizajeautonomo\/wp-content\/uploads\/sites\/7\/2015\/11\/aprexmacionesmujereszonasur.jpg","contentUrl":"https:\/\/sitesize.net\/aprendizajeautonomo\/wp-content\/uploads\/sites\/7\/2015\/11\/aprexmacionesmujereszonasur.jpg","width":700,"height":525},{"@type":"BreadcrumbList","@id":"https:\/\/sitesize.net\/aprendizajeautonomo\/mujeres-zona-sur\/aproximaciones-mujeres-zona-sur\/#breadcrumb","itemListElement":[{"@type":"ListItem","position":1,"name":"Home","item":"https:\/\/sitesize.net\/aprendizajeautonomo\/"},{"@type":"ListItem","position":2,"name":"Mujeres Zona Sur","item":"https:\/\/sitesize.net\/aprendizajeautonomo\/mujeres-zona-sur\/"},{"@type":"ListItem","position":3,"name":"Aproximaciones Mujeres Zona Sur"}]},{"@type":"WebSite","@id":"https:\/\/sitesize.net\/aprendizajeautonomo\/#website","url":"https:\/\/sitesize.net\/aprendizajeautonomo\/","name":"Aprendizaje aut\u00f3nomo","description":"comunidades e itinerarios en el marco de la creaci\u00f3n contempor\u00e1nea","potentialAction":[{"@type":"SearchAction","target":{"@type":"EntryPoint","urlTemplate":"https:\/\/sitesize.net\/aprendizajeautonomo\/?s={search_term_string}"},"query-input":{"@type":"PropertyValueSpecification","valueRequired":true,"valueName":"search_term_string"}}],"inLanguage":"es"}]}},"_links":{"self":[{"href":"https:\/\/sitesize.net\/aprendizajeautonomo\/wp-json\/wp\/v2\/pages\/32","targetHints":{"allow":["GET"]}}],"collection":[{"href":"https:\/\/sitesize.net\/aprendizajeautonomo\/wp-json\/wp\/v2\/pages"}],"about":[{"href":"https:\/\/sitesize.net\/aprendizajeautonomo\/wp-json\/wp\/v2\/types\/page"}],"author":[{"embeddable":true,"href":"https:\/\/sitesize.net\/aprendizajeautonomo\/wp-json\/wp\/v2\/users\/1"}],"replies":[{"embeddable":true,"href":"https:\/\/sitesize.net\/aprendizajeautonomo\/wp-json\/wp\/v2\/comments?post=32"}],"version-history":[{"count":4,"href":"https:\/\/sitesize.net\/aprendizajeautonomo\/wp-json\/wp\/v2\/pages\/32\/revisions"}],"predecessor-version":[{"id":241,"href":"https:\/\/sitesize.net\/aprendizajeautonomo\/wp-json\/wp\/v2\/pages\/32\/revisions\/241"}],"up":[{"embeddable":true,"href":"https:\/\/sitesize.net\/aprendizajeautonomo\/wp-json\/wp\/v2\/pages\/8"}],"wp:featuredmedia":[{"embeddable":true,"href":"https:\/\/sitesize.net\/aprendizajeautonomo\/wp-json\/wp\/v2\/media\/35"}],"wp:attachment":[{"href":"https:\/\/sitesize.net\/aprendizajeautonomo\/wp-json\/wp\/v2\/media?parent=32"}],"curies":[{"name":"wp","href":"https:\/\/api.w.org\/{rel}","templated":true}]}}