{"id":327,"date":"2016-05-17T18:36:28","date_gmt":"2016-05-17T18:36:28","guid":{"rendered":"https:\/\/sitesize.net\/aprendizajeautonomo\/?page_id=327"},"modified":"2016-10-23T20:43:10","modified_gmt":"2016-10-23T20:43:10","slug":"buscar-el-pozo","status":"publish","type":"page","link":"https:\/\/sitesize.net\/aprendizajeautonomo\/arrelats\/encuentro-de-primavera\/buscar-el-pozo\/","title":{"rendered":"Buscar el pozo"},"content":{"rendered":"<figure id=\"attachment_571\" aria-describedby=\"caption-attachment-571\" style=\"width: 700px\" class=\"wp-caption alignnone\"><a href=\"https:\/\/sitesize.net\/aprendizajeautonomo\/wp-content\/uploads\/sites\/7\/2016\/05\/Arrelats-4.jpg\"><img loading=\"lazy\" decoding=\"async\" class=\"size-full wp-image-571\" src=\"https:\/\/sitesize.net\/aprendizajeautonomo\/wp-content\/uploads\/sites\/7\/2016\/05\/Arrelats-4.jpg\" alt=\"Jard\u00ed de l'Amistat. Buscando el agua con varillas de zahor\u00ed\" width=\"700\" height=\"525\" srcset=\"https:\/\/sitesize.net\/aprendizajeautonomo\/wp-content\/uploads\/sites\/7\/2016\/05\/Arrelats-4.jpg 700w, https:\/\/sitesize.net\/aprendizajeautonomo\/wp-content\/uploads\/sites\/7\/2016\/05\/Arrelats-4-300x225.jpg 300w\" sizes=\"auto, (max-width: 700px) 100vw, 700px\" \/><\/a><figcaption id=\"caption-attachment-571\" class=\"wp-caption-text\">Jard\u00ed de l&#8217;Amistat. Buscando el agua con varillas de zahor\u00ed<\/figcaption><\/figure>\n<p>A. <b>Buscar el pozo. Sentir el agua.<\/b> ( 2015)<\/p>\n<p>Las alteraciones que ha sufrido el terreno del Jard\u00ed de l&#8217;Amistat, con la tala de \u00e1rboles, el trazado de nuevos caminos, la acumulaci\u00f3n de tierras por las diferentes obras de construcci\u00f3n que se han sucedido a su alrededor, lo hacen pr\u00e1cticamente irreconocible. \u00danicamente los ejemplares de almendros y olivos que siguen en pie y que trazan todav\u00eda una ret\u00edcula identificable, act\u00faan como recordatorio de lo que fue. Los elementos de referencia que podemos identificar en las fotos recogidas, como la casa, el camino central, la gran higuera, han desaparecido, con lo que s\u00f3lo podemos proyectar estimaciones para reconocer como era este espacio que ahora pisamos.<\/p>\n<p>Otro elemento esencial en la consideraci\u00f3n de este espacio agr\u00edcola era el pozo. \u00danico suministro de agua para el riego y el consumo, se esconde bajo una sencilla construcci\u00f3n de ladrillos pintada de blanco, con una puerta que de madera que proteg\u00eda su acceso. El pozo estaba en el eje central del espacio, equidistante de todas las zonas a regar, en un punto visible junta al eje vertical del terreno.<\/p>\n<p>El abandono del espacio a partir de 1980, supuso tambi\u00e9n su degradaci\u00f3n y como consecuencia la destrucci\u00f3n y el cegado del pozo, perdiendo definitivamente el potencial que supondr\u00eda para la continuidad del riego. Se hace dif\u00edcil en este momento localizar su posici\u00f3n, no tenemos suficientes referencias, el terreno ha perdido sus cotas originales y la vegetaci\u00f3n unifica cualquier otra traza que ordene el espacio.<\/p>\n<p>Optamos por un m\u00e9todo tradicional para localizar el pozo, la geomancia practicada por los zahories. F. M.\u00a0 nos proporciona sus varillas de lat\u00f3n y nos introduce a su uso. Ella se mueve con destreza por el terreno, dej\u00e1ndose llevar por lo que le va indicando el movimiento de las varillas que se abren y cierran en funci\u00f3n de la alineaci\u00f3n de las fuerzas que detecta. Lo vamos probando cada uno alternativamente con mayor o menor habilidad. Trazamos diversas l\u00edneas imaginarias sobre el terreno, que responden a la a la inercia de los caminos del agua bajo el subsuelo. Comprobando sobre la zona donde imaginamos la localizaci\u00f3n del pozo, nos aparecen se\u00f1ales que confirman y nos ayudan a fijar su posici\u00f3n. A la localizaci\u00f3n a partir de las fotograf\u00edas, sumamos les evidencias que nos proporcionan el movimiento de las varillas. Localizado el pozo, nos queda el prop\u00f3sito y deseo de rescatarlo de nuevo.<\/p>\n","protected":false},"excerpt":{"rendered":"<p>A. Buscar el pozo. Sentir el agua. ( 2015) Las alteraciones que ha sufrido el terreno del Jard\u00ed de l&#8217;Amistat, con la tala de \u00e1rboles, el trazado de nuevos caminos, la acumulaci\u00f3n de tierras por las diferentes obras de construcci\u00f3n que se han sucedido a su alrededor, lo hacen pr\u00e1cticamente irreconocible. \u00danicamente los ejemplares de&hellip;<\/p>\n","protected":false},"author":1,"featured_media":0,"parent":150,"menu_order":0,"comment_status":"closed","ping_status":"closed","template":"","meta":{"footnotes":""},"class_list":["post-327","page","type-page","status-publish","hentry","no-post-thumbnail","post-grid-4-col","entry"],"yoast_head":"<!-- This site is optimized with the Yoast SEO plugin v27.1.1 - https:\/\/yoast.com\/product\/yoast-seo-wordpress\/ -->\n<title>Buscar el pozo - Aprendizaje aut\u00f3nomo<\/title>\n<meta name=\"robots\" content=\"index, follow, max-snippet:-1, max-image-preview:large, max-video-preview:-1\" \/>\n<link rel=\"canonical\" href=\"https:\/\/sitesize.net\/aprendizajeautonomo\/arrelats\/encuentro-de-primavera\/buscar-el-pozo\/\" \/>\n<meta property=\"og:locale\" content=\"es_ES\" \/>\n<meta property=\"og:type\" content=\"article\" \/>\n<meta property=\"og:title\" content=\"Buscar el pozo - Aprendizaje aut\u00f3nomo\" \/>\n<meta property=\"og:description\" content=\"A. Buscar el pozo. Sentir el agua. ( 2015) Las alteraciones que ha sufrido el terreno del Jard\u00ed de l&#8217;Amistat, con la tala de \u00e1rboles, el trazado de nuevos caminos, la acumulaci\u00f3n de tierras por las diferentes obras de construcci\u00f3n que se han sucedido a su alrededor, lo hacen pr\u00e1cticamente irreconocible. \u00danicamente los ejemplares de&hellip;\" \/>\n<meta property=\"og:url\" content=\"https:\/\/sitesize.net\/aprendizajeautonomo\/arrelats\/encuentro-de-primavera\/buscar-el-pozo\/\" \/>\n<meta property=\"og:site_name\" content=\"Aprendizaje aut\u00f3nomo\" \/>\n<meta property=\"article:modified_time\" content=\"2016-10-23T20:43:10+00:00\" \/>\n<meta property=\"og:image\" content=\"https:\/\/sitesize.net\/aprendizajeautonomo\/wp-content\/uploads\/sites\/7\/2016\/05\/Arrelats-4.jpg\" \/>\n<meta name=\"twitter:card\" content=\"summary_large_image\" \/>\n<meta name=\"twitter:label1\" content=\"Est. reading time\" \/>\n\t<meta name=\"twitter:data1\" content=\"2 minutos\" \/>\n<script type=\"application\/ld+json\" class=\"yoast-schema-graph\">{\"@context\":\"https:\/\/schema.org\",\"@graph\":[{\"@type\":\"WebPage\",\"@id\":\"https:\/\/sitesize.net\/aprendizajeautonomo\/arrelats\/encuentro-de-primavera\/buscar-el-pozo\/\",\"url\":\"https:\/\/sitesize.net\/aprendizajeautonomo\/arrelats\/encuentro-de-primavera\/buscar-el-pozo\/\",\"name\":\"Buscar el pozo - Aprendizaje aut\u00f3nomo\",\"isPartOf\":{\"@id\":\"https:\/\/sitesize.net\/aprendizajeautonomo\/#website\"},\"primaryImageOfPage\":{\"@id\":\"https:\/\/sitesize.net\/aprendizajeautonomo\/arrelats\/encuentro-de-primavera\/buscar-el-pozo\/#primaryimage\"},\"image\":{\"@id\":\"https:\/\/sitesize.net\/aprendizajeautonomo\/arrelats\/encuentro-de-primavera\/buscar-el-pozo\/#primaryimage\"},\"thumbnailUrl\":\"https:\/\/sitesize.net\/aprendizajeautonomo\/wp-content\/uploads\/sites\/7\/2016\/05\/Arrelats-4.jpg\",\"datePublished\":\"2016-05-17T18:36:28+00:00\",\"dateModified\":\"2016-10-23T20:43:10+00:00\",\"breadcrumb\":{\"@id\":\"https:\/\/sitesize.net\/aprendizajeautonomo\/arrelats\/encuentro-de-primavera\/buscar-el-pozo\/#breadcrumb\"},\"inLanguage\":\"es\",\"potentialAction\":[{\"@type\":\"ReadAction\",\"target\":[\"https:\/\/sitesize.net\/aprendizajeautonomo\/arrelats\/encuentro-de-primavera\/buscar-el-pozo\/\"]}]},{\"@type\":\"ImageObject\",\"inLanguage\":\"es\",\"@id\":\"https:\/\/sitesize.net\/aprendizajeautonomo\/arrelats\/encuentro-de-primavera\/buscar-el-pozo\/#primaryimage\",\"url\":\"https:\/\/sitesize.net\/aprendizajeautonomo\/wp-content\/uploads\/sites\/7\/2016\/05\/Arrelats-4.jpg\",\"contentUrl\":\"https:\/\/sitesize.net\/aprendizajeautonomo\/wp-content\/uploads\/sites\/7\/2016\/05\/Arrelats-4.jpg\",\"width\":700,\"height\":525,\"caption\":\"Jard\u00ed de l'Amistat. Buscando el agua con varillas de zahor\u00ed\"},{\"@type\":\"BreadcrumbList\",\"@id\":\"https:\/\/sitesize.net\/aprendizajeautonomo\/arrelats\/encuentro-de-primavera\/buscar-el-pozo\/#breadcrumb\",\"itemListElement\":[{\"@type\":\"ListItem\",\"position\":1,\"name\":\"Home\",\"item\":\"https:\/\/sitesize.net\/aprendizajeautonomo\/\"},{\"@type\":\"ListItem\",\"position\":2,\"name\":\"Arrelats\",\"item\":\"https:\/\/sitesize.net\/aprendizajeautonomo\/arrelats\/\"},{\"@type\":\"ListItem\",\"position\":3,\"name\":\"Aprendizaje de lo inesperado\",\"item\":\"https:\/\/sitesize.net\/aprendizajeautonomo\/arrelats\/encuentro-de-primavera\/\"},{\"@type\":\"ListItem\",\"position\":4,\"name\":\"Buscar el pozo\"}]},{\"@type\":\"WebSite\",\"@id\":\"https:\/\/sitesize.net\/aprendizajeautonomo\/#website\",\"url\":\"https:\/\/sitesize.net\/aprendizajeautonomo\/\",\"name\":\"Aprendizaje aut\u00f3nomo\",\"description\":\"comunidades e itinerarios en el marco de la creaci\u00f3n contempor\u00e1nea\",\"potentialAction\":[{\"@type\":\"SearchAction\",\"target\":{\"@type\":\"EntryPoint\",\"urlTemplate\":\"https:\/\/sitesize.net\/aprendizajeautonomo\/?s={search_term_string}\"},\"query-input\":{\"@type\":\"PropertyValueSpecification\",\"valueRequired\":true,\"valueName\":\"search_term_string\"}}],\"inLanguage\":\"es\"}]}<\/script>\n<!-- \/ Yoast SEO plugin. -->","yoast_head_json":{"title":"Buscar el pozo - Aprendizaje aut\u00f3nomo","robots":{"index":"index","follow":"follow","max-snippet":"max-snippet:-1","max-image-preview":"max-image-preview:large","max-video-preview":"max-video-preview:-1"},"canonical":"https:\/\/sitesize.net\/aprendizajeautonomo\/arrelats\/encuentro-de-primavera\/buscar-el-pozo\/","og_locale":"es_ES","og_type":"article","og_title":"Buscar el pozo - Aprendizaje aut\u00f3nomo","og_description":"A. Buscar el pozo. Sentir el agua. ( 2015) Las alteraciones que ha sufrido el terreno del Jard\u00ed de l&#8217;Amistat, con la tala de \u00e1rboles, el trazado de nuevos caminos, la acumulaci\u00f3n de tierras por las diferentes obras de construcci\u00f3n que se han sucedido a su alrededor, lo hacen pr\u00e1cticamente irreconocible. \u00danicamente los ejemplares de&hellip;","og_url":"https:\/\/sitesize.net\/aprendizajeautonomo\/arrelats\/encuentro-de-primavera\/buscar-el-pozo\/","og_site_name":"Aprendizaje aut\u00f3nomo","article_modified_time":"2016-10-23T20:43:10+00:00","og_image":[{"url":"https:\/\/sitesize.net\/aprendizajeautonomo\/wp-content\/uploads\/sites\/7\/2016\/05\/Arrelats-4.jpg","type":"","width":"","height":""}],"twitter_card":"summary_large_image","twitter_misc":{"Est. reading time":"2 minutos"},"schema":{"@context":"https:\/\/schema.org","@graph":[{"@type":"WebPage","@id":"https:\/\/sitesize.net\/aprendizajeautonomo\/arrelats\/encuentro-de-primavera\/buscar-el-pozo\/","url":"https:\/\/sitesize.net\/aprendizajeautonomo\/arrelats\/encuentro-de-primavera\/buscar-el-pozo\/","name":"Buscar el pozo - Aprendizaje aut\u00f3nomo","isPartOf":{"@id":"https:\/\/sitesize.net\/aprendizajeautonomo\/#website"},"primaryImageOfPage":{"@id":"https:\/\/sitesize.net\/aprendizajeautonomo\/arrelats\/encuentro-de-primavera\/buscar-el-pozo\/#primaryimage"},"image":{"@id":"https:\/\/sitesize.net\/aprendizajeautonomo\/arrelats\/encuentro-de-primavera\/buscar-el-pozo\/#primaryimage"},"thumbnailUrl":"https:\/\/sitesize.net\/aprendizajeautonomo\/wp-content\/uploads\/sites\/7\/2016\/05\/Arrelats-4.jpg","datePublished":"2016-05-17T18:36:28+00:00","dateModified":"2016-10-23T20:43:10+00:00","breadcrumb":{"@id":"https:\/\/sitesize.net\/aprendizajeautonomo\/arrelats\/encuentro-de-primavera\/buscar-el-pozo\/#breadcrumb"},"inLanguage":"es","potentialAction":[{"@type":"ReadAction","target":["https:\/\/sitesize.net\/aprendizajeautonomo\/arrelats\/encuentro-de-primavera\/buscar-el-pozo\/"]}]},{"@type":"ImageObject","inLanguage":"es","@id":"https:\/\/sitesize.net\/aprendizajeautonomo\/arrelats\/encuentro-de-primavera\/buscar-el-pozo\/#primaryimage","url":"https:\/\/sitesize.net\/aprendizajeautonomo\/wp-content\/uploads\/sites\/7\/2016\/05\/Arrelats-4.jpg","contentUrl":"https:\/\/sitesize.net\/aprendizajeautonomo\/wp-content\/uploads\/sites\/7\/2016\/05\/Arrelats-4.jpg","width":700,"height":525,"caption":"Jard\u00ed de l'Amistat. Buscando el agua con varillas de zahor\u00ed"},{"@type":"BreadcrumbList","@id":"https:\/\/sitesize.net\/aprendizajeautonomo\/arrelats\/encuentro-de-primavera\/buscar-el-pozo\/#breadcrumb","itemListElement":[{"@type":"ListItem","position":1,"name":"Home","item":"https:\/\/sitesize.net\/aprendizajeautonomo\/"},{"@type":"ListItem","position":2,"name":"Arrelats","item":"https:\/\/sitesize.net\/aprendizajeautonomo\/arrelats\/"},{"@type":"ListItem","position":3,"name":"Aprendizaje de lo inesperado","item":"https:\/\/sitesize.net\/aprendizajeautonomo\/arrelats\/encuentro-de-primavera\/"},{"@type":"ListItem","position":4,"name":"Buscar el pozo"}]},{"@type":"WebSite","@id":"https:\/\/sitesize.net\/aprendizajeautonomo\/#website","url":"https:\/\/sitesize.net\/aprendizajeautonomo\/","name":"Aprendizaje aut\u00f3nomo","description":"comunidades e itinerarios en el marco de la creaci\u00f3n contempor\u00e1nea","potentialAction":[{"@type":"SearchAction","target":{"@type":"EntryPoint","urlTemplate":"https:\/\/sitesize.net\/aprendizajeautonomo\/?s={search_term_string}"},"query-input":{"@type":"PropertyValueSpecification","valueRequired":true,"valueName":"search_term_string"}}],"inLanguage":"es"}]}},"_links":{"self":[{"href":"https:\/\/sitesize.net\/aprendizajeautonomo\/wp-json\/wp\/v2\/pages\/327","targetHints":{"allow":["GET"]}}],"collection":[{"href":"https:\/\/sitesize.net\/aprendizajeautonomo\/wp-json\/wp\/v2\/pages"}],"about":[{"href":"https:\/\/sitesize.net\/aprendizajeautonomo\/wp-json\/wp\/v2\/types\/page"}],"author":[{"embeddable":true,"href":"https:\/\/sitesize.net\/aprendizajeautonomo\/wp-json\/wp\/v2\/users\/1"}],"replies":[{"embeddable":true,"href":"https:\/\/sitesize.net\/aprendizajeautonomo\/wp-json\/wp\/v2\/comments?post=327"}],"version-history":[{"count":3,"href":"https:\/\/sitesize.net\/aprendizajeautonomo\/wp-json\/wp\/v2\/pages\/327\/revisions"}],"predecessor-version":[{"id":573,"href":"https:\/\/sitesize.net\/aprendizajeautonomo\/wp-json\/wp\/v2\/pages\/327\/revisions\/573"}],"up":[{"embeddable":true,"href":"https:\/\/sitesize.net\/aprendizajeautonomo\/wp-json\/wp\/v2\/pages\/150"}],"wp:attachment":[{"href":"https:\/\/sitesize.net\/aprendizajeautonomo\/wp-json\/wp\/v2\/media?parent=327"}],"curies":[{"name":"wp","href":"https:\/\/api.w.org\/{rel}","templated":true}]}}