{"id":374,"date":"2016-06-17T17:23:52","date_gmt":"2016-06-17T17:23:52","guid":{"rendered":"https:\/\/sitesize.net\/aprendizajeautonomo\/?page_id=374"},"modified":"2016-10-22T18:12:20","modified_gmt":"2016-10-22T18:12:20","slug":"3-intercambios-y-aprendizajes","status":"publish","type":"page","link":"https:\/\/sitesize.net\/aprendizajeautonomo\/escuela-de-vallecas-3-0\/3-intercambios-y-aprendizajes\/","title":{"rendered":"3. Intercambios y aprendizajes"},"content":{"rendered":"<figure id=\"attachment_496\" aria-describedby=\"caption-attachment-496\" style=\"width: 700px\" class=\"wp-caption alignnone\"><a href=\"https:\/\/sitesize.net\/aprendizajeautonomo\/wp-content\/uploads\/sites\/7\/2016\/06\/avenidas-1.jpg\"><img loading=\"lazy\" decoding=\"async\" class=\"size-full wp-image-496\" src=\"https:\/\/sitesize.net\/aprendizajeautonomo\/wp-content\/uploads\/sites\/7\/2016\/06\/avenidas-1.jpg\" alt=\"Calle Provisional Altayuela Cinco\" width=\"700\" height=\"413\" srcset=\"https:\/\/sitesize.net\/aprendizajeautonomo\/wp-content\/uploads\/sites\/7\/2016\/06\/avenidas-1.jpg 700w, https:\/\/sitesize.net\/aprendizajeautonomo\/wp-content\/uploads\/sites\/7\/2016\/06\/avenidas-1-300x177.jpg 300w\" sizes=\"auto, (max-width: 700px) 100vw, 700px\" \/><\/a><figcaption id=\"caption-attachment-496\" class=\"wp-caption-text\">Calle Provisional Altayuela Cinco<\/figcaption><\/figure>\n<p><span style=\"font-family: Helvetica,Arial,sans-serif\">Recorridos de Sitesize en la zona sur de Madrid:<\/span><\/p>\n<p style=\"padding-left: 30px\"><span style=\"font-family: Helvetica,Arial,sans-serif\"><strong>Recorridos 2011<\/strong><br \/>\nMAD#sub <\/span><\/p>\n<p style=\"padding-left: 30px\"><span style=\"font-family: Helvetica,Arial,sans-serif\"><strong>Recorridos 2014<\/strong><br \/>\nEncuentro con Carlos Ruiz Balaguera. Arte Vecinal. Ensanche de Vallecas.<\/span><\/p>\n<p style=\"padding-left: 30px\"><span style=\"font-family: Helvetica,Arial,sans-serif\"><strong>Recorridos 2016<\/strong><br \/>\nEnclaves simb\u00f3licos y ejes naturales en el Ensanche de Vallecas.<\/span><\/p>\n<p style=\"padding-left: 30px\"><span style=\"font-family: Helvetica,Arial,sans-serif\"><b><br \/>\n<\/b><\/span><\/p>\n","protected":false},"excerpt":{"rendered":"<p>Recorridos de Sitesize en la zona sur de Madrid: Recorridos 2011 MAD#sub Recorridos 2014 Encuentro con Carlos Ruiz Balaguera. Arte Vecinal. Ensanche de Vallecas. Recorridos 2016 Enclaves simb\u00f3licos y ejes naturales en el Ensanche de Vallecas.<\/p>\n","protected":false},"author":1,"featured_media":0,"parent":6,"menu_order":3,"comment_status":"closed","ping_status":"closed","template":"","meta":{"footnotes":""},"class_list":["post-374","page","type-page","status-publish","hentry","no-post-thumbnail","post-grid-4-col","entry"],"yoast_head":"<!-- This site is optimized with the Yoast SEO plugin v27.1.1 - https:\/\/yoast.com\/product\/yoast-seo-wordpress\/ -->\n<title>3. Intercambios y aprendizajes - Aprendizaje aut\u00f3nomo<\/title>\n<meta name=\"robots\" content=\"index, follow, max-snippet:-1, max-image-preview:large, max-video-preview:-1\" \/>\n<link rel=\"canonical\" href=\"https:\/\/sitesize.net\/aprendizajeautonomo\/escuela-de-vallecas-3-0\/3-intercambios-y-aprendizajes\/\" \/>\n<meta property=\"og:locale\" content=\"es_ES\" \/>\n<meta property=\"og:type\" content=\"article\" \/>\n<meta property=\"og:title\" content=\"3. Intercambios y aprendizajes - Aprendizaje aut\u00f3nomo\" \/>\n<meta property=\"og:description\" content=\"Recorridos de Sitesize en la zona sur de Madrid: Recorridos 2011 MAD#sub Recorridos 2014 Encuentro con Carlos Ruiz Balaguera. Arte Vecinal. Ensanche de Vallecas. Recorridos 2016 Enclaves simb\u00f3licos y ejes naturales en el Ensanche de Vallecas.\" \/>\n<meta property=\"og:url\" content=\"https:\/\/sitesize.net\/aprendizajeautonomo\/escuela-de-vallecas-3-0\/3-intercambios-y-aprendizajes\/\" \/>\n<meta property=\"og:site_name\" content=\"Aprendizaje aut\u00f3nomo\" \/>\n<meta property=\"article:modified_time\" content=\"2016-10-22T18:12:20+00:00\" \/>\n<meta property=\"og:image\" content=\"https:\/\/sitesize.net\/aprendizajeautonomo\/wp-content\/uploads\/sites\/7\/2016\/06\/avenidas-1.jpg\" \/>\n<meta name=\"twitter:card\" content=\"summary_large_image\" \/>\n<script type=\"application\/ld+json\" class=\"yoast-schema-graph\">{\"@context\":\"https:\/\/schema.org\",\"@graph\":[{\"@type\":\"WebPage\",\"@id\":\"https:\/\/sitesize.net\/aprendizajeautonomo\/escuela-de-vallecas-3-0\/3-intercambios-y-aprendizajes\/\",\"url\":\"https:\/\/sitesize.net\/aprendizajeautonomo\/escuela-de-vallecas-3-0\/3-intercambios-y-aprendizajes\/\",\"name\":\"3. Intercambios y aprendizajes - Aprendizaje aut\u00f3nomo\",\"isPartOf\":{\"@id\":\"https:\/\/sitesize.net\/aprendizajeautonomo\/#website\"},\"primaryImageOfPage\":{\"@id\":\"https:\/\/sitesize.net\/aprendizajeautonomo\/escuela-de-vallecas-3-0\/3-intercambios-y-aprendizajes\/#primaryimage\"},\"image\":{\"@id\":\"https:\/\/sitesize.net\/aprendizajeautonomo\/escuela-de-vallecas-3-0\/3-intercambios-y-aprendizajes\/#primaryimage\"},\"thumbnailUrl\":\"https:\/\/sitesize.net\/aprendizajeautonomo\/wp-content\/uploads\/sites\/7\/2016\/06\/avenidas-1.jpg\",\"datePublished\":\"2016-06-17T17:23:52+00:00\",\"dateModified\":\"2016-10-22T18:12:20+00:00\",\"breadcrumb\":{\"@id\":\"https:\/\/sitesize.net\/aprendizajeautonomo\/escuela-de-vallecas-3-0\/3-intercambios-y-aprendizajes\/#breadcrumb\"},\"inLanguage\":\"es\",\"potentialAction\":[{\"@type\":\"ReadAction\",\"target\":[\"https:\/\/sitesize.net\/aprendizajeautonomo\/escuela-de-vallecas-3-0\/3-intercambios-y-aprendizajes\/\"]}]},{\"@type\":\"ImageObject\",\"inLanguage\":\"es\",\"@id\":\"https:\/\/sitesize.net\/aprendizajeautonomo\/escuela-de-vallecas-3-0\/3-intercambios-y-aprendizajes\/#primaryimage\",\"url\":\"https:\/\/sitesize.net\/aprendizajeautonomo\/wp-content\/uploads\/sites\/7\/2016\/06\/avenidas-1.jpg\",\"contentUrl\":\"https:\/\/sitesize.net\/aprendizajeautonomo\/wp-content\/uploads\/sites\/7\/2016\/06\/avenidas-1.jpg\",\"width\":700,\"height\":413,\"caption\":\"Calle Provisional Altayuela Cinco\"},{\"@type\":\"BreadcrumbList\",\"@id\":\"https:\/\/sitesize.net\/aprendizajeautonomo\/escuela-de-vallecas-3-0\/3-intercambios-y-aprendizajes\/#breadcrumb\",\"itemListElement\":[{\"@type\":\"ListItem\",\"position\":1,\"name\":\"Home\",\"item\":\"https:\/\/sitesize.net\/aprendizajeautonomo\/\"},{\"@type\":\"ListItem\",\"position\":2,\"name\":\"Escuela de Vallecas 3.0\",\"item\":\"https:\/\/sitesize.net\/aprendizajeautonomo\/escuela-de-vallecas-3-0\/\"},{\"@type\":\"ListItem\",\"position\":3,\"name\":\"3. Intercambios y aprendizajes\"}]},{\"@type\":\"WebSite\",\"@id\":\"https:\/\/sitesize.net\/aprendizajeautonomo\/#website\",\"url\":\"https:\/\/sitesize.net\/aprendizajeautonomo\/\",\"name\":\"Aprendizaje aut\u00f3nomo\",\"description\":\"comunidades e itinerarios en el marco de la creaci\u00f3n contempor\u00e1nea\",\"potentialAction\":[{\"@type\":\"SearchAction\",\"target\":{\"@type\":\"EntryPoint\",\"urlTemplate\":\"https:\/\/sitesize.net\/aprendizajeautonomo\/?s={search_term_string}\"},\"query-input\":{\"@type\":\"PropertyValueSpecification\",\"valueRequired\":true,\"valueName\":\"search_term_string\"}}],\"inLanguage\":\"es\"}]}<\/script>\n<!-- \/ Yoast SEO plugin. -->","yoast_head_json":{"title":"3. Intercambios y aprendizajes - Aprendizaje aut\u00f3nomo","robots":{"index":"index","follow":"follow","max-snippet":"max-snippet:-1","max-image-preview":"max-image-preview:large","max-video-preview":"max-video-preview:-1"},"canonical":"https:\/\/sitesize.net\/aprendizajeautonomo\/escuela-de-vallecas-3-0\/3-intercambios-y-aprendizajes\/","og_locale":"es_ES","og_type":"article","og_title":"3. Intercambios y aprendizajes - Aprendizaje aut\u00f3nomo","og_description":"Recorridos de Sitesize en la zona sur de Madrid: Recorridos 2011 MAD#sub Recorridos 2014 Encuentro con Carlos Ruiz Balaguera. Arte Vecinal. Ensanche de Vallecas. Recorridos 2016 Enclaves simb\u00f3licos y ejes naturales en el Ensanche de Vallecas.","og_url":"https:\/\/sitesize.net\/aprendizajeautonomo\/escuela-de-vallecas-3-0\/3-intercambios-y-aprendizajes\/","og_site_name":"Aprendizaje aut\u00f3nomo","article_modified_time":"2016-10-22T18:12:20+00:00","og_image":[{"url":"https:\/\/sitesize.net\/aprendizajeautonomo\/wp-content\/uploads\/sites\/7\/2016\/06\/avenidas-1.jpg","type":"","width":"","height":""}],"twitter_card":"summary_large_image","schema":{"@context":"https:\/\/schema.org","@graph":[{"@type":"WebPage","@id":"https:\/\/sitesize.net\/aprendizajeautonomo\/escuela-de-vallecas-3-0\/3-intercambios-y-aprendizajes\/","url":"https:\/\/sitesize.net\/aprendizajeautonomo\/escuela-de-vallecas-3-0\/3-intercambios-y-aprendizajes\/","name":"3. Intercambios y aprendizajes - Aprendizaje aut\u00f3nomo","isPartOf":{"@id":"https:\/\/sitesize.net\/aprendizajeautonomo\/#website"},"primaryImageOfPage":{"@id":"https:\/\/sitesize.net\/aprendizajeautonomo\/escuela-de-vallecas-3-0\/3-intercambios-y-aprendizajes\/#primaryimage"},"image":{"@id":"https:\/\/sitesize.net\/aprendizajeautonomo\/escuela-de-vallecas-3-0\/3-intercambios-y-aprendizajes\/#primaryimage"},"thumbnailUrl":"https:\/\/sitesize.net\/aprendizajeautonomo\/wp-content\/uploads\/sites\/7\/2016\/06\/avenidas-1.jpg","datePublished":"2016-06-17T17:23:52+00:00","dateModified":"2016-10-22T18:12:20+00:00","breadcrumb":{"@id":"https:\/\/sitesize.net\/aprendizajeautonomo\/escuela-de-vallecas-3-0\/3-intercambios-y-aprendizajes\/#breadcrumb"},"inLanguage":"es","potentialAction":[{"@type":"ReadAction","target":["https:\/\/sitesize.net\/aprendizajeautonomo\/escuela-de-vallecas-3-0\/3-intercambios-y-aprendizajes\/"]}]},{"@type":"ImageObject","inLanguage":"es","@id":"https:\/\/sitesize.net\/aprendizajeautonomo\/escuela-de-vallecas-3-0\/3-intercambios-y-aprendizajes\/#primaryimage","url":"https:\/\/sitesize.net\/aprendizajeautonomo\/wp-content\/uploads\/sites\/7\/2016\/06\/avenidas-1.jpg","contentUrl":"https:\/\/sitesize.net\/aprendizajeautonomo\/wp-content\/uploads\/sites\/7\/2016\/06\/avenidas-1.jpg","width":700,"height":413,"caption":"Calle Provisional Altayuela Cinco"},{"@type":"BreadcrumbList","@id":"https:\/\/sitesize.net\/aprendizajeautonomo\/escuela-de-vallecas-3-0\/3-intercambios-y-aprendizajes\/#breadcrumb","itemListElement":[{"@type":"ListItem","position":1,"name":"Home","item":"https:\/\/sitesize.net\/aprendizajeautonomo\/"},{"@type":"ListItem","position":2,"name":"Escuela de Vallecas 3.0","item":"https:\/\/sitesize.net\/aprendizajeautonomo\/escuela-de-vallecas-3-0\/"},{"@type":"ListItem","position":3,"name":"3. Intercambios y aprendizajes"}]},{"@type":"WebSite","@id":"https:\/\/sitesize.net\/aprendizajeautonomo\/#website","url":"https:\/\/sitesize.net\/aprendizajeautonomo\/","name":"Aprendizaje aut\u00f3nomo","description":"comunidades e itinerarios en el marco de la creaci\u00f3n contempor\u00e1nea","potentialAction":[{"@type":"SearchAction","target":{"@type":"EntryPoint","urlTemplate":"https:\/\/sitesize.net\/aprendizajeautonomo\/?s={search_term_string}"},"query-input":{"@type":"PropertyValueSpecification","valueRequired":true,"valueName":"search_term_string"}}],"inLanguage":"es"}]}},"_links":{"self":[{"href":"https:\/\/sitesize.net\/aprendizajeautonomo\/wp-json\/wp\/v2\/pages\/374","targetHints":{"allow":["GET"]}}],"collection":[{"href":"https:\/\/sitesize.net\/aprendizajeautonomo\/wp-json\/wp\/v2\/pages"}],"about":[{"href":"https:\/\/sitesize.net\/aprendizajeautonomo\/wp-json\/wp\/v2\/types\/page"}],"author":[{"embeddable":true,"href":"https:\/\/sitesize.net\/aprendizajeautonomo\/wp-json\/wp\/v2\/users\/1"}],"replies":[{"embeddable":true,"href":"https:\/\/sitesize.net\/aprendizajeautonomo\/wp-json\/wp\/v2\/comments?post=374"}],"version-history":[{"count":7,"href":"https:\/\/sitesize.net\/aprendizajeautonomo\/wp-json\/wp\/v2\/pages\/374\/revisions"}],"predecessor-version":[{"id":497,"href":"https:\/\/sitesize.net\/aprendizajeautonomo\/wp-json\/wp\/v2\/pages\/374\/revisions\/497"}],"up":[{"embeddable":true,"href":"https:\/\/sitesize.net\/aprendizajeautonomo\/wp-json\/wp\/v2\/pages\/6"}],"wp:attachment":[{"href":"https:\/\/sitesize.net\/aprendizajeautonomo\/wp-json\/wp\/v2\/media?parent=374"}],"curies":[{"name":"wp","href":"https:\/\/api.w.org\/{rel}","templated":true}]}}