{"id":379,"date":"2016-06-17T17:32:35","date_gmt":"2016-06-17T17:32:35","guid":{"rendered":"https:\/\/sitesize.net\/aprendizajeautonomo\/?page_id=379"},"modified":"2016-10-25T16:10:26","modified_gmt":"2016-10-25T16:10:26","slug":"recorridos-2011","status":"publish","type":"page","link":"https:\/\/sitesize.net\/aprendizajeautonomo\/escuela-de-vallecas-3-0\/recorridos-2011\/","title":{"rendered":"Recorridos 2011"},"content":{"rendered":"<p><strong>MAD#sub<\/strong><\/p>\n<figure id=\"attachment_530\" aria-describedby=\"caption-attachment-530\" style=\"width: 700px\" class=\"wp-caption alignnone\"><a href=\"https:\/\/sitesize.net\/aprendizajeautonomo\/wp-content\/uploads\/sites\/7\/2016\/06\/Sitesize-MADsub-1.jpg\"><img loading=\"lazy\" decoding=\"async\" class=\"size-full wp-image-530\" src=\"https:\/\/sitesize.net\/aprendizajeautonomo\/wp-content\/uploads\/sites\/7\/2016\/06\/Sitesize-MADsub-1.jpg\" alt=\"Sitesize- MAD#sub 2011\" width=\"700\" height=\"184\" srcset=\"https:\/\/sitesize.net\/aprendizajeautonomo\/wp-content\/uploads\/sites\/7\/2016\/06\/Sitesize-MADsub-1.jpg 700w, https:\/\/sitesize.net\/aprendizajeautonomo\/wp-content\/uploads\/sites\/7\/2016\/06\/Sitesize-MADsub-1-300x79.jpg 300w\" sizes=\"auto, (max-width: 700px) 100vw, 700px\" \/><\/a><figcaption id=\"caption-attachment-530\" class=\"wp-caption-text\">Sitesize- MAD#sub 2011<\/figcaption><\/figure>\n<p>Nuestra primera incursi\u00f3n en el Ensanche de Vallecas fue a ra\u00edz del encargo de una investigaci\u00f3n sobre la Periferia de Madrid dentro del seminario y los encuentros <a href=\"http:\/\/subur.urbanaccion.org\/?cat=65\" target=\"_blank\">URBANACCION<\/a> en la Casa Encendida el a\u00f1o 2011. Defin\u00edamos as\u00ed la investigaci\u00f3n y sus objetivos:<\/p>\n<p style=\"padding-left: 30px\"><a href=\"https:\/\/madsub.wordpress.com\/\" target=\"_blank\">MAD#sub<\/a> es un ensayo visual sobre las din\u00e1micas territoriales del cintur\u00f3n sub-suburbial de Madrid que indaga en las formas de representaci\u00f3n, las pr\u00e1cticas culturales y las narrativas aut\u00f3nomas del paisaje perif\u00e9rico.<br \/>\nMAD#sub es parte de una investigaci\u00f3n sobre las din\u00e1micas territoriales del cintur\u00f3n sub-suburbial de Madrid. Constituye un proceso de micro-investigaci\u00f3n acci\u00f3n que indaga sobre las formas de representaci\u00f3n del paisaje de la periferia, las pr\u00e1cticas culturales y las narrativas aut\u00f3nomas que se pueden generar en relaci\u00f3n a la transformaci\u00f3n y la vivencia de estos espacios liminales.<br \/>\nEntendemos la liminalidad como espacio de transici\u00f3n, caracterizado por su<br \/>\nindeterminaci\u00f3n y donde todo devenir es posible. La metr\u00f3polis, y m\u00e1s concretamente la periferia, es el espacio de resistencia y tambi\u00e9n de proposiciones posibles que permiten construir nuevas maneras de entender la cultura y las formas de vida. Los suburbios de estas periferias metropolitanas son espacios vac\u00edos y alejados de las formas de control, lugares todav\u00eda susceptibles de ser apropiados y dotados de nuevos significados.<br \/>\nLa idea de liminalidad y communitas (Victor Turner) implica una negaci\u00f3n del orden social estructurado, de un vac\u00edo espacio-temporal y de estados de tr\u00e1nsito situados entre diferentes territorios. Estos espacios act\u00faan en cierta manera como zonas de liminalidad entre \u00e1reas, tr\u00e1nsitos y temporalidades, globalidades y localidades, esferas y lugares, im\u00e1genes y s\u00edmbolos, movimientos y cambios, ritmos y adaptaciones.<\/p>\n<figure id=\"attachment_531\" aria-describedby=\"caption-attachment-531\" style=\"width: 600px\" class=\"wp-caption alignnone\"><a href=\"https:\/\/sitesize.net\/aprendizajeautonomo\/wp-content\/uploads\/sites\/7\/2016\/06\/Sitesize-MADsub-2.jpg\"><img loading=\"lazy\" decoding=\"async\" class=\"size-full wp-image-531\" src=\"https:\/\/sitesize.net\/aprendizajeautonomo\/wp-content\/uploads\/sites\/7\/2016\/06\/Sitesize-MADsub-2.jpg\" alt=\"Sitesize-MAD#sub. 2011 Derivas MAD#sub. Urbanizaci\u00f3n de Sese\u00f1a\" width=\"600\" height=\"421\" srcset=\"https:\/\/sitesize.net\/aprendizajeautonomo\/wp-content\/uploads\/sites\/7\/2016\/06\/Sitesize-MADsub-2.jpg 600w, https:\/\/sitesize.net\/aprendizajeautonomo\/wp-content\/uploads\/sites\/7\/2016\/06\/Sitesize-MADsub-2-300x211.jpg 300w\" sizes=\"auto, (max-width: 600px) 100vw, 600px\" \/><\/a><figcaption id=\"caption-attachment-531\" class=\"wp-caption-text\">Sitesize-MAD#sub. 2011<br \/>Derivas MAD#sub. Urbanizaci\u00f3n de Sese\u00f1a<\/figcaption><\/figure>\n<p>Fueron varios d\u00edas de derivas por la regi\u00f3n sur de Madrid, en dos periodos septiembre y noviembre de 2011. En varias de ellas visitamos distintos espacios del barrio y en la segunda contactamos con el responsable de Arte Vecinal Carlos Ruiz Balaguera.<\/p>\n<p>*P\u00e1gina web del proyecto <a href=\"https:\/\/madsub.wordpress.com\/\" target=\"_blank\">MAD#sub Anotaciones desde el sub-suburbio de Madrid.<\/a> Sitesize 2011<\/p>\n<p>&nbsp;<\/p>\n<p><iframe loading=\"lazy\" src=\"https:\/\/player.vimeo.com\/video\/67765373\" width=\"586\" height=\"480\" frameborder=\"0\" title=\"MAD#sub anotaciones desde el sub-suburbio de Madrid\" webkitallowfullscreen mozallowfullscreen allowfullscreen><\/iframe><\/p>\n<p>Como retorno de la investigaci\u00f3n y la experiencia, editamos un video y redactamos unas cr\u00f3nicas de las derivas realizadas. Adjuntamos una de las escritas sobre el Ensanche de Vallecas.<\/p>\n<p><strong>#Calle del Arte Conceptual. Ensa\u00f1amiento de\u00a0Bellacas<\/strong><br \/>\nLlegamos a la salida del metro de la avenida sin urbanizar, DENNIS OPPENHEIM. Lo primero que encontramos en el extremo del barrio es una alta torre negra terminada pero todav\u00eda sin vecinos que la habiten, DONALD JUD. A lo lejos la osamenta de cemento de una promoci\u00f3n de chalets abandonada se recorta limpia entre el campo de gram\u00edneas en que se ha convertido el solar, SOL LEWIT. La avenida sur es una l\u00ednea de fuga continua sin fin. Una traza abierta puntuada por alguna construcci\u00f3n aislada, WALTER DE MARIA. En esta avenida el taller de Estrategias de colonizaci\u00f3n vegetal\u00a0 ha esparcido bolas de semillas por el suelo yermo y por los parques desiertos, ALAN SONFISH. HANS HAACKE (en persona)[1], baja del coche ante un paisaje vac\u00edo de rastrojos. Dispara desorientado alguna fotograf\u00eda que permita acotar lo innombrable desde su esp\u00edritu cr\u00edtico y al mismo tiempo conservar la distancia.<\/p>\n<p>La rotundidad vacua del arte conceptual norteamericano nos lleg\u00f3 a trav\u00e9s de revistas especializadas y muestras institucionales. Consider\u00e1bamos entonces, que era la culminaci\u00f3n de una modernidad perdida, de la que hab\u00edamos sido despose\u00eddos. Admitirla como asumimos otras desocupaciones mentales y f\u00edsicas, no nos permiti\u00f3 verlo como el exacto reflejo de la construcci\u00f3n de la sociedad norteamericana, asentada en el vaciamiento de las formas de vida plena. Una escapatoria o la confirmaci\u00f3n del liberalismo bajo control social entregado al ensa\u00f1amiento comercial corporativo. Nuestra modernidad bastarda acogi\u00f3 esta imagen y su reflejo. Un vac\u00edo y la l\u00ednea de fuga de auto representaci\u00f3n paralela con la que huye. Somos administradores de una deuda que ser\u00e1 pagada por generaciones al haber entregado nuestro patrimonio de identidad al postor de la renuncia.<\/p>\n<p>El metro finaliza aqu\u00ed su recorrido. Nos sale al encuentro el \u00faltimo marco carente de palabras que tiene sin embargo una alta cotizaci\u00f3n en el mercado de los intangibles. Lo perif\u00e9rico liberado de su escenario deja de ser un lugar para diluirse en una impercepci\u00f3n. Instalados sin reconocerlo en el vaciamiento, quedamos expuestos a cualquier ocupaci\u00f3n ajena. A merced de la nada, a disposici\u00f3n de todo.<br \/>\nComo el museo moderno, auto referencial. Falto de sensibilidades personalizadas, lleno de obras autistas ausentes de todo p\u00fablico que las contemple. El Ensanche de Vallecas permanece sin rastro de ciudadanos en sus calles, en sus parques sobredimensionados, en las zonas infantiles expuestas a una severa intemperie. \u00bfD\u00f3nde est\u00e1 la gente? \u00bfD\u00f3nde se refugia del viento ya fr\u00edo del oto\u00f1o?<\/p>\n<p>Seguimos arrastrados por la inercia de la circulaci\u00f3n de los coches. Acabamos en el centro l\u00fadico comercial La Gavia. Nos sorprende encontrarlo lleno de seres humanos. Advertimos expectantes como los habitantes de este suburbio se comportan: Deambulan por pasillos enormes. Comen en restaurantes tem\u00e1ticos lowcost. Hacen cola a la espera que inicie la sesi\u00f3n del multicines. \u00bfEs \u00e9ste el refugio opuesto de tanto vaci\u00f3?<br \/>\nEn la traducci\u00f3n al catal\u00e1n de la palabra g\u00e0bia que significa jaula, no puedo dejar de ver el cobijo a la intemperie como el encierro del trabajo colectivizado de la actualidad. El consumo disciplinado de bajo coste y de alto impacto. Trabajadores precarios sirviendo a consumidores precarizados.<br \/>\nPedimos una bebida y compartimos una pizza.<\/p>\n<p>Sentados entorno a la mesa Pablo, nuestro \u00faltimo enlace en el barrio, nos lee un art\u00edculo que acaba de describirnos donde estamos:<\/p>\n<p>El ensanche de Vallecas es un lugar enorme con miles de casas deshabitadas y miles de metros cuadrados de arena y asfalto bald\u00edos. En 700 hect\u00e1reas viven unas 20.000 personas, siete veces menos que en el distrito Centro de la capital, que tiene 520 hect\u00e1reas. \u2013Es una adherencia desproporcionada en forma y tama\u00f1o\u2013, reprueba Eduardo mangada, exconsejero socialista de Ordenaci\u00f3n del Territorio.<br \/>\n\u2013Aqu\u00ed no hay vida social\u2013, dice un vecino, que lleg\u00f3 al Ensanche atra\u00eddo principalmente por dos cosas: un \u00e1tico y un garaje que pudiera permitirse pagar. Pero en el paquete ven\u00edan eso y un barrio hipotenso. \u2013Sales a la calle y no tienes un pu\u00f1etero bar, ni un quiosco, ni una cafeter\u00eda\u2013, cuenta.<br \/>\nPor las aceras del PAU camina poca gente. Por sus anch\u00edsimas v\u00edas circula una parte \u00ednfima de los coches que podr\u00edan caber. Las medianas son franjas de vegetaci\u00f3n asilvestrada o, peor a\u00fan, c\u00famulos de tierra y escombro que quedaron all\u00ed estancados despu\u00e9s de las obras.<br \/>\nLa vida en el barrio gira en torno a un gran centro comercial. Los vecinos tienen que acudir all\u00ed para realizar la mayor\u00eda de sus compras y en muchas ocasiones es este lugar de ocio:160 negocios concentrados les ofrecen comercio y diversi\u00f3n, un espacio privado que funciona como si fuese p\u00fablico. Agentes de la Polic\u00eda Nacional patrullan tranquilamente por sus pasillos encerados. \u2013Aqu\u00ed la plaza del pueblo es el centro comercial\u2013 dice Josu\u00e9 Lozada, salvadore\u00f1o de 25 a\u00f1os.<br \/>\nLa relaci\u00f3n del PAU con el resto de su distrito, la zona antigua de Villa Vallecas, es escasa. No hay flujo entre el barrio nuevo y el viejo. Y, si lo hay, suele ser el de alg\u00fan nost\u00e1lgico de su antiguo barrio que pasa partes del d\u00eda al otro lado de la frontera urbana, como Juli\u00e1n Guill\u00e9n, de 50 a\u00f1os: \u2013Vengo todos los d\u00edas a comer donde mi madre y a estar con los amigos\u2013, cuenta dentro de un bar de Villa Vallecas. \u2013En los bares del PAU falta alegr\u00eda\u201d.<br \/>\nP.Garc\u00eda, P. De Llano. El Pa\u00eds. 30\/10\/2010<\/p>\n<p>[1]-Hans Haacke conocido artista conceptual, nos acompa\u00f1\u00f3 en el recorrido por la periferia\u00a0 en la preparaci\u00f3n de su pr\u00f3xima exposici\u00f3n en el Museu Nacional Centro de Arte Reina Sof\u00eda.<\/p>\n","protected":false},"excerpt":{"rendered":"<p>MAD#sub Nuestra primera incursi\u00f3n en el Ensanche de Vallecas fue a ra\u00edz del encargo de una investigaci\u00f3n sobre la Periferia de Madrid dentro del seminario y los encuentros URBANACCION en la Casa Encendida el a\u00f1o 2011. Defin\u00edamos as\u00ed la investigaci\u00f3n y sus objetivos: MAD#sub es un ensayo visual sobre las din\u00e1micas territoriales del cintur\u00f3n sub-suburbial&hellip;<\/p>\n","protected":false},"author":1,"featured_media":0,"parent":6,"menu_order":4,"comment_status":"closed","ping_status":"closed","template":"","meta":{"footnotes":""},"class_list":["post-379","page","type-page","status-publish","hentry","no-post-thumbnail","post-grid-4-col","entry"],"yoast_head":"<!-- This site is optimized with the Yoast SEO plugin v27.1.1 - https:\/\/yoast.com\/product\/yoast-seo-wordpress\/ -->\n<title>Recorridos 2011 - Aprendizaje aut\u00f3nomo<\/title>\n<meta name=\"robots\" content=\"index, follow, max-snippet:-1, max-image-preview:large, max-video-preview:-1\" \/>\n<link rel=\"canonical\" href=\"https:\/\/sitesize.net\/aprendizajeautonomo\/escuela-de-vallecas-3-0\/recorridos-2011\/\" \/>\n<meta property=\"og:locale\" content=\"es_ES\" \/>\n<meta property=\"og:type\" content=\"article\" \/>\n<meta property=\"og:title\" content=\"Recorridos 2011 - Aprendizaje aut\u00f3nomo\" \/>\n<meta property=\"og:description\" content=\"MAD#sub Nuestra primera incursi\u00f3n en el Ensanche de Vallecas fue a ra\u00edz del encargo de una investigaci\u00f3n sobre la Periferia de Madrid dentro del seminario y los encuentros URBANACCION en la Casa Encendida el a\u00f1o 2011. Defin\u00edamos as\u00ed la investigaci\u00f3n y sus objetivos: MAD#sub es un ensayo visual sobre las din\u00e1micas territoriales del cintur\u00f3n sub-suburbial&hellip;\" \/>\n<meta property=\"og:url\" content=\"https:\/\/sitesize.net\/aprendizajeautonomo\/escuela-de-vallecas-3-0\/recorridos-2011\/\" \/>\n<meta property=\"og:site_name\" content=\"Aprendizaje aut\u00f3nomo\" \/>\n<meta property=\"article:modified_time\" content=\"2016-10-25T16:10:26+00:00\" \/>\n<meta property=\"og:image\" content=\"https:\/\/sitesize.net\/aprendizajeautonomo\/wp-content\/uploads\/sites\/7\/2016\/06\/Sitesize-MADsub-1.jpg\" \/>\n<meta name=\"twitter:card\" content=\"summary_large_image\" \/>\n<meta name=\"twitter:label1\" content=\"Est. reading time\" \/>\n\t<meta name=\"twitter:data1\" content=\"7 minutos\" \/>\n<script type=\"application\/ld+json\" class=\"yoast-schema-graph\">{\"@context\":\"https:\/\/schema.org\",\"@graph\":[{\"@type\":\"WebPage\",\"@id\":\"https:\/\/sitesize.net\/aprendizajeautonomo\/escuela-de-vallecas-3-0\/recorridos-2011\/\",\"url\":\"https:\/\/sitesize.net\/aprendizajeautonomo\/escuela-de-vallecas-3-0\/recorridos-2011\/\",\"name\":\"Recorridos 2011 - Aprendizaje aut\u00f3nomo\",\"isPartOf\":{\"@id\":\"https:\/\/sitesize.net\/aprendizajeautonomo\/#website\"},\"primaryImageOfPage\":{\"@id\":\"https:\/\/sitesize.net\/aprendizajeautonomo\/escuela-de-vallecas-3-0\/recorridos-2011\/#primaryimage\"},\"image\":{\"@id\":\"https:\/\/sitesize.net\/aprendizajeautonomo\/escuela-de-vallecas-3-0\/recorridos-2011\/#primaryimage\"},\"thumbnailUrl\":\"https:\/\/sitesize.net\/aprendizajeautonomo\/wp-content\/uploads\/sites\/7\/2016\/06\/Sitesize-MADsub-1.jpg\",\"datePublished\":\"2016-06-17T17:32:35+00:00\",\"dateModified\":\"2016-10-25T16:10:26+00:00\",\"breadcrumb\":{\"@id\":\"https:\/\/sitesize.net\/aprendizajeautonomo\/escuela-de-vallecas-3-0\/recorridos-2011\/#breadcrumb\"},\"inLanguage\":\"es\",\"potentialAction\":[{\"@type\":\"ReadAction\",\"target\":[\"https:\/\/sitesize.net\/aprendizajeautonomo\/escuela-de-vallecas-3-0\/recorridos-2011\/\"]}]},{\"@type\":\"ImageObject\",\"inLanguage\":\"es\",\"@id\":\"https:\/\/sitesize.net\/aprendizajeautonomo\/escuela-de-vallecas-3-0\/recorridos-2011\/#primaryimage\",\"url\":\"https:\/\/sitesize.net\/aprendizajeautonomo\/wp-content\/uploads\/sites\/7\/2016\/06\/Sitesize-MADsub-1.jpg\",\"contentUrl\":\"https:\/\/sitesize.net\/aprendizajeautonomo\/wp-content\/uploads\/sites\/7\/2016\/06\/Sitesize-MADsub-1.jpg\",\"width\":700,\"height\":184,\"caption\":\"Sitesize- MAD#sub 2011\"},{\"@type\":\"BreadcrumbList\",\"@id\":\"https:\/\/sitesize.net\/aprendizajeautonomo\/escuela-de-vallecas-3-0\/recorridos-2011\/#breadcrumb\",\"itemListElement\":[{\"@type\":\"ListItem\",\"position\":1,\"name\":\"Home\",\"item\":\"https:\/\/sitesize.net\/aprendizajeautonomo\/\"},{\"@type\":\"ListItem\",\"position\":2,\"name\":\"Escuela de Vallecas 3.0\",\"item\":\"https:\/\/sitesize.net\/aprendizajeautonomo\/escuela-de-vallecas-3-0\/\"},{\"@type\":\"ListItem\",\"position\":3,\"name\":\"Recorridos 2011\"}]},{\"@type\":\"WebSite\",\"@id\":\"https:\/\/sitesize.net\/aprendizajeautonomo\/#website\",\"url\":\"https:\/\/sitesize.net\/aprendizajeautonomo\/\",\"name\":\"Aprendizaje aut\u00f3nomo\",\"description\":\"comunidades e itinerarios en el marco de la creaci\u00f3n contempor\u00e1nea\",\"potentialAction\":[{\"@type\":\"SearchAction\",\"target\":{\"@type\":\"EntryPoint\",\"urlTemplate\":\"https:\/\/sitesize.net\/aprendizajeautonomo\/?s={search_term_string}\"},\"query-input\":{\"@type\":\"PropertyValueSpecification\",\"valueRequired\":true,\"valueName\":\"search_term_string\"}}],\"inLanguage\":\"es\"}]}<\/script>\n<!-- \/ Yoast SEO plugin. -->","yoast_head_json":{"title":"Recorridos 2011 - Aprendizaje aut\u00f3nomo","robots":{"index":"index","follow":"follow","max-snippet":"max-snippet:-1","max-image-preview":"max-image-preview:large","max-video-preview":"max-video-preview:-1"},"canonical":"https:\/\/sitesize.net\/aprendizajeautonomo\/escuela-de-vallecas-3-0\/recorridos-2011\/","og_locale":"es_ES","og_type":"article","og_title":"Recorridos 2011 - Aprendizaje aut\u00f3nomo","og_description":"MAD#sub Nuestra primera incursi\u00f3n en el Ensanche de Vallecas fue a ra\u00edz del encargo de una investigaci\u00f3n sobre la Periferia de Madrid dentro del seminario y los encuentros URBANACCION en la Casa Encendida el a\u00f1o 2011. Defin\u00edamos as\u00ed la investigaci\u00f3n y sus objetivos: MAD#sub es un ensayo visual sobre las din\u00e1micas territoriales del cintur\u00f3n sub-suburbial&hellip;","og_url":"https:\/\/sitesize.net\/aprendizajeautonomo\/escuela-de-vallecas-3-0\/recorridos-2011\/","og_site_name":"Aprendizaje aut\u00f3nomo","article_modified_time":"2016-10-25T16:10:26+00:00","og_image":[{"url":"https:\/\/sitesize.net\/aprendizajeautonomo\/wp-content\/uploads\/sites\/7\/2016\/06\/Sitesize-MADsub-1.jpg","type":"","width":"","height":""}],"twitter_card":"summary_large_image","twitter_misc":{"Est. reading time":"7 minutos"},"schema":{"@context":"https:\/\/schema.org","@graph":[{"@type":"WebPage","@id":"https:\/\/sitesize.net\/aprendizajeautonomo\/escuela-de-vallecas-3-0\/recorridos-2011\/","url":"https:\/\/sitesize.net\/aprendizajeautonomo\/escuela-de-vallecas-3-0\/recorridos-2011\/","name":"Recorridos 2011 - Aprendizaje aut\u00f3nomo","isPartOf":{"@id":"https:\/\/sitesize.net\/aprendizajeautonomo\/#website"},"primaryImageOfPage":{"@id":"https:\/\/sitesize.net\/aprendizajeautonomo\/escuela-de-vallecas-3-0\/recorridos-2011\/#primaryimage"},"image":{"@id":"https:\/\/sitesize.net\/aprendizajeautonomo\/escuela-de-vallecas-3-0\/recorridos-2011\/#primaryimage"},"thumbnailUrl":"https:\/\/sitesize.net\/aprendizajeautonomo\/wp-content\/uploads\/sites\/7\/2016\/06\/Sitesize-MADsub-1.jpg","datePublished":"2016-06-17T17:32:35+00:00","dateModified":"2016-10-25T16:10:26+00:00","breadcrumb":{"@id":"https:\/\/sitesize.net\/aprendizajeautonomo\/escuela-de-vallecas-3-0\/recorridos-2011\/#breadcrumb"},"inLanguage":"es","potentialAction":[{"@type":"ReadAction","target":["https:\/\/sitesize.net\/aprendizajeautonomo\/escuela-de-vallecas-3-0\/recorridos-2011\/"]}]},{"@type":"ImageObject","inLanguage":"es","@id":"https:\/\/sitesize.net\/aprendizajeautonomo\/escuela-de-vallecas-3-0\/recorridos-2011\/#primaryimage","url":"https:\/\/sitesize.net\/aprendizajeautonomo\/wp-content\/uploads\/sites\/7\/2016\/06\/Sitesize-MADsub-1.jpg","contentUrl":"https:\/\/sitesize.net\/aprendizajeautonomo\/wp-content\/uploads\/sites\/7\/2016\/06\/Sitesize-MADsub-1.jpg","width":700,"height":184,"caption":"Sitesize- MAD#sub 2011"},{"@type":"BreadcrumbList","@id":"https:\/\/sitesize.net\/aprendizajeautonomo\/escuela-de-vallecas-3-0\/recorridos-2011\/#breadcrumb","itemListElement":[{"@type":"ListItem","position":1,"name":"Home","item":"https:\/\/sitesize.net\/aprendizajeautonomo\/"},{"@type":"ListItem","position":2,"name":"Escuela de Vallecas 3.0","item":"https:\/\/sitesize.net\/aprendizajeautonomo\/escuela-de-vallecas-3-0\/"},{"@type":"ListItem","position":3,"name":"Recorridos 2011"}]},{"@type":"WebSite","@id":"https:\/\/sitesize.net\/aprendizajeautonomo\/#website","url":"https:\/\/sitesize.net\/aprendizajeautonomo\/","name":"Aprendizaje aut\u00f3nomo","description":"comunidades e itinerarios en el marco de la creaci\u00f3n contempor\u00e1nea","potentialAction":[{"@type":"SearchAction","target":{"@type":"EntryPoint","urlTemplate":"https:\/\/sitesize.net\/aprendizajeautonomo\/?s={search_term_string}"},"query-input":{"@type":"PropertyValueSpecification","valueRequired":true,"valueName":"search_term_string"}}],"inLanguage":"es"}]}},"_links":{"self":[{"href":"https:\/\/sitesize.net\/aprendizajeautonomo\/wp-json\/wp\/v2\/pages\/379","targetHints":{"allow":["GET"]}}],"collection":[{"href":"https:\/\/sitesize.net\/aprendizajeautonomo\/wp-json\/wp\/v2\/pages"}],"about":[{"href":"https:\/\/sitesize.net\/aprendizajeautonomo\/wp-json\/wp\/v2\/types\/page"}],"author":[{"embeddable":true,"href":"https:\/\/sitesize.net\/aprendizajeautonomo\/wp-json\/wp\/v2\/users\/1"}],"replies":[{"embeddable":true,"href":"https:\/\/sitesize.net\/aprendizajeautonomo\/wp-json\/wp\/v2\/comments?post=379"}],"version-history":[{"count":5,"href":"https:\/\/sitesize.net\/aprendizajeautonomo\/wp-json\/wp\/v2\/pages\/379\/revisions"}],"predecessor-version":[{"id":641,"href":"https:\/\/sitesize.net\/aprendizajeautonomo\/wp-json\/wp\/v2\/pages\/379\/revisions\/641"}],"up":[{"embeddable":true,"href":"https:\/\/sitesize.net\/aprendizajeautonomo\/wp-json\/wp\/v2\/pages\/6"}],"wp:attachment":[{"href":"https:\/\/sitesize.net\/aprendizajeautonomo\/wp-json\/wp\/v2\/media?parent=379"}],"curies":[{"name":"wp","href":"https:\/\/api.w.org\/{rel}","templated":true}]}}