{"id":381,"date":"2016-06-17T17:33:50","date_gmt":"2016-06-17T17:33:50","guid":{"rendered":"https:\/\/sitesize.net\/aprendizajeautonomo\/?page_id=381"},"modified":"2016-10-22T18:38:20","modified_gmt":"2016-10-22T18:38:20","slug":"recorridos-2015","status":"publish","type":"page","link":"https:\/\/sitesize.net\/aprendizajeautonomo\/escuela-de-vallecas-3-0\/recorridos-2015\/","title":{"rendered":"Recorridos 2014"},"content":{"rendered":"<figure id=\"attachment_498\" aria-describedby=\"caption-attachment-498\" style=\"width: 700px\" class=\"wp-caption alignnone\"><a href=\"https:\/\/sitesize.net\/aprendizajeautonomo\/wp-content\/uploads\/sites\/7\/2016\/06\/Vallecas-Encuentro2014-1.jpg\"><img loading=\"lazy\" decoding=\"async\" class=\"size-full wp-image-498\" src=\"https:\/\/sitesize.net\/aprendizajeautonomo\/wp-content\/uploads\/sites\/7\/2016\/06\/Vallecas-Encuentro2014-1.jpg\" alt=\"Encuentro con Carlos Ruiz Balaguera en la Avenida del Ensanche de Vallecas\" width=\"700\" height=\"500\" srcset=\"https:\/\/sitesize.net\/aprendizajeautonomo\/wp-content\/uploads\/sites\/7\/2016\/06\/Vallecas-Encuentro2014-1.jpg 700w, https:\/\/sitesize.net\/aprendizajeautonomo\/wp-content\/uploads\/sites\/7\/2016\/06\/Vallecas-Encuentro2014-1-300x214.jpg 300w\" sizes=\"auto, (max-width: 700px) 100vw, 700px\" \/><\/a><figcaption id=\"caption-attachment-498\" class=\"wp-caption-text\">Encuentro con Carlos Ruiz Balaguera en la Avenida del Ensanche de Vallecas<\/figcaption><\/figure>\n<p><strong>Encuentro con Carlos Ruiz Balaguera. Arte Vecinal.<\/strong><br \/>\nEnsanche de Vallecas.<\/p>\n<p>En diciembre de 2014 realizamos un nuevo recorrido de reconocimiento al Ensanche de Vallecas dentro de una estancia de investigaci\u00f3n en el MNCARS para reunirnos con iniciativas de creaci\u00f3n y aprendizaje en Madrid.<\/p>\n<p>En el rastreo previo de iniciativas, descubrimos el proyecto de arte comunitario Escuela de Vallecas 3.0. Su planteamiento y objetivos nos parecen inmejorables y conectan perfectamente con el objetivo de nuestra investigaci\u00f3n, el reconocimiento y enlace con creaciones de arte y territorio de la vanguardia art\u00edstica y su conexi\u00f3n con los modos y circunstancias de la creaci\u00f3n actual. Escuela de Vallecas 3.0 plantea conectar con el esp\u00edritu y la vinculaci\u00f3n con el paisaje de Vallecas, a partir de renovar la que fue la Escuela de Vallecas de 1920 y 30. Asumir la creaci\u00f3n art\u00edstica situada en las condiciones culturales y sociales del barrio pero, enlazar este esfuerzo y vocaci\u00f3n con el realizado por Alberto, Benjam\u00edn Palencia y todo su grupo, plenamente conscientes del lugar que habitaban y de la transcendencia que supon\u00eda el crear desde ah\u00ed. En este caso se trata de hacerlo de forma colectiva, compartiendo con otras personas e iniciativas, para construir una cohesi\u00f3n cultural y social en este barrio en perenne construcci\u00f3n.<br \/>\nNos seduce el programa de este proyecto y decidimos contactar con ellos para mantener un encuentro para conocer m\u00e1s de su pr\u00e1ctica.<\/p>\n<p>Nuestra sorpresa aumenta al descubrir que detr\u00e1s de esta iniciativa creativa est\u00e1 <strong>Carlos Ruiz Balaguera<\/strong>, la persona que nos introdujo al barrio en nuestra primer recorrido en 2011 y responsable del proyecto de creaci\u00f3n comunitaria <a href=\"https:\/\/artevecinal.wordpress.com\/\" target=\"_blank\"><strong>Arte Vecinal<\/strong><\/a>. Contactamos con \u00e9l y acordamos una visita para recorrer de nuevo el barrio, descubrir los cambios en curso y los nuevos retos y dificultades. Aprovechamos tambi\u00e9n para grabar una entrevista.<\/p>\n<p><a href=\"https:\/\/sitesize.net\/aprendizajeautonomo\/wp-content\/uploads\/sites\/7\/2016\/06\/Vallecas-Encuentro2014-2.jpg\"><img loading=\"lazy\" decoding=\"async\" class=\"alignnone size-full wp-image-499\" src=\"https:\/\/sitesize.net\/aprendizajeautonomo\/wp-content\/uploads\/sites\/7\/2016\/06\/Vallecas-Encuentro2014-2.jpg\" alt=\"Vallecas-Encuentro2014-2\" width=\"700\" height=\"500\" srcset=\"https:\/\/sitesize.net\/aprendizajeautonomo\/wp-content\/uploads\/sites\/7\/2016\/06\/Vallecas-Encuentro2014-2.jpg 700w, https:\/\/sitesize.net\/aprendizajeautonomo\/wp-content\/uploads\/sites\/7\/2016\/06\/Vallecas-Encuentro2014-2-300x214.jpg 300w\" sizes=\"auto, (max-width: 700px) 100vw, 700px\" \/><\/a><\/p>\n<p>&nbsp;<\/p>\n<figure id=\"attachment_500\" aria-describedby=\"caption-attachment-500\" style=\"width: 700px\" class=\"wp-caption alignnone\"><a href=\"https:\/\/sitesize.net\/aprendizajeautonomo\/wp-content\/uploads\/sites\/7\/2016\/06\/boulevard-de-la-naturaleza-4.jpg\"><img loading=\"lazy\" decoding=\"async\" class=\"size-full wp-image-500\" src=\"https:\/\/sitesize.net\/aprendizajeautonomo\/wp-content\/uploads\/sites\/7\/2016\/06\/boulevard-de-la-naturaleza-4.jpg\" alt=\"En el Bulevar de la Naturaleza\" width=\"700\" height=\"615\" srcset=\"https:\/\/sitesize.net\/aprendizajeautonomo\/wp-content\/uploads\/sites\/7\/2016\/06\/boulevard-de-la-naturaleza-4.jpg 700w, https:\/\/sitesize.net\/aprendizajeautonomo\/wp-content\/uploads\/sites\/7\/2016\/06\/boulevard-de-la-naturaleza-4-300x264.jpg 300w\" sizes=\"auto, (max-width: 700px) 100vw, 700px\" \/><\/a><figcaption id=\"caption-attachment-500\" class=\"wp-caption-text\">En el Bulevar de la Naturaleza<\/figcaption><\/figure>\n<p><span style=\"font-family: Helvetica,Arial,sans-serif\">\u00a0<\/span><\/p>\n<figure id=\"attachment_502\" aria-describedby=\"caption-attachment-502\" style=\"width: 700px\" class=\"wp-caption alignnone\"><a href=\"https:\/\/sitesize.net\/aprendizajeautonomo\/wp-content\/uploads\/sites\/7\/2016\/06\/arte-Vecinal-1.jpg\"><img loading=\"lazy\" decoding=\"async\" class=\"size-full wp-image-502\" src=\"https:\/\/sitesize.net\/aprendizajeautonomo\/wp-content\/uploads\/sites\/7\/2016\/06\/arte-Vecinal-1.jpg\" alt=\"Rastros de una acci\u00f3n de Arte Vecinal para reclamar la contrucci\u00f3n de una escuela p\u00fablica en el barrio\" width=\"700\" height=\"466\" srcset=\"https:\/\/sitesize.net\/aprendizajeautonomo\/wp-content\/uploads\/sites\/7\/2016\/06\/arte-Vecinal-1.jpg 700w, https:\/\/sitesize.net\/aprendizajeautonomo\/wp-content\/uploads\/sites\/7\/2016\/06\/arte-Vecinal-1-300x200.jpg 300w\" sizes=\"auto, (max-width: 700px) 100vw, 700px\" \/><\/a><figcaption id=\"caption-attachment-502\" class=\"wp-caption-text\">Rastros de una acci\u00f3n de Arte Vecinal para reclamar la contrucci\u00f3n de una escuela p\u00fablica en el barrio<\/figcaption><\/figure>\n","protected":false},"excerpt":{"rendered":"<p>Encuentro con Carlos Ruiz Balaguera. Arte Vecinal. Ensanche de Vallecas. En diciembre de 2014 realizamos un nuevo recorrido de reconocimiento al Ensanche de Vallecas dentro de una estancia de investigaci\u00f3n en el MNCARS para reunirnos con iniciativas de creaci\u00f3n y aprendizaje en Madrid. En el rastreo previo de iniciativas, descubrimos el proyecto de arte comunitario&hellip;<\/p>\n","protected":false},"author":1,"featured_media":0,"parent":6,"menu_order":5,"comment_status":"closed","ping_status":"closed","template":"","meta":{"footnotes":""},"class_list":["post-381","page","type-page","status-publish","hentry","no-post-thumbnail","post-grid-4-col","entry"],"yoast_head":"<!-- This site is optimized with the Yoast SEO plugin v27.1.1 - https:\/\/yoast.com\/product\/yoast-seo-wordpress\/ -->\n<title>Recorridos 2014 - Aprendizaje aut\u00f3nomo<\/title>\n<meta name=\"robots\" content=\"index, follow, max-snippet:-1, max-image-preview:large, max-video-preview:-1\" \/>\n<link rel=\"canonical\" href=\"https:\/\/sitesize.net\/aprendizajeautonomo\/escuela-de-vallecas-3-0\/recorridos-2015\/\" \/>\n<meta property=\"og:locale\" content=\"es_ES\" \/>\n<meta property=\"og:type\" content=\"article\" \/>\n<meta property=\"og:title\" content=\"Recorridos 2014 - Aprendizaje aut\u00f3nomo\" \/>\n<meta property=\"og:description\" content=\"Encuentro con Carlos Ruiz Balaguera. Arte Vecinal. Ensanche de Vallecas. En diciembre de 2014 realizamos un nuevo recorrido de reconocimiento al Ensanche de Vallecas dentro de una estancia de investigaci\u00f3n en el MNCARS para reunirnos con iniciativas de creaci\u00f3n y aprendizaje en Madrid. En el rastreo previo de iniciativas, descubrimos el proyecto de arte comunitario&hellip;\" \/>\n<meta property=\"og:url\" content=\"https:\/\/sitesize.net\/aprendizajeautonomo\/escuela-de-vallecas-3-0\/recorridos-2015\/\" \/>\n<meta property=\"og:site_name\" content=\"Aprendizaje aut\u00f3nomo\" \/>\n<meta property=\"article:modified_time\" content=\"2016-10-22T18:38:20+00:00\" \/>\n<meta property=\"og:image\" content=\"https:\/\/sitesize.net\/aprendizajeautonomo\/wp-content\/uploads\/sites\/7\/2016\/06\/Vallecas-Encuentro2014-1.jpg\" \/>\n<meta name=\"twitter:card\" content=\"summary_large_image\" \/>\n<meta name=\"twitter:label1\" content=\"Est. reading time\" \/>\n\t<meta name=\"twitter:data1\" content=\"2 minutos\" \/>\n<script type=\"application\/ld+json\" class=\"yoast-schema-graph\">{\"@context\":\"https:\/\/schema.org\",\"@graph\":[{\"@type\":\"WebPage\",\"@id\":\"https:\/\/sitesize.net\/aprendizajeautonomo\/escuela-de-vallecas-3-0\/recorridos-2015\/\",\"url\":\"https:\/\/sitesize.net\/aprendizajeautonomo\/escuela-de-vallecas-3-0\/recorridos-2015\/\",\"name\":\"Recorridos 2014 - Aprendizaje aut\u00f3nomo\",\"isPartOf\":{\"@id\":\"https:\/\/sitesize.net\/aprendizajeautonomo\/#website\"},\"primaryImageOfPage\":{\"@id\":\"https:\/\/sitesize.net\/aprendizajeautonomo\/escuela-de-vallecas-3-0\/recorridos-2015\/#primaryimage\"},\"image\":{\"@id\":\"https:\/\/sitesize.net\/aprendizajeautonomo\/escuela-de-vallecas-3-0\/recorridos-2015\/#primaryimage\"},\"thumbnailUrl\":\"https:\/\/sitesize.net\/aprendizajeautonomo\/wp-content\/uploads\/sites\/7\/2016\/06\/Vallecas-Encuentro2014-1.jpg\",\"datePublished\":\"2016-06-17T17:33:50+00:00\",\"dateModified\":\"2016-10-22T18:38:20+00:00\",\"breadcrumb\":{\"@id\":\"https:\/\/sitesize.net\/aprendizajeautonomo\/escuela-de-vallecas-3-0\/recorridos-2015\/#breadcrumb\"},\"inLanguage\":\"es\",\"potentialAction\":[{\"@type\":\"ReadAction\",\"target\":[\"https:\/\/sitesize.net\/aprendizajeautonomo\/escuela-de-vallecas-3-0\/recorridos-2015\/\"]}]},{\"@type\":\"ImageObject\",\"inLanguage\":\"es\",\"@id\":\"https:\/\/sitesize.net\/aprendizajeautonomo\/escuela-de-vallecas-3-0\/recorridos-2015\/#primaryimage\",\"url\":\"https:\/\/sitesize.net\/aprendizajeautonomo\/wp-content\/uploads\/sites\/7\/2016\/06\/Vallecas-Encuentro2014-1.jpg\",\"contentUrl\":\"https:\/\/sitesize.net\/aprendizajeautonomo\/wp-content\/uploads\/sites\/7\/2016\/06\/Vallecas-Encuentro2014-1.jpg\",\"width\":700,\"height\":500,\"caption\":\"Encuentro con Carlos Ruiz Balaguera en la Avenida del Ensanche de Vallecas\"},{\"@type\":\"BreadcrumbList\",\"@id\":\"https:\/\/sitesize.net\/aprendizajeautonomo\/escuela-de-vallecas-3-0\/recorridos-2015\/#breadcrumb\",\"itemListElement\":[{\"@type\":\"ListItem\",\"position\":1,\"name\":\"Home\",\"item\":\"https:\/\/sitesize.net\/aprendizajeautonomo\/\"},{\"@type\":\"ListItem\",\"position\":2,\"name\":\"Escuela de Vallecas 3.0\",\"item\":\"https:\/\/sitesize.net\/aprendizajeautonomo\/escuela-de-vallecas-3-0\/\"},{\"@type\":\"ListItem\",\"position\":3,\"name\":\"Recorridos 2014\"}]},{\"@type\":\"WebSite\",\"@id\":\"https:\/\/sitesize.net\/aprendizajeautonomo\/#website\",\"url\":\"https:\/\/sitesize.net\/aprendizajeautonomo\/\",\"name\":\"Aprendizaje aut\u00f3nomo\",\"description\":\"comunidades e itinerarios en el marco de la creaci\u00f3n contempor\u00e1nea\",\"potentialAction\":[{\"@type\":\"SearchAction\",\"target\":{\"@type\":\"EntryPoint\",\"urlTemplate\":\"https:\/\/sitesize.net\/aprendizajeautonomo\/?s={search_term_string}\"},\"query-input\":{\"@type\":\"PropertyValueSpecification\",\"valueRequired\":true,\"valueName\":\"search_term_string\"}}],\"inLanguage\":\"es\"}]}<\/script>\n<!-- \/ Yoast SEO plugin. -->","yoast_head_json":{"title":"Recorridos 2014 - Aprendizaje aut\u00f3nomo","robots":{"index":"index","follow":"follow","max-snippet":"max-snippet:-1","max-image-preview":"max-image-preview:large","max-video-preview":"max-video-preview:-1"},"canonical":"https:\/\/sitesize.net\/aprendizajeautonomo\/escuela-de-vallecas-3-0\/recorridos-2015\/","og_locale":"es_ES","og_type":"article","og_title":"Recorridos 2014 - Aprendizaje aut\u00f3nomo","og_description":"Encuentro con Carlos Ruiz Balaguera. Arte Vecinal. Ensanche de Vallecas. En diciembre de 2014 realizamos un nuevo recorrido de reconocimiento al Ensanche de Vallecas dentro de una estancia de investigaci\u00f3n en el MNCARS para reunirnos con iniciativas de creaci\u00f3n y aprendizaje en Madrid. En el rastreo previo de iniciativas, descubrimos el proyecto de arte comunitario&hellip;","og_url":"https:\/\/sitesize.net\/aprendizajeautonomo\/escuela-de-vallecas-3-0\/recorridos-2015\/","og_site_name":"Aprendizaje aut\u00f3nomo","article_modified_time":"2016-10-22T18:38:20+00:00","og_image":[{"url":"https:\/\/sitesize.net\/aprendizajeautonomo\/wp-content\/uploads\/sites\/7\/2016\/06\/Vallecas-Encuentro2014-1.jpg","type":"","width":"","height":""}],"twitter_card":"summary_large_image","twitter_misc":{"Est. reading time":"2 minutos"},"schema":{"@context":"https:\/\/schema.org","@graph":[{"@type":"WebPage","@id":"https:\/\/sitesize.net\/aprendizajeautonomo\/escuela-de-vallecas-3-0\/recorridos-2015\/","url":"https:\/\/sitesize.net\/aprendizajeautonomo\/escuela-de-vallecas-3-0\/recorridos-2015\/","name":"Recorridos 2014 - Aprendizaje aut\u00f3nomo","isPartOf":{"@id":"https:\/\/sitesize.net\/aprendizajeautonomo\/#website"},"primaryImageOfPage":{"@id":"https:\/\/sitesize.net\/aprendizajeautonomo\/escuela-de-vallecas-3-0\/recorridos-2015\/#primaryimage"},"image":{"@id":"https:\/\/sitesize.net\/aprendizajeautonomo\/escuela-de-vallecas-3-0\/recorridos-2015\/#primaryimage"},"thumbnailUrl":"https:\/\/sitesize.net\/aprendizajeautonomo\/wp-content\/uploads\/sites\/7\/2016\/06\/Vallecas-Encuentro2014-1.jpg","datePublished":"2016-06-17T17:33:50+00:00","dateModified":"2016-10-22T18:38:20+00:00","breadcrumb":{"@id":"https:\/\/sitesize.net\/aprendizajeautonomo\/escuela-de-vallecas-3-0\/recorridos-2015\/#breadcrumb"},"inLanguage":"es","potentialAction":[{"@type":"ReadAction","target":["https:\/\/sitesize.net\/aprendizajeautonomo\/escuela-de-vallecas-3-0\/recorridos-2015\/"]}]},{"@type":"ImageObject","inLanguage":"es","@id":"https:\/\/sitesize.net\/aprendizajeautonomo\/escuela-de-vallecas-3-0\/recorridos-2015\/#primaryimage","url":"https:\/\/sitesize.net\/aprendizajeautonomo\/wp-content\/uploads\/sites\/7\/2016\/06\/Vallecas-Encuentro2014-1.jpg","contentUrl":"https:\/\/sitesize.net\/aprendizajeautonomo\/wp-content\/uploads\/sites\/7\/2016\/06\/Vallecas-Encuentro2014-1.jpg","width":700,"height":500,"caption":"Encuentro con Carlos Ruiz Balaguera en la Avenida del Ensanche de Vallecas"},{"@type":"BreadcrumbList","@id":"https:\/\/sitesize.net\/aprendizajeautonomo\/escuela-de-vallecas-3-0\/recorridos-2015\/#breadcrumb","itemListElement":[{"@type":"ListItem","position":1,"name":"Home","item":"https:\/\/sitesize.net\/aprendizajeautonomo\/"},{"@type":"ListItem","position":2,"name":"Escuela de Vallecas 3.0","item":"https:\/\/sitesize.net\/aprendizajeautonomo\/escuela-de-vallecas-3-0\/"},{"@type":"ListItem","position":3,"name":"Recorridos 2014"}]},{"@type":"WebSite","@id":"https:\/\/sitesize.net\/aprendizajeautonomo\/#website","url":"https:\/\/sitesize.net\/aprendizajeautonomo\/","name":"Aprendizaje aut\u00f3nomo","description":"comunidades e itinerarios en el marco de la creaci\u00f3n contempor\u00e1nea","potentialAction":[{"@type":"SearchAction","target":{"@type":"EntryPoint","urlTemplate":"https:\/\/sitesize.net\/aprendizajeautonomo\/?s={search_term_string}"},"query-input":{"@type":"PropertyValueSpecification","valueRequired":true,"valueName":"search_term_string"}}],"inLanguage":"es"}]}},"_links":{"self":[{"href":"https:\/\/sitesize.net\/aprendizajeautonomo\/wp-json\/wp\/v2\/pages\/381","targetHints":{"allow":["GET"]}}],"collection":[{"href":"https:\/\/sitesize.net\/aprendizajeautonomo\/wp-json\/wp\/v2\/pages"}],"about":[{"href":"https:\/\/sitesize.net\/aprendizajeautonomo\/wp-json\/wp\/v2\/types\/page"}],"author":[{"embeddable":true,"href":"https:\/\/sitesize.net\/aprendizajeautonomo\/wp-json\/wp\/v2\/users\/1"}],"replies":[{"embeddable":true,"href":"https:\/\/sitesize.net\/aprendizajeautonomo\/wp-json\/wp\/v2\/comments?post=381"}],"version-history":[{"count":5,"href":"https:\/\/sitesize.net\/aprendizajeautonomo\/wp-json\/wp\/v2\/pages\/381\/revisions"}],"predecessor-version":[{"id":503,"href":"https:\/\/sitesize.net\/aprendizajeautonomo\/wp-json\/wp\/v2\/pages\/381\/revisions\/503"}],"up":[{"embeddable":true,"href":"https:\/\/sitesize.net\/aprendizajeautonomo\/wp-json\/wp\/v2\/pages\/6"}],"wp:attachment":[{"href":"https:\/\/sitesize.net\/aprendizajeautonomo\/wp-json\/wp\/v2\/media?parent=381"}],"curies":[{"name":"wp","href":"https:\/\/api.w.org\/{rel}","templated":true}]}}