{"id":47,"date":"2015-11-12T16:55:10","date_gmt":"2015-11-12T16:55:10","guid":{"rendered":"https:\/\/sitesize.net\/aprendizajeautonomo\/?page_id=47"},"modified":"2021-02-17T19:00:50","modified_gmt":"2021-02-17T19:00:50","slug":"47-2","status":"publish","type":"page","link":"https:\/\/sitesize.net\/aprendizajeautonomo\/47-2\/","title":{"rendered":"Sobre el proyecto"},"content":{"rendered":"<h3>\u00a0<a href=\"https:\/\/sitesize.net\/aprendizajeautonomo\/wp-content\/uploads\/sites\/7\/2016\/10\/cartel-2-w.jpg\"><img loading=\"lazy\" decoding=\"async\" class=\"alignnone size-full wp-image-711\" src=\"https:\/\/sitesize.net\/aprendizajeautonomo\/wp-content\/uploads\/sites\/7\/2016\/10\/cartel-2-w.jpg\" alt=\"cartel-2-w\" width=\"600\" height=\"422\" srcset=\"https:\/\/sitesize.net\/aprendizajeautonomo\/wp-content\/uploads\/sites\/7\/2016\/10\/cartel-2-w.jpg 600w, https:\/\/sitesize.net\/aprendizajeautonomo\/wp-content\/uploads\/sites\/7\/2016\/10\/cartel-2-w-300x211.jpg 300w\" sizes=\"auto, (max-width: 600px) 100vw, 600px\" \/><\/a><\/h3>\n<h3><\/h3>\n<h3 style=\"text-align: right;\"><em>Aprendizaje aut\u00f3nomo es un proyecto de investigaci\u00f3n sobre las formas de creaci\u00f3n y de reapropiaci\u00f3n de la vida, que remiten a la cultura y pedagog\u00eda libertaria y a su contenido emancipador.<\/em><\/h3>\n<p>Aprendizaje aut\u00f3nomo es un proyecto de investigaci\u00f3n de <a href=\"https:\/\/sitesize.net\/\" target=\"_blank\" rel=\"noopener noreferrer\">Sitesize<\/a> que trata de resignificar la contemporaneidad de las pedagog\u00edas libertarias en Espa\u00f1a en el marco de la creaci\u00f3n art\u00edstica actual, indagar en su genealog\u00eda e identificar la formaci\u00f3n de un nuevo ciclo hist\u00f3rico para comprender c\u00f3mo se transforman y emergen las experiencias y saberes.<\/p>\n<p>Como una nueva revitalizaci\u00f3n de lo libertario est\u00e1n surgiendo en todo el territorio espa\u00f1ol propuestas, pr\u00e1cticas, formas organizativas del trabajo cultural y de reapropiaci\u00f3n de la vida que remiten a la cultura, la creaci\u00f3n y la pedagog\u00eda libertaria y a su contenido emancipador. As\u00ed, se encuentran experiencias vecinales, comunitarias, art\u00edsticas, pedag\u00f3gicas, feministas, redes de afinidad que, aunque protagonistas de estas mismas pr\u00e1cticas, no se reconocen en la tradici\u00f3n cultural de emancipaci\u00f3n social que estuvo presente en la cultura obrera, en las corrientes de renovaci\u00f3n pedag\u00f3gica y de las vanguardias art\u00edsticas. Estas redes, grupos, comunidades y colectivos encarnan un nuevo ciclo que marca nuevamente unas formas de hacer y entender la cultura como transformaci\u00f3n social.<\/p>\n<p>El desarrollo del proyecto est\u00e1 formado por cuatro <strong>comunidades<\/strong>. En cada una se exploran experiencias de creaci\u00f3n local, iniciativas de aprendizaje en contextos espec\u00edficos con entidades culturales, art\u00edsticas y educativas de diferentes ciudades.<\/p>\n<p style=\"padding-left: 30px;\">Las comunidades son:<\/p>\n<p style=\"padding-left: 30px;\">Arrelats (Sabadell)<br \/>\nLa Casa como obra de arte (Sevilla)<br \/>\nMujeres Zona Sur (Jerez de la Frontera)<br \/>\nEscuela de Vallecas, 3.0 (Madrid)<\/p>\n<p>La web aprendizaje aut\u00f3nomo aloja parte de los contenidos de la investigaci\u00f3n y es al mismo tiempo una devoluci\u00f3n del trabajo desarrollado con los diferentes grupos. Con algunas de ellas el proceso continua, con otras Sitesize viene a formar parte del n\u00facleo motor. Se han establecido sinergias espec\u00edficas en cada uno de los recorridos, condicionadas a veces por la distancia, por los tiempos y din\u00e1micas de los grupos\u2026 etc. En cualquier caso Sitesize ha sido parte activa llevando la investigaci\u00f3n en curso a un terreno entre la acci\u00f3n y la reflexi\u00f3n, entre el saber-investigar y el saber-accionar. Proponiendo a la vez que formando parte de diferentes procesos. Ha sido por tanto un proceso de aprendizaje e intercambio el que hemos realizado junto a los diferentes grupos. En estos cuatro recorridos comunitarios hemos tenido la oportunidad de poder indagar en nuestras propias pr\u00e1cticas y modos de hacer, de poner en cuesti\u00f3n miradas y posicionamientos. La investigaci\u00f3n que presentamos es todav\u00eda un proceso abierto y un di\u00e1logo que ahora desplegamos en abierto y de forma p\u00fablica a trav\u00e9s de esta p\u00e1gina web.<\/p>\n<p>Dentro de los recorridos hemos llevado a cabo diferentes propuestas, entre las que destacamos: los encuentros Arrelats en el Jard\u00ed de l\u2019Amistat, el canal de video Aproximaciones Mujeres Zona Sur, la encuesta sobre la Casa Grande del Pumarejo y los recorridos por la zona del Ensanche de Vallecas.<\/p>\n<p>Por otra parte el trabajo trata de explorar otras iniciativas y comunidades dispersos en el territorio y que tienen un sustrato com\u00fan de aprendizaje colectivo. Estos constituyen lo que hemos llamado <strong>itinerarios<\/strong> y se ordenan en cuatro categor\u00edas en el blog:<\/p>\n<p style=\"padding-left: 30px;\">[Arte y ecolog\u00eda social]<br \/>\n[Feminismo comunitario]<br \/>\n[Pol\u00edticas de la memoria]<br \/>\n[Vanguardias y aprendizaje]<\/p>\n<p>Cada itinerario viene a desplegar el trabajo de investigaci\u00f3n de los recorridos en nuevos contextos, comunidades y grupos a trav\u00e9s de textos, documentos y materiales audiovisuales propios y ajenos. En esta parte de la investigaci\u00f3n trataremos de establecer nuevas relaciones e intereses con la finalidad de ampliar el panorama, y conectar nuestro proceso de aprendizaje y el de los colectivos con lo que hemos trabajado con nuevas posibilidades de acci\u00f3n.<br \/>\nPara finalizar queremos agradecer a las comunidades y personas que han hecho posible este proyecto y con las cuales nos sentimos en un estado de empat\u00eda permanente: Amics del Jard\u00ed de l&#8217;Amistat, Biblioteca de Ponent, Laboratori Social Metropolit\u00e0, La Casa Grande del Pumarejo y los colectivos vinculados, Mujeres de Torresoto especialmente a la artista Inma Parra y al colectivo art\u00edstico Arte Vecinal del Ensanche de Vallecas.<\/p>\n<p>Este trabajo ha recibido una residencia de Investigaci\u00f3n en el Museo Nacional Centro de Arte Reina Sof\u00eda (2014-15).<\/p>\n<p>Aprendizaje aut\u00f3nomo<br \/>\nSitesize (Elvira Pujol Masip y Joan Vila Puig)<br \/>\nBarcelona, octubre 2016<br \/>\n<a href=\"https:\/\/sitesize.net\/\" target=\"_blank\" rel=\"noopener noreferrer\">sitesize.net<br \/>\nmail: info(a)sitesize.net<\/a><\/p>\n<p>Aquest \u00e9s el tractament de les teves dades personals,\u00a0 per adaptar la nostra pol\u00edtica de privacitat al nou Reglament general de protecci\u00f3 de dades de la Uni\u00f3 Europea, que s\u2019aplicar\u00e0 a partir del 25 de maig de 2018 a Europa:<\/p>\n<ul>\n<li>Les adreces de mail que rebem nom\u00e9s s\u2019utilitzaran per enviar correus electr\u00f2nics.<\/li>\n<li>No es comunicaran a tercers sense consentiment previ.<\/li>\n<li>Es poden exercir els drets d\u2019acc\u00e9s, rectificaci\u00f3, supressi\u00f3, oposici\u00f3 i limitaci\u00f3 en el tractament d\u2019acord amb el que preveu el Reglament (UE) 2016\/679.<\/li>\n<li>El responsable del tractament de les dades personals \u00e9s l\u2019associaci\u00f3 cultural Sitesize.<\/li>\n<\/ul>\n<p><em>Este es el tratamiento de tus datos personales, para adaptar nuestra pol\u00edtica de privacidad en el nuevo Reglamento general de protecci\u00f3n de datos de la Uni\u00f3n Europea, que se aplicar\u00e1 a partir del 25 de mayo de 2018 en Europa: \u00a0\u00a0\u00a0\u00a0\u00a0<\/em><\/p>\n<ul>\n<li><em>Las direcciones de mail que recibimos s\u00f3lo se utilizar\u00e1n para enviar correos electr\u00f3nicos. \u00a0\u00a0\u00a0\u00a0<\/em><\/li>\n<li><em>No se comunicar\u00e1n a terceros sin consentimiento previo. \u00a0\u00a0\u00a0<\/em><\/li>\n<li><em>\u00a0Se pueden ejercer los derechos de acceso, rectificaci\u00f3n, supresi\u00f3n, oposici\u00f3n y limitaci\u00f3n en el tratamiento de acuerdo con lo previsto en el Reglamento (UE) 2016\/679. \u00a0\u00a0\u00a0\u00a0<\/em><\/li>\n<li><em>El responsable del tratamiento de los datos personales es la asociaci\u00f3n cultural Sitesize.<\/em><\/li>\n<\/ul>\n<h2><\/h2>\n<h2><\/h2>\n<h2><\/h2>\n","protected":false},"excerpt":{"rendered":"<p>\u00a0 Aprendizaje aut\u00f3nomo es un proyecto de investigaci\u00f3n sobre las formas de creaci\u00f3n y de reapropiaci\u00f3n de la vida, que remiten a la cultura y pedagog\u00eda libertaria y a su contenido emancipador. Aprendizaje aut\u00f3nomo es un proyecto de investigaci\u00f3n de Sitesize que trata de resignificar la contemporaneidad de las pedagog\u00edas libertarias en Espa\u00f1a en el&hellip;<\/p>\n","protected":false},"author":1,"featured_media":0,"parent":0,"menu_order":0,"comment_status":"closed","ping_status":"closed","template":"","meta":{"footnotes":""},"class_list":["post-47","page","type-page","status-publish","hentry","no-post-thumbnail","post-grid-4-col","entry"],"yoast_head":"<!-- This site is optimized with the Yoast SEO plugin v27.1.1 - https:\/\/yoast.com\/product\/yoast-seo-wordpress\/ -->\n<title>Sobre el proyecto - Aprendizaje aut\u00f3nomo<\/title>\n<meta name=\"robots\" content=\"index, follow, max-snippet:-1, max-image-preview:large, max-video-preview:-1\" \/>\n<link rel=\"canonical\" href=\"https:\/\/sitesize.net\/aprendizajeautonomo\/47-2\/\" \/>\n<meta property=\"og:locale\" content=\"es_ES\" \/>\n<meta property=\"og:type\" content=\"article\" \/>\n<meta property=\"og:title\" content=\"Sobre el proyecto - Aprendizaje aut\u00f3nomo\" \/>\n<meta property=\"og:description\" content=\"\u00a0 Aprendizaje aut\u00f3nomo es un proyecto de investigaci\u00f3n sobre las formas de creaci\u00f3n y de reapropiaci\u00f3n de la vida, que remiten a la cultura y pedagog\u00eda libertaria y a su contenido emancipador. Aprendizaje aut\u00f3nomo es un proyecto de investigaci\u00f3n de Sitesize que trata de resignificar la contemporaneidad de las pedagog\u00edas libertarias en Espa\u00f1a en el&hellip;\" \/>\n<meta property=\"og:url\" content=\"https:\/\/sitesize.net\/aprendizajeautonomo\/47-2\/\" \/>\n<meta property=\"og:site_name\" content=\"Aprendizaje aut\u00f3nomo\" \/>\n<meta property=\"article:modified_time\" content=\"2021-02-17T19:00:50+00:00\" \/>\n<meta property=\"og:image\" content=\"https:\/\/sitesize.net\/aprendizajeautonomo\/wp-content\/uploads\/sites\/7\/2016\/10\/cartel-2-w.jpg\" \/>\n<meta name=\"twitter:card\" content=\"summary_large_image\" \/>\n<meta name=\"twitter:label1\" content=\"Est. reading time\" \/>\n\t<meta name=\"twitter:data1\" content=\"5 minutos\" \/>\n<script type=\"application\/ld+json\" class=\"yoast-schema-graph\">{\"@context\":\"https:\/\/schema.org\",\"@graph\":[{\"@type\":\"WebPage\",\"@id\":\"https:\/\/sitesize.net\/aprendizajeautonomo\/47-2\/\",\"url\":\"https:\/\/sitesize.net\/aprendizajeautonomo\/47-2\/\",\"name\":\"Sobre el proyecto - Aprendizaje aut\u00f3nomo\",\"isPartOf\":{\"@id\":\"https:\/\/sitesize.net\/aprendizajeautonomo\/#website\"},\"primaryImageOfPage\":{\"@id\":\"https:\/\/sitesize.net\/aprendizajeautonomo\/47-2\/#primaryimage\"},\"image\":{\"@id\":\"https:\/\/sitesize.net\/aprendizajeautonomo\/47-2\/#primaryimage\"},\"thumbnailUrl\":\"https:\/\/sitesize.net\/aprendizajeautonomo\/wp-content\/uploads\/sites\/7\/2016\/10\/cartel-2-w.jpg\",\"datePublished\":\"2015-11-12T16:55:10+00:00\",\"dateModified\":\"2021-02-17T19:00:50+00:00\",\"breadcrumb\":{\"@id\":\"https:\/\/sitesize.net\/aprendizajeautonomo\/47-2\/#breadcrumb\"},\"inLanguage\":\"es\",\"potentialAction\":[{\"@type\":\"ReadAction\",\"target\":[\"https:\/\/sitesize.net\/aprendizajeautonomo\/47-2\/\"]}]},{\"@type\":\"ImageObject\",\"inLanguage\":\"es\",\"@id\":\"https:\/\/sitesize.net\/aprendizajeautonomo\/47-2\/#primaryimage\",\"url\":\"https:\/\/sitesize.net\/aprendizajeautonomo\/wp-content\/uploads\/sites\/7\/2016\/10\/cartel-2-w.jpg\",\"contentUrl\":\"https:\/\/sitesize.net\/aprendizajeautonomo\/wp-content\/uploads\/sites\/7\/2016\/10\/cartel-2-w.jpg\",\"width\":600,\"height\":422},{\"@type\":\"BreadcrumbList\",\"@id\":\"https:\/\/sitesize.net\/aprendizajeautonomo\/47-2\/#breadcrumb\",\"itemListElement\":[{\"@type\":\"ListItem\",\"position\":1,\"name\":\"Home\",\"item\":\"https:\/\/sitesize.net\/aprendizajeautonomo\/\"},{\"@type\":\"ListItem\",\"position\":2,\"name\":\"Sobre el proyecto\"}]},{\"@type\":\"WebSite\",\"@id\":\"https:\/\/sitesize.net\/aprendizajeautonomo\/#website\",\"url\":\"https:\/\/sitesize.net\/aprendizajeautonomo\/\",\"name\":\"Aprendizaje aut\u00f3nomo\",\"description\":\"comunidades e itinerarios en el marco de la creaci\u00f3n contempor\u00e1nea\",\"potentialAction\":[{\"@type\":\"SearchAction\",\"target\":{\"@type\":\"EntryPoint\",\"urlTemplate\":\"https:\/\/sitesize.net\/aprendizajeautonomo\/?s={search_term_string}\"},\"query-input\":{\"@type\":\"PropertyValueSpecification\",\"valueRequired\":true,\"valueName\":\"search_term_string\"}}],\"inLanguage\":\"es\"}]}<\/script>\n<!-- \/ Yoast SEO plugin. -->","yoast_head_json":{"title":"Sobre el proyecto - Aprendizaje aut\u00f3nomo","robots":{"index":"index","follow":"follow","max-snippet":"max-snippet:-1","max-image-preview":"max-image-preview:large","max-video-preview":"max-video-preview:-1"},"canonical":"https:\/\/sitesize.net\/aprendizajeautonomo\/47-2\/","og_locale":"es_ES","og_type":"article","og_title":"Sobre el proyecto - Aprendizaje aut\u00f3nomo","og_description":"\u00a0 Aprendizaje aut\u00f3nomo es un proyecto de investigaci\u00f3n sobre las formas de creaci\u00f3n y de reapropiaci\u00f3n de la vida, que remiten a la cultura y pedagog\u00eda libertaria y a su contenido emancipador. Aprendizaje aut\u00f3nomo es un proyecto de investigaci\u00f3n de Sitesize que trata de resignificar la contemporaneidad de las pedagog\u00edas libertarias en Espa\u00f1a en el&hellip;","og_url":"https:\/\/sitesize.net\/aprendizajeautonomo\/47-2\/","og_site_name":"Aprendizaje aut\u00f3nomo","article_modified_time":"2021-02-17T19:00:50+00:00","og_image":[{"url":"https:\/\/sitesize.net\/aprendizajeautonomo\/wp-content\/uploads\/sites\/7\/2016\/10\/cartel-2-w.jpg","type":"","width":"","height":""}],"twitter_card":"summary_large_image","twitter_misc":{"Est. reading time":"5 minutos"},"schema":{"@context":"https:\/\/schema.org","@graph":[{"@type":"WebPage","@id":"https:\/\/sitesize.net\/aprendizajeautonomo\/47-2\/","url":"https:\/\/sitesize.net\/aprendizajeautonomo\/47-2\/","name":"Sobre el proyecto - Aprendizaje aut\u00f3nomo","isPartOf":{"@id":"https:\/\/sitesize.net\/aprendizajeautonomo\/#website"},"primaryImageOfPage":{"@id":"https:\/\/sitesize.net\/aprendizajeautonomo\/47-2\/#primaryimage"},"image":{"@id":"https:\/\/sitesize.net\/aprendizajeautonomo\/47-2\/#primaryimage"},"thumbnailUrl":"https:\/\/sitesize.net\/aprendizajeautonomo\/wp-content\/uploads\/sites\/7\/2016\/10\/cartel-2-w.jpg","datePublished":"2015-11-12T16:55:10+00:00","dateModified":"2021-02-17T19:00:50+00:00","breadcrumb":{"@id":"https:\/\/sitesize.net\/aprendizajeautonomo\/47-2\/#breadcrumb"},"inLanguage":"es","potentialAction":[{"@type":"ReadAction","target":["https:\/\/sitesize.net\/aprendizajeautonomo\/47-2\/"]}]},{"@type":"ImageObject","inLanguage":"es","@id":"https:\/\/sitesize.net\/aprendizajeautonomo\/47-2\/#primaryimage","url":"https:\/\/sitesize.net\/aprendizajeautonomo\/wp-content\/uploads\/sites\/7\/2016\/10\/cartel-2-w.jpg","contentUrl":"https:\/\/sitesize.net\/aprendizajeautonomo\/wp-content\/uploads\/sites\/7\/2016\/10\/cartel-2-w.jpg","width":600,"height":422},{"@type":"BreadcrumbList","@id":"https:\/\/sitesize.net\/aprendizajeautonomo\/47-2\/#breadcrumb","itemListElement":[{"@type":"ListItem","position":1,"name":"Home","item":"https:\/\/sitesize.net\/aprendizajeautonomo\/"},{"@type":"ListItem","position":2,"name":"Sobre el proyecto"}]},{"@type":"WebSite","@id":"https:\/\/sitesize.net\/aprendizajeautonomo\/#website","url":"https:\/\/sitesize.net\/aprendizajeautonomo\/","name":"Aprendizaje aut\u00f3nomo","description":"comunidades e itinerarios en el marco de la creaci\u00f3n contempor\u00e1nea","potentialAction":[{"@type":"SearchAction","target":{"@type":"EntryPoint","urlTemplate":"https:\/\/sitesize.net\/aprendizajeautonomo\/?s={search_term_string}"},"query-input":{"@type":"PropertyValueSpecification","valueRequired":true,"valueName":"search_term_string"}}],"inLanguage":"es"}]}},"_links":{"self":[{"href":"https:\/\/sitesize.net\/aprendizajeautonomo\/wp-json\/wp\/v2\/pages\/47","targetHints":{"allow":["GET"]}}],"collection":[{"href":"https:\/\/sitesize.net\/aprendizajeautonomo\/wp-json\/wp\/v2\/pages"}],"about":[{"href":"https:\/\/sitesize.net\/aprendizajeautonomo\/wp-json\/wp\/v2\/types\/page"}],"author":[{"embeddable":true,"href":"https:\/\/sitesize.net\/aprendizajeautonomo\/wp-json\/wp\/v2\/users\/1"}],"replies":[{"embeddable":true,"href":"https:\/\/sitesize.net\/aprendizajeautonomo\/wp-json\/wp\/v2\/comments?post=47"}],"version-history":[{"count":36,"href":"https:\/\/sitesize.net\/aprendizajeautonomo\/wp-json\/wp\/v2\/pages\/47\/revisions"}],"predecessor-version":[{"id":814,"href":"https:\/\/sitesize.net\/aprendizajeautonomo\/wp-json\/wp\/v2\/pages\/47\/revisions\/814"}],"wp:attachment":[{"href":"https:\/\/sitesize.net\/aprendizajeautonomo\/wp-json\/wp\/v2\/media?parent=47"}],"curies":[{"name":"wp","href":"https:\/\/api.w.org\/{rel}","templated":true}]}}