{"id":579,"date":"2016-10-24T08:46:05","date_gmt":"2016-10-24T08:46:05","guid":{"rendered":"https:\/\/sitesize.net\/aprendizajeautonomo\/?page_id=579"},"modified":"2016-10-25T16:16:24","modified_gmt":"2016-10-25T16:16:24","slug":"escuela-de-vallecas-2-0","status":"publish","type":"page","link":"https:\/\/sitesize.net\/aprendizajeautonomo\/escuela-de-vallecas-3-0\/2-creacion-y-accion\/escuela-de-vallecas-2-0\/","title":{"rendered":"Escuela de Vallecas 2.0"},"content":{"rendered":"<p><a href=\"https:\/\/sitesize.net\/aprendizajeautonomo\/wp-content\/uploads\/sites\/7\/2016\/06\/Benjamin-Palencia-5.jpg\"><img loading=\"lazy\" decoding=\"async\" class=\"size-full wp-image-514\" src=\"https:\/\/sitesize.net\/aprendizajeautonomo\/wp-content\/uploads\/sites\/7\/2016\/06\/Benjamin-Palencia-5.jpg\" alt=\"Benjam\u00edn Palencia- Alegoria de la era (estio). 1941\" width=\"700\" height=\"699\" srcset=\"https:\/\/sitesize.net\/aprendizajeautonomo\/wp-content\/uploads\/sites\/7\/2016\/06\/Benjamin-Palencia-5.jpg 700w, https:\/\/sitesize.net\/aprendizajeautonomo\/wp-content\/uploads\/sites\/7\/2016\/06\/Benjamin-Palencia-5-150x150.jpg 150w, https:\/\/sitesize.net\/aprendizajeautonomo\/wp-content\/uploads\/sites\/7\/2016\/06\/Benjamin-Palencia-5-300x300.jpg 300w\" sizes=\"auto, (max-width: 700px) 100vw, 700px\" \/><\/a><\/p>\n<p>Benjam\u00edn Palencia- Alegoria de la era (estio). 1941<\/p>\n<p><strong>Escuela de Vallecas 2.0. 1940-1975:<\/strong><\/p>\n<p>Vanguardia art\u00edstica.<br \/>\nBenjam\u00edn Palencia, retoma la experiencia de construir su vinculaci\u00f3n al territori \u00e1rido del sur de Madrid, en el tiempo tambi\u00e9n \u00e1rido del franquismo. El imaginario de emancipaci\u00f3n se identifica con una idealizaci\u00f3n de lo rural como forma de vida. Proyecci\u00f3n sin conflicto posible de una vida al margen. Realismo m\u00e1gico como escenario de fuga.<\/p>\n<p>La literatura del paisaje de la periferia: Rafael S\u00e1nchez Ferlosio. El Jarama. 1955<\/p>\n<p>Territorialidad perif\u00e9rica.<br \/>\nLa construcci\u00f3n de la ciudad capital del franquismo. Nuevo ciclo de inmigraci\u00f3n rural. Primer desarrollismo y auto-construcci\u00f3n<\/p>\n<p>Expresi\u00f3n pol\u00edtica de avance.<br \/>\nMovilizaci\u00f3n pol\u00edtica del antifranquismo. El documental social de los barrios del sur de Madrid. Denuncia de la precariedad social y del infraurbanismo de la periferia.<\/p>\n<figure id=\"attachment_515\" aria-describedby=\"caption-attachment-515\" style=\"width: 700px\" class=\"wp-caption alignnone\"><a href=\"https:\/\/sitesize.net\/aprendizajeautonomo\/wp-content\/uploads\/sites\/7\/2016\/06\/Pascual-de-Lara-1.jpg\"><img loading=\"lazy\" decoding=\"async\" class=\"size-full wp-image-515\" src=\"https:\/\/sitesize.net\/aprendizajeautonomo\/wp-content\/uploads\/sites\/7\/2016\/06\/Pascual-de-Lara-1.jpg\" alt=\"Carlos Pascual de Lara- La Tierra. 1954\" width=\"700\" height=\"533\" srcset=\"https:\/\/sitesize.net\/aprendizajeautonomo\/wp-content\/uploads\/sites\/7\/2016\/06\/Pascual-de-Lara-1.jpg 700w, https:\/\/sitesize.net\/aprendizajeautonomo\/wp-content\/uploads\/sites\/7\/2016\/06\/Pascual-de-Lara-1-300x228.jpg 300w\" sizes=\"auto, (max-width: 700px) 100vw, 700px\" \/><\/a><figcaption id=\"caption-attachment-515\" class=\"wp-caption-text\">Carlos Pascual de Lara- La Tierra. 1954<\/figcaption><\/figure>\n<figure id=\"attachment_516\" aria-describedby=\"caption-attachment-516\" style=\"width: 550px\" class=\"wp-caption alignnone\"><a href=\"https:\/\/sitesize.net\/aprendizajeautonomo\/wp-content\/uploads\/sites\/7\/2016\/06\/Pascual-de-Lara-2.jpg\"><img loading=\"lazy\" decoding=\"async\" class=\"size-full wp-image-516\" src=\"https:\/\/sitesize.net\/aprendizajeautonomo\/wp-content\/uploads\/sites\/7\/2016\/06\/Pascual-de-Lara-2.jpg\" alt=\"Carlos Pascual de Lara- Fin de la jornada. 1956\" width=\"550\" height=\"706\" srcset=\"https:\/\/sitesize.net\/aprendizajeautonomo\/wp-content\/uploads\/sites\/7\/2016\/06\/Pascual-de-Lara-2.jpg 550w, https:\/\/sitesize.net\/aprendizajeautonomo\/wp-content\/uploads\/sites\/7\/2016\/06\/Pascual-de-Lara-2-234x300.jpg 234w\" sizes=\"auto, (max-width: 550px) 100vw, 550px\" \/><\/a><figcaption id=\"caption-attachment-516\" class=\"wp-caption-text\">Carlos Pascual de Lara- Fin de la jornada. 1956<\/figcaption><\/figure>\n<p><strong>Tino Calabuig.<\/strong> La ciudad es nuestra 1974<\/p>\n<p>EN EL A\u00d1O 1974, TINO CALABUIG REALIZ\u00d3 UNA PEL\u00cdCULA DOCUMENTAL SOBRE LOS BARRIOS PERIF\u00c9RICOS DE MADRID: EL POZO DEL TIO RAIMUNDO, ORCASITAS Y EL BARRIO DEL PILAR.<br \/>\nA ra\u00edz de la exposici\u00f3n Madrid en sus Barrios en Colegio de Arquitectos de Madrid en oto\u00f1o de 1974, Tino Calabuig comenz\u00f3 a rodar un documental que reflejara la situaci\u00f3n de algunos barrio perf\u00e9ricos de Madrid como El Pozo del T\u00edo Raimundo, Orcasitas y EL Barrio del Pilar. Con escaso presupuesto y la colaboraci\u00f3n de las Asociaciones de vecinos se rod\u00f3 la pel\u00edcula, contando con la colaboraci\u00f3n desinteresada de los t\u00e9cnicos de sonido as\u00ed como la del operador de c\u00e1mara Miguel Angel C\u00f3ndor.<\/p>\n<p>Tino Calabuig- <a href=\"https:\/\/www.youtube.com\/watch?v=Cy_FV8uMnmo\" target=\"_blank\">La ciudad es nuestra 1974. (introducci\u00f3n)<\/a><\/p>\n<p><iframe loading=\"lazy\" width=\"869\" height=\"652\" src=\"https:\/\/www.youtube.com\/embed\/Cy_FV8uMnmo?feature=oembed\" frameborder=\"0\" allowfullscreen><\/iframe><\/p>\n<p>&nbsp;<\/p>\n","protected":false},"excerpt":{"rendered":"<p>Benjam\u00edn Palencia- Alegoria de la era (estio). 1941 Escuela de Vallecas 2.0. 1940-1975: Vanguardia art\u00edstica. Benjam\u00edn Palencia, retoma la experiencia de construir su vinculaci\u00f3n al territori \u00e1rido del sur de Madrid, en el tiempo tambi\u00e9n \u00e1rido del franquismo. El imaginario de emancipaci\u00f3n se identifica con una idealizaci\u00f3n de lo rural como forma de vida. Proyecci\u00f3n&hellip;<\/p>\n","protected":false},"author":1,"featured_media":0,"parent":368,"menu_order":2,"comment_status":"closed","ping_status":"closed","template":"","meta":{"footnotes":""},"class_list":["post-579","page","type-page","status-publish","hentry","no-post-thumbnail","post-grid-4-col","entry"],"yoast_head":"<!-- This site is optimized with the Yoast SEO plugin v27.1.1 - https:\/\/yoast.com\/product\/yoast-seo-wordpress\/ -->\n<title>Escuela de Vallecas 2.0 - Aprendizaje aut\u00f3nomo<\/title>\n<meta name=\"robots\" content=\"index, follow, max-snippet:-1, max-image-preview:large, max-video-preview:-1\" \/>\n<link rel=\"canonical\" href=\"https:\/\/sitesize.net\/aprendizajeautonomo\/escuela-de-vallecas-3-0\/2-creacion-y-accion\/escuela-de-vallecas-2-0\/\" \/>\n<meta property=\"og:locale\" content=\"es_ES\" \/>\n<meta property=\"og:type\" content=\"article\" \/>\n<meta property=\"og:title\" content=\"Escuela de Vallecas 2.0 - Aprendizaje aut\u00f3nomo\" \/>\n<meta property=\"og:description\" content=\"Benjam\u00edn Palencia- Alegoria de la era (estio). 1941 Escuela de Vallecas 2.0. 1940-1975: Vanguardia art\u00edstica. Benjam\u00edn Palencia, retoma la experiencia de construir su vinculaci\u00f3n al territori \u00e1rido del sur de Madrid, en el tiempo tambi\u00e9n \u00e1rido del franquismo. El imaginario de emancipaci\u00f3n se identifica con una idealizaci\u00f3n de lo rural como forma de vida. Proyecci\u00f3n&hellip;\" \/>\n<meta property=\"og:url\" content=\"https:\/\/sitesize.net\/aprendizajeautonomo\/escuela-de-vallecas-3-0\/2-creacion-y-accion\/escuela-de-vallecas-2-0\/\" \/>\n<meta property=\"og:site_name\" content=\"Aprendizaje aut\u00f3nomo\" \/>\n<meta property=\"article:modified_time\" content=\"2016-10-25T16:16:24+00:00\" \/>\n<meta property=\"og:image\" content=\"https:\/\/sitesize.net\/aprendizajeautonomo\/wp-content\/uploads\/sites\/7\/2016\/06\/Benjamin-Palencia-5.jpg\" \/>\n<meta name=\"twitter:card\" content=\"summary_large_image\" \/>\n<meta name=\"twitter:label1\" content=\"Est. reading time\" \/>\n\t<meta name=\"twitter:data1\" content=\"2 minutos\" \/>\n<script type=\"application\/ld+json\" class=\"yoast-schema-graph\">{\"@context\":\"https:\/\/schema.org\",\"@graph\":[{\"@type\":\"WebPage\",\"@id\":\"https:\/\/sitesize.net\/aprendizajeautonomo\/escuela-de-vallecas-3-0\/2-creacion-y-accion\/escuela-de-vallecas-2-0\/\",\"url\":\"https:\/\/sitesize.net\/aprendizajeautonomo\/escuela-de-vallecas-3-0\/2-creacion-y-accion\/escuela-de-vallecas-2-0\/\",\"name\":\"Escuela de Vallecas 2.0 - Aprendizaje aut\u00f3nomo\",\"isPartOf\":{\"@id\":\"https:\/\/sitesize.net\/aprendizajeautonomo\/#website\"},\"primaryImageOfPage\":{\"@id\":\"https:\/\/sitesize.net\/aprendizajeautonomo\/escuela-de-vallecas-3-0\/2-creacion-y-accion\/escuela-de-vallecas-2-0\/#primaryimage\"},\"image\":{\"@id\":\"https:\/\/sitesize.net\/aprendizajeautonomo\/escuela-de-vallecas-3-0\/2-creacion-y-accion\/escuela-de-vallecas-2-0\/#primaryimage\"},\"thumbnailUrl\":\"https:\/\/sitesize.net\/aprendizajeautonomo\/wp-content\/uploads\/sites\/7\/2016\/06\/Benjamin-Palencia-5.jpg\",\"datePublished\":\"2016-10-24T08:46:05+00:00\",\"dateModified\":\"2016-10-25T16:16:24+00:00\",\"breadcrumb\":{\"@id\":\"https:\/\/sitesize.net\/aprendizajeautonomo\/escuela-de-vallecas-3-0\/2-creacion-y-accion\/escuela-de-vallecas-2-0\/#breadcrumb\"},\"inLanguage\":\"es\",\"potentialAction\":[{\"@type\":\"ReadAction\",\"target\":[\"https:\/\/sitesize.net\/aprendizajeautonomo\/escuela-de-vallecas-3-0\/2-creacion-y-accion\/escuela-de-vallecas-2-0\/\"]}]},{\"@type\":\"ImageObject\",\"inLanguage\":\"es\",\"@id\":\"https:\/\/sitesize.net\/aprendizajeautonomo\/escuela-de-vallecas-3-0\/2-creacion-y-accion\/escuela-de-vallecas-2-0\/#primaryimage\",\"url\":\"https:\/\/sitesize.net\/aprendizajeautonomo\/wp-content\/uploads\/sites\/7\/2016\/06\/Benjamin-Palencia-5.jpg\",\"contentUrl\":\"https:\/\/sitesize.net\/aprendizajeautonomo\/wp-content\/uploads\/sites\/7\/2016\/06\/Benjamin-Palencia-5.jpg\",\"width\":700,\"height\":699,\"caption\":\"Benjam\u00edn Palencia- Alegoria de la era (estio). 1941\"},{\"@type\":\"BreadcrumbList\",\"@id\":\"https:\/\/sitesize.net\/aprendizajeautonomo\/escuela-de-vallecas-3-0\/2-creacion-y-accion\/escuela-de-vallecas-2-0\/#breadcrumb\",\"itemListElement\":[{\"@type\":\"ListItem\",\"position\":1,\"name\":\"Home\",\"item\":\"https:\/\/sitesize.net\/aprendizajeautonomo\/\"},{\"@type\":\"ListItem\",\"position\":2,\"name\":\"Escuela de Vallecas 3.0\",\"item\":\"https:\/\/sitesize.net\/aprendizajeautonomo\/escuela-de-vallecas-3-0\/\"},{\"@type\":\"ListItem\",\"position\":3,\"name\":\"2. Creaci\u00f3n y acci\u00f3n\",\"item\":\"https:\/\/sitesize.net\/aprendizajeautonomo\/escuela-de-vallecas-3-0\/2-creacion-y-accion\/\"},{\"@type\":\"ListItem\",\"position\":4,\"name\":\"Escuela de Vallecas 2.0\"}]},{\"@type\":\"WebSite\",\"@id\":\"https:\/\/sitesize.net\/aprendizajeautonomo\/#website\",\"url\":\"https:\/\/sitesize.net\/aprendizajeautonomo\/\",\"name\":\"Aprendizaje aut\u00f3nomo\",\"description\":\"comunidades e itinerarios en el marco de la creaci\u00f3n contempor\u00e1nea\",\"potentialAction\":[{\"@type\":\"SearchAction\",\"target\":{\"@type\":\"EntryPoint\",\"urlTemplate\":\"https:\/\/sitesize.net\/aprendizajeautonomo\/?s={search_term_string}\"},\"query-input\":{\"@type\":\"PropertyValueSpecification\",\"valueRequired\":true,\"valueName\":\"search_term_string\"}}],\"inLanguage\":\"es\"}]}<\/script>\n<!-- \/ Yoast SEO plugin. -->","yoast_head_json":{"title":"Escuela de Vallecas 2.0 - Aprendizaje aut\u00f3nomo","robots":{"index":"index","follow":"follow","max-snippet":"max-snippet:-1","max-image-preview":"max-image-preview:large","max-video-preview":"max-video-preview:-1"},"canonical":"https:\/\/sitesize.net\/aprendizajeautonomo\/escuela-de-vallecas-3-0\/2-creacion-y-accion\/escuela-de-vallecas-2-0\/","og_locale":"es_ES","og_type":"article","og_title":"Escuela de Vallecas 2.0 - Aprendizaje aut\u00f3nomo","og_description":"Benjam\u00edn Palencia- Alegoria de la era (estio). 1941 Escuela de Vallecas 2.0. 1940-1975: Vanguardia art\u00edstica. Benjam\u00edn Palencia, retoma la experiencia de construir su vinculaci\u00f3n al territori \u00e1rido del sur de Madrid, en el tiempo tambi\u00e9n \u00e1rido del franquismo. El imaginario de emancipaci\u00f3n se identifica con una idealizaci\u00f3n de lo rural como forma de vida. Proyecci\u00f3n&hellip;","og_url":"https:\/\/sitesize.net\/aprendizajeautonomo\/escuela-de-vallecas-3-0\/2-creacion-y-accion\/escuela-de-vallecas-2-0\/","og_site_name":"Aprendizaje aut\u00f3nomo","article_modified_time":"2016-10-25T16:16:24+00:00","og_image":[{"url":"https:\/\/sitesize.net\/aprendizajeautonomo\/wp-content\/uploads\/sites\/7\/2016\/06\/Benjamin-Palencia-5.jpg","type":"","width":"","height":""}],"twitter_card":"summary_large_image","twitter_misc":{"Est. reading time":"2 minutos"},"schema":{"@context":"https:\/\/schema.org","@graph":[{"@type":"WebPage","@id":"https:\/\/sitesize.net\/aprendizajeautonomo\/escuela-de-vallecas-3-0\/2-creacion-y-accion\/escuela-de-vallecas-2-0\/","url":"https:\/\/sitesize.net\/aprendizajeautonomo\/escuela-de-vallecas-3-0\/2-creacion-y-accion\/escuela-de-vallecas-2-0\/","name":"Escuela de Vallecas 2.0 - Aprendizaje aut\u00f3nomo","isPartOf":{"@id":"https:\/\/sitesize.net\/aprendizajeautonomo\/#website"},"primaryImageOfPage":{"@id":"https:\/\/sitesize.net\/aprendizajeautonomo\/escuela-de-vallecas-3-0\/2-creacion-y-accion\/escuela-de-vallecas-2-0\/#primaryimage"},"image":{"@id":"https:\/\/sitesize.net\/aprendizajeautonomo\/escuela-de-vallecas-3-0\/2-creacion-y-accion\/escuela-de-vallecas-2-0\/#primaryimage"},"thumbnailUrl":"https:\/\/sitesize.net\/aprendizajeautonomo\/wp-content\/uploads\/sites\/7\/2016\/06\/Benjamin-Palencia-5.jpg","datePublished":"2016-10-24T08:46:05+00:00","dateModified":"2016-10-25T16:16:24+00:00","breadcrumb":{"@id":"https:\/\/sitesize.net\/aprendizajeautonomo\/escuela-de-vallecas-3-0\/2-creacion-y-accion\/escuela-de-vallecas-2-0\/#breadcrumb"},"inLanguage":"es","potentialAction":[{"@type":"ReadAction","target":["https:\/\/sitesize.net\/aprendizajeautonomo\/escuela-de-vallecas-3-0\/2-creacion-y-accion\/escuela-de-vallecas-2-0\/"]}]},{"@type":"ImageObject","inLanguage":"es","@id":"https:\/\/sitesize.net\/aprendizajeautonomo\/escuela-de-vallecas-3-0\/2-creacion-y-accion\/escuela-de-vallecas-2-0\/#primaryimage","url":"https:\/\/sitesize.net\/aprendizajeautonomo\/wp-content\/uploads\/sites\/7\/2016\/06\/Benjamin-Palencia-5.jpg","contentUrl":"https:\/\/sitesize.net\/aprendizajeautonomo\/wp-content\/uploads\/sites\/7\/2016\/06\/Benjamin-Palencia-5.jpg","width":700,"height":699,"caption":"Benjam\u00edn Palencia- Alegoria de la era (estio). 1941"},{"@type":"BreadcrumbList","@id":"https:\/\/sitesize.net\/aprendizajeautonomo\/escuela-de-vallecas-3-0\/2-creacion-y-accion\/escuela-de-vallecas-2-0\/#breadcrumb","itemListElement":[{"@type":"ListItem","position":1,"name":"Home","item":"https:\/\/sitesize.net\/aprendizajeautonomo\/"},{"@type":"ListItem","position":2,"name":"Escuela de Vallecas 3.0","item":"https:\/\/sitesize.net\/aprendizajeautonomo\/escuela-de-vallecas-3-0\/"},{"@type":"ListItem","position":3,"name":"2. Creaci\u00f3n y acci\u00f3n","item":"https:\/\/sitesize.net\/aprendizajeautonomo\/escuela-de-vallecas-3-0\/2-creacion-y-accion\/"},{"@type":"ListItem","position":4,"name":"Escuela de Vallecas 2.0"}]},{"@type":"WebSite","@id":"https:\/\/sitesize.net\/aprendizajeautonomo\/#website","url":"https:\/\/sitesize.net\/aprendizajeautonomo\/","name":"Aprendizaje aut\u00f3nomo","description":"comunidades e itinerarios en el marco de la creaci\u00f3n contempor\u00e1nea","potentialAction":[{"@type":"SearchAction","target":{"@type":"EntryPoint","urlTemplate":"https:\/\/sitesize.net\/aprendizajeautonomo\/?s={search_term_string}"},"query-input":{"@type":"PropertyValueSpecification","valueRequired":true,"valueName":"search_term_string"}}],"inLanguage":"es"}]}},"_links":{"self":[{"href":"https:\/\/sitesize.net\/aprendizajeautonomo\/wp-json\/wp\/v2\/pages\/579","targetHints":{"allow":["GET"]}}],"collection":[{"href":"https:\/\/sitesize.net\/aprendizajeautonomo\/wp-json\/wp\/v2\/pages"}],"about":[{"href":"https:\/\/sitesize.net\/aprendizajeautonomo\/wp-json\/wp\/v2\/types\/page"}],"author":[{"embeddable":true,"href":"https:\/\/sitesize.net\/aprendizajeautonomo\/wp-json\/wp\/v2\/users\/1"}],"replies":[{"embeddable":true,"href":"https:\/\/sitesize.net\/aprendizajeautonomo\/wp-json\/wp\/v2\/comments?post=579"}],"version-history":[{"count":4,"href":"https:\/\/sitesize.net\/aprendizajeautonomo\/wp-json\/wp\/v2\/pages\/579\/revisions"}],"predecessor-version":[{"id":642,"href":"https:\/\/sitesize.net\/aprendizajeautonomo\/wp-json\/wp\/v2\/pages\/579\/revisions\/642"}],"up":[{"embeddable":true,"href":"https:\/\/sitesize.net\/aprendizajeautonomo\/wp-json\/wp\/v2\/pages\/368"}],"wp:attachment":[{"href":"https:\/\/sitesize.net\/aprendizajeautonomo\/wp-json\/wp\/v2\/media?parent=579"}],"curies":[{"name":"wp","href":"https:\/\/api.w.org\/{rel}","templated":true}]}}