{"id":6,"date":"2015-10-30T19:21:22","date_gmt":"2015-10-30T19:21:22","guid":{"rendered":"https:\/\/sitesize.net\/aprendizajeautonomo\/?page_id=6"},"modified":"2016-10-25T14:16:18","modified_gmt":"2016-10-25T14:16:18","slug":"escuela-de-vallecas-3-0","status":"publish","type":"page","link":"https:\/\/sitesize.net\/aprendizajeautonomo\/escuela-de-vallecas-3-0\/","title":{"rendered":"Escuela de Vallecas 3.0"},"content":{"rendered":"<p><strong>Vanguardia art\u00edstica y territorio en la zona sur de Madrid<br \/>\n<\/strong>INTERCAMBIOS DE CREACI\u00d3N Y APRENDIZAJE<\/p>\n<p>&nbsp;<\/p>\n<figure id=\"attachment_487\" aria-describedby=\"caption-attachment-487\" style=\"width: 550px\" class=\"wp-caption alignnone\"><a href=\"https:\/\/sitesize.net\/aprendizajeautonomo\/wp-content\/uploads\/sites\/7\/2015\/10\/STSZ-Vallekas.jpg\"><img loading=\"lazy\" decoding=\"async\" class=\"wp-image-487\" src=\"https:\/\/sitesize.net\/aprendizajeautonomo\/wp-content\/uploads\/sites\/7\/2015\/10\/STSZ-Vallekas.jpg\" alt=\"STSZ-Vallekas\" width=\"550\" height=\"569\" \/><\/a><figcaption id=\"caption-attachment-487\" class=\"wp-caption-text\">El pedernal se encuentra en todo el suelo del Ensanche de Vallecas<\/figcaption><\/figure>\n<p>&nbsp;<\/p>\n<p>En la investigaci\u00f3n de Sitesize sobre la capacidad de la creaci\u00f3n art\u00edstica de participar en procesos abiertos de aprendizaje, la relaci\u00f3n entre arte y territorio merece un valor esencial. Se produce en la experiencia del territorio una de las mejores oportunidades para ensayar nuevas formas de imaginar y realizar nuestro posicionamiento para con \u00e9l.<\/p>\n<p>La vinculaci\u00f3n entre arte y territorio en la zona sur de Madrid despliega un amplio conjunto de experiencias, en las que el valor de definici\u00f3n de una identidad fuerte a defender, ha sido una constante a lo largo de los tiempos. La clara distinci\u00f3n, tambi\u00e9n en lo cultural, entre el paisaje al norte y al sur de la ciudad, ha implicado una respuesta que sigue siendo est\u00e9tica, social e ideol\u00f3gica. El paisaje de la Sierra de Guadarrama al norte, ha identificado el imaginario can\u00f3nico de la relaci\u00f3n con la naturaleza de base rom\u00e1ntica. El imaginario de las monta\u00f1as y los bosques, las aguas caudalosas. Una relaci\u00f3n del paisaje y la naturaleza como reposo, reparaci\u00f3n que favorece un urbanismo residencial.<\/p>\n<p>Por contra la imagen y la relaci\u00f3n con el paisaje de la zona sur, enlaza com el car\u00e1cter \u00e1rido, seco y despoblado de la Meseta agr\u00edcola. Tierra de extracci\u00f3n y explotaci\u00f3n. Ciudad de arrabal y de auto-construcci\u00f3n continuada. La construcci\u00f3n de un imaginario cultural de este territorio sur, ha sido siempre un ejercicio de una resistencia nada amable, tosco y esforzado. Ha convocado en este esfuerzo del mismo modo la condici\u00f3n de periferia, vanguardia y revoluci\u00f3n.<\/p>\n<p>En este sentido Sitesize, se posiciona en este territorio sur, desde el que investigar, proponer y desarrollar un proceso de reconocimiento y aprendizaje sobre el papel activo de la creaci\u00f3n art\u00edstica como anclaje territorial, construcci\u00f3n de identidad y esfera de aprendizaje colectivo.<\/p>\n<figure id=\"attachment_488\" aria-describedby=\"caption-attachment-488\" style=\"width: 700px\" class=\"wp-caption alignnone\"><a href=\"https:\/\/sitesize.net\/aprendizajeautonomo\/wp-content\/uploads\/sites\/7\/2015\/10\/Av-Mayorazgo-1.jpg\"><img loading=\"lazy\" decoding=\"async\" class=\"wp-image-488 size-full\" src=\"https:\/\/sitesize.net\/aprendizajeautonomo\/wp-content\/uploads\/sites\/7\/2015\/10\/Av-Mayorazgo-1.jpg\" alt=\"Av-Mayorazgo-1\" width=\"700\" height=\"302\" srcset=\"https:\/\/sitesize.net\/aprendizajeautonomo\/wp-content\/uploads\/sites\/7\/2015\/10\/Av-Mayorazgo-1.jpg 700w, https:\/\/sitesize.net\/aprendizajeautonomo\/wp-content\/uploads\/sites\/7\/2015\/10\/Av-Mayorazgo-1-300x129.jpg 300w\" sizes=\"auto, (max-width: 700px) 100vw, 700px\" \/><\/a><figcaption id=\"caption-attachment-488\" class=\"wp-caption-text\">Avenida Mayorazgo. Ensanche de Vallecas<\/figcaption><\/figure>\n<p>Focalizamos la investigaci\u00f3n sobre las especiales caracter\u00edsticas del <strong>ENSANCHE DE VALLECAS<\/strong>, barrio de nueva creaci\u00f3n dentro del Distrito de Vallecas. Fruto de un proceso de urbanizaci\u00f3n sin habitantes. De residentes atra\u00eddos por la oportunidad de adquirir viviendas a buen precio, pero con la contrapartida de ser propietario de una vivienda sin el amparo de un tejido urbano de relaciones y servicios. Una nueva urbanizaci\u00f3n de la periferia, que como en otros momentos a significado habitar lo precario, lo por definir, en un momento tambi\u00e9n especial, el de la crisis urban\u00edstica y social de explosi\u00f3n de la burbuja inmobiliaria.<br \/>\nAtendiendo en este caso, al valor de la creaci\u00f3n art\u00edstica en relaci\u00f3n a la construcci\u00f3n cultural y social del paisaje, tomamos como referencia la llamada Escuela de Vallecas desarrollada entre 1920 y 30, proponemos un proceso de investigaci\u00f3n, creaci\u00f3n e intercambio, que define y recorre tres estadios de definici\u00f3n. Estas fases o estadios, pueden asumirse en este orden pero tambi\u00e9n mantienen cruces de superposici\u00f3n.<\/p>\n<p><strong>1. RECONOCIMIENTO Y ACTIVACI\u00d3N.<\/strong><br \/>\nExploraci\u00f3n del territorio, experiencias de apropiaci\u00f3n y conocimiento.<br \/>\n(Exploraciones de reconocimiento, Ensanches de conocimiento en Vallecas)<\/p>\n<p><strong>2. ACCIONES DE CREACI\u00d3N<\/strong><br \/>\nExperiencias de creaci\u00f3n y actualizaci\u00f3n de la relaci\u00f3n con el lugar y con la re-creaci\u00f3n de su significado.<br \/>\nLa Escuela de Vallecas como modelo.<\/p>\n<p><strong>3. INTERCAMBIOS DE APRENDIZAJE Y SOCIALIZACI\u00d3N<\/strong><br \/>\nIntercambio de experiencias y socializaci\u00f3n como aprendizaje compartido<\/p>\n<p>-Recorridos Sitesize:<\/p>\n<p style=\"padding-left: 30px\">Recorridos 2011<br \/>\nMAD#sub<\/p>\n<p style=\"padding-left: 30px\">Recorridos 2015<br \/>\nEncuentro con Carlos Ruiz Balaguera. Arte Vecinal. Ensanche de Vallecas.<\/p>\n<p style=\"padding-left: 30px\">Recorridos 2016<br \/>\nEnclaves simb\u00f3licos y ejes naturales en el Ensanche de Vallecas.<\/p>\n<p><strong>4. ARTE Y ECOLOGIA SOCIAL EN EL ENSANCHE DE VALLECAS<\/strong><br \/>\nAportaci\u00f3n de Sitesize a la ESCUELA DE VALLECAS 3.0<\/p>\n<p>&nbsp;<\/p>\n<figure id=\"attachment_489\" aria-describedby=\"caption-attachment-489\" style=\"width: 700px\" class=\"wp-caption alignnone\"><a href=\"https:\/\/sitesize.net\/aprendizajeautonomo\/wp-content\/uploads\/sites\/7\/2015\/10\/ensanche-vallecas-plan.jpg\"><img loading=\"lazy\" decoding=\"async\" class=\"wp-image-489 size-full\" src=\"https:\/\/sitesize.net\/aprendizajeautonomo\/wp-content\/uploads\/sites\/7\/2015\/10\/ensanche-vallecas-plan.jpg\" alt=\"ensanche-vallecas-plan\" width=\"700\" height=\"381\" srcset=\"https:\/\/sitesize.net\/aprendizajeautonomo\/wp-content\/uploads\/sites\/7\/2015\/10\/ensanche-vallecas-plan.jpg 700w, https:\/\/sitesize.net\/aprendizajeautonomo\/wp-content\/uploads\/sites\/7\/2015\/10\/ensanche-vallecas-plan-300x163.jpg 300w\" sizes=\"auto, (max-width: 700px) 100vw, 700px\" \/><\/a><figcaption id=\"caption-attachment-489\" class=\"wp-caption-text\">Area del Ensanche de Vallecas al sur de Madrid<\/figcaption><\/figure>\n<p><strong>METODOLOGIA Y OBJETIVOS<\/strong><\/p>\n<p>Definir unos ejes de interpretaci\u00f3n que faciliten una aproximaci\u00f3n al conocimiento de la construcci\u00f3n colectiva del barrio, como una experiencia compleja de la relaci\u00f3n con el territorio del sur de Madrid. Se propone considerar los siguientes ejes tem\u00e1ticos: Naturaleza- Capital simb\u00f3lico- Ecolog\u00eda social.<\/p>\n<p>Realizar recorridos de exploraci\u00f3n sobre el territorio del Ensanche de Vallecas que busquen la conexi\u00f3n de elementos de un mismo eje tem\u00e1tico y descubran enlaces y superposiciones de los mismos.<\/p>\n<p>Propiciar encuentros con personas y comunidades sobre el conocimiento y la transformaci\u00f3n del lugar.<\/p>\n<p>Consolidar recorridos de lectura y cohesi\u00f3n territorial y cruzar los puntos de superposici\u00f3n que aportan capas de sentido m\u00e1s complejas.<\/p>\n<p>Realizar acciones y aportaciones creativas que consoliden y refuercen la experiencia y la salvaguarda de aquello que confirma y acrecienta el significad profundo de la relaci\u00f3n con el lugar.<\/p>\n<p>Compartir y generar formas de intercambio de experiencias y conocimientos, como un aprendizaje colectivo que va consolidando un acercamiento cualitativo a la implicaci\u00f3n con el lugar. Generar desde la relaci\u00f3n cultural y el aprendizaje una mayor cohesi\u00f3n territorial, cultural y social.<\/p>\n","protected":false},"excerpt":{"rendered":"<p>Vanguardia art\u00edstica y territorio en la zona sur de Madrid INTERCAMBIOS DE CREACI\u00d3N Y APRENDIZAJE &nbsp; &nbsp; En la investigaci\u00f3n de Sitesize sobre la capacidad de la creaci\u00f3n art\u00edstica de participar en procesos abiertos de aprendizaje, la relaci\u00f3n entre arte y territorio merece un valor esencial. Se produce en la experiencia del territorio una de&hellip;<\/p>\n","protected":false},"author":1,"featured_media":0,"parent":0,"menu_order":0,"comment_status":"closed","ping_status":"closed","template":"","meta":{"footnotes":""},"class_list":["post-6","page","type-page","status-publish","hentry","no-post-thumbnail","post-grid-4-col","entry"],"yoast_head":"<!-- This site is optimized with the Yoast SEO plugin v27.1.1 - https:\/\/yoast.com\/product\/yoast-seo-wordpress\/ -->\n<title>Escuela de Vallecas 3.0 - Aprendizaje aut\u00f3nomo<\/title>\n<meta name=\"robots\" content=\"index, follow, max-snippet:-1, max-image-preview:large, max-video-preview:-1\" \/>\n<link rel=\"canonical\" href=\"https:\/\/sitesize.net\/aprendizajeautonomo\/escuela-de-vallecas-3-0\/\" \/>\n<meta property=\"og:locale\" content=\"es_ES\" \/>\n<meta property=\"og:type\" content=\"article\" \/>\n<meta property=\"og:title\" content=\"Escuela de Vallecas 3.0 - Aprendizaje aut\u00f3nomo\" \/>\n<meta property=\"og:description\" content=\"Vanguardia art\u00edstica y territorio en la zona sur de Madrid INTERCAMBIOS DE CREACI\u00d3N Y APRENDIZAJE &nbsp; &nbsp; En la investigaci\u00f3n de Sitesize sobre la capacidad de la creaci\u00f3n art\u00edstica de participar en procesos abiertos de aprendizaje, la relaci\u00f3n entre arte y territorio merece un valor esencial. Se produce en la experiencia del territorio una de&hellip;\" \/>\n<meta property=\"og:url\" content=\"https:\/\/sitesize.net\/aprendizajeautonomo\/escuela-de-vallecas-3-0\/\" \/>\n<meta property=\"og:site_name\" content=\"Aprendizaje aut\u00f3nomo\" \/>\n<meta property=\"article:modified_time\" content=\"2016-10-25T14:16:18+00:00\" \/>\n<meta property=\"og:image\" content=\"https:\/\/sitesize.net\/aprendizajeautonomo\/wp-content\/uploads\/sites\/7\/2015\/10\/STSZ-Vallekas.jpg\" \/>\n<meta name=\"twitter:card\" content=\"summary_large_image\" \/>\n<meta name=\"twitter:label1\" content=\"Est. reading time\" \/>\n\t<meta name=\"twitter:data1\" content=\"4 minutos\" \/>\n<script type=\"application\/ld+json\" class=\"yoast-schema-graph\">{\"@context\":\"https:\/\/schema.org\",\"@graph\":[{\"@type\":\"WebPage\",\"@id\":\"https:\/\/sitesize.net\/aprendizajeautonomo\/escuela-de-vallecas-3-0\/\",\"url\":\"https:\/\/sitesize.net\/aprendizajeautonomo\/escuela-de-vallecas-3-0\/\",\"name\":\"Escuela de Vallecas 3.0 - Aprendizaje aut\u00f3nomo\",\"isPartOf\":{\"@id\":\"https:\/\/sitesize.net\/aprendizajeautonomo\/#website\"},\"primaryImageOfPage\":{\"@id\":\"https:\/\/sitesize.net\/aprendizajeautonomo\/escuela-de-vallecas-3-0\/#primaryimage\"},\"image\":{\"@id\":\"https:\/\/sitesize.net\/aprendizajeautonomo\/escuela-de-vallecas-3-0\/#primaryimage\"},\"thumbnailUrl\":\"https:\/\/sitesize.net\/aprendizajeautonomo\/wp-content\/uploads\/sites\/7\/2015\/10\/STSZ-Vallekas.jpg\",\"datePublished\":\"2015-10-30T19:21:22+00:00\",\"dateModified\":\"2016-10-25T14:16:18+00:00\",\"breadcrumb\":{\"@id\":\"https:\/\/sitesize.net\/aprendizajeautonomo\/escuela-de-vallecas-3-0\/#breadcrumb\"},\"inLanguage\":\"es\",\"potentialAction\":[{\"@type\":\"ReadAction\",\"target\":[\"https:\/\/sitesize.net\/aprendizajeautonomo\/escuela-de-vallecas-3-0\/\"]}]},{\"@type\":\"ImageObject\",\"inLanguage\":\"es\",\"@id\":\"https:\/\/sitesize.net\/aprendizajeautonomo\/escuela-de-vallecas-3-0\/#primaryimage\",\"url\":\"https:\/\/sitesize.net\/aprendizajeautonomo\/wp-content\/uploads\/sites\/7\/2015\/10\/STSZ-Vallekas.jpg\",\"contentUrl\":\"https:\/\/sitesize.net\/aprendizajeautonomo\/wp-content\/uploads\/sites\/7\/2015\/10\/STSZ-Vallekas.jpg\",\"width\":700,\"height\":700},{\"@type\":\"BreadcrumbList\",\"@id\":\"https:\/\/sitesize.net\/aprendizajeautonomo\/escuela-de-vallecas-3-0\/#breadcrumb\",\"itemListElement\":[{\"@type\":\"ListItem\",\"position\":1,\"name\":\"Home\",\"item\":\"https:\/\/sitesize.net\/aprendizajeautonomo\/\"},{\"@type\":\"ListItem\",\"position\":2,\"name\":\"Escuela de Vallecas 3.0\"}]},{\"@type\":\"WebSite\",\"@id\":\"https:\/\/sitesize.net\/aprendizajeautonomo\/#website\",\"url\":\"https:\/\/sitesize.net\/aprendizajeautonomo\/\",\"name\":\"Aprendizaje aut\u00f3nomo\",\"description\":\"comunidades e itinerarios en el marco de la creaci\u00f3n contempor\u00e1nea\",\"potentialAction\":[{\"@type\":\"SearchAction\",\"target\":{\"@type\":\"EntryPoint\",\"urlTemplate\":\"https:\/\/sitesize.net\/aprendizajeautonomo\/?s={search_term_string}\"},\"query-input\":{\"@type\":\"PropertyValueSpecification\",\"valueRequired\":true,\"valueName\":\"search_term_string\"}}],\"inLanguage\":\"es\"}]}<\/script>\n<!-- \/ Yoast SEO plugin. -->","yoast_head_json":{"title":"Escuela de Vallecas 3.0 - Aprendizaje aut\u00f3nomo","robots":{"index":"index","follow":"follow","max-snippet":"max-snippet:-1","max-image-preview":"max-image-preview:large","max-video-preview":"max-video-preview:-1"},"canonical":"https:\/\/sitesize.net\/aprendizajeautonomo\/escuela-de-vallecas-3-0\/","og_locale":"es_ES","og_type":"article","og_title":"Escuela de Vallecas 3.0 - Aprendizaje aut\u00f3nomo","og_description":"Vanguardia art\u00edstica y territorio en la zona sur de Madrid INTERCAMBIOS DE CREACI\u00d3N Y APRENDIZAJE &nbsp; &nbsp; En la investigaci\u00f3n de Sitesize sobre la capacidad de la creaci\u00f3n art\u00edstica de participar en procesos abiertos de aprendizaje, la relaci\u00f3n entre arte y territorio merece un valor esencial. Se produce en la experiencia del territorio una de&hellip;","og_url":"https:\/\/sitesize.net\/aprendizajeautonomo\/escuela-de-vallecas-3-0\/","og_site_name":"Aprendizaje aut\u00f3nomo","article_modified_time":"2016-10-25T14:16:18+00:00","og_image":[{"url":"https:\/\/sitesize.net\/aprendizajeautonomo\/wp-content\/uploads\/sites\/7\/2015\/10\/STSZ-Vallekas.jpg","type":"","width":"","height":""}],"twitter_card":"summary_large_image","twitter_misc":{"Est. reading time":"4 minutos"},"schema":{"@context":"https:\/\/schema.org","@graph":[{"@type":"WebPage","@id":"https:\/\/sitesize.net\/aprendizajeautonomo\/escuela-de-vallecas-3-0\/","url":"https:\/\/sitesize.net\/aprendizajeautonomo\/escuela-de-vallecas-3-0\/","name":"Escuela de Vallecas 3.0 - Aprendizaje aut\u00f3nomo","isPartOf":{"@id":"https:\/\/sitesize.net\/aprendizajeautonomo\/#website"},"primaryImageOfPage":{"@id":"https:\/\/sitesize.net\/aprendizajeautonomo\/escuela-de-vallecas-3-0\/#primaryimage"},"image":{"@id":"https:\/\/sitesize.net\/aprendizajeautonomo\/escuela-de-vallecas-3-0\/#primaryimage"},"thumbnailUrl":"https:\/\/sitesize.net\/aprendizajeautonomo\/wp-content\/uploads\/sites\/7\/2015\/10\/STSZ-Vallekas.jpg","datePublished":"2015-10-30T19:21:22+00:00","dateModified":"2016-10-25T14:16:18+00:00","breadcrumb":{"@id":"https:\/\/sitesize.net\/aprendizajeautonomo\/escuela-de-vallecas-3-0\/#breadcrumb"},"inLanguage":"es","potentialAction":[{"@type":"ReadAction","target":["https:\/\/sitesize.net\/aprendizajeautonomo\/escuela-de-vallecas-3-0\/"]}]},{"@type":"ImageObject","inLanguage":"es","@id":"https:\/\/sitesize.net\/aprendizajeautonomo\/escuela-de-vallecas-3-0\/#primaryimage","url":"https:\/\/sitesize.net\/aprendizajeautonomo\/wp-content\/uploads\/sites\/7\/2015\/10\/STSZ-Vallekas.jpg","contentUrl":"https:\/\/sitesize.net\/aprendizajeautonomo\/wp-content\/uploads\/sites\/7\/2015\/10\/STSZ-Vallekas.jpg","width":700,"height":700},{"@type":"BreadcrumbList","@id":"https:\/\/sitesize.net\/aprendizajeautonomo\/escuela-de-vallecas-3-0\/#breadcrumb","itemListElement":[{"@type":"ListItem","position":1,"name":"Home","item":"https:\/\/sitesize.net\/aprendizajeautonomo\/"},{"@type":"ListItem","position":2,"name":"Escuela de Vallecas 3.0"}]},{"@type":"WebSite","@id":"https:\/\/sitesize.net\/aprendizajeautonomo\/#website","url":"https:\/\/sitesize.net\/aprendizajeautonomo\/","name":"Aprendizaje aut\u00f3nomo","description":"comunidades e itinerarios en el marco de la creaci\u00f3n contempor\u00e1nea","potentialAction":[{"@type":"SearchAction","target":{"@type":"EntryPoint","urlTemplate":"https:\/\/sitesize.net\/aprendizajeautonomo\/?s={search_term_string}"},"query-input":{"@type":"PropertyValueSpecification","valueRequired":true,"valueName":"search_term_string"}}],"inLanguage":"es"}]}},"_links":{"self":[{"href":"https:\/\/sitesize.net\/aprendizajeautonomo\/wp-json\/wp\/v2\/pages\/6","targetHints":{"allow":["GET"]}}],"collection":[{"href":"https:\/\/sitesize.net\/aprendizajeautonomo\/wp-json\/wp\/v2\/pages"}],"about":[{"href":"https:\/\/sitesize.net\/aprendizajeautonomo\/wp-json\/wp\/v2\/types\/page"}],"author":[{"embeddable":true,"href":"https:\/\/sitesize.net\/aprendizajeautonomo\/wp-json\/wp\/v2\/users\/1"}],"replies":[{"embeddable":true,"href":"https:\/\/sitesize.net\/aprendizajeautonomo\/wp-json\/wp\/v2\/comments?post=6"}],"version-history":[{"count":10,"href":"https:\/\/sitesize.net\/aprendizajeautonomo\/wp-json\/wp\/v2\/pages\/6\/revisions"}],"predecessor-version":[{"id":640,"href":"https:\/\/sitesize.net\/aprendizajeautonomo\/wp-json\/wp\/v2\/pages\/6\/revisions\/640"}],"wp:attachment":[{"href":"https:\/\/sitesize.net\/aprendizajeautonomo\/wp-json\/wp\/v2\/media?parent=6"}],"curies":[{"name":"wp","href":"https:\/\/api.w.org\/{rel}","templated":true}]}}