{"id":763,"date":"2018-05-25T16:19:58","date_gmt":"2018-05-25T16:19:58","guid":{"rendered":"https:\/\/sitesize.net\/aprendizajeautonomo\/?page_id=763"},"modified":"2018-05-25T16:22:26","modified_gmt":"2018-05-25T16:22:26","slug":"politica-de-privacitat","status":"publish","type":"page","link":"https:\/\/sitesize.net\/aprendizajeautonomo\/47-2\/politica-de-privacitat\/","title":{"rendered":"Pol\u00edtica de privacitat"},"content":{"rendered":"<p>Qui som?<br \/>\nAssociaci\u00f3 Cultural Sitesize<br \/>\nCIF: G65971624<br \/>\nLa nostra adre\u00e7a web \u00e9s: https:\/\/sitesize.net<\/p>\n<p>Quines dades personals recollim i per qu\u00e8<\/p>\n<p>Comentaris<\/p>\n<p>Quan els visitants deixen comentaris a la web, recollim les dades que es<br \/>\nmostren al formulari de contacte, aix\u00ed com tamb\u00e9 l&#8217;adre\u00e7a IP del<br \/>\nvisitant i la cadena de l&#8217;agent de l&#8217;usuari del navegador per ajudar a<br \/>\nla detecci\u00f3 de missatges brossa.<\/p>\n<p>Una cadena anonimitzada creada a partir del correu electr\u00f2nic (tamb\u00e9<br \/>\nnomenat un hash) pot proporcionar-se al servei Gravatar per veure si<br \/>\nl&#8217;esteu usant. La pol\u00edtica de privadesa del servei Gravatar est\u00e0<br \/>\ndisponible aqu\u00ed: <a href=\"https:\/\/automattic.com\/privacy\/\" target=\"_blank\" rel=\"noopener\">https:\/\/automattic.com\/privacy\/<\/a>. Una vegada aprovat el<br \/>\ncomentari, la imatge del vostre perfil \u00e9s visible al p\u00fablic al context<br \/>\ndel comentari.<\/p>\n<p>M\u00e8dia<\/p>\n<p>Si pugeu imatges al lloc web, heu d&#8217;evitar pujar imatges que incloguin<br \/>\ndades de geolocalitzaci\u00f3 (EXIF GPS) incrustades. Els visitants del lloc<br \/>\nweb poden descarregar i extreure qualsevol informaci\u00f3 de les imatges de<br \/>\nla web.<\/p>\n<p>Formularis de contacte<\/p>\n<p>Galetes<\/p>\n<p>Si deixeu un comentari en la p\u00e0gina web, podeu optar per desar el nom,<br \/>\nl&#8217;adre\u00e7a de correu electr\u00f2nic i la p\u00e0gina web en les galetes. Aix\u00f2 \u00e9s<br \/>\nper la vostra comoditat per a qu\u00e8 no hagueu d&#8217;emplenar les dades de nou<br \/>\nquan feu un altre comentari. Aquestes galetes duraran un any.<\/p>\n<p>Si teniu un compte i inicieu sessi\u00f3 en aquesta p\u00e0gina web, es definir\u00e0<br \/>\nuna galeta temporal per determinar si el navegador accepta galetes.<br \/>\nAquesta galeta no cont\u00e9 dades personals i es descartar\u00e0 quan tanqueu el<br \/>\nnavegador.<\/p>\n<p>Quan inicieu sessi\u00f3, tamb\u00e9 es configuraran diverses galetes per desar la<br \/>\ninformaci\u00f3 d&#8217;inici de sessi\u00f3 i les opcions de visualitzaci\u00f3 de la<br \/>\npantalla. Les galeres d&#8217;inici de sessi\u00f3 duren dos dies, i les galetes de<br \/>\nles opcions de pantalla duren un any. Si seleccioneu \u00abRecordeu-me\u00bb,<br \/>\nl&#8217;inici de sessi\u00f3 persistir\u00e0 durant dos setmanes. Si finalitzeu la<br \/>\nsessi\u00f3, les galetes d&#8217;inici de sessi\u00f3 seran suprimides.<\/p>\n<p>Si editeu o publiqueu un article, una galeta addicional es desar\u00e0 al<br \/>\nnavegador. Aquesta galeta no inclou dades personals i simplement indica<br \/>\nl&#8217;identificador de l&#8217;entrada que acabeu d&#8217;editar. Expira despr\u00e9s d&#8217;1 dia.<br \/>\nContingut incrustat d&#8217;altres llocs web<\/p>\n<p>Els articles en aquesta p\u00e0gina web inclou contingut incrustat (per<br \/>\nexemple, v\u00eddeos, imatges, articles, etc.). El contingut incrustat des<br \/>\nd&#8217;altres p\u00e0gines web es comporta exactament de la mateixa manera com si<br \/>\nel visitant estiguera visitant l&#8217;altra p\u00e0gina web.<\/p>\n<p>Aquestes p\u00e0gines web poden recollir dades sobre v\u00f3s, fer servir galetes,<br \/>\nincrustar seguiment addicional de terceres parts, i monitoritzar la<br \/>\ninteracci\u00f3 amb el contingut incrustat, incloent la tra\u00e7a de la<br \/>\ninteracci\u00f3 amb el contingut incrustat si teniu un compte i heu iniciat<br \/>\nsessi\u00f3 en aquesta p\u00e0gina web.<\/p>\n<p>Anal\u00edtiques<\/p>\n<p>Amb qui compartim les vostres dades<\/p>\n<p>Quant de temps retenim les dades<\/p>\n<p>Si deixeu un comentari, el comentari i les seves dades meta es retenen<br \/>\nindefinidament. Aix\u00f2 \u00e9s per poder recon\u00e8ixer i aprovar autom\u00e0ticament<br \/>\nqualsevol comentari de seguiment en lloc de mantenir-los en la cua de<br \/>\nmoderaci\u00f3.<\/p>\n<p>Per als usuaris que es registren en la web (si hi ha), tamb\u00e9<br \/>\nemmagatzemem la informaci\u00f3 personal que proporcionen al seu perfil<br \/>\nd&#8217;usuari. Tots els usuaris poden veure, editar o suprimir la seva<br \/>\ninformaci\u00f3 personal en qualsevol moment (excepte que no poden canviar el<br \/>\nseu nom d&#8217;usuari). Els administradors de la p\u00e0gina web poden tamb\u00e9<br \/>\neditar aquesta informaci\u00f3.<\/p>\n<p>Quins drets teniu sobre les vostres dades<\/p>\n<p>Si teniu un compte en aquest lloc web o hi heu deixat comentaris, podeu<br \/>\ndemanar que us enviem un fitxer d&#8217;exportaci\u00f3 de les vostres dades<br \/>\npersonals, incloent totes les dades que ens hagueu proporcionat. Tamb\u00e9<br \/>\npodeu demanar que esborrem qualsevol dada personal vostra que tinguem.<br \/>\nAix\u00f2 no inclou les dades que estiguem obligats a conservar amb prop\u00f2sits<br \/>\nadministratius, legals o de seguretat.<\/p>\n<p>On enviem les vostres dades<\/p>\n<p>Els comentaris dels visitants han de ser comprovats mitjan\u00e7ant un servei<br \/>\nde detecci\u00f3 de brossa automatitzat.<\/p>\n<p>Informaci\u00f3 de contacte<br \/>\ninfo(a)sitesize.net<\/p>\n<p>&nbsp;<\/p>\n","protected":false},"excerpt":{"rendered":"<p>Qui som? Associaci\u00f3 Cultural Sitesize CIF: G65971624 La nostra adre\u00e7a web \u00e9s: https:\/\/sitesize.net Quines dades personals recollim i per qu\u00e8 Comentaris Quan els visitants deixen comentaris a la web, recollim les dades que es mostren al formulari de contacte, aix\u00ed com tamb\u00e9 l&#8217;adre\u00e7a IP del visitant i la cadena de l&#8217;agent de l&#8217;usuari del navegador&hellip;<\/p>\n","protected":false},"author":1,"featured_media":0,"parent":47,"menu_order":1,"comment_status":"closed","ping_status":"closed","template":"","meta":{"footnotes":""},"class_list":["post-763","page","type-page","status-publish","hentry","no-post-thumbnail","post-grid-4-col","entry"],"yoast_head":"<!-- This site is optimized with the Yoast SEO plugin v27.1.1 - https:\/\/yoast.com\/product\/yoast-seo-wordpress\/ -->\n<title>Pol\u00edtica de privacitat - Aprendizaje aut\u00f3nomo<\/title>\n<meta name=\"robots\" content=\"index, follow, max-snippet:-1, max-image-preview:large, max-video-preview:-1\" \/>\n<link rel=\"canonical\" href=\"https:\/\/sitesize.net\/aprendizajeautonomo\/47-2\/politica-de-privacitat\/\" \/>\n<meta property=\"og:locale\" content=\"es_ES\" \/>\n<meta property=\"og:type\" content=\"article\" \/>\n<meta property=\"og:title\" content=\"Pol\u00edtica de privacitat - Aprendizaje aut\u00f3nomo\" \/>\n<meta property=\"og:description\" content=\"Qui som? Associaci\u00f3 Cultural Sitesize CIF: G65971624 La nostra adre\u00e7a web \u00e9s: https:\/\/sitesize.net Quines dades personals recollim i per qu\u00e8 Comentaris Quan els visitants deixen comentaris a la web, recollim les dades que es mostren al formulari de contacte, aix\u00ed com tamb\u00e9 l&#8217;adre\u00e7a IP del visitant i la cadena de l&#8217;agent de l&#8217;usuari del navegador&hellip;\" \/>\n<meta property=\"og:url\" content=\"https:\/\/sitesize.net\/aprendizajeautonomo\/47-2\/politica-de-privacitat\/\" \/>\n<meta property=\"og:site_name\" content=\"Aprendizaje aut\u00f3nomo\" \/>\n<meta property=\"article:modified_time\" content=\"2018-05-25T16:22:26+00:00\" \/>\n<meta name=\"twitter:card\" content=\"summary_large_image\" \/>\n<meta name=\"twitter:label1\" content=\"Est. reading time\" \/>\n\t<meta name=\"twitter:data1\" content=\"3 minutos\" \/>\n<script type=\"application\/ld+json\" class=\"yoast-schema-graph\">{\"@context\":\"https:\/\/schema.org\",\"@graph\":[{\"@type\":\"WebPage\",\"@id\":\"https:\/\/sitesize.net\/aprendizajeautonomo\/47-2\/politica-de-privacitat\/\",\"url\":\"https:\/\/sitesize.net\/aprendizajeautonomo\/47-2\/politica-de-privacitat\/\",\"name\":\"Pol\u00edtica de privacitat - Aprendizaje aut\u00f3nomo\",\"isPartOf\":{\"@id\":\"https:\/\/sitesize.net\/aprendizajeautonomo\/#website\"},\"datePublished\":\"2018-05-25T16:19:58+00:00\",\"dateModified\":\"2018-05-25T16:22:26+00:00\",\"breadcrumb\":{\"@id\":\"https:\/\/sitesize.net\/aprendizajeautonomo\/47-2\/politica-de-privacitat\/#breadcrumb\"},\"inLanguage\":\"es\",\"potentialAction\":[{\"@type\":\"ReadAction\",\"target\":[\"https:\/\/sitesize.net\/aprendizajeautonomo\/47-2\/politica-de-privacitat\/\"]}]},{\"@type\":\"BreadcrumbList\",\"@id\":\"https:\/\/sitesize.net\/aprendizajeautonomo\/47-2\/politica-de-privacitat\/#breadcrumb\",\"itemListElement\":[{\"@type\":\"ListItem\",\"position\":1,\"name\":\"Home\",\"item\":\"https:\/\/sitesize.net\/aprendizajeautonomo\/\"},{\"@type\":\"ListItem\",\"position\":2,\"name\":\"Sobre el proyecto\",\"item\":\"https:\/\/sitesize.net\/aprendizajeautonomo\/47-2\/\"},{\"@type\":\"ListItem\",\"position\":3,\"name\":\"Pol\u00edtica de privacitat\"}]},{\"@type\":\"WebSite\",\"@id\":\"https:\/\/sitesize.net\/aprendizajeautonomo\/#website\",\"url\":\"https:\/\/sitesize.net\/aprendizajeautonomo\/\",\"name\":\"Aprendizaje aut\u00f3nomo\",\"description\":\"comunidades e itinerarios en el marco de la creaci\u00f3n contempor\u00e1nea\",\"potentialAction\":[{\"@type\":\"SearchAction\",\"target\":{\"@type\":\"EntryPoint\",\"urlTemplate\":\"https:\/\/sitesize.net\/aprendizajeautonomo\/?s={search_term_string}\"},\"query-input\":{\"@type\":\"PropertyValueSpecification\",\"valueRequired\":true,\"valueName\":\"search_term_string\"}}],\"inLanguage\":\"es\"}]}<\/script>\n<!-- \/ Yoast SEO plugin. -->","yoast_head_json":{"title":"Pol\u00edtica de privacitat - Aprendizaje aut\u00f3nomo","robots":{"index":"index","follow":"follow","max-snippet":"max-snippet:-1","max-image-preview":"max-image-preview:large","max-video-preview":"max-video-preview:-1"},"canonical":"https:\/\/sitesize.net\/aprendizajeautonomo\/47-2\/politica-de-privacitat\/","og_locale":"es_ES","og_type":"article","og_title":"Pol\u00edtica de privacitat - Aprendizaje aut\u00f3nomo","og_description":"Qui som? Associaci\u00f3 Cultural Sitesize CIF: G65971624 La nostra adre\u00e7a web \u00e9s: https:\/\/sitesize.net Quines dades personals recollim i per qu\u00e8 Comentaris Quan els visitants deixen comentaris a la web, recollim les dades que es mostren al formulari de contacte, aix\u00ed com tamb\u00e9 l&#8217;adre\u00e7a IP del visitant i la cadena de l&#8217;agent de l&#8217;usuari del navegador&hellip;","og_url":"https:\/\/sitesize.net\/aprendizajeautonomo\/47-2\/politica-de-privacitat\/","og_site_name":"Aprendizaje aut\u00f3nomo","article_modified_time":"2018-05-25T16:22:26+00:00","twitter_card":"summary_large_image","twitter_misc":{"Est. reading time":"3 minutos"},"schema":{"@context":"https:\/\/schema.org","@graph":[{"@type":"WebPage","@id":"https:\/\/sitesize.net\/aprendizajeautonomo\/47-2\/politica-de-privacitat\/","url":"https:\/\/sitesize.net\/aprendizajeautonomo\/47-2\/politica-de-privacitat\/","name":"Pol\u00edtica de privacitat - Aprendizaje aut\u00f3nomo","isPartOf":{"@id":"https:\/\/sitesize.net\/aprendizajeautonomo\/#website"},"datePublished":"2018-05-25T16:19:58+00:00","dateModified":"2018-05-25T16:22:26+00:00","breadcrumb":{"@id":"https:\/\/sitesize.net\/aprendizajeautonomo\/47-2\/politica-de-privacitat\/#breadcrumb"},"inLanguage":"es","potentialAction":[{"@type":"ReadAction","target":["https:\/\/sitesize.net\/aprendizajeautonomo\/47-2\/politica-de-privacitat\/"]}]},{"@type":"BreadcrumbList","@id":"https:\/\/sitesize.net\/aprendizajeautonomo\/47-2\/politica-de-privacitat\/#breadcrumb","itemListElement":[{"@type":"ListItem","position":1,"name":"Home","item":"https:\/\/sitesize.net\/aprendizajeautonomo\/"},{"@type":"ListItem","position":2,"name":"Sobre el proyecto","item":"https:\/\/sitesize.net\/aprendizajeautonomo\/47-2\/"},{"@type":"ListItem","position":3,"name":"Pol\u00edtica de privacitat"}]},{"@type":"WebSite","@id":"https:\/\/sitesize.net\/aprendizajeautonomo\/#website","url":"https:\/\/sitesize.net\/aprendizajeautonomo\/","name":"Aprendizaje aut\u00f3nomo","description":"comunidades e itinerarios en el marco de la creaci\u00f3n contempor\u00e1nea","potentialAction":[{"@type":"SearchAction","target":{"@type":"EntryPoint","urlTemplate":"https:\/\/sitesize.net\/aprendizajeautonomo\/?s={search_term_string}"},"query-input":{"@type":"PropertyValueSpecification","valueRequired":true,"valueName":"search_term_string"}}],"inLanguage":"es"}]}},"_links":{"self":[{"href":"https:\/\/sitesize.net\/aprendizajeautonomo\/wp-json\/wp\/v2\/pages\/763","targetHints":{"allow":["GET"]}}],"collection":[{"href":"https:\/\/sitesize.net\/aprendizajeautonomo\/wp-json\/wp\/v2\/pages"}],"about":[{"href":"https:\/\/sitesize.net\/aprendizajeautonomo\/wp-json\/wp\/v2\/types\/page"}],"author":[{"embeddable":true,"href":"https:\/\/sitesize.net\/aprendizajeautonomo\/wp-json\/wp\/v2\/users\/1"}],"replies":[{"embeddable":true,"href":"https:\/\/sitesize.net\/aprendizajeautonomo\/wp-json\/wp\/v2\/comments?post=763"}],"version-history":[{"count":1,"href":"https:\/\/sitesize.net\/aprendizajeautonomo\/wp-json\/wp\/v2\/pages\/763\/revisions"}],"predecessor-version":[{"id":764,"href":"https:\/\/sitesize.net\/aprendizajeautonomo\/wp-json\/wp\/v2\/pages\/763\/revisions\/764"}],"up":[{"embeddable":true,"href":"https:\/\/sitesize.net\/aprendizajeautonomo\/wp-json\/wp\/v2\/pages\/47"}],"wp:attachment":[{"href":"https:\/\/sitesize.net\/aprendizajeautonomo\/wp-json\/wp\/v2\/media?parent=763"}],"curies":[{"name":"wp","href":"https:\/\/api.w.org\/{rel}","templated":true}]}}