{"id":90,"date":"2016-01-11T13:23:13","date_gmt":"2016-01-11T13:23:13","guid":{"rendered":"https:\/\/sitesize.net\/aprendizajeautonomo\/?page_id=90"},"modified":"2016-02-19T12:55:33","modified_gmt":"2016-02-19T12:55:33","slug":"encuesta-pumarejo","status":"publish","type":"page","link":"https:\/\/sitesize.net\/aprendizajeautonomo\/la-casa-grande-como-obra-de-arte\/encuesta-pumarejo\/","title":{"rendered":"Encuesta sobre la Casa Grande del Pumarejo"},"content":{"rendered":"<p>Con 15 a\u00f1os de recorrido La Casa Grande del Pumarejo a pasado por multitud de situaciones y luchas por su rehabilitaci\u00f3n, recuperaci\u00f3n y revitalizaci\u00f3n, llegando a ser a d\u00eda de hoy un referente de espacio ciudadano autogestionado. Desde el nacimiento de la Plataforma por la Casa del Pumarejo son numerosos los artistas, colectivos art\u00edsticos y creadores que han pasado por este espacio.<\/p>\n<p>Desde nuestra pr\u00e1ctica como colectivo Sitesize, afincado en Barcelona y dedicado desde 2002 a proyectos de arte y espacio p\u00fablico, nos interesa conocer como las pr\u00e1cticas art\u00edsticas y culturales han contribuido y siguen contribuyendo a que la Casa se consolide como un lugar de creaci\u00f3n y aprendizaje comunitario.<\/p>\n<p>Partimos de nuestro propio trabajo y de la consideraci\u00f3n del arte como un espacio de intercambio de haceres, saberes y servicios. Os proponemos, a los colectivos y artistas que de alg\u00fan modo hab\u00e9is contribuido al proyecto, responder una encuesta cuya finalidad es la de releer las aportaciones art\u00edsticas, las creaciones, obras y proyectos creativos que han tenido lugar en la Casa Grande del Pumarejo y\/o en su contexto. Esta propuesta que os hacemos llegar forma parte de una investigaci\u00f3n que llevamos a cabo sobre arte y pedagog\u00eda, que gan\u00f3 una residencia en el Museo Reina Sof\u00eda en la convocatoria de 2014. Esta beca nos ha posibilitado venir y conocer el contexto y la misma casa del Pumarejo el pasado mes de abril.<\/p>\n<p>Nuestra intenci\u00f3n con esta iniciativa, es aprender de las din\u00e1micas que se han generado poniendo a disposici\u00f3n de la comunidad del Pumarejo nuestra investigaci\u00f3n, reconociendo en las pr\u00e1cticas que han transitado y vivido en la Casa nuestros propios logros y tambi\u00e9n dificultades a la hora de llevar a cabo un proyecto en un contexto tan diverso y rico com es la Casa Grande del Pumarejo. El sentido de esta encuesta es ser una palanca para la toma de conciencia, el cuestionamiento y el empoderamiento de unas pr\u00e1cticas que atraviesan los movimientos sociales y se encarnan en tiempos y lugares espec\u00edficos que constituyen aut\u00e9nticos viveros sociales en los que germinar y desarrollarse.<\/p>\n<p>La encuesta se divide en tres bloques referidos al punto de partida, proceso de creaci\u00f3n y aprendizaje y diseminaci\u00f3n del proyecto. La extensi\u00f3n de las respuestas es libre, os pedimos tan solo que sea lo m\u00e1s descriptivo posible.<\/p>\n<p>En el caso de que hayan cuestiones importantes realtivas a vuestro proyecto y que no responden a ninguna pregunta os sugerimos las anot\u00e9is al final de la encuesta en el Bloque 4\/\/ Otros aspectos del proyecto a destacar.<\/p>\n<p>Puedes hacernos llegar la encuesta a trav\u00e9s de la Casa Grande del Pumarejo o directamente a nuestro mail: <a href=\"mailto:info@sitesize.net\">info(a)sitesize.net<\/a><\/p>\n<p>&nbsp;<\/p>\n","protected":false},"excerpt":{"rendered":"<p>Con 15 a\u00f1os de recorrido La Casa Grande del Pumarejo a pasado por multitud de situaciones y luchas por su rehabilitaci\u00f3n, recuperaci\u00f3n y revitalizaci\u00f3n, llegando a ser a d\u00eda de hoy un referente de espacio ciudadano autogestionado. Desde el nacimiento de la Plataforma por la Casa del Pumarejo son numerosos los artistas, colectivos art\u00edsticos y&hellip;<\/p>\n","protected":false},"author":1,"featured_media":0,"parent":10,"menu_order":0,"comment_status":"closed","ping_status":"closed","template":"","meta":{"footnotes":""},"class_list":["post-90","page","type-page","status-publish","hentry","no-post-thumbnail","post-grid-4-col","entry"],"yoast_head":"<!-- This site is optimized with the Yoast SEO plugin v27.1.1 - https:\/\/yoast.com\/product\/yoast-seo-wordpress\/ -->\n<title>Encuesta sobre la Casa Grande del Pumarejo - Aprendizaje aut\u00f3nomo<\/title>\n<meta name=\"robots\" content=\"index, follow, max-snippet:-1, max-image-preview:large, max-video-preview:-1\" \/>\n<link rel=\"canonical\" href=\"https:\/\/sitesize.net\/aprendizajeautonomo\/la-casa-grande-como-obra-de-arte\/encuesta-pumarejo\/\" \/>\n<meta property=\"og:locale\" content=\"es_ES\" \/>\n<meta property=\"og:type\" content=\"article\" \/>\n<meta property=\"og:title\" content=\"Encuesta sobre la Casa Grande del Pumarejo - Aprendizaje aut\u00f3nomo\" \/>\n<meta property=\"og:description\" content=\"Con 15 a\u00f1os de recorrido La Casa Grande del Pumarejo a pasado por multitud de situaciones y luchas por su rehabilitaci\u00f3n, recuperaci\u00f3n y revitalizaci\u00f3n, llegando a ser a d\u00eda de hoy un referente de espacio ciudadano autogestionado. Desde el nacimiento de la Plataforma por la Casa del Pumarejo son numerosos los artistas, colectivos art\u00edsticos y&hellip;\" \/>\n<meta property=\"og:url\" content=\"https:\/\/sitesize.net\/aprendizajeautonomo\/la-casa-grande-como-obra-de-arte\/encuesta-pumarejo\/\" \/>\n<meta property=\"og:site_name\" content=\"Aprendizaje aut\u00f3nomo\" \/>\n<meta property=\"article:modified_time\" content=\"2016-02-19T12:55:33+00:00\" \/>\n<meta name=\"twitter:card\" content=\"summary_large_image\" \/>\n<meta name=\"twitter:label1\" content=\"Est. reading time\" \/>\n\t<meta name=\"twitter:data1\" content=\"2 minutos\" \/>\n<script type=\"application\/ld+json\" class=\"yoast-schema-graph\">{\"@context\":\"https:\/\/schema.org\",\"@graph\":[{\"@type\":\"WebPage\",\"@id\":\"https:\/\/sitesize.net\/aprendizajeautonomo\/la-casa-grande-como-obra-de-arte\/encuesta-pumarejo\/\",\"url\":\"https:\/\/sitesize.net\/aprendizajeautonomo\/la-casa-grande-como-obra-de-arte\/encuesta-pumarejo\/\",\"name\":\"Encuesta sobre la Casa Grande del Pumarejo - Aprendizaje aut\u00f3nomo\",\"isPartOf\":{\"@id\":\"https:\/\/sitesize.net\/aprendizajeautonomo\/#website\"},\"datePublished\":\"2016-01-11T13:23:13+00:00\",\"dateModified\":\"2016-02-19T12:55:33+00:00\",\"breadcrumb\":{\"@id\":\"https:\/\/sitesize.net\/aprendizajeautonomo\/la-casa-grande-como-obra-de-arte\/encuesta-pumarejo\/#breadcrumb\"},\"inLanguage\":\"es\",\"potentialAction\":[{\"@type\":\"ReadAction\",\"target\":[\"https:\/\/sitesize.net\/aprendizajeautonomo\/la-casa-grande-como-obra-de-arte\/encuesta-pumarejo\/\"]}]},{\"@type\":\"BreadcrumbList\",\"@id\":\"https:\/\/sitesize.net\/aprendizajeautonomo\/la-casa-grande-como-obra-de-arte\/encuesta-pumarejo\/#breadcrumb\",\"itemListElement\":[{\"@type\":\"ListItem\",\"position\":1,\"name\":\"Home\",\"item\":\"https:\/\/sitesize.net\/aprendizajeautonomo\/\"},{\"@type\":\"ListItem\",\"position\":2,\"name\":\"La Casa como obra de arte\",\"item\":\"https:\/\/sitesize.net\/aprendizajeautonomo\/la-casa-grande-como-obra-de-arte\/\"},{\"@type\":\"ListItem\",\"position\":3,\"name\":\"Encuesta sobre la Casa Grande del Pumarejo\"}]},{\"@type\":\"WebSite\",\"@id\":\"https:\/\/sitesize.net\/aprendizajeautonomo\/#website\",\"url\":\"https:\/\/sitesize.net\/aprendizajeautonomo\/\",\"name\":\"Aprendizaje aut\u00f3nomo\",\"description\":\"comunidades e itinerarios en el marco de la creaci\u00f3n contempor\u00e1nea\",\"potentialAction\":[{\"@type\":\"SearchAction\",\"target\":{\"@type\":\"EntryPoint\",\"urlTemplate\":\"https:\/\/sitesize.net\/aprendizajeautonomo\/?s={search_term_string}\"},\"query-input\":{\"@type\":\"PropertyValueSpecification\",\"valueRequired\":true,\"valueName\":\"search_term_string\"}}],\"inLanguage\":\"es\"}]}<\/script>\n<!-- \/ Yoast SEO plugin. -->","yoast_head_json":{"title":"Encuesta sobre la Casa Grande del Pumarejo - Aprendizaje aut\u00f3nomo","robots":{"index":"index","follow":"follow","max-snippet":"max-snippet:-1","max-image-preview":"max-image-preview:large","max-video-preview":"max-video-preview:-1"},"canonical":"https:\/\/sitesize.net\/aprendizajeautonomo\/la-casa-grande-como-obra-de-arte\/encuesta-pumarejo\/","og_locale":"es_ES","og_type":"article","og_title":"Encuesta sobre la Casa Grande del Pumarejo - Aprendizaje aut\u00f3nomo","og_description":"Con 15 a\u00f1os de recorrido La Casa Grande del Pumarejo a pasado por multitud de situaciones y luchas por su rehabilitaci\u00f3n, recuperaci\u00f3n y revitalizaci\u00f3n, llegando a ser a d\u00eda de hoy un referente de espacio ciudadano autogestionado. Desde el nacimiento de la Plataforma por la Casa del Pumarejo son numerosos los artistas, colectivos art\u00edsticos y&hellip;","og_url":"https:\/\/sitesize.net\/aprendizajeautonomo\/la-casa-grande-como-obra-de-arte\/encuesta-pumarejo\/","og_site_name":"Aprendizaje aut\u00f3nomo","article_modified_time":"2016-02-19T12:55:33+00:00","twitter_card":"summary_large_image","twitter_misc":{"Est. reading time":"2 minutos"},"schema":{"@context":"https:\/\/schema.org","@graph":[{"@type":"WebPage","@id":"https:\/\/sitesize.net\/aprendizajeautonomo\/la-casa-grande-como-obra-de-arte\/encuesta-pumarejo\/","url":"https:\/\/sitesize.net\/aprendizajeautonomo\/la-casa-grande-como-obra-de-arte\/encuesta-pumarejo\/","name":"Encuesta sobre la Casa Grande del Pumarejo - Aprendizaje aut\u00f3nomo","isPartOf":{"@id":"https:\/\/sitesize.net\/aprendizajeautonomo\/#website"},"datePublished":"2016-01-11T13:23:13+00:00","dateModified":"2016-02-19T12:55:33+00:00","breadcrumb":{"@id":"https:\/\/sitesize.net\/aprendizajeautonomo\/la-casa-grande-como-obra-de-arte\/encuesta-pumarejo\/#breadcrumb"},"inLanguage":"es","potentialAction":[{"@type":"ReadAction","target":["https:\/\/sitesize.net\/aprendizajeautonomo\/la-casa-grande-como-obra-de-arte\/encuesta-pumarejo\/"]}]},{"@type":"BreadcrumbList","@id":"https:\/\/sitesize.net\/aprendizajeautonomo\/la-casa-grande-como-obra-de-arte\/encuesta-pumarejo\/#breadcrumb","itemListElement":[{"@type":"ListItem","position":1,"name":"Home","item":"https:\/\/sitesize.net\/aprendizajeautonomo\/"},{"@type":"ListItem","position":2,"name":"La Casa como obra de arte","item":"https:\/\/sitesize.net\/aprendizajeautonomo\/la-casa-grande-como-obra-de-arte\/"},{"@type":"ListItem","position":3,"name":"Encuesta sobre la Casa Grande del Pumarejo"}]},{"@type":"WebSite","@id":"https:\/\/sitesize.net\/aprendizajeautonomo\/#website","url":"https:\/\/sitesize.net\/aprendizajeautonomo\/","name":"Aprendizaje aut\u00f3nomo","description":"comunidades e itinerarios en el marco de la creaci\u00f3n contempor\u00e1nea","potentialAction":[{"@type":"SearchAction","target":{"@type":"EntryPoint","urlTemplate":"https:\/\/sitesize.net\/aprendizajeautonomo\/?s={search_term_string}"},"query-input":{"@type":"PropertyValueSpecification","valueRequired":true,"valueName":"search_term_string"}}],"inLanguage":"es"}]}},"_links":{"self":[{"href":"https:\/\/sitesize.net\/aprendizajeautonomo\/wp-json\/wp\/v2\/pages\/90","targetHints":{"allow":["GET"]}}],"collection":[{"href":"https:\/\/sitesize.net\/aprendizajeautonomo\/wp-json\/wp\/v2\/pages"}],"about":[{"href":"https:\/\/sitesize.net\/aprendizajeautonomo\/wp-json\/wp\/v2\/types\/page"}],"author":[{"embeddable":true,"href":"https:\/\/sitesize.net\/aprendizajeautonomo\/wp-json\/wp\/v2\/users\/1"}],"replies":[{"embeddable":true,"href":"https:\/\/sitesize.net\/aprendizajeautonomo\/wp-json\/wp\/v2\/comments?post=90"}],"version-history":[{"count":8,"href":"https:\/\/sitesize.net\/aprendizajeautonomo\/wp-json\/wp\/v2\/pages\/90\/revisions"}],"predecessor-version":[{"id":111,"href":"https:\/\/sitesize.net\/aprendizajeautonomo\/wp-json\/wp\/v2\/pages\/90\/revisions\/111"}],"up":[{"embeddable":true,"href":"https:\/\/sitesize.net\/aprendizajeautonomo\/wp-json\/wp\/v2\/pages\/10"}],"wp:attachment":[{"href":"https:\/\/sitesize.net\/aprendizajeautonomo\/wp-json\/wp\/v2\/media?parent=90"}],"curies":[{"name":"wp","href":"https:\/\/api.w.org\/{rel}","templated":true}]}}