{"id":16,"date":"2022-05-18T16:56:46","date_gmt":"2022-05-18T14:56:46","guid":{"rendered":"https:\/\/sitesize.net\/museuviu\/?page_id=16"},"modified":"2025-02-13T14:19:44","modified_gmt":"2025-02-13T12:19:44","slug":"museu-viu","status":"publish","type":"page","link":"https:\/\/sitesize.net\/museuviu\/museu-viu\/","title":{"rendered":"Museu Viu"},"content":{"rendered":"\n<p><\/p>\n\n\n\n<p class=\"has-regular-font-size\">La proposta parteix de la consideraci\u00f3 de les conques del Bes\u00f2s i el Llobregat com a agents creatius configuradors de paisatge. Associats en aquesta geografia s&#8217;han establert al llarg de mil\u00b7lennis corredors naturals, assentament humans i ecosistemes h\u00edbrids. <\/p>\n\n\n\n<p class=\"has-regular-font-size\">En el reconeixement de la seva riquesa i diversitat el Museu pren una forma poli\u00e8drica que es manifesta en les singularitats dels llocs i dels \u00e9ssers que l&#8217;habiten. La tasca principal del Museu \u00e9s la de fer emergir i prevaldre formes de relaci\u00f3, maneres de fer i biodiversitat creativa relacionada en ambdues conques. El conjunt del llegat passat, present i futur que acull el Museu es conforma com a patrimoni material i immaterial de les conques. La seva missi\u00f3 es donar cabuda a la creativitat manifesta en un context de crisi clim\u00e0tica i transformaci\u00f3 accelerada del territori. De la mateixa manera el Museu es vertebra com un node comunicatiu amb altres conques bio-regionals d&#8217;arreu del m\u00f3n. La finalitat de la proposta \u00e9s la de donar impuls a la creaci\u00f3 d&#8217;un Museu com a espai bio-cultural de les conques fluvials, amb la missi\u00f3 de sedimentar i acumular estrats de vida i mem\u00f2ria vinculats als rius Llobregat i Bes\u00f2s. <\/p>\n\n\n\n<p class=\"has-regular-font-size\">Quin <strong>Museu <\/strong>?<\/p>\n\n\n\n<p class=\"has-regular-font-size\">Per diverses raons creiem que cal recuperar o resignificar el sentit profund de la idea de Museu. El Museu com a santuari de les Muses \u00e9s el lloc on aquelles eren invocades, l&#8217;altar on eren realitzats els ofertoris. Els rituals amb els quals s&#8217;establien els lligams propicis per a escoltar les seves veus. Veus que murmuraven idees i inspiraven a les persones que les invocaven. Diuen que Pit\u00e0gores aconsella als habitants de Crotona que aixequessin un altar a les Muses al centre de la ciutat per tal d&#8217;impulsar l&#8217;harmonia c\u00edvica i l&#8217;aprenentatge. \u00c9s d&#8217;aquestes Muses que ve el coneixement que crea una condici\u00f3 harm\u00f2nica entre nosaltres, i entre nosaltres i el m\u00f3n. Aquest Museu enlla\u00e7a amb un altre que resta oblidat encara que \u00e9s m\u00e9s proper. \u00c9s el Museu C\u00edvic que va promoure Patrick Geddes a Edimburg a inicis del segle XX per tal de pensar i construir col\u00b7lectivament les ciutats. Eren aquells llocs on una comunitat concentrava les fonts del seu coneixement i les posava a l&#8217;abast d&#8217;una interacci\u00f3 lliure de qualsevol persona per a impulsar les decisions i millores necess\u00e0ries. Un Museu ent\u00e8s des d&#8217;una escolta harm\u00f2nica entre les emerg\u00e8ncies a solucionar i els exemples que el coneixement del moment oferia. Les idees de Patrick Geddes arriben al jove Cebri\u00e0 de Montoliu que ja el 1913 impulsar\u00e0 la creaci\u00f3 de Museus C\u00edvics a diverses ciutats de Catalunya. <\/p>\n\n\n\n<p class=\"has-regular-font-size\">Montoliu defineix el Museu com a: <br>&#8220;Exposici\u00f3 permanent d&#8217;exemples i Laboratori pr\u00e0ctic d&#8217;idees i projectes de millora urbana, devanint amb el temps un gresol fecund de concentraci\u00f3 i est\u00edmul per a tota labor sincera en la vital funci\u00f3 de l&#8217;autoconsci\u00e8ncia c\u00edvica. Disciplina c\u00edvica, ci\u00e8ncia i art a la vegada de la vida urbana&#8221;. <\/p>\n\n\n\n<p class=\"has-regular-font-size\">Aquestes resson\u00e0ncies guien la definici\u00f3 del Museu Viu que volem impulsar: la recerca de veus harm\u00f2niques lligades al lloc i la creaci\u00f3 d&#8217;un laboratori pr\u00e0ctic que ofereixi preguntes i respostes a la situaci\u00f3 actual, tot configurant-se com una oportunitat d&#8217;acci\u00f3 comunit\u00e0ria singular.<\/p>\n\n\n\n<hr class=\"wp-block-separator has-alpha-channel-opacity\"\/>\n\n\n\n<p><\/p>\n\n\n\n<p>Museu Viu \u00e9s una iniciativa de: <\/p>\n\n\n\n<p><strong>Sitesize<\/strong><br>www.sitesize.net<\/p>\n\n\n\n<p><strong>Sitesize (Espai d\u2019Art)<\/strong><br>Monistrol de Montserrat<\/p>\n\n\n\n<p>mail: info(at)sitesize.net<\/p>\n\n\n\n<p><\/p>\n","protected":false},"excerpt":{"rendered":"<p>La proposta parteix de la consideraci\u00f3 de les conques del [&hellip;]<\/p>\n","protected":false},"author":1,"featured_media":0,"parent":0,"menu_order":1,"comment_status":"closed","ping_status":"closed","template":"","meta":{"footnotes":""},"class_list":["post-16","page","type-page","status-publish","hentry"],"yoast_head":"<!-- This site is optimized with the Yoast SEO plugin v27.1.1 - https:\/\/yoast.com\/product\/yoast-seo-wordpress\/ -->\n<title>Museu Viu - Museu Viu de les conques metropolitanes<\/title>\n<meta name=\"robots\" content=\"index, follow, max-snippet:-1, max-image-preview:large, max-video-preview:-1\" \/>\n<link rel=\"canonical\" href=\"https:\/\/sitesize.net\/museuviu\/museu-viu\/\" \/>\n<meta property=\"og:locale\" content=\"ca_ES\" \/>\n<meta property=\"og:type\" content=\"article\" \/>\n<meta property=\"og:title\" content=\"Museu Viu - Museu Viu de les conques metropolitanes\" \/>\n<meta property=\"og:description\" content=\"La proposta parteix de la consideraci\u00f3 de les conques del [&hellip;]\" \/>\n<meta property=\"og:url\" content=\"https:\/\/sitesize.net\/museuviu\/museu-viu\/\" \/>\n<meta property=\"og:site_name\" content=\"Museu Viu de les conques metropolitanes\" \/>\n<meta property=\"article:modified_time\" content=\"2025-02-13T12:19:44+00:00\" \/>\n<meta name=\"twitter:card\" content=\"summary_large_image\" \/>\n<meta name=\"twitter:label1\" content=\"Est. reading time\" \/>\n\t<meta name=\"twitter:data1\" content=\"3 minuts\" \/>\n<script type=\"application\/ld+json\" class=\"yoast-schema-graph\">{\"@context\":\"https:\/\/schema.org\",\"@graph\":[{\"@type\":\"WebPage\",\"@id\":\"https:\/\/sitesize.net\/museuviu\/museu-viu\/\",\"url\":\"https:\/\/sitesize.net\/museuviu\/museu-viu\/\",\"name\":\"Museu Viu - Museu Viu de les conques metropolitanes\",\"isPartOf\":{\"@id\":\"https:\/\/sitesize.net\/museuviu\/#website\"},\"datePublished\":\"2022-05-18T14:56:46+00:00\",\"dateModified\":\"2025-02-13T12:19:44+00:00\",\"breadcrumb\":{\"@id\":\"https:\/\/sitesize.net\/museuviu\/museu-viu\/#breadcrumb\"},\"inLanguage\":\"ca\",\"potentialAction\":[{\"@type\":\"ReadAction\",\"target\":[\"https:\/\/sitesize.net\/museuviu\/museu-viu\/\"]}]},{\"@type\":\"BreadcrumbList\",\"@id\":\"https:\/\/sitesize.net\/museuviu\/museu-viu\/#breadcrumb\",\"itemListElement\":[{\"@type\":\"ListItem\",\"position\":1,\"name\":\"Home\",\"item\":\"https:\/\/sitesize.net\/museuviu\/\"},{\"@type\":\"ListItem\",\"position\":2,\"name\":\"Museu Viu\"}]},{\"@type\":\"WebSite\",\"@id\":\"https:\/\/sitesize.net\/museuviu\/#website\",\"url\":\"https:\/\/sitesize.net\/museuviu\/\",\"name\":\"Museu Viu de les conques metropolitanes\",\"description\":\"\",\"potentialAction\":[{\"@type\":\"SearchAction\",\"target\":{\"@type\":\"EntryPoint\",\"urlTemplate\":\"https:\/\/sitesize.net\/museuviu\/?s={search_term_string}\"},\"query-input\":{\"@type\":\"PropertyValueSpecification\",\"valueRequired\":true,\"valueName\":\"search_term_string\"}}],\"inLanguage\":\"ca\"}]}<\/script>\n<!-- \/ Yoast SEO plugin. -->","yoast_head_json":{"title":"Museu Viu - Museu Viu de les conques metropolitanes","robots":{"index":"index","follow":"follow","max-snippet":"max-snippet:-1","max-image-preview":"max-image-preview:large","max-video-preview":"max-video-preview:-1"},"canonical":"https:\/\/sitesize.net\/museuviu\/museu-viu\/","og_locale":"ca_ES","og_type":"article","og_title":"Museu Viu - Museu Viu de les conques metropolitanes","og_description":"La proposta parteix de la consideraci\u00f3 de les conques del [&hellip;]","og_url":"https:\/\/sitesize.net\/museuviu\/museu-viu\/","og_site_name":"Museu Viu de les conques metropolitanes","article_modified_time":"2025-02-13T12:19:44+00:00","twitter_card":"summary_large_image","twitter_misc":{"Est. reading time":"3 minuts"},"schema":{"@context":"https:\/\/schema.org","@graph":[{"@type":"WebPage","@id":"https:\/\/sitesize.net\/museuviu\/museu-viu\/","url":"https:\/\/sitesize.net\/museuviu\/museu-viu\/","name":"Museu Viu - Museu Viu de les conques metropolitanes","isPartOf":{"@id":"https:\/\/sitesize.net\/museuviu\/#website"},"datePublished":"2022-05-18T14:56:46+00:00","dateModified":"2025-02-13T12:19:44+00:00","breadcrumb":{"@id":"https:\/\/sitesize.net\/museuviu\/museu-viu\/#breadcrumb"},"inLanguage":"ca","potentialAction":[{"@type":"ReadAction","target":["https:\/\/sitesize.net\/museuviu\/museu-viu\/"]}]},{"@type":"BreadcrumbList","@id":"https:\/\/sitesize.net\/museuviu\/museu-viu\/#breadcrumb","itemListElement":[{"@type":"ListItem","position":1,"name":"Home","item":"https:\/\/sitesize.net\/museuviu\/"},{"@type":"ListItem","position":2,"name":"Museu Viu"}]},{"@type":"WebSite","@id":"https:\/\/sitesize.net\/museuviu\/#website","url":"https:\/\/sitesize.net\/museuviu\/","name":"Museu Viu de les conques metropolitanes","description":"","potentialAction":[{"@type":"SearchAction","target":{"@type":"EntryPoint","urlTemplate":"https:\/\/sitesize.net\/museuviu\/?s={search_term_string}"},"query-input":{"@type":"PropertyValueSpecification","valueRequired":true,"valueName":"search_term_string"}}],"inLanguage":"ca"}]}},"_links":{"self":[{"href":"https:\/\/sitesize.net\/museuviu\/wp-json\/wp\/v2\/pages\/16","targetHints":{"allow":["GET"]}}],"collection":[{"href":"https:\/\/sitesize.net\/museuviu\/wp-json\/wp\/v2\/pages"}],"about":[{"href":"https:\/\/sitesize.net\/museuviu\/wp-json\/wp\/v2\/types\/page"}],"author":[{"embeddable":true,"href":"https:\/\/sitesize.net\/museuviu\/wp-json\/wp\/v2\/users\/1"}],"replies":[{"embeddable":true,"href":"https:\/\/sitesize.net\/museuviu\/wp-json\/wp\/v2\/comments?post=16"}],"version-history":[{"count":6,"href":"https:\/\/sitesize.net\/museuviu\/wp-json\/wp\/v2\/pages\/16\/revisions"}],"predecessor-version":[{"id":1371,"href":"https:\/\/sitesize.net\/museuviu\/wp-json\/wp\/v2\/pages\/16\/revisions\/1371"}],"wp:attachment":[{"href":"https:\/\/sitesize.net\/museuviu\/wp-json\/wp\/v2\/media?parent=16"}],"curies":[{"name":"wp","href":"https:\/\/api.w.org\/{rel}","templated":true}]}}