{"id":23,"date":"2022-05-18T17:41:52","date_gmt":"2022-05-18T15:41:52","guid":{"rendered":"https:\/\/sitesize.net\/museuviu\/?page_id=23"},"modified":"2025-02-13T12:34:06","modified_gmt":"2025-02-13T10:34:06","slug":"ambit-geografic","status":"publish","type":"page","link":"https:\/\/sitesize.net\/museuviu\/ambit-geografic\/","title":{"rendered":"\u00c0mbit geogr\u00e0fic"},"content":{"rendered":"\n<figure class=\"wp-block-image size-large\"><img loading=\"lazy\" decoding=\"async\" width=\"1024\" height=\"1024\" src=\"https:\/\/sitesize.net\/museuviu\/wp-content\/uploads\/sites\/18\/2024\/10\/ESQUEMAConques-01-1024x1024.jpg\" alt=\"\" class=\"wp-image-1080\" srcset=\"https:\/\/sitesize.net\/museuviu\/wp-content\/uploads\/sites\/18\/2024\/10\/ESQUEMAConques-01-1024x1024.jpg 1024w, https:\/\/sitesize.net\/museuviu\/wp-content\/uploads\/sites\/18\/2024\/10\/ESQUEMAConques-01-300x300.jpg 300w, https:\/\/sitesize.net\/museuviu\/wp-content\/uploads\/sites\/18\/2024\/10\/ESQUEMAConques-01-150x150.jpg 150w, https:\/\/sitesize.net\/museuviu\/wp-content\/uploads\/sites\/18\/2024\/10\/ESQUEMAConques-01-768x768.jpg 768w, https:\/\/sitesize.net\/museuviu\/wp-content\/uploads\/sites\/18\/2024\/10\/ESQUEMAConques-01-1536x1536.jpg 1536w, https:\/\/sitesize.net\/museuviu\/wp-content\/uploads\/sites\/18\/2024\/10\/ESQUEMAConques-01.jpg 2000w\" sizes=\"auto, (max-width: 1024px) 100vw, 1024px\" \/><\/figure>\n\n\n\n<p class=\"has-regular-font-size\">El Museu Viu determina un \u00e0mbit geogr\u00e0fic acotat. El de les dues conques fluvials que circulen per la regi\u00f3 metropolitana de Barcelona. <br>Al nord <strong>la conca del Bes\u00f2s <\/strong>s&#8217;est\u00e9n per l&#8217;ampla plana del Vall\u00e8s occidental i Oriental, quedant limitada per la muntanya cust\u00f2dia de Sant Lloren\u00e7 del Munt, la serra de Montbui i Gallifa, el baix Montseny, les serres del Montnegre i el Corredor, fins a la serra de Marina. Com afluents principals t\u00e9 el riu Congost, el Mogent i el riu Ripoll. <br>Al sud la <strong>conca del Llobregat <\/strong>que considerem \u00e9s nom\u00e9s la part del Baix Llobregat des de la muntanya cust\u00f2dia de Montserrat fins a la desembocadura. T\u00e9 com afluents principals el riu Anoia que recull les aig\u00fces del Pened\u00e8s a Martorell i la riera de Rub\u00ed, la subconca de la zona de Terrassa. <\/p>\n\n\n\n<p class=\"has-regular-font-size\">Aquests dos \u00e0mbits geogr\u00e0fics tenen en com\u00fa la recollida i concentraci\u00f3 de les mateixes aig\u00fces i marca una l\u00ednia de separaci\u00f3 de les aig\u00fces de les dues conques que va del cim del Tibidabo a Barcelona fins a Sant Lloren\u00e7 del Munt, travessant els punts elevats de l&#8217;altipl\u00e0 del Vall\u00e8s a Sant Cugat. Un territori que ser\u00e0 llegit des d&#8217;una mirada biocultural, \u00e9s a dir connectant \u00edntimament la dimensi\u00f3 de significat que la cultura prov\u00e9 amb la manifestaci\u00f3 pura de la Terra en els seus dinamismes, qualitats i efectes.     <\/p>\n\n\n\n<p><\/p>\n\n\n\n<p class=\"has-regular-font-size\">Per qu\u00e8 un <strong>Museu Viu<\/strong>?<\/p>\n\n\n\n<p class=\"has-regular-font-size\">Sovint la construcci\u00f3 de l&#8217;imaginari dels llocs va lligada al fet de ser llocs viscuts. En el cas dels rius Llobregat i Bes\u00f2s aquesta refer\u00e8ncia vinculada amb el m\u00f3n agrari, es perd d&#8217;en\u00e7\u00e0 que bona part de les seves riberes de la zona metropolitana es converteixen en espais marginals i contaminats fruit de la industrialitzaci\u00f3 i del creixement de la poblaci\u00f3 entre els anys 1955-1980 (fins a tres milions de persones). La pol\u00edtica extractivista ha convertit el territori en mer recurs, \u00e9s el cas de les conques fluvials del Bes\u00f2s i Llobregat de la metr\u00f2polis de Barcelona. La conca del Bes\u00f2s \u00e9s un territori relativament petit que creua l&#8217;\u00e0rea nord de la zona metropolitana, a la d\u00e8cada dels anys seixanta el Bes\u00f2s va ser el riu m\u00e9s contaminat d&#8217;Europa, una claveguera a cel obert sobre la qual abocaven les deixalles la creixent ind\u00fastria de la seva conca. Tamb\u00e9 el creixement exponencial dels municipis de la seva conca va afectar l&#8217;aband\u00f3 i el deteriorament del riu. D&#8217;altra banda, la conca del Llobregat ha estat l&#8217;empla\u00e7ament de la naixent ind\u00fastria del segle XIX i de les col\u00f2nies fabrils, reconvertides despr\u00e9s en centrals t\u00e8rmiques. De la seva contaminaci\u00f3 en destaca la salinitat procedent de les mines de sal i potassa de les mines de Cardona, S\u00faria i Sallent. S&#8217;estima que anualment entren a la Mediterr\u00e0nia a trav\u00e9s dels dos rius unes 0,5 tones de residus pl\u00e0stics grans, sense comptar els micropl\u00e0stics. La creaci\u00f3 el 1991 del Departament de Medi Ambient de la Generalitat va suposar la voluntat pol\u00edtica de canviar el rumb d&#8217;aband\u00f3 reiterat i la contaminaci\u00f3 de les aig\u00fces. <\/p>\n\n\n\n<p class=\"has-regular-font-size\">La pressa de consci\u00e8ncia i la mobilitzaci\u00f3 ciutadana cristal\u00b7litz\u00e0 en moviments de defensa dels rius. A la d\u00e8cada del 2000 les pol\u00edtiques p\u00fabliques amb el finan\u00e7ament dels Fons Europeus inicien la rehabilitaci\u00f3 dels rius i la descontaminaci\u00f3 de les aig\u00fces; varen comen\u00e7ar a apar\u00e8ixer peixos, biodiversitat i una llera en condicions d&#8217;allotjar la vida. Fa un segle que Barcelona annexionava les terres de L&#8217;Hospitalet i arribava fins al Llobregat. Els dos rius eren alhora l\u00edmits i marges d&#8217;una ciutat industrial, abocadors insalubres i clavegueres. Anegats per la contaminaci\u00f3 i restringit el seu acc\u00e9s p\u00fablic, els rius van romandre en l&#8217;oblit. La seva desaparici\u00f3 de l&#8217;imaginari urb\u00e0 obe\u00efa a una sobreexplotaci\u00f3 dels recursos naturals al servei de la societat de consum. Encara avui resten en l&#8217;oblit i pateixen els danys de la globalitzaci\u00f3 i les seves infraestructures comunicatives (aeroports, ports internacionals, vials i autopistes) que amenacen el seu fr\u00e0gil ecosistema, especialment a les zones deltaiques. La necessitat de la proposta \u00e9s la d&#8217;avan\u00e7ar nous tipus possibles de pr\u00e0ctiques culturals i de relaci\u00f3 comunit\u00e0ria enfront del proc\u00e9s de fragmentaci\u00f3 territorial i cultural de la nostra societat. La urg\u00e8ncia de la posada en marxa de treballs d&#8217;aquests tipus s&#8217;evidencia en la manca de cohesi\u00f3, col\u00b7laboraci\u00f3 i intercanvi entre municipis de la corona metropolitana de Barcelona. Les fronteres culturals i els marges territorials s\u00f3n m\u00e9s apressants encara en els entorns dels rius, sovint recuperats o en vies de recuperaci\u00f3 ambiental, per\u00f2 abandonats com a lloc de relaci\u00f3 i identitat comunit\u00e0ria. Despr\u00e9s d&#8217;un segle de la intensiva industrialitzaci\u00f3 i urbanitzaci\u00f3 de tota l&#8217;\u00e0rea metropolitana, assistim a un per\u00edode on s&#8217;obren oportunitats per capgirar aquesta situaci\u00f3 d&#8217;oblit. Cal explorar totes les eines i recursos disponibles, per a compartir formes de relaci\u00f3 identit\u00e0ria, de reconeixement i protecci\u00f3 dels rius des d&#8217;una perspectiva cultural comunit\u00e0ria.<\/p>\n\n\n\n<p class=\"has-regular-font-size\"><\/p>\n\n\n\n<p><\/p>\n\n\n\n<p><\/p>\n","protected":false},"excerpt":{"rendered":"<p>El Museu Viu determina un \u00e0mbit geogr\u00e0fic acotat. El de [&hellip;]<\/p>\n","protected":false},"author":1,"featured_media":0,"parent":0,"menu_order":0,"comment_status":"closed","ping_status":"closed","template":"","meta":{"footnotes":""},"class_list":["post-23","page","type-page","status-publish","hentry"],"yoast_head":"<!-- This site is optimized with the Yoast SEO plugin v27.1.1 - https:\/\/yoast.com\/product\/yoast-seo-wordpress\/ -->\n<title>\u00c0mbit geogr\u00e0fic - Museu Viu de les conques metropolitanes<\/title>\n<meta name=\"robots\" content=\"index, follow, max-snippet:-1, max-image-preview:large, max-video-preview:-1\" \/>\n<link rel=\"canonical\" href=\"https:\/\/sitesize.net\/museuviu\/ambit-geografic\/\" \/>\n<meta property=\"og:locale\" content=\"ca_ES\" \/>\n<meta property=\"og:type\" content=\"article\" \/>\n<meta property=\"og:title\" content=\"\u00c0mbit geogr\u00e0fic - Museu Viu de les conques metropolitanes\" \/>\n<meta property=\"og:description\" content=\"El Museu Viu determina un \u00e0mbit geogr\u00e0fic acotat. El de [&hellip;]\" \/>\n<meta property=\"og:url\" content=\"https:\/\/sitesize.net\/museuviu\/ambit-geografic\/\" \/>\n<meta property=\"og:site_name\" content=\"Museu Viu de les conques metropolitanes\" \/>\n<meta property=\"article:modified_time\" content=\"2025-02-13T10:34:06+00:00\" \/>\n<meta property=\"og:image\" content=\"https:\/\/sitesize.net\/museuviu\/wp-content\/uploads\/sites\/18\/2024\/10\/ESQUEMAConques-01-1024x1024.jpg\" \/>\n<meta name=\"twitter:card\" content=\"summary_large_image\" \/>\n<meta name=\"twitter:label1\" content=\"Est. reading time\" \/>\n\t<meta name=\"twitter:data1\" content=\"4 minuts\" \/>\n<script type=\"application\/ld+json\" class=\"yoast-schema-graph\">{\"@context\":\"https:\/\/schema.org\",\"@graph\":[{\"@type\":\"WebPage\",\"@id\":\"https:\/\/sitesize.net\/museuviu\/ambit-geografic\/\",\"url\":\"https:\/\/sitesize.net\/museuviu\/ambit-geografic\/\",\"name\":\"\u00c0mbit geogr\u00e0fic - Museu Viu de les conques metropolitanes\",\"isPartOf\":{\"@id\":\"https:\/\/sitesize.net\/museuviu\/#website\"},\"primaryImageOfPage\":{\"@id\":\"https:\/\/sitesize.net\/museuviu\/ambit-geografic\/#primaryimage\"},\"image\":{\"@id\":\"https:\/\/sitesize.net\/museuviu\/ambit-geografic\/#primaryimage\"},\"thumbnailUrl\":\"https:\/\/sitesize.net\/museuviu\/wp-content\/uploads\/sites\/18\/2024\/10\/ESQUEMAConques-01-1024x1024.jpg\",\"datePublished\":\"2022-05-18T15:41:52+00:00\",\"dateModified\":\"2025-02-13T10:34:06+00:00\",\"breadcrumb\":{\"@id\":\"https:\/\/sitesize.net\/museuviu\/ambit-geografic\/#breadcrumb\"},\"inLanguage\":\"ca\",\"potentialAction\":[{\"@type\":\"ReadAction\",\"target\":[\"https:\/\/sitesize.net\/museuviu\/ambit-geografic\/\"]}]},{\"@type\":\"ImageObject\",\"inLanguage\":\"ca\",\"@id\":\"https:\/\/sitesize.net\/museuviu\/ambit-geografic\/#primaryimage\",\"url\":\"https:\/\/sitesize.net\/museuviu\/wp-content\/uploads\/sites\/18\/2024\/10\/ESQUEMAConques-01.jpg\",\"contentUrl\":\"https:\/\/sitesize.net\/museuviu\/wp-content\/uploads\/sites\/18\/2024\/10\/ESQUEMAConques-01.jpg\",\"width\":2000,\"height\":2000},{\"@type\":\"BreadcrumbList\",\"@id\":\"https:\/\/sitesize.net\/museuviu\/ambit-geografic\/#breadcrumb\",\"itemListElement\":[{\"@type\":\"ListItem\",\"position\":1,\"name\":\"Home\",\"item\":\"https:\/\/sitesize.net\/museuviu\/\"},{\"@type\":\"ListItem\",\"position\":2,\"name\":\"\u00c0mbit geogr\u00e0fic\"}]},{\"@type\":\"WebSite\",\"@id\":\"https:\/\/sitesize.net\/museuviu\/#website\",\"url\":\"https:\/\/sitesize.net\/museuviu\/\",\"name\":\"Museu Viu de les conques metropolitanes\",\"description\":\"\",\"potentialAction\":[{\"@type\":\"SearchAction\",\"target\":{\"@type\":\"EntryPoint\",\"urlTemplate\":\"https:\/\/sitesize.net\/museuviu\/?s={search_term_string}\"},\"query-input\":{\"@type\":\"PropertyValueSpecification\",\"valueRequired\":true,\"valueName\":\"search_term_string\"}}],\"inLanguage\":\"ca\"}]}<\/script>\n<!-- \/ Yoast SEO plugin. -->","yoast_head_json":{"title":"\u00c0mbit geogr\u00e0fic - Museu Viu de les conques metropolitanes","robots":{"index":"index","follow":"follow","max-snippet":"max-snippet:-1","max-image-preview":"max-image-preview:large","max-video-preview":"max-video-preview:-1"},"canonical":"https:\/\/sitesize.net\/museuviu\/ambit-geografic\/","og_locale":"ca_ES","og_type":"article","og_title":"\u00c0mbit geogr\u00e0fic - Museu Viu de les conques metropolitanes","og_description":"El Museu Viu determina un \u00e0mbit geogr\u00e0fic acotat. El de [&hellip;]","og_url":"https:\/\/sitesize.net\/museuviu\/ambit-geografic\/","og_site_name":"Museu Viu de les conques metropolitanes","article_modified_time":"2025-02-13T10:34:06+00:00","og_image":[{"url":"https:\/\/sitesize.net\/museuviu\/wp-content\/uploads\/sites\/18\/2024\/10\/ESQUEMAConques-01-1024x1024.jpg","type":"","width":"","height":""}],"twitter_card":"summary_large_image","twitter_misc":{"Est. reading time":"4 minuts"},"schema":{"@context":"https:\/\/schema.org","@graph":[{"@type":"WebPage","@id":"https:\/\/sitesize.net\/museuviu\/ambit-geografic\/","url":"https:\/\/sitesize.net\/museuviu\/ambit-geografic\/","name":"\u00c0mbit geogr\u00e0fic - Museu Viu de les conques metropolitanes","isPartOf":{"@id":"https:\/\/sitesize.net\/museuviu\/#website"},"primaryImageOfPage":{"@id":"https:\/\/sitesize.net\/museuviu\/ambit-geografic\/#primaryimage"},"image":{"@id":"https:\/\/sitesize.net\/museuviu\/ambit-geografic\/#primaryimage"},"thumbnailUrl":"https:\/\/sitesize.net\/museuviu\/wp-content\/uploads\/sites\/18\/2024\/10\/ESQUEMAConques-01-1024x1024.jpg","datePublished":"2022-05-18T15:41:52+00:00","dateModified":"2025-02-13T10:34:06+00:00","breadcrumb":{"@id":"https:\/\/sitesize.net\/museuviu\/ambit-geografic\/#breadcrumb"},"inLanguage":"ca","potentialAction":[{"@type":"ReadAction","target":["https:\/\/sitesize.net\/museuviu\/ambit-geografic\/"]}]},{"@type":"ImageObject","inLanguage":"ca","@id":"https:\/\/sitesize.net\/museuviu\/ambit-geografic\/#primaryimage","url":"https:\/\/sitesize.net\/museuviu\/wp-content\/uploads\/sites\/18\/2024\/10\/ESQUEMAConques-01.jpg","contentUrl":"https:\/\/sitesize.net\/museuviu\/wp-content\/uploads\/sites\/18\/2024\/10\/ESQUEMAConques-01.jpg","width":2000,"height":2000},{"@type":"BreadcrumbList","@id":"https:\/\/sitesize.net\/museuviu\/ambit-geografic\/#breadcrumb","itemListElement":[{"@type":"ListItem","position":1,"name":"Home","item":"https:\/\/sitesize.net\/museuviu\/"},{"@type":"ListItem","position":2,"name":"\u00c0mbit geogr\u00e0fic"}]},{"@type":"WebSite","@id":"https:\/\/sitesize.net\/museuviu\/#website","url":"https:\/\/sitesize.net\/museuviu\/","name":"Museu Viu de les conques metropolitanes","description":"","potentialAction":[{"@type":"SearchAction","target":{"@type":"EntryPoint","urlTemplate":"https:\/\/sitesize.net\/museuviu\/?s={search_term_string}"},"query-input":{"@type":"PropertyValueSpecification","valueRequired":true,"valueName":"search_term_string"}}],"inLanguage":"ca"}]}},"_links":{"self":[{"href":"https:\/\/sitesize.net\/museuviu\/wp-json\/wp\/v2\/pages\/23","targetHints":{"allow":["GET"]}}],"collection":[{"href":"https:\/\/sitesize.net\/museuviu\/wp-json\/wp\/v2\/pages"}],"about":[{"href":"https:\/\/sitesize.net\/museuviu\/wp-json\/wp\/v2\/types\/page"}],"author":[{"embeddable":true,"href":"https:\/\/sitesize.net\/museuviu\/wp-json\/wp\/v2\/users\/1"}],"replies":[{"embeddable":true,"href":"https:\/\/sitesize.net\/museuviu\/wp-json\/wp\/v2\/comments?post=23"}],"version-history":[{"count":7,"href":"https:\/\/sitesize.net\/museuviu\/wp-json\/wp\/v2\/pages\/23\/revisions"}],"predecessor-version":[{"id":1343,"href":"https:\/\/sitesize.net\/museuviu\/wp-json\/wp\/v2\/pages\/23\/revisions\/1343"}],"wp:attachment":[{"href":"https:\/\/sitesize.net\/museuviu\/wp-json\/wp\/v2\/media?parent=23"}],"curies":[{"name":"wp","href":"https:\/\/api.w.org\/{rel}","templated":true}]}}