{"id":24,"date":"2022-05-18T17:11:15","date_gmt":"2022-05-18T15:11:15","guid":{"rendered":"https:\/\/sitesize.net\/museuviu\/?page_id=24"},"modified":"2025-02-13T12:31:08","modified_gmt":"2025-02-13T10:31:08","slug":"singularitat-i-objectius","status":"publish","type":"page","link":"https:\/\/sitesize.net\/museuviu\/singularitat-i-objectius\/","title":{"rendered":"Singularitat i objectius"},"content":{"rendered":"\n<p><\/p>\n\n\n\n<p class=\"has-regular-font-size\">L&#8217;abast territorial del projecte \u00e9s difi\u00edcilment abarcable en aquesta primera edici\u00f3, \u00e9s per aix\u00f2 que es proposa un treball de continu\u00eftat i renovaci\u00f3 que vagi m\u00e9s enll\u00e0 del vincle que puguem assolir en aquesta primera fase. La mateixa idea de Museu pret\u00e9n aconseguir una perman\u00e8ncia en el temps i erigir-se en laboratori pr\u00e0ctic, exposici\u00f3 permanent i autoconsci\u00e8ncia territorial. El seu desenvolupament ha de ser d&#8217;abast comunitari per poder connectar amb la pot\u00e8ncia creativa dels col\u00b7lectius. Al mateix temps ha de ser org\u00e0nic en el seu creixement per poder arrelar-se a la diversitat de la geografia de les conques. Les edicions posteriors tractaran de concretar models de gesti\u00f3 comunit\u00e0ria i eixamplar vincles en l&#8217;\u00e0mbit local i regional.<\/p>\n\n\n\n<p class=\"has-regular-font-size\"><strong>F<\/strong><strong>inalitat de la proposta<\/strong><\/p>\n\n\n\n<p class=\"has-regular-font-size\">L&#8217;objectiu principal o finalitat de la proposta \u00e9s la de <strong>donar impuls a la creaci\u00f3 d&#8217;un Museu com a espai biocultural de les conques fluvials<\/strong>, amb la missi\u00f3 de sedimentar i acumular estrats de vida i mem\u00f2ria vinculats als rius Llobregat i Bes\u00f2s.<\/p>\n\n\n\n<p class=\"has-regular-font-size\">Objectius espec\u00edfics:<\/p>\n\n\n\n<p class=\"has-regular-font-size\">&#8211;<strong>Creaci\u00f3 d&#8217;un espai \/ contenidor <\/strong>com a Museu Viu de les Conques ent\u00e8s com a proc\u00e9s de sedimentaci\u00f3 cultural.<\/p>\n\n\n\n<p class=\"has-regular-font-size\">-Partint del <strong>treball comunitari reescriure sobre els paisatges <\/strong>de les conques nous relats metropolitans. Responent a la creaci\u00f3 urgent d&#8217;un imaginari metropolit\u00e0 que superi els valors administratius i funcionals, restablint connexions de sentit emocional, vivencial i relacional.<\/p>\n\n\n\n<p class=\"has-regular-font-size\">&#8211;<strong>Impulsar el Museu com a proc\u00e9s de cocreaci\u00f3 <\/strong>amb les persones i agrupacions que tenen cura i cust\u00f2dia de les seves aig\u00fces i entorns fluvials.<\/p>\n\n\n\n<p class=\"has-regular-font-size\">&#8211;<strong>Restablir vincles <\/strong>de mutualitat amb els rius Llobregat i Bes\u00f2s, tamb\u00e9 amb el seu entorn bi\u00f2tic. Ressituar el flux natural dels rius en el paisatge com a centralitats plenes de sentit en l&#8217;esdevenir de les poblacions que formen part de l&#8217;\u00e0rea metropolitana.<\/p>\n\n\n\n<p class=\"has-regular-font-size\">&#8211;<strong>Interpretar <\/strong>la mem\u00f2ria de l&#8217;aigua i el seu significat simb\u00f2lic en el territori de les conques. L&#8217;aigua com a dip\u00f2sit de mem\u00f2ria i vehiculadora en fer emergir noves relacions vivificants.<\/p>\n\n\n\n<p class=\"has-regular-font-size\">&#8211;<strong>Comprendre <\/strong>l&#8217;estat actual dels rius com a reflex d&#8217;un proc\u00e9s de degradaci\u00f3 de les societats humanes que est\u00e0 en vies de reparaci\u00f3. <\/p>\n\n\n\n<p class=\"has-regular-font-size\">-Establir <strong>intercanvis amb altres realitats fluvials d&#8217;arreu del m\u00f3n<\/strong>, aix\u00ed com dels seus entorns, ecosistemes i corredors bio-culturals. Compartir experi\u00e8ncies per obrir espais d&#8217;aprenentatge en la complicitat entre projectes situats.<\/p>\n","protected":false},"excerpt":{"rendered":"<p>L&#8217;abast territorial del projecte \u00e9s difi\u00edcilment abarcable en aquesta primera [&hellip;]<\/p>\n","protected":false},"author":1,"featured_media":0,"parent":0,"menu_order":1,"comment_status":"closed","ping_status":"closed","template":"","meta":{"footnotes":""},"class_list":["post-24","page","type-page","status-publish","hentry"],"yoast_head":"<!-- This site is optimized with the Yoast SEO plugin v27.1.1 - https:\/\/yoast.com\/product\/yoast-seo-wordpress\/ -->\n<title>Singularitat i objectius - Museu Viu de les conques metropolitanes<\/title>\n<meta name=\"robots\" content=\"index, follow, max-snippet:-1, max-image-preview:large, max-video-preview:-1\" \/>\n<link rel=\"canonical\" href=\"https:\/\/sitesize.net\/museuviu\/singularitat-i-objectius\/\" \/>\n<meta property=\"og:locale\" content=\"ca_ES\" \/>\n<meta property=\"og:type\" content=\"article\" \/>\n<meta property=\"og:title\" content=\"Singularitat i objectius - Museu Viu de les conques metropolitanes\" \/>\n<meta property=\"og:description\" content=\"L&#8217;abast territorial del projecte \u00e9s difi\u00edcilment abarcable en aquesta primera [&hellip;]\" \/>\n<meta property=\"og:url\" content=\"https:\/\/sitesize.net\/museuviu\/singularitat-i-objectius\/\" \/>\n<meta property=\"og:site_name\" content=\"Museu Viu de les conques metropolitanes\" \/>\n<meta property=\"article:modified_time\" content=\"2025-02-13T10:31:08+00:00\" \/>\n<meta name=\"twitter:card\" content=\"summary_large_image\" \/>\n<meta name=\"twitter:label1\" content=\"Est. reading time\" \/>\n\t<meta name=\"twitter:data1\" content=\"2 minuts\" \/>\n<script type=\"application\/ld+json\" class=\"yoast-schema-graph\">{\"@context\":\"https:\/\/schema.org\",\"@graph\":[{\"@type\":\"WebPage\",\"@id\":\"https:\/\/sitesize.net\/museuviu\/singularitat-i-objectius\/\",\"url\":\"https:\/\/sitesize.net\/museuviu\/singularitat-i-objectius\/\",\"name\":\"Singularitat i objectius - Museu Viu de les conques metropolitanes\",\"isPartOf\":{\"@id\":\"https:\/\/sitesize.net\/museuviu\/#website\"},\"datePublished\":\"2022-05-18T15:11:15+00:00\",\"dateModified\":\"2025-02-13T10:31:08+00:00\",\"breadcrumb\":{\"@id\":\"https:\/\/sitesize.net\/museuviu\/singularitat-i-objectius\/#breadcrumb\"},\"inLanguage\":\"ca\",\"potentialAction\":[{\"@type\":\"ReadAction\",\"target\":[\"https:\/\/sitesize.net\/museuviu\/singularitat-i-objectius\/\"]}]},{\"@type\":\"BreadcrumbList\",\"@id\":\"https:\/\/sitesize.net\/museuviu\/singularitat-i-objectius\/#breadcrumb\",\"itemListElement\":[{\"@type\":\"ListItem\",\"position\":1,\"name\":\"Home\",\"item\":\"https:\/\/sitesize.net\/museuviu\/\"},{\"@type\":\"ListItem\",\"position\":2,\"name\":\"Singularitat i objectius\"}]},{\"@type\":\"WebSite\",\"@id\":\"https:\/\/sitesize.net\/museuviu\/#website\",\"url\":\"https:\/\/sitesize.net\/museuviu\/\",\"name\":\"Museu Viu de les conques metropolitanes\",\"description\":\"\",\"potentialAction\":[{\"@type\":\"SearchAction\",\"target\":{\"@type\":\"EntryPoint\",\"urlTemplate\":\"https:\/\/sitesize.net\/museuviu\/?s={search_term_string}\"},\"query-input\":{\"@type\":\"PropertyValueSpecification\",\"valueRequired\":true,\"valueName\":\"search_term_string\"}}],\"inLanguage\":\"ca\"}]}<\/script>\n<!-- \/ Yoast SEO plugin. -->","yoast_head_json":{"title":"Singularitat i objectius - Museu Viu de les conques metropolitanes","robots":{"index":"index","follow":"follow","max-snippet":"max-snippet:-1","max-image-preview":"max-image-preview:large","max-video-preview":"max-video-preview:-1"},"canonical":"https:\/\/sitesize.net\/museuviu\/singularitat-i-objectius\/","og_locale":"ca_ES","og_type":"article","og_title":"Singularitat i objectius - Museu Viu de les conques metropolitanes","og_description":"L&#8217;abast territorial del projecte \u00e9s difi\u00edcilment abarcable en aquesta primera [&hellip;]","og_url":"https:\/\/sitesize.net\/museuviu\/singularitat-i-objectius\/","og_site_name":"Museu Viu de les conques metropolitanes","article_modified_time":"2025-02-13T10:31:08+00:00","twitter_card":"summary_large_image","twitter_misc":{"Est. reading time":"2 minuts"},"schema":{"@context":"https:\/\/schema.org","@graph":[{"@type":"WebPage","@id":"https:\/\/sitesize.net\/museuviu\/singularitat-i-objectius\/","url":"https:\/\/sitesize.net\/museuviu\/singularitat-i-objectius\/","name":"Singularitat i objectius - Museu Viu de les conques metropolitanes","isPartOf":{"@id":"https:\/\/sitesize.net\/museuviu\/#website"},"datePublished":"2022-05-18T15:11:15+00:00","dateModified":"2025-02-13T10:31:08+00:00","breadcrumb":{"@id":"https:\/\/sitesize.net\/museuviu\/singularitat-i-objectius\/#breadcrumb"},"inLanguage":"ca","potentialAction":[{"@type":"ReadAction","target":["https:\/\/sitesize.net\/museuviu\/singularitat-i-objectius\/"]}]},{"@type":"BreadcrumbList","@id":"https:\/\/sitesize.net\/museuviu\/singularitat-i-objectius\/#breadcrumb","itemListElement":[{"@type":"ListItem","position":1,"name":"Home","item":"https:\/\/sitesize.net\/museuviu\/"},{"@type":"ListItem","position":2,"name":"Singularitat i objectius"}]},{"@type":"WebSite","@id":"https:\/\/sitesize.net\/museuviu\/#website","url":"https:\/\/sitesize.net\/museuviu\/","name":"Museu Viu de les conques metropolitanes","description":"","potentialAction":[{"@type":"SearchAction","target":{"@type":"EntryPoint","urlTemplate":"https:\/\/sitesize.net\/museuviu\/?s={search_term_string}"},"query-input":{"@type":"PropertyValueSpecification","valueRequired":true,"valueName":"search_term_string"}}],"inLanguage":"ca"}]}},"_links":{"self":[{"href":"https:\/\/sitesize.net\/museuviu\/wp-json\/wp\/v2\/pages\/24","targetHints":{"allow":["GET"]}}],"collection":[{"href":"https:\/\/sitesize.net\/museuviu\/wp-json\/wp\/v2\/pages"}],"about":[{"href":"https:\/\/sitesize.net\/museuviu\/wp-json\/wp\/v2\/types\/page"}],"author":[{"embeddable":true,"href":"https:\/\/sitesize.net\/museuviu\/wp-json\/wp\/v2\/users\/1"}],"replies":[{"embeddable":true,"href":"https:\/\/sitesize.net\/museuviu\/wp-json\/wp\/v2\/comments?post=24"}],"version-history":[{"count":3,"href":"https:\/\/sitesize.net\/museuviu\/wp-json\/wp\/v2\/pages\/24\/revisions"}],"predecessor-version":[{"id":1341,"href":"https:\/\/sitesize.net\/museuviu\/wp-json\/wp\/v2\/pages\/24\/revisions\/1341"}],"wp:attachment":[{"href":"https:\/\/sitesize.net\/museuviu\/wp-json\/wp\/v2\/media?parent=24"}],"curies":[{"name":"wp","href":"https:\/\/api.w.org\/{rel}","templated":true}]}}