{"id":920,"date":"2024-02-21T12:50:22","date_gmt":"2024-02-21T10:50:22","guid":{"rendered":"https:\/\/sitesize.net\/museuviu\/?page_id=920"},"modified":"2024-02-21T12:58:12","modified_gmt":"2024-02-21T10:58:12","slug":"eines","status":"publish","type":"page","link":"https:\/\/sitesize.net\/museuviu\/eines\/","title":{"rendered":"Criteris i eines"},"content":{"rendered":"\n<p><\/p>\n\n\n\n<p>La missi\u00f3 del Museu \u00e9s la de donar cabuda a la creativitat manifesta en un context de crisi clim\u00e0tica i transformaci\u00f3 accelerada del territori amb la construcci\u00f3 de noves infraestructures, pol\u00edgons industrials i residencials. Per tal de dur aquesta tasca es faran servir eines d&#8217;abast comunitari que repliquin la universalitat de l&#8217;aigua com a recurs. El punt de partida \u00e9s la consideraci\u00f3 del Museu Viu com a agent articulador de les conques fluvials d&#8217;acord amb quatre <strong>criteris <\/strong>metodol\u00f2gics:<\/p>\n\n\n\n<p><strong>1- Formes de relaci\u00f3 fluides<\/strong><\/p>\n\n\n\n<p>La relacionalitat dels rius com a corredors de vida que creuen la geografia metropolitana de Barcelona. En aquest sentit, el Museu, pren un rol de vehiculador i difusor de les manifestacions vives creatives associades als rius.<\/p>\n\n\n\n<p><strong>2- Maneres de fer: Autoconstrucci\u00f3 permanent<\/strong><\/p>\n\n\n\n<p>La configuraci\u00f3 i construcci\u00f3 d&#8217;un Museu des del parany del desbordament continu, activant el sostrat material i el flux cultural de les comunitats que hi formen part. El Museu esdev\u00e9 un laboratori d&#8217;autoconstrucci\u00f3 permanent, en aquest sentit es proposa la revisi\u00f3 constant i posada en marxa de mecanismes d&#8217;autoavaluaci\u00f3. La intenci\u00f3 \u00e9s la de dotar-nos d\u2019eines que q\u00fcestionin en temps real les practiques i apropaments als rius lluny de les tend\u00e8ncies discursives desarrelades.<\/p>\n\n\n\n<p><strong>3- Biodiversitat creativa<\/strong><\/p>\n\n\n\n<p>El Museu com a contenidor de la biodiversitat en un temps no lineal on conviu passat, present i futur en un flux permanent. Els sabers vinculats a ell romanen en un present continu que es renova constantment en la manifestaci\u00f3 de la seva multiplicitat creadora. Replicar les formes org\u00e0niques i fluides en qu\u00e8 la natura actua, en especial la simbiosi que trobem en els ecosistemes fluvials com a regeneradors c\u00edclics.<\/p>\n\n\n\n<p><strong>4-Conques bioregionals: Corredors bioculturals<\/strong><\/p>\n\n\n\n<p>Estendre el Museu a escala bioregional suposa un salt dimensional en concebre els valors, sabers, vincles i arrelaments comunitaris supeditats a la condici\u00f3 de les seves conques respectives. Les delimitacions administratives desapareixen per obrir pas a una geografia qualitativa articulada d&#8217;acord amb corredors bio-culturals. El vincle i connexi\u00f3 entre diferents corredors distants configura un mosaic territorial d&#8217;abast planetari<strong>.<\/strong><\/p>\n\n\n\n<p><\/p>\n\n\n\n<p>&#8212;&#8211;<\/p>\n\n\n\n<p><\/p>\n\n\n\n<p>A priori definim cinc <strong>eines <\/strong>d&#8217;aproximaci\u00f3 metodol\u00f2gica i creativa als rius Llobregat i Bes\u00f2s, totes elles relacionades amb el comportament de les aig\u00fces en superf\u00edcie.<\/p>\n\n\n\n<p><strong>FLUXOS: Un Museu l\u00edquid<\/strong><\/p>\n\n\n\n<p>Travessar la geografia de les conques per entrar en contacte amb les diferents manifestacions de l&#8217;h\u00e0bitat fluvial. El Museu com a acci\u00f3 d&#8217;itiner\u00e0ncia i reconeixement de les formes de vida que les conques allotgen, tamb\u00e9 dels seus ecosistemes. En aquest sentit, el Museu actua com a lloc despla\u00e7at i registre de fluxos. Un Museu que permea el devenir del riu en la seva concreci\u00f3 formal.<\/p>\n\n\n\n<p><strong>CORRENTS I MEANDRES: Museu viu dels paisatges fluvials.<\/strong><\/p>\n\n\n\n<p>El Museu com a acci\u00f3 investigadora de les aig\u00fces, dels afluents i les expressions geogr\u00e0fiques i geol\u00f2giques singulars o destacades dels paisatges fluvials. Tamb\u00e9 com a eina de recerca de l&#8217;influx dels rius sobre el factor hum\u00e0, aix\u00ed com de la morfologia dels santuaris naturals que configuren les terres riberenques. La perviv\u00e8ncia de les singularitats com her\u00e8ncia metropolitana de llocs a preservar. El paisatge fluvial com a patrimoni com\u00fa de la natura en territoris periurbans. D&#8217;aquesta manera s&#8217;apunten vies de renaturalitzacio, per\u00f2 mes important encara de reconciliaci\u00f3 amb el medi natural, actuant l art com a disparador d&#8217;una nova consci\u00e8ncia metropolitana.<\/p>\n\n\n\n<p><strong>SEDIMENTS: El Museu com a lloc d&#8217;acumulaci\u00f3<\/strong><\/p>\n\n\n\n<p>L&#8217;efecte del temps sobre els rius. Els sediments i l&#8217;acumulaci\u00f3 de mat\u00e8ria com a eina per a comprendre la dimensi\u00f3 temporal, la creaci\u00f3 de noves geografies, ecosistemes i mons associats a l&#8217;entorn fluvial. El Museu actua com a lloc d&#8217;acumulaci\u00f3 de sabers i fets on el temps hum\u00e0 \u00e9s un temps accelerat i els seus assentaments s\u00f3n ef\u00edmers en l&#8217;esdevenir de la geologia planet\u00e0ria, la morfologia del riu i la seva conca.<\/p>\n\n\n\n<p><strong>DESBORDAMENTS: El Museu com a emerg\u00e8ncia i desbordament col\u00b7lectiu<\/strong><\/p>\n\n\n\n<p>En aquest estadi el Museu demana ser desbordat per les comunitats riberenques, compartit i travessat pels afectes de les persones i entitats que tenen cura dels rius. En temps de sequera l&#8217;emerg\u00e8ncia pren altra forma interpel\u00b7lant des de la necessitat del recurs b\u00e0sic que \u00e9s l&#8217;aigua, la defensa dels drets de la terra, dels cicles de la vida i les cosmovisions hol\u00edstiques.<\/p>\n\n\n\n<p>Accions: emerg\u00e8ncies i desbordaments col\u00b7lectius.<\/p>\n\n\n\n<p><strong>FLU\u00cfDESA: El Museu com acci\u00f3 de no-intervenci\u00f3<\/strong><\/p>\n\n\n\n<p>En oposici\u00f3 a la flu\u00efdesa dels rius, els contracorrents s\u00f3n les parts f\u00edsiques, la major part antr\u00f2piques situades en els cursos fluvials dirigides a obstaculitzar, frenar i retenir el flux de les aig\u00fces. Tamb\u00e9 les pr\u00e0ctiques de mala gesti\u00f3 que provoquen inundacions i desastres, els abocaments i contaminacions diverses que desnaturalitzen el substrat viu. En aquest sentit, el Museu actua seguint el flux de les aig\u00fces com a acci\u00f3 de no d&#8217;intervenci\u00f3, amb la intenci\u00f3 d&#8217;actuar a escala simb\u00f2lica com a depurador de consci\u00e8ncia.<\/p>\n\n\n\n<p>Accions: accions de no-intervenci\u00f3 en di\u00e0leg amb els dos rius. Les accions poden ser documentades i registrades.<\/p>\n","protected":false},"excerpt":{"rendered":"<p>La missi\u00f3 del Museu \u00e9s la de donar cabuda a [&hellip;]<\/p>\n","protected":false},"author":1,"featured_media":0,"parent":0,"menu_order":0,"comment_status":"closed","ping_status":"closed","template":"","meta":{"footnotes":""},"class_list":["post-920","page","type-page","status-publish","hentry"],"yoast_head":"<!-- This site is optimized with the Yoast SEO plugin v27.1.1 - https:\/\/yoast.com\/product\/yoast-seo-wordpress\/ -->\n<title>Criteris i eines - Museu Viu de les conques metropolitanes<\/title>\n<meta name=\"robots\" content=\"index, follow, max-snippet:-1, max-image-preview:large, max-video-preview:-1\" \/>\n<link rel=\"canonical\" href=\"https:\/\/sitesize.net\/museuviu\/eines\/\" \/>\n<meta property=\"og:locale\" content=\"ca_ES\" \/>\n<meta property=\"og:type\" content=\"article\" \/>\n<meta property=\"og:title\" content=\"Criteris i eines - Museu Viu de les conques metropolitanes\" \/>\n<meta property=\"og:description\" content=\"La missi\u00f3 del Museu \u00e9s la de donar cabuda a [&hellip;]\" \/>\n<meta property=\"og:url\" content=\"https:\/\/sitesize.net\/museuviu\/eines\/\" \/>\n<meta property=\"og:site_name\" content=\"Museu Viu de les conques metropolitanes\" \/>\n<meta property=\"article:modified_time\" content=\"2024-02-21T10:58:12+00:00\" \/>\n<meta name=\"twitter:card\" content=\"summary_large_image\" \/>\n<meta name=\"twitter:label1\" content=\"Est. reading time\" \/>\n\t<meta name=\"twitter:data1\" content=\"4 minuts\" \/>\n<script type=\"application\/ld+json\" class=\"yoast-schema-graph\">{\"@context\":\"https:\/\/schema.org\",\"@graph\":[{\"@type\":\"WebPage\",\"@id\":\"https:\/\/sitesize.net\/museuviu\/eines\/\",\"url\":\"https:\/\/sitesize.net\/museuviu\/eines\/\",\"name\":\"Criteris i eines - Museu Viu de les conques metropolitanes\",\"isPartOf\":{\"@id\":\"https:\/\/sitesize.net\/museuviu\/#website\"},\"datePublished\":\"2024-02-21T10:50:22+00:00\",\"dateModified\":\"2024-02-21T10:58:12+00:00\",\"breadcrumb\":{\"@id\":\"https:\/\/sitesize.net\/museuviu\/eines\/#breadcrumb\"},\"inLanguage\":\"ca\",\"potentialAction\":[{\"@type\":\"ReadAction\",\"target\":[\"https:\/\/sitesize.net\/museuviu\/eines\/\"]}]},{\"@type\":\"BreadcrumbList\",\"@id\":\"https:\/\/sitesize.net\/museuviu\/eines\/#breadcrumb\",\"itemListElement\":[{\"@type\":\"ListItem\",\"position\":1,\"name\":\"Home\",\"item\":\"https:\/\/sitesize.net\/museuviu\/\"},{\"@type\":\"ListItem\",\"position\":2,\"name\":\"Criteris i eines\"}]},{\"@type\":\"WebSite\",\"@id\":\"https:\/\/sitesize.net\/museuviu\/#website\",\"url\":\"https:\/\/sitesize.net\/museuviu\/\",\"name\":\"Museu Viu de les conques metropolitanes\",\"description\":\"\",\"potentialAction\":[{\"@type\":\"SearchAction\",\"target\":{\"@type\":\"EntryPoint\",\"urlTemplate\":\"https:\/\/sitesize.net\/museuviu\/?s={search_term_string}\"},\"query-input\":{\"@type\":\"PropertyValueSpecification\",\"valueRequired\":true,\"valueName\":\"search_term_string\"}}],\"inLanguage\":\"ca\"}]}<\/script>\n<!-- \/ Yoast SEO plugin. -->","yoast_head_json":{"title":"Criteris i eines - Museu Viu de les conques metropolitanes","robots":{"index":"index","follow":"follow","max-snippet":"max-snippet:-1","max-image-preview":"max-image-preview:large","max-video-preview":"max-video-preview:-1"},"canonical":"https:\/\/sitesize.net\/museuviu\/eines\/","og_locale":"ca_ES","og_type":"article","og_title":"Criteris i eines - Museu Viu de les conques metropolitanes","og_description":"La missi\u00f3 del Museu \u00e9s la de donar cabuda a [&hellip;]","og_url":"https:\/\/sitesize.net\/museuviu\/eines\/","og_site_name":"Museu Viu de les conques metropolitanes","article_modified_time":"2024-02-21T10:58:12+00:00","twitter_card":"summary_large_image","twitter_misc":{"Est. reading time":"4 minuts"},"schema":{"@context":"https:\/\/schema.org","@graph":[{"@type":"WebPage","@id":"https:\/\/sitesize.net\/museuviu\/eines\/","url":"https:\/\/sitesize.net\/museuviu\/eines\/","name":"Criteris i eines - Museu Viu de les conques metropolitanes","isPartOf":{"@id":"https:\/\/sitesize.net\/museuviu\/#website"},"datePublished":"2024-02-21T10:50:22+00:00","dateModified":"2024-02-21T10:58:12+00:00","breadcrumb":{"@id":"https:\/\/sitesize.net\/museuviu\/eines\/#breadcrumb"},"inLanguage":"ca","potentialAction":[{"@type":"ReadAction","target":["https:\/\/sitesize.net\/museuviu\/eines\/"]}]},{"@type":"BreadcrumbList","@id":"https:\/\/sitesize.net\/museuviu\/eines\/#breadcrumb","itemListElement":[{"@type":"ListItem","position":1,"name":"Home","item":"https:\/\/sitesize.net\/museuviu\/"},{"@type":"ListItem","position":2,"name":"Criteris i eines"}]},{"@type":"WebSite","@id":"https:\/\/sitesize.net\/museuviu\/#website","url":"https:\/\/sitesize.net\/museuviu\/","name":"Museu Viu de les conques metropolitanes","description":"","potentialAction":[{"@type":"SearchAction","target":{"@type":"EntryPoint","urlTemplate":"https:\/\/sitesize.net\/museuviu\/?s={search_term_string}"},"query-input":{"@type":"PropertyValueSpecification","valueRequired":true,"valueName":"search_term_string"}}],"inLanguage":"ca"}]}},"_links":{"self":[{"href":"https:\/\/sitesize.net\/museuviu\/wp-json\/wp\/v2\/pages\/920","targetHints":{"allow":["GET"]}}],"collection":[{"href":"https:\/\/sitesize.net\/museuviu\/wp-json\/wp\/v2\/pages"}],"about":[{"href":"https:\/\/sitesize.net\/museuviu\/wp-json\/wp\/v2\/types\/page"}],"author":[{"embeddable":true,"href":"https:\/\/sitesize.net\/museuviu\/wp-json\/wp\/v2\/users\/1"}],"replies":[{"embeddable":true,"href":"https:\/\/sitesize.net\/museuviu\/wp-json\/wp\/v2\/comments?post=920"}],"version-history":[{"count":5,"href":"https:\/\/sitesize.net\/museuviu\/wp-json\/wp\/v2\/pages\/920\/revisions"}],"predecessor-version":[{"id":927,"href":"https:\/\/sitesize.net\/museuviu\/wp-json\/wp\/v2\/pages\/920\/revisions\/927"}],"wp:attachment":[{"href":"https:\/\/sitesize.net\/museuviu\/wp-json\/wp\/v2\/media?parent=920"}],"curies":[{"name":"wp","href":"https:\/\/api.w.org\/{rel}","templated":true}]}}